{"id":44,"date":"2021-06-22T12:17:50","date_gmt":"2021-06-22T10:17:50","guid":{"rendered":"http:\/\/blogsaverroes.juntadeandalucia.es\/pre\/educacionyflamenco\/?page_id=44"},"modified":"2021-09-23T09:51:46","modified_gmt":"2021-09-23T09:51:46","slug":"inscripciones","status":"publish","type":"page","link":"https:\/\/blogsaverroes.juntadeandalucia.es\/emprendimientoyeducacion\/inscripciones\/","title":{"rendered":"Inscripciones"},"content":{"rendered":"<p>[et_pb_section fb_built=&#8221;1&#8243; module_class=&#8221;flamenco_inscripciones_backround&#8221; _builder_version=&#8221;4.5.0&#8243; _module_preset=&#8221;default&#8221; custom_padding=&#8221;0px||||false|false&#8221; custom_css_main_element=&#8221;    background: url(https:\/\/blogsaverroes.juntadeandalucia.es\/emprendimientoyeducacion\/files\/2021\/07\/congreso_emprendimiento_interior_recursos-engranaje1.png) top left no-repeat,url(https:\/\/blogsaverroes.juntadeandalucia.es\/emprendimientoyeducacion\/files\/2021\/07\/congreso_emprendimiento_interior_recursos-engranaje2.png) bottom right no-repeat;||    background-size: 20%;&#8221;][et_pb_row module_class=&#8221;emprendimiento_background_position&#8221; _builder_version=&#8221;4.5.0&#8243; _module_preset=&#8221;default&#8221; background_image=&#8221;https:\/\/blogsaverroes.juntadeandalucia.es\/emprendimientoyeducacion\/files\/2021\/07\/congreso_emprendimiento_barra_contacto_sin_bordes.png&#8221; background_size=&#8221;initial&#8221; background_position=&#8221;top_left&#8221; width=&#8221;100%&#8221; max_width=&#8221;2560px&#8221; custom_padding=&#8221;0px||0px||false|false&#8221; locked=&#8221;off&#8221;][et_pb_column type=&#8221;4_4&#8243; _builder_version=&#8221;4.5.0&#8243; _module_preset=&#8221;default&#8221;][et_pb_text module_class=&#8221;emprendimiento_titulo_incripciones&#8221; _builder_version=&#8221;4.5.0&#8243; _module_preset=&#8221;90865f4d-2cce-42a7-b40e-d3fbad25605a&#8221; header_2_font=&#8221;Prata||||||||&#8221; header_2_text_color=&#8221;#141414&#8243; header_2_font_size=&#8221;60px&#8221; header_2_line_height=&#8221;1.2em&#8221; text_orientation=&#8221;center&#8221; custom_margin=&#8221;||0px||false|false&#8221; custom_padding=&#8221;||0px||false|false&#8221; header_2_font_size_tablet=&#8221;32px&#8221; header_2_font_size_phone=&#8221;20px&#8221; header_2_font_size_last_edited=&#8221;on|tablet&#8221; header_2_line_height_tablet=&#8221;1.3em&#8221; header_2_line_height_phone=&#8221;1.4em&#8221; header_2_line_height_last_edited=&#8221;on|phone&#8221; locked=&#8221;off&#8221;]<\/p>\n<h2><span style=\"color: #ffffff;font-size: 36pt\">Inscripciones<\/span><\/h2>\n<p>[\/et_pb_text][\/et_pb_column][\/et_pb_row][et_pb_row column_structure=&#8221;1_2,1_2&#8243; _builder_version=&#8221;4.5.0&#8243; _module_preset=&#8221;default&#8221; locked=&#8221;off&#8221;][et_pb_column type=&#8221;1_2&#8243; _builder_version=&#8221;4.5.0&#8243; _module_preset=&#8221;default&#8221; background_enable_image=&#8221;off&#8221; background_position=&#8221;top_left&#8221;][et_pb_text _builder_version=&#8221;4.5.0&#8243; _module_preset=&#8221;default&#8221; text_text_color=&#8221;#000000&#8243; header_3_text_color=&#8221;#000000&#8243; custom_margin=&#8221;||1em||false|false&#8221; custom_padding=&#8221;||||false|false&#8221;]<\/p>\n<h3 style=\"text-align: center\"><span style=\"color: #000000\"><strong>Fechas claves<\/strong><\/span><\/h3>\n<p>[\/et_pb_text][et_pb_code _builder_version=&#8221;4.5.0&#8243; _module_preset=&#8221;default&#8221; background_enable_color=&#8221;off&#8221; hover_enabled=&#8221;0&#8243;]  <\/p>\n<div class=\"eventos_incripciones_timeline_box\"><!-- [et_pb_line_break_holder] -->    <\/p>\n<div class=\"eventos_incripciones_timeline eventos_incripciones_timeline_emprendimiento\"><!-- [et_pb_line_break_holder] -->      <\/p>\n<div class=\"eventos_incripciones_container eventos_incripciones_container_left\"><!-- [et_pb_line_break_holder] -->        <\/p>\n<h5>06\/09\/2021<\/h5>\n<p><!-- [et_pb_line_break_holder] -->        <pee>Apertura del peri\u00f3do de solicitud<\/pee><!-- [et_pb_line_break_holder] -->      <\/div>\n<p><!-- [et_pb_line_break_holder] -->      <\/p>\n<div class=\"eventos_incripciones_container eventos_incripciones_container_left\"><!-- [et_pb_line_break_holder] -->        <\/p>\n<h5>19\/09\/2021<\/h5>\n<p><!-- [et_pb_line_break_holder] -->        <pee>Cierre del periodo de solicitud<\/pee><!-- [et_pb_line_break_holder] -->      <\/div>\n<p><!-- [et_pb_line_break_holder] -->      <\/p>\n<div class=\"eventos_incripciones_container eventos_incripciones_container_left\"><!-- [et_pb_line_break_holder] -->        <\/p>\n<h5>22\/09\/2021<\/h5>\n<p><!-- [et_pb_line_break_holder] -->        <pee>Listado provisionales<\/pee><!-- [et_pb_line_break_holder] -->      <\/div>\n<p><!-- [et_pb_line_break_holder] -->      <\/p>\n<div class=\"eventos_incripciones_container eventos_incripciones_container_left\"><!-- [et_pb_line_break_holder] -->        <\/p>\n<h5>24\/09\/2021<\/h5>\n<p><!-- [et_pb_line_break_holder] -->        <pee>Listados definitivos<\/pee><!-- [et_pb_line_break_holder] -->      <\/div>\n<p><!-- [et_pb_line_break_holder] -->      <\/p>\n<div class=\"eventos_incripciones_container eventos_incripciones_container_left\"><!-- [et_pb_line_break_holder] -->        <\/p>\n<h5>30\/09\/2021<\/h5>\n<p><!-- [et_pb_line_break_holder] -->        <pee>Plazo m\u00e1ximo de entrega de trabajo Resumen<\/pee><!-- [et_pb_line_break_holder] -->      <\/div>\n<p><!-- [et_pb_line_break_holder] -->      <\/p>\n<div class=\"eventos_incripciones_container eventos_incripciones_container_right\"><!-- [et_pb_line_break_holder] -->        <\/p>\n<h5>07\/10\/2021<\/h5>\n<p><!-- [et_pb_line_break_holder] -->        <pee>Inauguraci\u00f3n del Congreso<\/pee><!-- [et_pb_line_break_holder] -->      <\/div>\n<p><!-- [et_pb_line_break_holder] -->      <\/p>\n<div class=\"eventos_incripciones_container eventos_incripciones_container_right\"><!-- [et_pb_line_break_holder] -->        <\/p>\n<h5>09\/10\/2021<\/h5>\n<p><!-- [et_pb_line_break_holder] -->        <pee>Clausura<\/pee><!-- [et_pb_line_break_holder] -->      <\/div>\n<p><!-- [et_pb_line_break_holder] -->      <\/p>\n<div class=\"eventos_incripciones_container eventos_incripciones_container_right\"><!-- [et_pb_line_break_holder] -->        <\/p>\n<h5>18\/10\/2021<\/h5>\n<p><!-- [et_pb_line_break_holder] -->        <pee>Plazo m\u00e1ximo de entrega de trabajo Completo<\/pee><!-- [et_pb_line_break_holder] -->      <\/div>\n<p><!-- [et_pb_line_break_holder] -->    <\/div>\n<p><!-- [et_pb_line_break_holder] -->  <\/div>\n<p>[\/et_pb_code][\/et_pb_column][et_pb_column type=&#8221;1_2&#8243; _builder_version=&#8221;4.5.0&#8243; _module_preset=&#8221;default&#8221; background_enable_image=&#8221;off&#8221; background_position=&#8221;center_right&#8221; background_blend=&#8221;lighten&#8221;][et_pb_text _builder_version=&#8221;4.5.0&#8243; _module_preset=&#8221;default&#8221; text_text_color=&#8221;#000000&#8243; header_3_text_color=&#8221;#000000&#8243; custom_margin=&#8221;||1em||false|false&#8221; custom_padding=&#8221;||||false|false&#8221;]<\/p>\n<h3 style=\"text-align: center\"><span style=\"color: #000000\"><strong>Formulario de inscripci\u00f3n<\/strong><\/span><\/h3>\n<p>[\/et_pb_text][et_pb_code module_id=&#8221;emprendimiento_inscripciones_bloque2&#8243; _builder_version=&#8221;4.5.0&#8243; _module_preset=&#8221;default&#8221; background_color=&#8221;#ebf9ff&#8221; width=&#8221;100%&#8221; custom_padding=&#8221;2em|2em|8em|2em|false|true&#8221; custom_css_after=&#8221;content: &#8221;;||    background-image: url(https:\/\/blogsaverroes.juntadeandalucia.es\/emprendimientoyeducacion\/files\/2021\/07\/hoja_inscripcion.png);||    width: 200px;||    height: 200px;||    position: absolute;||    bottom: -5em;||    background-size: contain;||    background-repeat: no-repeat;&#8221;]<pee><!-- [et_pb_line_break_holder] -->  El congreso se va celebrar en formato presencial respetando siempre las medidas sanitarias en vigor relativas al COVID19.<!-- [et_pb_line_break_holder] -->Asimismo se retransmitir\u00e1 v\u00eda streaming a trav\u00e9s de este espacio web en una secci\u00f3n que se habilitar\u00e1 a tal efecto.<!-- [et_pb_line_break_holder] --><\/pee><!-- [et_pb_line_break_holder] --><pee>El congreso est\u00e1 orientado a la participaci\u00f3n de tres sectores educativos.<\/pee><!-- [et_pb_line_break_holder] -->  <\/p>\n<ol><!-- [et_pb_line_break_holder] -->  <\/p>\n<li>Profesorado de Formaci\u00f3n Profesional, dependiente de la Consejer\u00eda de Educaci\u00f3n y Deporte de la Junta de Andaluc\u00eda, responsable de las Aulas de Emprendimiento y equipos directivos de los centros que las implementan.<!-- [et_pb_line_break_holder] -->    Si perteneces al sector educativo 1, <a href=\"https:\/\/www.juntadeandalucia.es\/educacion\/secretariavirtual\/consultaCEP\/actividad\/229929FP001\/\" target=\"_blank\" rel=\"noopener noreferrer\"><strong>inscr\u00edbete aqu\u00ed<\/strong><\/a>.<\/li>\n<p><!-- [et_pb_line_break_holder] -->  <\/p>\n<li> Profesorado dependiente de la Consejer\u00eda de Educaci\u00f3n y Deporte de la Junta de Andaluc\u00eda, en funci\u00f3n de su trayectoria en la puesta en marcha de proyectos de emprendimiento educativo, as\u00ed como de su participaci\u00f3n en convocatorias del Programa para la Innovaci\u00f3n Educativa &#8220;Innicia, Cultura Emprendedora&#8221; (coordinaci\u00f3n\/equipo de trabajo). Si perteneces al sector educativo 2, <a href=\"https:\/\/www.juntadeandalucia.es\/educacion\/secretariavirtual\/consultaCEP\/actividad\/229929CE323\/\" target=\"_blank\" rel=\"noopener noreferrer\"><strong>inscr\u00edbete aqu\u00ed<\/strong><\/a>.<\/li>\n<p><!-- [et_pb_line_break_holder] -->  <\/p>\n<li>Profesorado y alumnado de la Universidad de Sevilla relacionado con la tem\u00e1tica de emprendimiento educativo. Profesorado y alumnado universitario nacional o internacional interesado en la tem\u00e1tica de emprendimiento educativo. Profesorado no universitario en activo a nivel nacional o internacional relacionado o interesado en la tem\u00e1tica de emprendimiento educativo. <!-- [et_pb_line_break_holder] -->Si perteneces al sector educativo 3, <a href=\"https:\/\/forms.gle\/9VKhTu5agZaNEmnV8\" target=\"_blank\" rel=\"noopener noreferrer\"><strong>inscr\u00edbete aqu\u00ed<\/strong><\/a>.<\/li>\n<p><!-- [et_pb_line_break_holder] --><\/ol>\n<p><!-- [et_pb_line_break_holder] -->  <pee>La solicitud de participaci\u00f3n en el congreso se realiza por una triple v\u00eda para la cual existir\u00e1n sendos formularios de inscripci\u00f3n que estar\u00e1n disponibles entre el 6 y el 19 de septiembre de 2021.<\/pee>[\/et_pb_code][\/et_pb_column][\/et_pb_row][\/et_pb_section]<\/p>\n","protected":false},"excerpt":{"rendered":"<p>InscripcionesFechas clavesFormulario de inscripci\u00f3n<\/p>\n","protected":false},"author":7051,"featured_media":0,"parent":0,"menu_order":0,"comment_status":"closed","ping_status":"closed","template":"","meta":{"_et_pb_use_builder":"on","_et_pb_old_content":"","_et_gb_content_width":"","footnotes":""},"aioseo_notices":[],"_links":{"self":[{"href":"https:\/\/blogsaverroes.juntadeandalucia.es\/emprendimientoyeducacion\/wp-json\/wp\/v2\/pages\/44"}],"collection":[{"href":"https:\/\/blogsaverroes.juntadeandalucia.es\/emprendimientoyeducacion\/wp-json\/wp\/v2\/pages"}],"about":[{"href":"https:\/\/blogsaverroes.juntadeandalucia.es\/emprendimientoyeducacion\/wp-json\/wp\/v2\/types\/page"}],"author":[{"embeddable":true,"href":"https:\/\/blogsaverroes.juntadeandalucia.es\/emprendimientoyeducacion\/wp-json\/wp\/v2\/users\/7051"}],"replies":[{"embeddable":true,"href":"https:\/\/blogsaverroes.juntadeandalucia.es\/emprendimientoyeducacion\/wp-json\/wp\/v2\/comments?post=44"}],"version-history":[{"count":6,"href":"https:\/\/blogsaverroes.juntadeandalucia.es\/emprendimientoyeducacion\/wp-json\/wp\/v2\/pages\/44\/revisions"}],"predecessor-version":[{"id":1266,"href":"https:\/\/blogsaverroes.juntadeandalucia.es\/emprendimientoyeducacion\/wp-json\/wp\/v2\/pages\/44\/revisions\/1266"}],"wp:attachment":[{"href":"https:\/\/blogsaverroes.juntadeandalucia.es\/emprendimientoyeducacion\/wp-json\/wp\/v2\/media?parent=44"}],"curies":[{"name":"wp","href":"https:\/\/api.w.org\/{rel}","templated":true}]}}