{"id":2,"date":"2020-11-09T08:57:51","date_gmt":"2020-11-09T08:57:51","guid":{"rendered":"https:\/\/blogsaverroes.juntadeandalucia.es\/enbinario\/?page_id=2"},"modified":"2020-12-28T13:52:08","modified_gmt":"2020-12-28T13:52:08","slug":"edb1","status":"publish","type":"page","link":"https:\/\/blogsaverroes.juntadeandalucia.es\/enbinario\/edb1\/","title":{"rendered":"Cuenta"},"content":{"rendered":"<p>En esta secci\u00f3n aprenderemos a realizar nuestro primer programa en la nube haciendo uso de la herramienta edublocks.<\/p>\n<p>Primero accedemos a una sesi\u00f3n privada de nuestro navegador (arriba a la derecha &#8216;Nueva ventana privada&#8217;). De este modo, al cerrar el navegador los datos de la sesi\u00f3n se eliminar\u00e1n.<\/p>\n<p><img loading=\"lazy\" decoding=\"async\" class=\"alignnone size-full wp-image-135 aligncenter\" src=\"https:\/\/blogsaverroes.juntadeandalucia.es\/enbinario\/files\/2020\/12\/img6.png\" alt=\"\" width=\"208\" height=\"65\" srcset=\"https:\/\/blogsaverroes.juntadeandalucia.es\/enbinario\/files\/2020\/12\/img6.png 208w, https:\/\/blogsaverroes.juntadeandalucia.es\/enbinario\/files\/2020\/12\/img6-24x8.png 24w, https:\/\/blogsaverroes.juntadeandalucia.es\/enbinario\/files\/2020\/12\/img6-36x11.png 36w, https:\/\/blogsaverroes.juntadeandalucia.es\/enbinario\/files\/2020\/12\/img6-48x15.png 48w\" sizes=\"(max-width: 208px) 100vw, 208px\" \/><\/p>\n<p>A continuaci\u00f3n entramos en nuestra cuenta de correo porque la utilizaremos despu\u00e9s como m\u00e9todo de identificaci\u00f3n en edublocks:<\/p>\n<p><img loading=\"lazy\" decoding=\"async\" class=\"size-medium wp-image-103 aligncenter\" src=\"https:\/\/blogsaverroes.juntadeandalucia.es\/enbinario\/files\/2020\/12\/img0-300x274.png\" alt=\"\" width=\"300\" height=\"274\" srcset=\"https:\/\/blogsaverroes.juntadeandalucia.es\/enbinario\/files\/2020\/12\/img0-300x274.png 300w, https:\/\/blogsaverroes.juntadeandalucia.es\/enbinario\/files\/2020\/12\/img0-24x22.png 24w, https:\/\/blogsaverroes.juntadeandalucia.es\/enbinario\/files\/2020\/12\/img0-36x33.png 36w, https:\/\/blogsaverroes.juntadeandalucia.es\/enbinario\/files\/2020\/12\/img0-48x44.png 48w, https:\/\/blogsaverroes.juntadeandalucia.es\/enbinario\/files\/2020\/12\/img0.png 499w\" sizes=\"(max-width: 300px) 100vw, 300px\" \/><\/p>\n<p>Accedemos a&nbsp;<a href=\"https:\/\/edublocks.org\/\">edublocks<\/a>:<\/p>\n<p><img loading=\"lazy\" decoding=\"async\" class=\"alignnone size-full wp-image-131 aligncenter\" src=\"https:\/\/blogsaverroes.juntadeandalucia.es\/enbinario\/files\/2020\/12\/img1.png\" alt=\"\" width=\"1270\" height=\"637\" srcset=\"https:\/\/blogsaverroes.juntadeandalucia.es\/enbinario\/files\/2020\/12\/img1.png 1270w, https:\/\/blogsaverroes.juntadeandalucia.es\/enbinario\/files\/2020\/12\/img1-300x150.png 300w, https:\/\/blogsaverroes.juntadeandalucia.es\/enbinario\/files\/2020\/12\/img1-1024x514.png 1024w, https:\/\/blogsaverroes.juntadeandalucia.es\/enbinario\/files\/2020\/12\/img1-768x385.png 768w, https:\/\/blogsaverroes.juntadeandalucia.es\/enbinario\/files\/2020\/12\/img1-24x12.png 24w, https:\/\/blogsaverroes.juntadeandalucia.es\/enbinario\/files\/2020\/12\/img1-36x18.png 36w, https:\/\/blogsaverroes.juntadeandalucia.es\/enbinario\/files\/2020\/12\/img1-48x24.png 48w\" sizes=\"(max-width: 1270px) 100vw, 1270px\" \/><\/p>\n<p>Y pinchamos en &#8216;Start Creating&#8217;, con lo que nos aparecer\u00e1 una nueva ventana de selecci\u00f3n. En ella pincharemos sobre Python3:<\/p>\n<p><img loading=\"lazy\" decoding=\"async\" class=\"alignnone size-full wp-image-132 aligncenter\" src=\"https:\/\/blogsaverroes.juntadeandalucia.es\/enbinario\/files\/2020\/12\/img2.png\" alt=\"\" width=\"786\" height=\"470\" srcset=\"https:\/\/blogsaverroes.juntadeandalucia.es\/enbinario\/files\/2020\/12\/img2.png 786w, https:\/\/blogsaverroes.juntadeandalucia.es\/enbinario\/files\/2020\/12\/img2-300x179.png 300w, https:\/\/blogsaverroes.juntadeandalucia.es\/enbinario\/files\/2020\/12\/img2-768x459.png 768w, https:\/\/blogsaverroes.juntadeandalucia.es\/enbinario\/files\/2020\/12\/img2-24x14.png 24w, https:\/\/blogsaverroes.juntadeandalucia.es\/enbinario\/files\/2020\/12\/img2-36x22.png 36w, https:\/\/blogsaverroes.juntadeandalucia.es\/enbinario\/files\/2020\/12\/img2-48x29.png 48w\" sizes=\"(max-width: 786px) 100vw, 786px\" \/><\/p>\n<p>\u00a1\u00a1Y se nos abre la ventana de edici\u00f3n de Edublocks donde podemos empezar a programar!!<\/p>\n<p><img loading=\"lazy\" decoding=\"async\" class=\"alignnone size-full wp-image-133\" src=\"https:\/\/blogsaverroes.juntadeandalucia.es\/enbinario\/files\/2020\/12\/img3.png\" alt=\"\" width=\"1149\" height=\"488\" srcset=\"https:\/\/blogsaverroes.juntadeandalucia.es\/enbinario\/files\/2020\/12\/img3.png 1149w, https:\/\/blogsaverroes.juntadeandalucia.es\/enbinario\/files\/2020\/12\/img3-300x127.png 300w, https:\/\/blogsaverroes.juntadeandalucia.es\/enbinario\/files\/2020\/12\/img3-1024x435.png 1024w, https:\/\/blogsaverroes.juntadeandalucia.es\/enbinario\/files\/2020\/12\/img3-768x326.png 768w, https:\/\/blogsaverroes.juntadeandalucia.es\/enbinario\/files\/2020\/12\/img3-24x10.png 24w, https:\/\/blogsaverroes.juntadeandalucia.es\/enbinario\/files\/2020\/12\/img3-36x15.png 36w, https:\/\/blogsaverroes.juntadeandalucia.es\/enbinario\/files\/2020\/12\/img3-48x20.png 48w\" sizes=\"(max-width: 1149px) 100vw, 1149px\" \/><\/p>\n<p>No obstante, a\u00fan debemos identificarnos en esta p\u00e1gina, por lo que pinchamos arriba en Login y seleccionamos el m\u00e9todo de identificaci\u00f3n que queramos; en este ejemplo usaremos la cuenta de correo de gmail.<\/p>\n<p><img loading=\"lazy\" decoding=\"async\" class=\"alignnone size-full wp-image-134 aligncenter\" src=\"https:\/\/blogsaverroes.juntadeandalucia.es\/enbinario\/files\/2020\/12\/img4.png\" alt=\"\" width=\"325\" height=\"345\" srcset=\"https:\/\/blogsaverroes.juntadeandalucia.es\/enbinario\/files\/2020\/12\/img4.png 325w, https:\/\/blogsaverroes.juntadeandalucia.es\/enbinario\/files\/2020\/12\/img4-283x300.png 283w, https:\/\/blogsaverroes.juntadeandalucia.es\/enbinario\/files\/2020\/12\/img4-24x24.png 24w, https:\/\/blogsaverroes.juntadeandalucia.es\/enbinario\/files\/2020\/12\/img4-34x36.png 34w, https:\/\/blogsaverroes.juntadeandalucia.es\/enbinario\/files\/2020\/12\/img4-45x48.png 45w\" sizes=\"(max-width: 325px) 100vw, 325px\" \/><\/p>\n<p>Finalmente, ya estamos identificados en edublocks y podemos guardar nuestros trabajos en la nube:<\/p>\n<p><img loading=\"lazy\" decoding=\"async\" class=\"size-full wp-image-136 aligncenter\" src=\"https:\/\/blogsaverroes.juntadeandalucia.es\/enbinario\/files\/2020\/12\/img5-2.png\" alt=\"\" width=\"556\" height=\"182\" srcset=\"https:\/\/blogsaverroes.juntadeandalucia.es\/enbinario\/files\/2020\/12\/img5-2.png 556w, https:\/\/blogsaverroes.juntadeandalucia.es\/enbinario\/files\/2020\/12\/img5-2-300x98.png 300w, https:\/\/blogsaverroes.juntadeandalucia.es\/enbinario\/files\/2020\/12\/img5-2-24x8.png 24w, https:\/\/blogsaverroes.juntadeandalucia.es\/enbinario\/files\/2020\/12\/img5-2-36x12.png 36w, https:\/\/blogsaverroes.juntadeandalucia.es\/enbinario\/files\/2020\/12\/img5-2-48x16.png 48w\" sizes=\"(max-width: 556px) 100vw, 556px\" \/><\/p>\n<p>&nbsp;<\/p>\n","protected":false},"excerpt":{"rendered":"<p>En esta secci\u00f3n aprenderemos a realizar nuestro primer programa en la nube haciendo uso de la herramienta edublocks. Primero accedemos a una sesi\u00f3n privada de nuestro navegador (arriba a la derecha &#8216;Nueva ventana privada&#8217;).&#46;&#46;&#46;<\/p>\n","protected":false},"author":11311,"featured_media":0,"parent":0,"menu_order":0,"comment_status":"closed","ping_status":"open","template":"","meta":{"ngg_post_thumbnail":0,"footnotes":""},"aioseo_notices":[],"_links":{"self":[{"href":"https:\/\/blogsaverroes.juntadeandalucia.es\/enbinario\/wp-json\/wp\/v2\/pages\/2"}],"collection":[{"href":"https:\/\/blogsaverroes.juntadeandalucia.es\/enbinario\/wp-json\/wp\/v2\/pages"}],"about":[{"href":"https:\/\/blogsaverroes.juntadeandalucia.es\/enbinario\/wp-json\/wp\/v2\/types\/page"}],"author":[{"embeddable":true,"href":"https:\/\/blogsaverroes.juntadeandalucia.es\/enbinario\/wp-json\/wp\/v2\/users\/11311"}],"replies":[{"embeddable":true,"href":"https:\/\/blogsaverroes.juntadeandalucia.es\/enbinario\/wp-json\/wp\/v2\/comments?post=2"}],"version-history":[{"count":5,"href":"https:\/\/blogsaverroes.juntadeandalucia.es\/enbinario\/wp-json\/wp\/v2\/pages\/2\/revisions"}],"predecessor-version":[{"id":137,"href":"https:\/\/blogsaverroes.juntadeandalucia.es\/enbinario\/wp-json\/wp\/v2\/pages\/2\/revisions\/137"}],"wp:attachment":[{"href":"https:\/\/blogsaverroes.juntadeandalucia.es\/enbinario\/wp-json\/wp\/v2\/media?parent=2"}],"curies":[{"name":"wp","href":"https:\/\/api.w.org\/{rel}","templated":true}]}}