{"id":163,"date":"2023-03-17T07:54:14","date_gmt":"2023-03-17T07:54:14","guid":{"rendered":"https:\/\/blogsaverroes.juntadeandalucia.es\/encuentrocsicmalaga\/?page_id=163"},"modified":"2023-05-15T06:41:24","modified_gmt":"2023-05-15T06:41:24","slug":"premios","status":"publish","type":"page","link":"https:\/\/blogsaverroes.juntadeandalucia.es\/encuentrocsicmalaga\/premios\/","title":{"rendered":"Premios"},"content":{"rendered":"<p style=\"text-align: center\"><span style=\"font-size: 18pt\">Accede desde aqu\u00ed a los premios de \u00d3ptica Fot\u00f3n, si quieres participar:&nbsp; <strong>Presentaci\u00f3n de candidaturas: Hasta el 15 de abril <\/strong><span style=\"font-size: 10pt\">(pincha en la imagen)<\/span><\/span><\/p>\n<p><a href=\"https:\/\/www.io.csic.es\/premiosfoton\/\"><br \/>\n<img loading=\"lazy\" decoding=\"async\" class=\"size-full wp-image-164 aligncenter\" src=\"https:\/\/blogsaverroes.juntadeandalucia.es\/encuentrocsicmalaga\/files\/2023\/03\/download-2.png\" alt=\"\" width=\"223\" height=\"226\"><\/a><\/p>\n<p>Desde aqu\u00ed, queremos felicitar a Beatriz Toca del CEIP Maruja Mallo&nbsp; ya que, por su gran labor, le&nbsp; han concedido el Premio Fot\u00f3n del Instituto Vald\u00e9s y el CSIC. Os dejamos una entrevista que esperamos disfrut\u00e9is y os anime a participar en pr\u00f3ximas ediciones.&nbsp;<\/p>\n<p><img loading=\"lazy\" decoding=\"async\" class=\"wp-image-268 aligncenter\" src=\"https:\/\/blogsaverroes.juntadeandalucia.es\/encuentrocsicmalaga\/files\/2023\/05\/p.png\" alt=\"\" width=\"72\" height=\"72\" srcset=\"https:\/\/blogsaverroes.juntadeandalucia.es\/encuentrocsicmalaga\/files\/2023\/05\/p.png 225w, https:\/\/blogsaverroes.juntadeandalucia.es\/encuentrocsicmalaga\/files\/2023\/05\/p-150x150.png 150w\" sizes=\"(max-width: 72px) 85vw, 72px\" \/><\/p>\n<!--[if lt IE 9]><script>document.createElement('audio');<\/script><![endif]-->\n<audio class=\"wp-audio-shortcode\" id=\"audio-163-1\" preload=\"none\" style=\"width: 100%;\" controls=\"controls\"><source type=\"audio\/mpeg\" src=\"https:\/\/blogsaverroes.juntadeandalucia.es\/encuentrocsicmalaga\/files\/2023\/05\/Grabaci\u00f3n-FM@104.6MHz_Beatriz-Toca_Premio-Fot\u00f3n-1.mp3?_=1\" \/><a href=\"https:\/\/blogsaverroes.juntadeandalucia.es\/encuentrocsicmalaga\/files\/2023\/05\/Grabaci\u00f3n-FM@104.6MHz_Beatriz-Toca_Premio-Fot\u00f3n-1.mp3\">https:\/\/blogsaverroes.juntadeandalucia.es\/encuentrocsicmalaga\/files\/2023\/05\/Grabaci\u00f3n-FM@104.6MHz_Beatriz-Toca_Premio-Fot\u00f3n-1.mp3<\/a><\/audio>\n<p>&nbsp;<\/p>\n","protected":false},"excerpt":{"rendered":"<p>Accede desde aqu\u00ed a los premios de \u00d3ptica Fot\u00f3n, si quieres participar:&nbsp; Presentaci\u00f3n de candidaturas: Hasta el 15 de abril (pincha en la imagen) Desde aqu\u00ed, queremos felicitar a Beatriz Toca del CEIP Maruja Mallo&nbsp; ya que, por su gran labor, le&nbsp; han concedido el Premio Fot\u00f3n del Instituto Vald\u00e9s y el CSIC. Os dejamos &hellip; <a href=\"https:\/\/blogsaverroes.juntadeandalucia.es\/encuentrocsicmalaga\/premios\/\" class=\"more-link\">Continuar leyendo<span class=\"screen-reader-text\"> \u00abPremios\u00bb<\/span><\/a><\/p>\n","protected":false},"author":15684,"featured_media":0,"parent":0,"menu_order":0,"comment_status":"closed","ping_status":"closed","template":"","meta":{"ngg_post_thumbnail":0,"footnotes":""},"aioseo_notices":[],"_links":{"self":[{"href":"https:\/\/blogsaverroes.juntadeandalucia.es\/encuentrocsicmalaga\/wp-json\/wp\/v2\/pages\/163"}],"collection":[{"href":"https:\/\/blogsaverroes.juntadeandalucia.es\/encuentrocsicmalaga\/wp-json\/wp\/v2\/pages"}],"about":[{"href":"https:\/\/blogsaverroes.juntadeandalucia.es\/encuentrocsicmalaga\/wp-json\/wp\/v2\/types\/page"}],"author":[{"embeddable":true,"href":"https:\/\/blogsaverroes.juntadeandalucia.es\/encuentrocsicmalaga\/wp-json\/wp\/v2\/users\/15684"}],"replies":[{"embeddable":true,"href":"https:\/\/blogsaverroes.juntadeandalucia.es\/encuentrocsicmalaga\/wp-json\/wp\/v2\/comments?post=163"}],"version-history":[{"count":6,"href":"https:\/\/blogsaverroes.juntadeandalucia.es\/encuentrocsicmalaga\/wp-json\/wp\/v2\/pages\/163\/revisions"}],"predecessor-version":[{"id":273,"href":"https:\/\/blogsaverroes.juntadeandalucia.es\/encuentrocsicmalaga\/wp-json\/wp\/v2\/pages\/163\/revisions\/273"}],"wp:attachment":[{"href":"https:\/\/blogsaverroes.juntadeandalucia.es\/encuentrocsicmalaga\/wp-json\/wp\/v2\/media?parent=163"}],"curies":[{"name":"wp","href":"https:\/\/api.w.org\/{rel}","templated":true}]}}