{"id":61,"date":"2022-02-01T17:45:09","date_gmt":"2022-02-01T17:45:09","guid":{"rendered":"https:\/\/blogsaverroes.juntadeandalucia.es\/englishblog\/?page_id=61"},"modified":"2022-02-01T17:45:09","modified_gmt":"2022-02-01T17:45:09","slug":"datos-del-centro","status":"publish","type":"page","link":"https:\/\/blogsaverroes.juntadeandalucia.es\/englishblog\/datos-del-centro\/","title":{"rendered":"Datos del centro"},"content":{"rendered":"<p><iframe loading=\"lazy\" src=\"https:\/\/www.google.com\/maps\/d\/u\/0\/embed?mid=1IDNE6FieRlgbiqM57UAbtzGOjVklcXmE&amp;ehbc=2E312F\" width=\"640\" height=\"480\"><\/iframe><br \/>\n&nbsp;<\/p>\n<h4><span style=\"font-weight: 400\">Datos de contacto<\/span><\/h4>\n<p><span style=\"font-weight: 400\">CEIP SANTA CATALINA<\/span><\/p>\n<p><span style=\"font-weight: 400\">Direcci\u00f3n:&nbsp; Traves\u00eda de los Pedroches, 14260 Fuente la Lancha, C\u00f3rdoba<\/span><\/p>\n<p><span style=\"font-weight: 400\">Tel\u00e9fono \/ FAX: 957 59 69 15 \/ 957 59 69 16<\/span><\/p>\n<p><span style=\"font-weight: 400\">Email: lucila@colegiosantacatalina.net<\/span><\/p>\n<h4><span style=\"font-weight: 400\">Horarios<\/span><\/h4>\n<ul>\n<li style=\"font-weight: 400\"><span style=\"font-weight: 400\">Oficina: de lunes a viernes de 9:30 a 13:00.<\/span><\/li>\n<li style=\"font-weight: 400\"><span style=\"font-weight: 400\">Clases en diurno: de 8:30 a 15:00<\/span><\/li>\n<li style=\"font-weight: 400\"><span style=\"font-weight: 400\">Clases en nocturno: de 16:30 a 22:30, var\u00edan en funci\u00f3n de la ense\u00f1anza.<\/span><\/li>\n<\/ul>\n","protected":false},"excerpt":{"rendered":"<p>&nbsp; Datos de contacto CEIP SANTA CATALINA Direcci\u00f3n:&nbsp; Traves\u00eda de los Pedroches, 14260 Fuente la Lancha, C\u00f3rdoba Tel\u00e9fono \/ FAX: 957 59 69 15 \/ 957 59 69 16 Email: lucila@colegiosantacatalina.net Horarios Oficina: de&#46;&#46;&#46;<\/p>\n","protected":false},"author":13992,"featured_media":0,"parent":0,"menu_order":0,"comment_status":"closed","ping_status":"closed","template":"","meta":{"ngg_post_thumbnail":0,"footnotes":""},"aioseo_notices":[],"_links":{"self":[{"href":"https:\/\/blogsaverroes.juntadeandalucia.es\/englishblog\/wp-json\/wp\/v2\/pages\/61"}],"collection":[{"href":"https:\/\/blogsaverroes.juntadeandalucia.es\/englishblog\/wp-json\/wp\/v2\/pages"}],"about":[{"href":"https:\/\/blogsaverroes.juntadeandalucia.es\/englishblog\/wp-json\/wp\/v2\/types\/page"}],"author":[{"embeddable":true,"href":"https:\/\/blogsaverroes.juntadeandalucia.es\/englishblog\/wp-json\/wp\/v2\/users\/13992"}],"replies":[{"embeddable":true,"href":"https:\/\/blogsaverroes.juntadeandalucia.es\/englishblog\/wp-json\/wp\/v2\/comments?post=61"}],"version-history":[{"count":2,"href":"https:\/\/blogsaverroes.juntadeandalucia.es\/englishblog\/wp-json\/wp\/v2\/pages\/61\/revisions"}],"predecessor-version":[{"id":64,"href":"https:\/\/blogsaverroes.juntadeandalucia.es\/englishblog\/wp-json\/wp\/v2\/pages\/61\/revisions\/64"}],"wp:attachment":[{"href":"https:\/\/blogsaverroes.juntadeandalucia.es\/englishblog\/wp-json\/wp\/v2\/media?parent=61"}],"curies":[{"name":"wp","href":"https:\/\/api.w.org\/{rel}","templated":true}]}}