{"id":110,"date":"2020-05-30T01:44:24","date_gmt":"2020-05-29T23:44:24","guid":{"rendered":"https:\/\/blogsaverroes.juntadeandalucia.es\/enriquehernandez\/?page_id=110"},"modified":"2020-05-30T02:00:34","modified_gmt":"2020-05-30T00:00:34","slug":"portfolio","status":"publish","type":"page","link":"https:\/\/blogsaverroes.juntadeandalucia.es\/enriquehernandez\/portfolio\/","title":{"rendered":"Portfolio"},"content":{"rendered":"\t\t<div data-elementor-type=\"wp-post\" data-elementor-id=\"110\" class=\"elementor elementor-110\">\n\t\t\t\t\t\t<section class=\"elementor-section elementor-top-section elementor-element elementor-element-e67c4c2 elementor-section-boxed elementor-section-height-default elementor-section-height-default\" data-id=\"e67c4c2\" data-element_type=\"section\">\n\t\t\t\t\t\t<div class=\"elementor-container elementor-column-gap-default\">\n\t\t\t\t\t<div class=\"elementor-column elementor-col-100 elementor-top-column elementor-element elementor-element-989c851\" data-id=\"989c851\" data-element_type=\"column\">\n\t\t\t<div class=\"elementor-widget-wrap elementor-element-populated\">\n\t\t\t\t\t\t<div class=\"elementor-element elementor-element-bc0ec18 elementor-widget elementor-widget-heading\" data-id=\"bc0ec18\" data-element_type=\"widget\" data-widget_type=\"heading.default\">\n\t\t\t\t<div class=\"elementor-widget-container\">\n\t\t\t\t\t<h2 class=\"elementor-heading-title elementor-size-default\">Mi Portfolio. Haz clic en las fotograf\u00edas para ampliar el detalle;<\/h2>\t\t\t\t<\/div>\n\t\t\t\t<\/div>\n\t\t\t\t\t<\/div>\n\t\t<\/div>\n\t\t\t\t\t<\/div>\n\t\t<\/section>\n\t\t\t\t<section class=\"elementor-section elementor-top-section elementor-element elementor-element-5c41dc8 elementor-section-boxed elementor-section-height-default elementor-section-height-default\" data-id=\"5c41dc8\" data-element_type=\"section\">\n\t\t\t\t\t\t<div class=\"elementor-container elementor-column-gap-default\">\n\t\t\t\t\t<div class=\"elementor-column elementor-col-100 elementor-top-column elementor-element elementor-element-5afd154\" data-id=\"5afd154\" data-element_type=\"column\">\n\t\t\t<div class=\"elementor-widget-wrap elementor-element-populated\">\n\t\t\t\t\t\t<div class=\"elementor-element elementor-element-de94edb elementor-widget elementor-widget-wp-widget-slideshow\" data-id=\"de94edb\" data-element_type=\"widget\" data-widget_type=\"wp-widget-slideshow.default\">\n\t\t\t\t<div class=\"elementor-widget-container\">\n\t\t\t\t\t<h5>Slideshow<\/h5><div class=\"ngg_slideshow widget\">\n\t\n<div class=\"ngg-galleryoverview ngg-slideshow\"\n\tid=\"ngg-slideshow-9e67837d8eee9b6f6abbb0a0bf333c1a-10436092960\"\n\tdata-gallery-id=\"9e67837d8eee9b6f6abbb0a0bf333c1a\"\n\tstyle=\"max-width: 500px;\n\t\t\tmax-height: 500px;\n\t\t\tdisplay: none;\">\n\n\t\n\t\t<a href=\"https:\/\/blogsaverroes.juntadeandalucia.es\/enriquehernandez\/wp-content\/uploads\/sites\/5737\/nggallery\/mi-portfolio\/IMGP0914.jpg\"\n\t\t\ttitle=\"Portsmouth - Inglaterra. Curso AICLE. Julio 2012. Curso de formaci\u00f3n AICLE. Junio 2012. Junta de Andaluc\u00eda.\"\n\t\t\tdata-src=\"https:\/\/blogsaverroes.juntadeandalucia.es\/enriquehernandez\/wp-content\/uploads\/sites\/5737\/nggallery\/mi-portfolio\/IMGP0914.jpg\"\n\t\t\tdata-thumbnail=\"https:\/\/blogsaverroes.juntadeandalucia.es\/enriquehernandez\/wp-content\/uploads\/sites\/5737\/nggallery\/mi-portfolio\/thumbs\/thumbs_IMGP0914.jpg\"\n\t\t\tdata-image-id=\"1\"\n\t\t\tdata-title=\"Portsmouth - Inglaterra. Curso AICLE. Julio 2012.\"\n\t\t\tdata-description=\"Portsmouth - Inglaterra. Curso AICLE. Julio 2012. Curso de formaci\u00f3n AICLE. Junio 2012. Junta de Andaluc\u00eda.\"\n\t\t\tclass='thickbox' rel='9e67837d8eee9b6f6abbb0a0bf333c1a'>\n\n\t\t\t<img data-image-id='1'\n\t\t\t\ttitle=\"Portsmouth - Inglaterra. Curso AICLE. Julio 2012. Curso de formaci\u00f3n AICLE. Junio 2012. Junta de Andaluc\u00eda.\"\n\t\t\t\talt=\"Portsmouth - Inglaterra. Curso AICLE. Julio 2012.\"\n\t\t\t\tsrc=\"https:\/\/blogsaverroes.juntadeandalucia.es\/enriquehernandez\/wp-content\/uploads\/sites\/5737\/nggallery\/mi-portfolio\/IMGP0914.jpg\"\n\t\t\t\tstyle=\"max-height: 480px;\"\/>\n\t\t<\/a>\n\n\t\t\n\t\t<a href=\"https:\/\/blogsaverroes.juntadeandalucia.es\/enriquehernandez\/wp-content\/uploads\/sites\/5737\/nggallery\/mi-portfolio\/IMGP0924.jpg\"\n\t\t\ttitle=\"Portsmouth - Inglaterra. Curso AICLE. Julio 2012. Curso de formaci\u00f3n AICLE. Junio 2012. Junta de Andaluc\u00eda.\"\n\t\t\tdata-src=\"https:\/\/blogsaverroes.juntadeandalucia.es\/enriquehernandez\/wp-content\/uploads\/sites\/5737\/nggallery\/mi-portfolio\/IMGP0924.jpg\"\n\t\t\tdata-thumbnail=\"https:\/\/blogsaverroes.juntadeandalucia.es\/enriquehernandez\/wp-content\/uploads\/sites\/5737\/nggallery\/mi-portfolio\/thumbs\/thumbs_IMGP0924.jpg\"\n\t\t\tdata-image-id=\"2\"\n\t\t\tdata-title=\"Portsmouth - Inglaterra. Curso AICLE. Julio 2012.\"\n\t\t\tdata-description=\"Portsmouth - Inglaterra. Curso AICLE. Julio 2012. Curso de formaci\u00f3n AICLE. Junio 2012. Junta de Andaluc\u00eda.\"\n\t\t\tclass='thickbox' rel='9e67837d8eee9b6f6abbb0a0bf333c1a'>\n\n\t\t\t<img data-image-id='2'\n\t\t\t\ttitle=\"Portsmouth - Inglaterra. Curso AICLE. Julio 2012. Curso de formaci\u00f3n AICLE. Junio 2012. Junta de Andaluc\u00eda.\"\n\t\t\t\talt=\"Portsmouth - Inglaterra. Curso AICLE. Julio 2012.\"\n\t\t\t\tsrc=\"https:\/\/blogsaverroes.juntadeandalucia.es\/enriquehernandez\/wp-content\/uploads\/sites\/5737\/nggallery\/mi-portfolio\/IMGP0924.jpg\"\n\t\t\t\tstyle=\"max-height: 480px;\"\/>\n\t\t<\/a>\n\n\t\t\n\t\t<a href=\"https:\/\/blogsaverroes.juntadeandalucia.es\/enriquehernandez\/wp-content\/uploads\/sites\/5737\/nggallery\/mi-portfolio\/IMG_20170329_141428.jpg\"\n\t\t\ttitle=\"Montaje de sala de ordenadores (reciclado, reparaci\u00f3n y mantenimiento) en el CEIP Manuel Siurot de Huelva. Cableado de red incluido.\"\n\t\t\tdata-src=\"https:\/\/blogsaverroes.juntadeandalucia.es\/enriquehernandez\/wp-content\/uploads\/sites\/5737\/nggallery\/mi-portfolio\/IMG_20170329_141428.jpg\"\n\t\t\tdata-thumbnail=\"https:\/\/blogsaverroes.juntadeandalucia.es\/enriquehernandez\/wp-content\/uploads\/sites\/5737\/nggallery\/mi-portfolio\/thumbs\/thumbs_IMG_20170329_141428.jpg\"\n\t\t\tdata-image-id=\"3\"\n\t\t\tdata-title=\"Configuraci\u00f3n de sala de inform\u00e1tica en el CEIP Manuel Siurot de Huelva.\"\n\t\t\tdata-description=\"Montaje de sala de ordenadores (reciclado, reparaci\u00f3n y mantenimiento) en el CEIP Manuel Siurot de Huelva. Cableado de red incluido.\"\n\t\t\tclass='thickbox' rel='9e67837d8eee9b6f6abbb0a0bf333c1a'>\n\n\t\t\t<img data-image-id='3'\n\t\t\t\ttitle=\"Montaje de sala de ordenadores (reciclado, reparaci\u00f3n y mantenimiento) en el CEIP Manuel Siurot de Huelva. Cableado de red incluido.\"\n\t\t\t\talt=\"Configuraci\u00f3n de sala de inform\u00e1tica en el CEIP Manuel Siurot de Huelva.\"\n\t\t\t\tsrc=\"https:\/\/blogsaverroes.juntadeandalucia.es\/enriquehernandez\/wp-content\/uploads\/sites\/5737\/nggallery\/mi-portfolio\/IMG_20170329_141428.jpg\"\n\t\t\t\tstyle=\"max-height: 480px;\"\/>\n\t\t<\/a>\n\n\t\t\n\t\t<a href=\"https:\/\/blogsaverroes.juntadeandalucia.es\/enriquehernandez\/wp-content\/uploads\/sites\/5737\/nggallery\/mi-portfolio\/06251698-E04A-4D4F-91E9-0FE74AB6C56C.JPG\"\n\t\t\ttitle=\"Aqu\u00ed estoy yo: Enrique Hern\u00e1ndez. En la Direcci\u00f3n del CEIP  Virgen del Pilar de Huelva.\"\n\t\t\tdata-src=\"https:\/\/blogsaverroes.juntadeandalucia.es\/enriquehernandez\/wp-content\/uploads\/sites\/5737\/nggallery\/mi-portfolio\/06251698-E04A-4D4F-91E9-0FE74AB6C56C.JPG\"\n\t\t\tdata-thumbnail=\"https:\/\/blogsaverroes.juntadeandalucia.es\/enriquehernandez\/wp-content\/uploads\/sites\/5737\/nggallery\/mi-portfolio\/thumbs\/thumbs_06251698-E04A-4D4F-91E9-0FE74AB6C56C.JPG\"\n\t\t\tdata-image-id=\"4\"\n\t\t\tdata-title=\"06251698-E04A-4D4F-91E9-0FE74AB6C56C\"\n\t\t\tdata-description=\"Aqu\u00ed estoy yo: Enrique Hern\u00e1ndez. En la Direcci\u00f3n del CEIP  Virgen del Pilar de Huelva.\"\n\t\t\tclass='thickbox' rel='9e67837d8eee9b6f6abbb0a0bf333c1a'>\n\n\t\t\t<img data-image-id='4'\n\t\t\t\ttitle=\"Aqu\u00ed estoy yo: Enrique Hern\u00e1ndez. En la Direcci\u00f3n del CEIP  Virgen del Pilar de Huelva.\"\n\t\t\t\talt=\"06251698-E04A-4D4F-91E9-0FE74AB6C56C\"\n\t\t\t\tsrc=\"https:\/\/blogsaverroes.juntadeandalucia.es\/enriquehernandez\/wp-content\/uploads\/sites\/5737\/nggallery\/mi-portfolio\/06251698-E04A-4D4F-91E9-0FE74AB6C56C.JPG\"\n\t\t\t\tstyle=\"max-height: 480px;\"\/>\n\t\t<\/a>\n\n\t\t\n\t\t<a href=\"https:\/\/blogsaverroes.juntadeandalucia.es\/enriquehernandez\/wp-content\/uploads\/sites\/5737\/nggallery\/mi-portfolio\/IMG_3630.jpg\"\n\t\t\ttitle=\"Aula de inform\u00e1tica n\u00famero 2 del CEIP Virgen del Pilar de Huelva. Desde el a\u00f1o 2012 funcionamos con dos salas de inform\u00e1tica cableadas a Internet (no WIFI), reutilizando los ordenadores de la dotaci\u00f3n TIC de los a\u00f1os 2005 y 2006 a los centros educativos. Bajo Guadalinex Edu Slim.\"\n\t\t\tdata-src=\"https:\/\/blogsaverroes.juntadeandalucia.es\/enriquehernandez\/wp-content\/uploads\/sites\/5737\/nggallery\/mi-portfolio\/IMG_3630.jpg\"\n\t\t\tdata-thumbnail=\"https:\/\/blogsaverroes.juntadeandalucia.es\/enriquehernandez\/wp-content\/uploads\/sites\/5737\/nggallery\/mi-portfolio\/thumbs\/thumbs_IMG_3630.jpg\"\n\t\t\tdata-image-id=\"5\"\n\t\t\tdata-title=\"Sala de Inform\u00e1tica #2 del CEIP Virgen del Pilar en Huelva.\"\n\t\t\tdata-description=\"Aula de inform\u00e1tica n\u00famero 2 del CEIP Virgen del Pilar de Huelva. Desde el a\u00f1o 2012 funcionamos con dos salas de inform\u00e1tica cableadas a Internet (no WIFI), reutilizando los ordenadores de la dotaci\u00f3n TIC de los a\u00f1os 2005 y 2006 a los centros educativos. Bajo Guadalinex Edu Slim.\"\n\t\t\tclass='thickbox' rel='9e67837d8eee9b6f6abbb0a0bf333c1a'>\n\n\t\t\t<img data-image-id='5'\n\t\t\t\ttitle=\"Aula de inform\u00e1tica n\u00famero 2 del CEIP Virgen del Pilar de Huelva. Desde el a\u00f1o 2012 funcionamos con dos salas de inform\u00e1tica cableadas a Internet (no WIFI), reutilizando los ordenadores de la dotaci\u00f3n TIC de los a\u00f1os 2005 y 2006 a los centros educativos. Bajo Guadalinex Edu Slim.\"\n\t\t\t\talt=\"Sala de Inform\u00e1tica #2 del CEIP Virgen del Pilar en Huelva.\"\n\t\t\t\tsrc=\"https:\/\/blogsaverroes.juntadeandalucia.es\/enriquehernandez\/wp-content\/uploads\/sites\/5737\/nggallery\/mi-portfolio\/IMG_3630.jpg\"\n\t\t\t\tstyle=\"max-height: 480px;\"\/>\n\t\t<\/a>\n\n\t\t\n\t\t<a href=\"https:\/\/blogsaverroes.juntadeandalucia.es\/enriquehernandez\/wp-content\/uploads\/sites\/5737\/nggallery\/mi-portfolio\/IMG_2057.JPG\"\n\t\t\ttitle=\"En clase de Cultura y Pr\u00e1ctica Digital con alumnado de sexto curso de Educaci\u00f3n Primaria y trabajando el juego en el aula.\"\n\t\t\tdata-src=\"https:\/\/blogsaverroes.juntadeandalucia.es\/enriquehernandez\/wp-content\/uploads\/sites\/5737\/nggallery\/mi-portfolio\/IMG_2057.JPG\"\n\t\t\tdata-thumbnail=\"https:\/\/blogsaverroes.juntadeandalucia.es\/enriquehernandez\/wp-content\/uploads\/sites\/5737\/nggallery\/mi-portfolio\/thumbs\/thumbs_IMG_2057.JPG\"\n\t\t\tdata-image-id=\"6\"\n\t\t\tdata-title=\"Clase de Cultura y Pr\u00e1ctica Digital con ayuda de la PDI.\"\n\t\t\tdata-description=\"En clase de Cultura y Pr\u00e1ctica Digital con alumnado de sexto curso de Educaci\u00f3n Primaria y trabajando el juego en el aula.\"\n\t\t\tclass='thickbox' rel='9e67837d8eee9b6f6abbb0a0bf333c1a'>\n\n\t\t\t<img data-image-id='6'\n\t\t\t\ttitle=\"En clase de Cultura y Pr\u00e1ctica Digital con alumnado de sexto curso de Educaci\u00f3n Primaria y trabajando el juego en el aula.\"\n\t\t\t\talt=\"Clase de Cultura y Pr\u00e1ctica Digital con ayuda de la PDI.\"\n\t\t\t\tsrc=\"https:\/\/blogsaverroes.juntadeandalucia.es\/enriquehernandez\/wp-content\/uploads\/sites\/5737\/nggallery\/mi-portfolio\/IMG_2057.JPG\"\n\t\t\t\tstyle=\"max-height: 480px;\"\/>\n\t\t<\/a>\n\n\t\t\n\t\t<a href=\"https:\/\/blogsaverroes.juntadeandalucia.es\/enriquehernandez\/wp-content\/uploads\/sites\/5737\/nggallery\/mi-portfolio\/IMGP0915.JPG\"\n\t\t\ttitle=\"3 de mayo de 2010. Clase Biling\u00fce utilizando la PDI, con la Asistente Ling\u00fc\u00edstica.\"\n\t\t\tdata-src=\"https:\/\/blogsaverroes.juntadeandalucia.es\/enriquehernandez\/wp-content\/uploads\/sites\/5737\/nggallery\/mi-portfolio\/IMGP0915.JPG\"\n\t\t\tdata-thumbnail=\"https:\/\/blogsaverroes.juntadeandalucia.es\/enriquehernandez\/wp-content\/uploads\/sites\/5737\/nggallery\/mi-portfolio\/thumbs\/thumbs_IMGP0915.JPG\"\n\t\t\tdata-image-id=\"7\"\n\t\t\tdata-title=\"IMGP0915\"\n\t\t\tdata-description=\"3 de mayo de 2010. Clase Biling\u00fce utilizando la PDI, con la Asistente Ling\u00fc\u00edstica.\"\n\t\t\tclass='thickbox' rel='9e67837d8eee9b6f6abbb0a0bf333c1a'>\n\n\t\t\t<img data-image-id='7'\n\t\t\t\ttitle=\"3 de mayo de 2010. Clase Biling\u00fce utilizando la PDI, con la Asistente Ling\u00fc\u00edstica.\"\n\t\t\t\talt=\"IMGP0915\"\n\t\t\t\tsrc=\"https:\/\/blogsaverroes.juntadeandalucia.es\/enriquehernandez\/wp-content\/uploads\/sites\/5737\/nggallery\/mi-portfolio\/IMGP0915.JPG\"\n\t\t\t\tstyle=\"max-height: 480px;\"\/>\n\t\t<\/a>\n\n\t\t\n\t\t<a href=\"https:\/\/blogsaverroes.juntadeandalucia.es\/enriquehernandez\/wp-content\/uploads\/sites\/5737\/nggallery\/mi-portfolio\/DSCN0026.JPG\"\n\t\t\ttitle=\"30 de mayo de 2008; Jornadas TIC en el CEIP Virgen del Pilar. Mostrando el interior de un ordenador personal al alumnado.\"\n\t\t\tdata-src=\"https:\/\/blogsaverroes.juntadeandalucia.es\/enriquehernandez\/wp-content\/uploads\/sites\/5737\/nggallery\/mi-portfolio\/DSCN0026.JPG\"\n\t\t\tdata-thumbnail=\"https:\/\/blogsaverroes.juntadeandalucia.es\/enriquehernandez\/wp-content\/uploads\/sites\/5737\/nggallery\/mi-portfolio\/thumbs\/thumbs_DSCN0026.JPG\"\n\t\t\tdata-image-id=\"8\"\n\t\t\tdata-title=\"DSCN0026\"\n\t\t\tdata-description=\"30 de mayo de 2008; Jornadas TIC en el CEIP Virgen del Pilar. Mostrando el interior de un ordenador personal al alumnado.\"\n\t\t\tclass='thickbox' rel='9e67837d8eee9b6f6abbb0a0bf333c1a'>\n\n\t\t\t<img data-image-id='8'\n\t\t\t\ttitle=\"30 de mayo de 2008; Jornadas TIC en el CEIP Virgen del Pilar. Mostrando el interior de un ordenador personal al alumnado.\"\n\t\t\t\talt=\"DSCN0026\"\n\t\t\t\tsrc=\"https:\/\/blogsaverroes.juntadeandalucia.es\/enriquehernandez\/wp-content\/uploads\/sites\/5737\/nggallery\/mi-portfolio\/DSCN0026.JPG\"\n\t\t\t\tstyle=\"max-height: 480px;\"\/>\n\t\t<\/a>\n\n\t\t\n\t\t<a href=\"https:\/\/blogsaverroes.juntadeandalucia.es\/enriquehernandez\/wp-content\/uploads\/sites\/5737\/nggallery\/mi-portfolio\/IMG_0054.JPG\"\n\t\t\ttitle=\"5 de febrero de 2010. Ense\u00f1ando mecanograf\u00eda a 6\u00ba curso de Primaria.\"\n\t\t\tdata-src=\"https:\/\/blogsaverroes.juntadeandalucia.es\/enriquehernandez\/wp-content\/uploads\/sites\/5737\/nggallery\/mi-portfolio\/IMG_0054.JPG\"\n\t\t\tdata-thumbnail=\"https:\/\/blogsaverroes.juntadeandalucia.es\/enriquehernandez\/wp-content\/uploads\/sites\/5737\/nggallery\/mi-portfolio\/thumbs\/thumbs_IMG_0054.JPG\"\n\t\t\tdata-image-id=\"9\"\n\t\t\tdata-title=\"IMG_0054\"\n\t\t\tdata-description=\"5 de febrero de 2010. Ense\u00f1ando mecanograf\u00eda a 6\u00ba curso de Primaria.\"\n\t\t\tclass='thickbox' rel='9e67837d8eee9b6f6abbb0a0bf333c1a'>\n\n\t\t\t<img data-image-id='9'\n\t\t\t\ttitle=\"5 de febrero de 2010. Ense\u00f1ando mecanograf\u00eda a 6\u00ba curso de Primaria.\"\n\t\t\t\talt=\"IMG_0054\"\n\t\t\t\tsrc=\"https:\/\/blogsaverroes.juntadeandalucia.es\/enriquehernandez\/wp-content\/uploads\/sites\/5737\/nggallery\/mi-portfolio\/IMG_0054.JPG\"\n\t\t\t\tstyle=\"max-height: 480px;\"\/>\n\t\t<\/a>\n\n\t\t<\/div>\n\n\n<\/div>\n\t\t\t\t<\/div>\n\t\t\t\t<\/div>\n\t\t\t\t\t<\/div>\n\t\t<\/div>\n\t\t\t\t\t<\/div>\n\t\t<\/section>\n\t\t\t\t<section class=\"elementor-section elementor-top-section elementor-element elementor-element-24655fc1 elementor-section-content-middle elementor-section-boxed elementor-section-height-default elementor-section-height-default\" data-id=\"24655fc1\" data-element_type=\"section\">\n\t\t\t\t\t\t<div class=\"elementor-container elementor-column-gap-no\">\n\t\t\t\t\t<div class=\"elementor-column elementor-col-100 elementor-top-column elementor-element elementor-element-647f720\" data-id=\"647f720\" data-element_type=\"column\">\n\t\t\t<div class=\"elementor-widget-wrap elementor-element-populated\">\n\t\t\t\t\t\t<div class=\"elementor-element elementor-element-27fd606 elementor-widget elementor-widget-heading\" data-id=\"27fd606\" data-element_type=\"widget\" data-widget_type=\"heading.default\">\n\t\t\t\t<div class=\"elementor-widget-container\">\n\t\t\t\t\t<h4 class=\"elementor-heading-title elementor-size-default\">eXperiencias;<\/h4>\t\t\t\t<\/div>\n\t\t\t\t<\/div>\n\t\t\t\t<section class=\"elementor-section elementor-inner-section elementor-element elementor-element-000ba05 elementor-section-content-middle elementor-reverse-mobile elementor-section-boxed elementor-section-height-default elementor-section-height-default\" data-id=\"000ba05\" data-element_type=\"section\">\n\t\t\t\t\t\t<div class=\"elementor-container elementor-column-gap-no\">\n\t\t\t\t\t<div class=\"elementor-column elementor-col-50 elementor-inner-column elementor-element elementor-element-6d39170\" data-id=\"6d39170\" data-element_type=\"column\">\n\t\t\t<div class=\"elementor-widget-wrap elementor-element-populated\">\n\t\t\t\t\t\t<div class=\"elementor-element elementor-element-729df23 elementor-widget elementor-widget-heading\" data-id=\"729df23\" data-element_type=\"widget\" data-widget_type=\"heading.default\">\n\t\t\t\t<div class=\"elementor-widget-container\">\n\t\t\t\t\t<h2 class=\"elementor-heading-title elementor-size-default\">II Jornadas de Buenas Pr\u00e1cticas; CEP de Huelva-Isla Cristina;<\/h2>\t\t\t\t<\/div>\n\t\t\t\t<\/div>\n\t\t\t\t<div class=\"elementor-element elementor-element-c0858db elementor-widget elementor-widget-text-editor\" data-id=\"c0858db\" data-element_type=\"widget\" data-widget_type=\"text-editor.default\">\n\t\t\t\t<div class=\"elementor-widget-container\">\n\t\t\t\t\t\t\t\t\t<p>Experiencia ganadora la que present\u00e9 en las II Jornadas del CEP de Huelva-Isla Cristina en el a\u00f1o 2019 con \u00abGoogle Suite para Educaci\u00f3n\u00bb en el centro educativo.<\/p>\t\t\t\t\t\t\t\t<\/div>\n\t\t\t\t<\/div>\n\t\t\t\t\t<\/div>\n\t\t<\/div>\n\t\t\t\t<div class=\"elementor-column elementor-col-50 elementor-inner-column elementor-element elementor-element-c48dace\" data-id=\"c48dace\" data-element_type=\"column\">\n\t\t\t<div class=\"elementor-widget-wrap elementor-element-populated\">\n\t\t\t\t\t\t<div class=\"elementor-element elementor-element-382f627 elementor-widget elementor-widget-video\" data-id=\"382f627\" data-element_type=\"widget\" data-settings=\"{&quot;youtube_url&quot;:&quot;https:\\\/\\\/youtu.be\\\/M0Lgk9dzUqA&quot;,&quot;video_type&quot;:&quot;youtube&quot;,&quot;controls&quot;:&quot;yes&quot;}\" data-widget_type=\"video.default\">\n\t\t\t\t<div class=\"elementor-widget-container\">\n\t\t\t\t\t\t\t<div class=\"elementor-wrapper elementor-open-inline\">\n\t\t\t<div class=\"elementor-video\"><\/div>\t\t<\/div>\n\t\t\t\t\t\t<\/div>\n\t\t\t\t<\/div>\n\t\t\t\t\t<\/div>\n\t\t<\/div>\n\t\t\t\t\t<\/div>\n\t\t<\/section>\n\t\t\t\t<section class=\"elementor-section elementor-inner-section elementor-element elementor-element-63057d3 elementor-section-content-middle elementor-section-boxed elementor-section-height-default elementor-section-height-default\" data-id=\"63057d3\" data-element_type=\"section\">\n\t\t\t\t\t\t<div class=\"elementor-container elementor-column-gap-no\">\n\t\t\t\t\t<div class=\"elementor-column elementor-col-50 elementor-inner-column elementor-element elementor-element-5543532\" data-id=\"5543532\" data-element_type=\"column\">\n\t\t\t<div class=\"elementor-widget-wrap elementor-element-populated\">\n\t\t\t\t\t\t<div class=\"elementor-element elementor-element-7503ba8 elementor-widget elementor-widget-video\" data-id=\"7503ba8\" data-element_type=\"widget\" data-settings=\"{&quot;youtube_url&quot;:&quot;https:\\\/\\\/youtu.be\\\/EUBAfb00OAc&quot;,&quot;video_type&quot;:&quot;youtube&quot;,&quot;controls&quot;:&quot;yes&quot;}\" data-widget_type=\"video.default\">\n\t\t\t\t<div class=\"elementor-widget-container\">\n\t\t\t\t\t\t\t<div class=\"elementor-wrapper elementor-open-inline\">\n\t\t\t<div class=\"elementor-video\"><\/div>\t\t<\/div>\n\t\t\t\t\t\t<\/div>\n\t\t\t\t<\/div>\n\t\t\t\t\t<\/div>\n\t\t<\/div>\n\t\t\t\t<div class=\"elementor-column elementor-col-50 elementor-inner-column elementor-element elementor-element-14d5c66\" data-id=\"14d5c66\" data-element_type=\"column\">\n\t\t\t<div class=\"elementor-widget-wrap elementor-element-populated\">\n\t\t\t\t\t\t<div class=\"elementor-element elementor-element-1c5dc4f elementor-widget elementor-widget-heading\" data-id=\"1c5dc4f\" data-element_type=\"widget\" data-widget_type=\"heading.default\">\n\t\t\t\t<div class=\"elementor-widget-container\">\n\t\t\t\t\t<h2 class=\"elementor-heading-title elementor-size-default\">Congreso Nacional de Internet en el Aula;<\/h2>\t\t\t\t<\/div>\n\t\t\t\t<\/div>\n\t\t\t\t<div class=\"elementor-element elementor-element-8bd53d0 elementor-widget elementor-widget-text-editor\" data-id=\"8bd53d0\" data-element_type=\"widget\" data-widget_type=\"text-editor.default\">\n\t\t\t\t<div class=\"elementor-widget-container\">\n\t\t\t\t\t\t\t\t\t<p>En la medida de lo posible, he presentado mis experiencias y buenas pr\u00e1cticas docentes all\u00e1 donde he podido. Ejemplo de ello, el Congreso Nacional de Internet en el Aula donde particip\u00e9 con mi experiencia did\u00e1ctica: \u00abEl procesador de textos en Primaria\u00bb.<\/p>\t\t\t\t\t\t\t\t<\/div>\n\t\t\t\t<\/div>\n\t\t\t\t\t<\/div>\n\t\t<\/div>\n\t\t\t\t\t<\/div>\n\t\t<\/section>\n\t\t\t\t<section class=\"elementor-section elementor-inner-section elementor-element elementor-element-4eeadaef elementor-section-content-middle elementor-reverse-mobile elementor-section-boxed elementor-section-height-default elementor-section-height-default\" data-id=\"4eeadaef\" data-element_type=\"section\">\n\t\t\t\t\t\t<div class=\"elementor-container elementor-column-gap-no\">\n\t\t\t\t\t<div class=\"elementor-column elementor-col-50 elementor-inner-column elementor-element elementor-element-4cc14b71\" data-id=\"4cc14b71\" data-element_type=\"column\">\n\t\t\t<div class=\"elementor-widget-wrap elementor-element-populated\">\n\t\t\t\t\t\t<div class=\"elementor-element elementor-element-2f4fb06b elementor-widget elementor-widget-heading\" data-id=\"2f4fb06b\" data-element_type=\"widget\" data-widget_type=\"heading.default\">\n\t\t\t\t<div class=\"elementor-widget-container\">\n\t\t\t\t\t<h2 class=\"elementor-heading-title elementor-size-default\">El procesador de textos y la mecanograf\u00eda;<\/h2>\t\t\t\t<\/div>\n\t\t\t\t<\/div>\n\t\t\t\t<div class=\"elementor-element elementor-element-fe9fb6d elementor-widget elementor-widget-text-editor\" data-id=\"fe9fb6d\" data-element_type=\"widget\" data-widget_type=\"text-editor.default\">\n\t\t\t\t<div class=\"elementor-widget-container\">\n\t\t\t\t\t\t\t\t\t<p>All\u00e1 donde voy intento dirigir que la pr\u00e1ctica docente se centre el el conocimiento y uso de estas herramientas, tan fundamentales para el correcto manejo del ordenador personal.<\/p>\t\t\t\t\t\t\t\t<\/div>\n\t\t\t\t<\/div>\n\t\t\t\t\t<\/div>\n\t\t<\/div>\n\t\t\t\t<div class=\"elementor-column elementor-col-50 elementor-inner-column elementor-element elementor-element-e9710cb\" data-id=\"e9710cb\" data-element_type=\"column\">\n\t\t\t<div class=\"elementor-widget-wrap elementor-element-populated\">\n\t\t\t\t\t\t<div class=\"elementor-element elementor-element-d2b8d2c elementor-widget elementor-widget-video\" data-id=\"d2b8d2c\" data-element_type=\"widget\" data-settings=\"{&quot;youtube_url&quot;:&quot;https:\\\/\\\/youtu.be\\\/oyYEieQMSL8&quot;,&quot;video_type&quot;:&quot;youtube&quot;,&quot;controls&quot;:&quot;yes&quot;}\" data-widget_type=\"video.default\">\n\t\t\t\t<div class=\"elementor-widget-container\">\n\t\t\t\t\t\t\t<div class=\"elementor-wrapper elementor-open-inline\">\n\t\t\t<div class=\"elementor-video\"><\/div>\t\t<\/div>\n\t\t\t\t\t\t<\/div>\n\t\t\t\t<\/div>\n\t\t\t\t\t<\/div>\n\t\t<\/div>\n\t\t\t\t\t<\/div>\n\t\t<\/section>\n\t\t\t\t\t<\/div>\n\t\t<\/div>\n\t\t\t\t\t<\/div>\n\t\t<\/section>\n\t\t\t\t<\/div>\n\t\t","protected":false},"excerpt":{"rendered":"<p>Mi Portfolio. Haz clic en las fotograf\u00edas para ampliar el detalle; eXperiencias; II Jornadas de Buenas Pr\u00e1cticas; CEP de Huelva-Isla Cristina; Experiencia ganadora la que present\u00e9 en las II Jornadas del CEP de Huelva-Isla Cristina en el a\u00f1o 2019 con \u00abGoogle Suite para Educaci\u00f3n\u00bb en el centro educativo. https:\/\/youtu.be\/M0Lgk9dzUqAhttps:\/\/youtu.be\/EUBAfb00OAc Congreso Nacional de Internet en el &hellip; <a href=\"https:\/\/blogsaverroes.juntadeandalucia.es\/enriquehernandez\/portfolio\/\" class=\"more-link\">Continuar leyendo<span class=\"screen-reader-text\"> \u00abPortfolio\u00bb<\/span><\/a><\/p>\n","protected":false},"author":1437,"featured_media":0,"parent":0,"menu_order":0,"comment_status":"closed","ping_status":"closed","template":"elementor_header_footer","meta":{"ngg_post_thumbnail":0,"footnotes":""},"aioseo_notices":[],"_links":{"self":[{"href":"https:\/\/blogsaverroes.juntadeandalucia.es\/enriquehernandez\/wp-json\/wp\/v2\/pages\/110"}],"collection":[{"href":"https:\/\/blogsaverroes.juntadeandalucia.es\/enriquehernandez\/wp-json\/wp\/v2\/pages"}],"about":[{"href":"https:\/\/blogsaverroes.juntadeandalucia.es\/enriquehernandez\/wp-json\/wp\/v2\/types\/page"}],"author":[{"embeddable":true,"href":"https:\/\/blogsaverroes.juntadeandalucia.es\/enriquehernandez\/wp-json\/wp\/v2\/users\/1437"}],"replies":[{"embeddable":true,"href":"https:\/\/blogsaverroes.juntadeandalucia.es\/enriquehernandez\/wp-json\/wp\/v2\/comments?post=110"}],"version-history":[{"count":4,"href":"https:\/\/blogsaverroes.juntadeandalucia.es\/enriquehernandez\/wp-json\/wp\/v2\/pages\/110\/revisions"}],"predecessor-version":[{"id":117,"href":"https:\/\/blogsaverroes.juntadeandalucia.es\/enriquehernandez\/wp-json\/wp\/v2\/pages\/110\/revisions\/117"}],"wp:attachment":[{"href":"https:\/\/blogsaverroes.juntadeandalucia.es\/enriquehernandez\/wp-json\/wp\/v2\/media?parent=110"}],"curies":[{"name":"wp","href":"https:\/\/api.w.org\/{rel}","templated":true}]}}