{"id":28,"date":"2020-05-29T17:42:26","date_gmt":"2020-05-29T15:42:26","guid":{"rendered":"https:\/\/blogsaverroes.juntadeandalucia.es\/enriquehernandez\/?page_id=28"},"modified":"2020-05-30T02:23:10","modified_gmt":"2020-05-30T00:23:10","slug":"valor-anadido","status":"publish","type":"page","link":"https:\/\/blogsaverroes.juntadeandalucia.es\/enriquehernandez\/valor-anadido\/","title":{"rendered":"Valor a\u00f1adido"},"content":{"rendered":"\t\t<div data-elementor-type=\"wp-post\" data-elementor-id=\"28\" class=\"elementor elementor-28\">\n\t\t\t\t\t\t<section class=\"elementor-section elementor-top-section elementor-element elementor-element-2d2b5da elementor-section-content-middle elementor-section-boxed elementor-section-height-default elementor-section-height-default\" data-id=\"2d2b5da\" data-element_type=\"section\" data-settings=\"{&quot;background_background&quot;:&quot;classic&quot;}\">\n\t\t\t\t\t\t\t<div class=\"elementor-background-overlay\"><\/div>\n\t\t\t\t\t\t\t<div class=\"elementor-container elementor-column-gap-no\">\n\t\t\t\t\t<div class=\"elementor-column elementor-col-100 elementor-top-column elementor-element elementor-element-0533222\" data-id=\"0533222\" data-element_type=\"column\">\n\t\t\t<div class=\"elementor-widget-wrap elementor-element-populated\">\n\t\t\t\t\t\t<div class=\"elementor-element elementor-element-a984350 elementor-widget elementor-widget-heading\" data-id=\"a984350\" data-element_type=\"widget\" data-widget_type=\"heading.default\">\n\t\t\t\t<div class=\"elementor-widget-container\">\n\t\t\t\t\t<h4 class=\"elementor-heading-title elementor-size-default\">Valor a\u00f1adido;<\/h4>\t\t\t\t<\/div>\n\t\t\t\t<\/div>\n\t\t\t\t<div class=\"elementor-element elementor-element-b830ae2 elementor-widget elementor-widget-heading\" data-id=\"b830ae2\" data-element_type=\"widget\" data-widget_type=\"heading.default\">\n\t\t\t\t<div class=\"elementor-widget-container\">\n\t\t\t\t\t<h5 class=\"elementor-heading-title elementor-size-default\">aportar, generar ideas, ser creativo; ense\u00f1ar.<\/h5>\t\t\t\t<\/div>\n\t\t\t\t<\/div>\n\t\t\t\t\t<\/div>\n\t\t<\/div>\n\t\t\t\t\t<\/div>\n\t\t<\/section>\n\t\t\t\t<section class=\"elementor-section elementor-top-section elementor-element elementor-element-79e21831 elementor-section-content-middle elementor-section-boxed elementor-section-height-default elementor-section-height-default\" data-id=\"79e21831\" data-element_type=\"section\">\n\t\t\t\t\t\t<div class=\"elementor-container elementor-column-gap-no\">\n\t\t\t\t\t<div class=\"elementor-column elementor-col-100 elementor-top-column elementor-element elementor-element-2007637b\" data-id=\"2007637b\" data-element_type=\"column\">\n\t\t\t<div class=\"elementor-widget-wrap elementor-element-populated\">\n\t\t\t\t\t\t<div class=\"elementor-element elementor-element-58265da4 elementor-widget elementor-widget-heading\" data-id=\"58265da4\" data-element_type=\"widget\" data-widget_type=\"heading.default\">\n\t\t\t\t<div class=\"elementor-widget-container\">\n\t\t\t\t\t<h4 class=\"elementor-heading-title elementor-size-default\">Mi formaci\u00f3n continua, inter\u00e9s y afici\u00f3n por la inform\u00e1tica y la pasi\u00f3n por el ingl\u00e9s;<br>[AICLE, TIC y GESTI\u00d3N DE CENTROS EDUCATIVOS]<\/h4>\t\t\t\t<\/div>\n\t\t\t\t<\/div>\n\t\t\t\t<div class=\"elementor-element elementor-element-36ba190 elementor-widget elementor-widget-text-editor\" data-id=\"36ba190\" data-element_type=\"widget\" data-widget_type=\"text-editor.default\">\n\t\t\t\t<div class=\"elementor-widget-container\">\n\t\t\t\t\t\t\t\t\t<p style=\"margin: 6pt 0cm 0.0001pt;font-size: 12pt;, serif;text-align: start\"><span style=\"font-family: Garamond, serif\">Mis experiencias relacionadas con la inform\u00e1tica desde mi ni\u00f1ez me han permitido conocer diferentes entornos digitales a los que he ido adapt\u00e1ndome de forma camale\u00f3nica a medida que estos evolucionaron, tanto a nivel de software como de hardware. Esto ha hecho que conozca decenas de sistemas operativos, aplicaciones y m\u00e1quinas con diferente hardware y prestaciones.<\/span><span style=\"font-family: Garamond, serif\"><\/span><\/p>\n<p class=\"MsoNormal\" style=\"margin: 0cm 0cm 0.0001pt;font-size: 11pt;font-family: Calibri, sans-serif;text-align: start\"><span style=\"font-size: 12pt;font-family: Garamond, serif\">&nbsp;<\/span><\/p>\n<p class=\"MsoNormal\" style=\"margin: 6pt 0cm 0.0001pt;font-size: 11pt;font-family: Calibri, sans-serif;text-align: start\"><span style=\"font-size: 12pt;font-family: Garamond, serif\">La conservaci\u00f3n, cuidado y mantenimiento del material inform\u00e1tico y de los datos que ha estado siempre bajo mis manos ha sido una premisa fundamental y forma parte de mi dec\u00e1logo particular.<\/span><span style=\"font-size: 12pt;font-family: Garamond, serif\"><\/span><\/p>\n<p class=\"MsoNormal\" style=\"margin: 0cm 0cm 0.0001pt;font-size: 11pt;font-family: Calibri, sans-serif;text-align: start\"><span style=\"font-size: 12pt;font-family: Garamond, serif\">&nbsp;<\/span><\/p>\n<p class=\"MsoNormal\" style=\"margin: 6pt 0cm 0.0001pt;font-size: 11pt;font-family: Calibri, sans-serif;text-align: start\"><span style=\"font-size: 12pt;font-family: Garamond, serif\">Se han dado circunstancias de ensayo-error que me han permitido aprender de forma autodidacta, y que a\u00fan a d\u00eda de hoy d\u00eda sigo realizando en mi quehacer diario para solventar los problemas que van surgiendo y a los que hay que dar respuesta de forma inmediata.<\/span><span style=\"font-size: 12pt;font-family: Garamond, serif\"><\/span><\/p>\n<p class=\"MsoNormal\" style=\"margin: 0cm 0cm 0.0001pt;font-size: 11pt;font-family: Calibri, sans-serif;text-align: start\"><span style=\"font-size: 12pt;font-family: Garamond, serif\">&nbsp;<\/span><\/p>\n<p class=\"MsoNormal\" style=\"margin: 6pt 0cm 0.0001pt;font-size: 11pt;font-family: Calibri, sans-serif;text-align: start\"><span style=\"font-family: Garamond, serif;font-size: 12pt\">Gran parte de mi autoaprendizaje a estado basado en instalar servidores locales con instalaciones de software de gesti\u00f3n de contenidos como <\/span><i style=\"font-family: Garamond, serif;font-size: 12pt\"><u>WordPress, Drupal, Joomla o Moodle<\/u><\/i><span style=\"font-family: Garamond, serif;font-size: 12pt\">, en los que me he especializado bastante.<\/span><br><\/p>\n<p class=\"MsoNormal\" style=\"margin: 6pt 0cm 0.0001pt;font-size: 11pt;font-family: Calibri, sans-serif;text-align: start\"><span style=\"font-size: 12pt;font-family: Garamond, serif\">&nbsp;<\/span><\/p>\n<p class=\"MsoNormal\" style=\"margin: 6pt 0cm 0.0001pt;font-size: 11pt;font-family: Calibri, sans-serif;text-align: start\"><span style=\"font-size: 12pt;font-family: Garamond, serif\">El software de edici\u00f3n, en sus versiones de texto, audio, y v\u00eddeo, y la automatizaci\u00f3n de procesos, gesti\u00f3n de recursos digitales, bases de datos y actuaciones como <i><u>community manager<\/u><\/i> han sido tambi\u00e9n de mi inter\u00e9s y parte de mi aprendizaje. Inter\u00e9s y uso del <i><u>software libre<\/u><\/i> en general.<\/span><\/p>\n<p class=\"MsoNormal\" style=\"margin: 6pt 0cm 0.0001pt;font-size: 11pt;font-family: Calibri, sans-serif;text-align: start\"><span style=\"font-size: 12pt;font-family: Garamond, serif\">&nbsp;<\/span><\/p>\n<p class=\"MsoNormal\" style=\"margin: 6pt 0cm 0.0001pt;font-size: 11pt;font-family: Calibri, sans-serif;text-align: start\"><span style=\"font-size: 12pt;font-family: Garamond, serif\">Apuesto firmemente por el uso de recursos digitales para la mejora del proceso de ense\u00f1anza-aprendizaje de las personas, as\u00ed como la autoformaci\u00f3n y aprendizaje en l\u00ednea. No dejamos de aprender durante toda nuestra vida.<\/span><span style=\"font-size: 12pt;font-family: Garamond, serif\"><\/span><\/p>\n<p class=\"MsoNormal\" style=\"margin: 0cm 0cm 0.0001pt;font-size: 11pt;font-family: Calibri, sans-serif;text-align: start\"><span style=\"font-size: 12pt;font-family: Garamond, serif\">&nbsp;<\/span><\/p>\n<p class=\"MsoNormal\" style=\"margin: 6pt 0cm 0.0001pt;font-size: 11pt;font-family: Calibri, sans-serif;text-align: start\"><span style=\"font-size: 12pt;font-family: Garamond, serif\">La experiencia en el sector educativo al cabo de los a\u00f1os, tanto como docente como l\u00edder pedag\u00f3gico del centro en el que trabajo, me ha llevado a ampliar conocimientos en torno a las relaciones personales y laborales, necesidades de formaci\u00f3n tanto del profesorado como del alumnado, gesti\u00f3n de recursos, relaciones comerciales, as\u00ed como obtener una mejor y m\u00e1s amplia visi\u00f3n de los procesos educativos que hoy d\u00eda marcan nuestra sociedad, sin descuidar el detalle.<\/span><span style=\"font-size: 12pt;font-family: Garamond, serif\"><\/span><\/p>\n<p class=\"MsoNormal\" style=\"margin: 0cm 0cm 0.0001pt;font-size: 11pt;font-family: Calibri, sans-serif;text-align: start\"><span style=\"font-size: 12pt;font-family: Garamond, serif\">&nbsp;<\/span><\/p>\n<p class=\"MsoNormal\" style=\"margin: 6pt 0cm 0.0001pt;font-size: 11pt;font-family: Calibri, sans-serif;text-align: start\"><span style=\"font-size: 12pt;font-family: Garamond, serif\">Saber adaptarnos,&nbsp; ver las necesidades reales y hasta d\u00f3nde podemos llegar, as\u00ed como ver si estamos sobrevalorando o sobreestimando los recursos materiales disponibles que tenemos a nuestro alcance, sin conocer sus verdaderas prestaciones y posibilidades, y si se aprovecha todo su potencial, forma parte de mi labor.<\/span><span style=\"font-size: 12pt;font-family: Garamond, serif\"><\/span><\/p>\n<p class=\"MsoNormal\" style=\"margin: 0cm 0cm 0.0001pt;font-size: 11pt;font-family: Calibri, sans-serif;text-align: start\"><span style=\"font-size: 12pt;font-family: Garamond, serif\">&nbsp;<\/span><\/p>\n<p class=\"MsoNormal\" style=\"margin: 6pt 0cm 0.0001pt;font-size: 11pt;font-family: Calibri, sans-serif;text-align: start\"><span style=\"font-size: 12pt;font-family: Garamond, serif\">No olvidemos que en cualquier sector debemos tener siempre presente estos tres conceptos: FORMACI\u00d3N &#8211; FORMACI\u00d3N &#8211; FORMACI\u00d3N.<\/span><span style=\"font-size: 12pt;font-family: Garamond, serif\"><\/span><\/p>\t\t\t\t\t\t\t\t<\/div>\n\t\t\t\t<\/div>\n\t\t\t\t\t<\/div>\n\t\t<\/div>\n\t\t\t\t\t<\/div>\n\t\t<\/section>\n\t\t\t\t<\/div>\n\t\t","protected":false},"excerpt":{"rendered":"<p>Valor a\u00f1adido; aportar, generar ideas, ser creativo; ense\u00f1ar. Mi formaci\u00f3n continua, inter\u00e9s y afici\u00f3n por la inform\u00e1tica y la pasi\u00f3n por el ingl\u00e9s;[AICLE, TIC y GESTI\u00d3N DE CENTROS EDUCATIVOS] Mis experiencias relacionadas con la inform\u00e1tica desde mi ni\u00f1ez me han permitido conocer diferentes entornos digitales a los que he ido adapt\u00e1ndome de forma camale\u00f3nica a &hellip; <a href=\"https:\/\/blogsaverroes.juntadeandalucia.es\/enriquehernandez\/valor-anadido\/\" class=\"more-link\">Continuar leyendo<span class=\"screen-reader-text\"> \u00abValor a\u00f1adido\u00bb<\/span><\/a><\/p>\n","protected":false},"author":1437,"featured_media":0,"parent":0,"menu_order":0,"comment_status":"closed","ping_status":"closed","template":"elementor_header_footer","meta":{"ngg_post_thumbnail":0,"footnotes":""},"aioseo_notices":[],"_links":{"self":[{"href":"https:\/\/blogsaverroes.juntadeandalucia.es\/enriquehernandez\/wp-json\/wp\/v2\/pages\/28"}],"collection":[{"href":"https:\/\/blogsaverroes.juntadeandalucia.es\/enriquehernandez\/wp-json\/wp\/v2\/pages"}],"about":[{"href":"https:\/\/blogsaverroes.juntadeandalucia.es\/enriquehernandez\/wp-json\/wp\/v2\/types\/page"}],"author":[{"embeddable":true,"href":"https:\/\/blogsaverroes.juntadeandalucia.es\/enriquehernandez\/wp-json\/wp\/v2\/users\/1437"}],"replies":[{"embeddable":true,"href":"https:\/\/blogsaverroes.juntadeandalucia.es\/enriquehernandez\/wp-json\/wp\/v2\/comments?post=28"}],"version-history":[{"count":6,"href":"https:\/\/blogsaverroes.juntadeandalucia.es\/enriquehernandez\/wp-json\/wp\/v2\/pages\/28\/revisions"}],"predecessor-version":[{"id":125,"href":"https:\/\/blogsaverroes.juntadeandalucia.es\/enriquehernandez\/wp-json\/wp\/v2\/pages\/28\/revisions\/125"}],"wp:attachment":[{"href":"https:\/\/blogsaverroes.juntadeandalucia.es\/enriquehernandez\/wp-json\/wp\/v2\/media?parent=28"}],"curies":[{"name":"wp","href":"https:\/\/api.w.org\/{rel}","templated":true}]}}