{"id":1179,"date":"2015-05-27T11:18:18","date_gmt":"2015-05-27T09:18:18","guid":{"rendered":"https:\/\/iesentresierras.wordpress.com\/?page_id=1179"},"modified":"2015-05-27T11:18:18","modified_gmt":"2015-05-27T09:18:18","slug":"dpto-religion","status":"publish","type":"page","link":"https:\/\/blogsaverroes.juntadeandalucia.es\/entresierras\/dpto-religion\/","title":{"rendered":"Dpto. Religi\u00f3n"},"content":{"rendered":"<p><a href=\"https:\/\/iesentresierras.files.wordpress.com\/2015\/05\/20150526_122455.jpg\"><img loading=\"lazy\" decoding=\"async\" class=\"aligncenter wp-image-1180 size-medium\" src=\"https:\/\/iesentresierras.files.wordpress.com\/2015\/05\/20150526_122455.jpg?w=225\" alt=\"20150526_122455\" width=\"225\" height=\"300\" \/><\/a><\/p>\n<p>&nbsp;<\/p>\n<p>Los alumnos del I.E.S Entresierras de 1\u00ba y 2\u00ba de la ESO, junto a su profesora de Religi\u00f3n, M\u00aa del Rosario del Hoyo Carmona, han recibido hoy, 26 de Mayo de 2015, la visita de un representante de la editorial S.M para hacerles entrega de un diploma de participaci\u00f3n en la III Edici\u00f3n del concurso \u00bfQu\u00e9 es para ti la clase de Religi\u00f3n?, con el t\u00edtulo \u201cDi\u00e1logo, Fe-Cultura\u201d, organizado por la Editorial SM-PPC, al que se han presentado un total de 39 alumnos del I.E.S Entresierras de Purchena, distribuidos en dos grupos, que participaron en las siguientes modalidades:<\/p>\n<p>MODALIDAD ARTE:<br \/>\nGrupo \u201cBurxana\u201d, formado por 26 alumnos de 1\u00ba y 2\u00ba de la ESO, con el trabajo :\u00a0\u201cVivir entre Culturas\u201d<\/p>\n<p>MODALIDAD AUDIO:<br \/>\nGrupo \u201cCamino Verde\u201d, formado por alumnos de 2\u00ba ESO, con el trabajo audiovisual \u201cTierra Viva\u201d<\/p>\n<p>A todos ellos expresar la enhorabuena por su trabajo y les animo a participar en siguientes ediciones del concurso.<\/p>\n","protected":false},"excerpt":{"rendered":"<p>&nbsp; Los alumnos del I.E.S Entresierras de 1\u00ba y 2\u00ba de la ESO, junto a su profesora de Religi\u00f3n, M\u00aa del Rosario del Hoyo Carmona, han recibido hoy, 26 de Mayo de 2015, la&#46;&#46;&#46;<\/p>\n","protected":false},"author":14594,"featured_media":0,"parent":0,"menu_order":0,"comment_status":"open","ping_status":"open","template":"","meta":{"ngg_post_thumbnail":0,"footnotes":""},"aioseo_notices":[],"_links":{"self":[{"href":"https:\/\/blogsaverroes.juntadeandalucia.es\/entresierras\/wp-json\/wp\/v2\/pages\/1179"}],"collection":[{"href":"https:\/\/blogsaverroes.juntadeandalucia.es\/entresierras\/wp-json\/wp\/v2\/pages"}],"about":[{"href":"https:\/\/blogsaverroes.juntadeandalucia.es\/entresierras\/wp-json\/wp\/v2\/types\/page"}],"author":[{"embeddable":true,"href":"https:\/\/blogsaverroes.juntadeandalucia.es\/entresierras\/wp-json\/wp\/v2\/users\/14594"}],"replies":[{"embeddable":true,"href":"https:\/\/blogsaverroes.juntadeandalucia.es\/entresierras\/wp-json\/wp\/v2\/comments?post=1179"}],"version-history":[{"count":0,"href":"https:\/\/blogsaverroes.juntadeandalucia.es\/entresierras\/wp-json\/wp\/v2\/pages\/1179\/revisions"}],"wp:attachment":[{"href":"https:\/\/blogsaverroes.juntadeandalucia.es\/entresierras\/wp-json\/wp\/v2\/media?parent=1179"}],"curies":[{"name":"wp","href":"https:\/\/api.w.org\/{rel}","templated":true}]}}