{"id":192,"date":"2013-01-18T15:28:11","date_gmt":"2013-01-18T13:28:11","guid":{"rendered":"http:\/\/iesentresierras.wordpress.com\/?page_id=192"},"modified":"2013-01-18T15:28:11","modified_gmt":"2013-01-18T13:28:11","slug":"dpto-naturales","status":"publish","type":"page","link":"https:\/\/blogsaverroes.juntadeandalucia.es\/entresierras\/dpto-naturales\/","title":{"rendered":"Dpto. Naturales"},"content":{"rendered":"<p><a href=\"http:\/\/iesentresierras.files.wordpress.com\/2013\/01\/mineral.jpg\"><img loading=\"lazy\" decoding=\"async\" class=\"aligncenter size-thumbnail wp-image-253\" src=\"http:\/\/iesentresierras.files.wordpress.com\/2013\/01\/mineral.jpg?w=150\" alt=\"mineral\" width=\"169\" height=\"130\" \/><\/a><\/p>\n<p>&nbsp;<\/p>\n<p>&nbsp;<\/p>\n<p><strong>ESQUEMAS SOBRE EL TEMA DE MODELOS AT\u00d3MICOS<\/strong><\/p>\n<p>Pinchando en cada enlace, podr\u00e9is descargaros varios esquemas sobre modelos at\u00f3micos: <a href=\"https:\/\/iesentresierras.files.wordpress.com\/2013\/01\/modelos-atomicos.odt\">modelos at\u00f3micos<\/a>\u00a0 \u00a0 \u00a0\u00a0<a href=\"https:\/\/iesentresierras.files.wordpress.com\/2013\/01\/modelos-atomicos.ppt\">modelos at\u00f3mico<\/a>s \u00a0<a href=\"https:\/\/iesentresierras.files.wordpress.com\/2013\/01\/m-a-esquema1.docx\">M.A. esquema1<\/a>\u00a0 \u00a0\u00a0<a href=\"https:\/\/iesentresierras.files.wordpress.com\/2013\/01\/m-a-esquema2.docx\">M.A. Esquema2<\/a>\u00a0 \u00a0 <a href=\"https:\/\/iesentresierras.files.wordpress.com\/2013\/01\/m-a-esquema3.docx\">M.A. Esquema3<\/a><\/p>\n<p>&nbsp;<\/p>\n<p><strong>CURIOSIDADES NATURALES DEL VALLE DEL ALMANZORA<\/strong><\/p>\n<p>Los m\u00e1s curiosos podr\u00e9is indagar en estos enlaces sobre unas curiosidades del Valle del Almanzora&#8230;realmente sorprendentes:<\/p>\n<p>https:\/\/hacialosalvaje.wordpress.com\/?s=ATALAYA+PURCHENA<\/p>\n<p>https:\/\/hacialosalvaje.wordpress.com\/?s=BOSQUE+GEVAS<\/p>\n<p>https:\/\/hacialosalvaje.wordpress.com\/?s=GRABADOS+FILABRES<\/p>\n<p><strong>FLORA Y FAUNA DE LA SIERRA DE BAZA<\/strong><\/p>\n<p>Para todos aquellos que quer\u00e1is curiosear y ampliar conocimientos sobre las especies naturales propias de la Sierra de Baza, aqu\u00ed ten\u00e9is algunos enlaces muy interesantes:<br \/>\n<em>FLORA<\/em><\/p>\n<p><a title=\"Especies vegetales 1\" href=\"http:\/\/www.sierradebaza.org\/siebaza_flor.htm\">http:\/\/www.sierradebaza.org\/siebaza_flor.htm\u00a0\u00a0<\/a><br \/>\n<a title=\"Especies vegetales 2\" href=\"http:\/\/www.sierradebaza.org\/Lugares_de_interes\/fonfria\/fonfria.htm\">http:\/\/www.sierradebaza.org\/Lugares_de_interes\/fonfria\/fonfria.htm<\/a><\/p>\n<p><em>FAUNA<\/em><br \/>\n<a title=\"Especies animales\" href=\"http:\/\/www.sierradebaza.org\/siebaza_faun.htm\">http:\/\/www.sierradebaza.org\/siebaza_faun.htm\u00a0 <\/a><\/p>\n","protected":false},"excerpt":{"rendered":"<p>&nbsp; &nbsp; ESQUEMAS SOBRE EL TEMA DE MODELOS AT\u00d3MICOS Pinchando en cada enlace, podr\u00e9is descargaros varios esquemas sobre modelos at\u00f3micos: modelos at\u00f3micos\u00a0 \u00a0 \u00a0\u00a0modelos at\u00f3micos \u00a0M.A. esquema1\u00a0 \u00a0\u00a0M.A. Esquema2\u00a0 \u00a0 M.A. Esquema3 &nbsp; CURIOSIDADES&#46;&#46;&#46;<\/p>\n","protected":false},"author":14594,"featured_media":0,"parent":0,"menu_order":0,"comment_status":"open","ping_status":"open","template":"","meta":{"ngg_post_thumbnail":0,"footnotes":""},"aioseo_notices":[],"_links":{"self":[{"href":"https:\/\/blogsaverroes.juntadeandalucia.es\/entresierras\/wp-json\/wp\/v2\/pages\/192"}],"collection":[{"href":"https:\/\/blogsaverroes.juntadeandalucia.es\/entresierras\/wp-json\/wp\/v2\/pages"}],"about":[{"href":"https:\/\/blogsaverroes.juntadeandalucia.es\/entresierras\/wp-json\/wp\/v2\/types\/page"}],"author":[{"embeddable":true,"href":"https:\/\/blogsaverroes.juntadeandalucia.es\/entresierras\/wp-json\/wp\/v2\/users\/14594"}],"replies":[{"embeddable":true,"href":"https:\/\/blogsaverroes.juntadeandalucia.es\/entresierras\/wp-json\/wp\/v2\/comments?post=192"}],"version-history":[{"count":0,"href":"https:\/\/blogsaverroes.juntadeandalucia.es\/entresierras\/wp-json\/wp\/v2\/pages\/192\/revisions"}],"wp:attachment":[{"href":"https:\/\/blogsaverroes.juntadeandalucia.es\/entresierras\/wp-json\/wp\/v2\/media?parent=192"}],"curies":[{"name":"wp","href":"https:\/\/api.w.org\/{rel}","templated":true}]}}