{"id":208,"date":"2013-01-18T15:27:03","date_gmt":"2013-01-18T13:27:03","guid":{"rendered":"http:\/\/iesentresierras.wordpress.com\/?page_id=208"},"modified":"2013-01-18T15:27:03","modified_gmt":"2013-01-18T13:27:03","slug":"dpto-matematicas","status":"publish","type":"page","link":"https:\/\/blogsaverroes.juntadeandalucia.es\/entresierras\/dpto-matematicas\/","title":{"rendered":"Dpto. Matem\u00e1ticas"},"content":{"rendered":"<p><a href=\"http:\/\/iesentresierras.files.wordpress.com\/2013\/01\/numeros-naturales.jpg\"><img loading=\"lazy\" decoding=\"async\" class=\"aligncenter size-thumbnail wp-image-240\" src=\"http:\/\/iesentresierras.files.wordpress.com\/2013\/01\/numeros-naturales.jpg?w=150\" alt=\"numeros naturales\" width=\"150\" height=\"135\" \/><\/a><\/p>\n<p>&nbsp;<\/p>\n<p>MATEM\u00c1TICAS 2\u00ba ESO: aqu\u00ed ten\u00e9is una serie de enlaces para repasar los ex\u00e1menes:<\/p>\n<p>&#8211; TEMA 7 PROPORCIONALIDAD:<\/p>\n<p><a href=\"http:\/\/iespabloserrano.net\/matematicas\/Ficheros\/Ejercicios\/Proporcionalidad.pdf\"> Ejercicios regla de 3. <\/a><\/p>\n<p><a href=\"http:\/\/www.vitutor.com\/di\/p\/p_e.html\">\u00a0 Ejercicios y problemas resueltos<\/a><\/p>\n<p>&nbsp;<\/p>\n","protected":false},"excerpt":{"rendered":"<p>&nbsp; MATEM\u00c1TICAS 2\u00ba ESO: aqu\u00ed ten\u00e9is una serie de enlaces para repasar los ex\u00e1menes: &#8211; TEMA 7 PROPORCIONALIDAD: Ejercicios regla de 3. \u00a0 Ejercicios y problemas resueltos &nbsp;<\/p>\n","protected":false},"author":14594,"featured_media":0,"parent":0,"menu_order":0,"comment_status":"open","ping_status":"open","template":"","meta":{"ngg_post_thumbnail":0,"footnotes":""},"aioseo_notices":[],"_links":{"self":[{"href":"https:\/\/blogsaverroes.juntadeandalucia.es\/entresierras\/wp-json\/wp\/v2\/pages\/208"}],"collection":[{"href":"https:\/\/blogsaverroes.juntadeandalucia.es\/entresierras\/wp-json\/wp\/v2\/pages"}],"about":[{"href":"https:\/\/blogsaverroes.juntadeandalucia.es\/entresierras\/wp-json\/wp\/v2\/types\/page"}],"author":[{"embeddable":true,"href":"https:\/\/blogsaverroes.juntadeandalucia.es\/entresierras\/wp-json\/wp\/v2\/users\/14594"}],"replies":[{"embeddable":true,"href":"https:\/\/blogsaverroes.juntadeandalucia.es\/entresierras\/wp-json\/wp\/v2\/comments?post=208"}],"version-history":[{"count":0,"href":"https:\/\/blogsaverroes.juntadeandalucia.es\/entresierras\/wp-json\/wp\/v2\/pages\/208\/revisions"}],"wp:attachment":[{"href":"https:\/\/blogsaverroes.juntadeandalucia.es\/entresierras\/wp-json\/wp\/v2\/media?parent=208"}],"curies":[{"name":"wp","href":"https:\/\/api.w.org\/{rel}","templated":true}]}}