{"id":213,"date":"2013-01-18T15:27:27","date_gmt":"2013-01-18T13:27:27","guid":{"rendered":"http:\/\/iesentresierras.wordpress.com\/?page_id=213"},"modified":"2013-01-18T15:27:27","modified_gmt":"2013-01-18T13:27:27","slug":"dpto-musica","status":"publish","type":"page","link":"https:\/\/blogsaverroes.juntadeandalucia.es\/entresierras\/dpto-musica\/","title":{"rendered":"Dpto. M\u00fasica"},"content":{"rendered":"<p><a href=\"http:\/\/iesentresierras.files.wordpress.com\/2013\/01\/musica.jpg\"><img loading=\"lazy\" decoding=\"async\" class=\"aligncenter size-thumbnail wp-image-247\" src=\"http:\/\/iesentresierras.files.wordpress.com\/2013\/01\/musica.jpg?w=150\" alt=\"musica\" width=\"179\" height=\"142\" \/><\/a><\/p>\n<p>&nbsp;<\/p>\n<p>&nbsp;<\/p>\n<p>&nbsp;<\/p>\n<p><span style=\"text-decoration:underline\"><strong>M\u00daSICOS DE ALMER\u00cdA<\/strong><\/span><\/p>\n<p><a href=\"https:\/\/iesentresierras.files.wordpress.com\/2015\/03\/img_0933.jpg\"><img loading=\"lazy\" decoding=\"async\" class=\"aligncenter size-medium wp-image-981\" src=\"https:\/\/iesentresierras.files.wordpress.com\/2015\/03\/img_0933.jpg?w=300\" alt=\"IMG_0933\" width=\"300\" height=\"200\" \/><\/a><\/p>\n<p style=\"text-align:justify\">\u00a0\u00a0 \u00a0Con motivo del D\u00eda de Andaluc\u00eda, \u00a0los alumnos de 1\u00ba ESO han realizado carteles con algunos de los m\u00fasicos de esta tierra almeriense. Aunque no han sido muchos, \u00a0s\u00ed han mostrado una variedad interesante de distintos g\u00e9neros musicales, desde JUAN ABAD D\u00cdAZ cantaor de flamenco y seguidor de uno de los padres del flamenco almeriense, como es Rojo el Alpargatero, y el genial\u00a0 guitarrista Jos\u00e9 Fern\u00e1ndez Torres \u00abTOMATITO\u00bb, muchos a\u00f1os acompa\u00f1ante a la guitarra del inolvidable Camar\u00f3n de la Isla y actualmente con una carrera brillante como solista.<\/p>\n<p style=\"text-align:justify\">Pica aqu\u00ed para m\u00e1s informaci\u00f3n y ver im\u00e1genes de los trabajos:\u00a0<a href=\"https:\/\/iesentresierras.files.wordpress.com\/2013\/01\/mc3basicos-de-almerc3ada-artc3adculo.docx\">M\u00daSICOS DE ALMER\u00cdA. Art\u00edculo.<\/a><\/p>\n<p style=\"text-align:justify\">\n<p><strong><span style=\"text-decoration:underline\">MUJERES COMPOSITORAS ANTERIORES AL SIGLO XX<\/span><\/strong><\/p>\n<p>&nbsp;<\/p>\n<p><a href=\"https:\/\/iesentresierras.files.wordpress.com\/2013\/01\/img_1316.jpg\"><img loading=\"lazy\" decoding=\"async\" class=\"aligncenter wp-image-1177 size-medium\" src=\"https:\/\/iesentresierras.files.wordpress.com\/2013\/01\/img_1316.jpg?w=300\" alt=\"IMG_1316\" width=\"300\" height=\"200\" \/><\/a><\/p>\n<p>&nbsp;<\/p>\n<p>Pica aqu\u00ed para m\u00e1s informaci\u00f3n sobre el resultado final de los trabajos sobre las mujeres compositoras, incluidas im\u00e1genes y comentarios del departamento:\u00a0<a href=\"https:\/\/iesentresierras.files.wordpress.com\/2013\/01\/mujeres-compositoras-artc3adculo.docx\">MUJERES COMPOSITORAS . Art\u00edculo<\/a><\/p>\n<p>Para que os ayude en vuestro trabajo sobre este tema os pongo algunos enlaces\u00a0 en internet que son interesantes:<\/p>\n<p>&nbsp;<\/p>\n<p><a href=\"http:\/\/www.revistadeartes.com.ar\/xiv-mujeres-comp.html\"><strong>http:\/\/www.revistadeartes.com.ar\/xiv-mujeres-comp.html<\/strong><\/a><\/p>\n<p>Esta revista hace un recorrido\u00a0 breve sobre las compositoras m\u00e1s destacadas\u00a0 desde el \u00a0siglo XVII hasta el XIX.<\/p>\n<p><a href=\"http:\/\/musicamisteri.blogspot.com.es\/2008\/02\/mujeres-compositoras.html\"><strong>http:\/\/musicamisteri.blogspot.com.es\/2008\/02\/mujeres-compositoras.html<\/strong><\/a><\/p>\n<p>En este blog de un Instituto de Elche, nos propone un repaso de las mujeres compositoras.<\/p>\n<p><a href=\"http:\/\/viajandohaciaitaca.blogspot.com.es\/2013\/03\/compositoras-de-la-edad-media.html\"><strong>http:\/\/viajandohaciaitaca.blogspot.com.es\/2013\/03\/compositoras-de-la-edad-media.html<\/strong><\/a><\/p>\n<p>Interesante art\u00edculo sobre las mujeres compositoras en la Edad Media<\/p>\n<p><a href=\"http:\/\/www.musikawa.es\/la-mujer-en-la-musica\/\"><strong>http:\/\/www.musikawa.es\/la-mujer-en-la-musica\/<\/strong><\/a><\/p>\n<p>Nos acerca a conocer el papel de la mujer en la m\u00fasica.<\/p>\n<p><a href=\"http:\/\/www.uv.es\/~rsalvadp\/mujeres.htm\"><strong>http:\/\/www.uv.es\/~rsalvadp\/mujeres.htm<\/strong><\/a><\/p>\n<p>En esta p\u00e1gina podemos encontrar m\u00e1s informaci\u00f3n de alguna de las compositoras m\u00e1s relevantes de la historia<\/p>\n<p><a href=\"http:\/\/www.inmujer.gob.es\/areasTematicas\/educacion\/programas\/docs\/CreadMusica.pdf\"><strong>http:\/\/www.inmujer.gob.es\/areasTematicas\/educacion\/programas\/docs\/CreadMusica.pdf<\/strong><\/a><\/p>\n<p>Con motivo del d\u00eda de la mujer trabajadora, el instituto de la Mujer prepar\u00f3 este documento muy interesante, aunque un poco complejo quiz\u00e1s os pueda dar alg\u00fan detalle interesante.<\/p>\n<p>&nbsp;<\/p>\n<p>&nbsp;<\/p>\n<p><strong>PEL\u00cdCULA SOBRE MOZART (2013\/14)<\/strong><\/p>\n<p>A continuaci\u00f3n os presentamos dos documentos para trabajar los contenidos de clase: el resumen por escenas de la pel\u00edcula acerca de Mozart y las preguntas sobre la misma. Pincha sobre cada uno de ellos:<\/p>\n<p>&#8211; <a href=\"http:\/\/iesentresierras.files.wordpress.com\/2013\/01\/preguntas-pelc3adcula-amadeus.pdf\">Preguntas pel\u00edcula Amadeus<\/a><\/p>\n<p>&#8211; Material para examen Segunda Evaluaci\u00f3n:\u00a0<a href=\"http:\/\/iesentresierras.files.wordpress.com\/2013\/01\/clasicismo-musical-ampliado.pdf\">Clasicismo Musical Ampliado<\/a><\/p>\n<p>&nbsp;<\/p>\n<p><strong>MATERIAL PARA TERCER TRIMESTRE (2013\/14)<\/strong><\/p>\n<p>&#8211; Fichas para <a href=\"http:\/\/www.doslourdes.net\/colorear_los_instrumentos_musica.htm%20\">colorear instrumentos<\/a><\/p>\n<p>&#8211; M\u00fasica del Romanticismo: <a title=\"m\u00fasicos destacados y audici\u00f3n obras\" href=\"http:\/\/genesis.uag.mx\/edmedia\/material\/tmusica\/clase8.cfm.\">enlace 1<\/a>,<a title=\"Una vez dentro de esta p\u00e1gina, hay que pinchar el cuadro de la derecha sobre \u201cHistoria de la m\u00fasica de 2\u00ba Bach\u201d\u2026aparecen distintos documentos sobre la historia de la m\u00fasica desde sus inicios la Edad Media hasta el Romanticismo. S\u00edntesis de las caracter\u00edsticas de la M\u00fasica del Romanticismo.\" href=\"http:\/\/www.depmusica.wikispaces.com\/\"> enlace 2<\/a>,<a title=\"m\u00fasica romanticismo\" href=\"http:\/\/www.educa.madrid.org\/cms_tools\/files\/c23bffb5-71be-482a-b731-658dbbe93ef9\/EL%20ROMANTICISMO.pdf\"> enlace 3\u00a0<\/a><\/p>\n<p>&#8211;\u00a0<a title=\"Presentaci\u00f3n en Power Point de las caracter\u00edsticas de la m\u00fasica del Romanticismo. Compositores m\u00e1s destacados\" href=\"\/\/romanticoa.blogspot.com.es\/\">Presentaci\u00f3n<\/a> Power point sobre el Romanticismo<\/p>\n","protected":false},"excerpt":{"rendered":"<p>&nbsp; &nbsp; &nbsp; M\u00daSICOS DE ALMER\u00cdA \u00a0\u00a0 \u00a0Con motivo del D\u00eda de Andaluc\u00eda, \u00a0los alumnos de 1\u00ba ESO han realizado carteles con algunos de los m\u00fasicos de esta tierra almeriense. Aunque no han sido&#46;&#46;&#46;<\/p>\n","protected":false},"author":14594,"featured_media":0,"parent":0,"menu_order":0,"comment_status":"open","ping_status":"open","template":"","meta":{"ngg_post_thumbnail":0,"footnotes":""},"aioseo_notices":[],"_links":{"self":[{"href":"https:\/\/blogsaverroes.juntadeandalucia.es\/entresierras\/wp-json\/wp\/v2\/pages\/213"}],"collection":[{"href":"https:\/\/blogsaverroes.juntadeandalucia.es\/entresierras\/wp-json\/wp\/v2\/pages"}],"about":[{"href":"https:\/\/blogsaverroes.juntadeandalucia.es\/entresierras\/wp-json\/wp\/v2\/types\/page"}],"author":[{"embeddable":true,"href":"https:\/\/blogsaverroes.juntadeandalucia.es\/entresierras\/wp-json\/wp\/v2\/users\/14594"}],"replies":[{"embeddable":true,"href":"https:\/\/blogsaverroes.juntadeandalucia.es\/entresierras\/wp-json\/wp\/v2\/comments?post=213"}],"version-history":[{"count":0,"href":"https:\/\/blogsaverroes.juntadeandalucia.es\/entresierras\/wp-json\/wp\/v2\/pages\/213\/revisions"}],"wp:attachment":[{"href":"https:\/\/blogsaverroes.juntadeandalucia.es\/entresierras\/wp-json\/wp\/v2\/media?parent=213"}],"curies":[{"name":"wp","href":"https:\/\/api.w.org\/{rel}","templated":true}]}}