{"id":2212,"date":"2017-03-09T15:08:59","date_gmt":"2017-03-09T13:08:59","guid":{"rendered":"https:\/\/iesentresierras.wordpress.com\/?page_id=2199"},"modified":"2017-03-09T15:08:59","modified_gmt":"2017-03-09T13:08:59","slug":"orienta-2","status":"publish","type":"page","link":"https:\/\/blogsaverroes.juntadeandalucia.es\/entresierras\/orienta-2\/","title":{"rendered":"\u00abORIENTA\u00bb"},"content":{"rendered":"<p class=\"western\" lang=\"zxx\" align=\"justify\">El Departamento de Orientaci\u00f3n ha comprado un curso m\u00e1s el programa \u00abORIENTA\u00bb.<\/p>\n<p class=\"western\" lang=\"zxx\" align=\"justify\">Se trata de un programa interactivo con amplia informaci\u00f3n sobre la oferta formativa del Sistema Educativo Espa\u00f1ol. Contiene tambi\u00e9n cuestionarios que te ayudar\u00e1n a tomar una decisi\u00f3n al finalizar la E.S.O., en el caso de que a\u00fan no sepas qu\u00e9 hacer.<\/p>\n<p class=\"western\" lang=\"zxx\" align=\"justify\">Pinchando en el siguiente enlace puedes acceder a \u00e9l, y descubrir las m\u00faltiples opciones que te ofrece: <span style=\"color:#000080\"><span lang=\"zxx\"><u><a href=\"http:\/\/www.elorienta.com\/entresierras\">www.elorienta.com\/entresierras<\/a><\/u><\/span><\/span><\/p>\n","protected":false},"excerpt":{"rendered":"<p>El Departamento de Orientaci\u00f3n ha comprado un curso m\u00e1s el programa \u00abORIENTA\u00bb. Se trata de un programa interactivo con amplia informaci\u00f3n sobre la oferta formativa del Sistema Educativo Espa\u00f1ol. Contiene tambi\u00e9n cuestionarios que te&#46;&#46;&#46;<\/p>\n","protected":false},"author":14594,"featured_media":0,"parent":0,"menu_order":0,"comment_status":"closed","ping_status":"closed","template":"","meta":{"ngg_post_thumbnail":0,"footnotes":""},"aioseo_notices":[],"_links":{"self":[{"href":"https:\/\/blogsaverroes.juntadeandalucia.es\/entresierras\/wp-json\/wp\/v2\/pages\/2212"}],"collection":[{"href":"https:\/\/blogsaverroes.juntadeandalucia.es\/entresierras\/wp-json\/wp\/v2\/pages"}],"about":[{"href":"https:\/\/blogsaverroes.juntadeandalucia.es\/entresierras\/wp-json\/wp\/v2\/types\/page"}],"author":[{"embeddable":true,"href":"https:\/\/blogsaverroes.juntadeandalucia.es\/entresierras\/wp-json\/wp\/v2\/users\/14594"}],"replies":[{"embeddable":true,"href":"https:\/\/blogsaverroes.juntadeandalucia.es\/entresierras\/wp-json\/wp\/v2\/comments?post=2212"}],"version-history":[{"count":0,"href":"https:\/\/blogsaverroes.juntadeandalucia.es\/entresierras\/wp-json\/wp\/v2\/pages\/2212\/revisions"}],"wp:attachment":[{"href":"https:\/\/blogsaverroes.juntadeandalucia.es\/entresierras\/wp-json\/wp\/v2\/media?parent=2212"}],"curies":[{"name":"wp","href":"https:\/\/api.w.org\/{rel}","templated":true}]}}