{"id":6302,"date":"2021-06-09T23:46:04","date_gmt":"2021-06-09T21:46:04","guid":{"rendered":"https:\/\/iesentresierras.wordpress.com\/?page_id=6302"},"modified":"2021-06-09T23:46:04","modified_gmt":"2021-06-09T21:46:04","slug":"andalucia-profundiza","status":"publish","type":"page","link":"https:\/\/blogsaverroes.juntadeandalucia.es\/entresierras\/andalucia-profundiza\/","title":{"rendered":"ANDALUC\u00cdA PROFUNDIZA"},"content":{"rendered":"\n<figure class=\"wp-block-embed is-type-wp-embed is-provider-incrustado wp-block-embed-incrustado\"><div class=\"wp-block-embed__wrapper\">\n<blockquote class=\"wp-embedded-content\" data-secret=\"PXMF5VyoC8\"><a href=\"https:\/\/iesentresierras.wordpress.com\/2021\/06\/09\/video-andalucia-profundiza-reto-de-burxana\/\">V\u00cdDEO ANDALUC\u00cdA PROFUNDIZA &#8220;RETO DE&nbsp;BURXANA&#8221;<\/a><\/blockquote><iframe class=\"wp-embedded-content\" sandbox=\"allow-scripts\" security=\"restricted\" style=\"position: absolute; clip: rect(1px, 1px, 1px, 1px);\" title=\"&#8220;V\u00cdDEO ANDALUC\u00cdA PROFUNDIZA &#8220;RETO DE&nbsp;BURXANA&#8221;&#8221; &#8212; Blog del IES Entresierras Purchena ( ALMER\u00cdA )\" src=\"https:\/\/iesentresierras.wordpress.com\/2021\/06\/09\/video-andalucia-profundiza-reto-de-burxana\/embed\/#?secret=PXMF5VyoC8\" data-secret=\"PXMF5VyoC8\" width=\"500\" height=\"282\" frameborder=\"0\" marginwidth=\"0\" marginheight=\"0\" scrolling=\"no\"><\/iframe>\n<\/div><\/figure>\n\n\n\n<p>PRESENTACI\u00d3N DEL RETO DE BURXANA<\/p>\n\n\n\n<p>En este v\u00eddeo los alumnos muestran el trabajo final de su proyecto<\/p>\n\n\n\n<p><\/p>\n\n\n\n<figure class=\"wp-block-embed is-type-wp-embed is-provider-incrustado wp-block-embed-incrustado\"><div class=\"wp-block-embed__wrapper\">\n<blockquote class=\"wp-embedded-content\" data-secret=\"712iH18xww\"><a href=\"https:\/\/iesentresierras.wordpress.com\/2021\/06\/09\/6289\/\">V\u00cdDEO  ANDALUC\u00cdA PROFUNDIZA<\/a><\/blockquote><iframe class=\"wp-embedded-content\" sandbox=\"allow-scripts\" security=\"restricted\" style=\"position: absolute; clip: rect(1px, 1px, 1px, 1px);\" title=\"&#8220;V\u00cdDEO  ANDALUC\u00cdA PROFUNDIZA&#8221; &#8212; Blog del IES Entresierras Purchena ( ALMER\u00cdA )\" src=\"https:\/\/iesentresierras.wordpress.com\/2021\/06\/09\/6289\/embed\/#?secret=712iH18xww\" data-secret=\"712iH18xww\" width=\"500\" height=\"282\" frameborder=\"0\" marginwidth=\"0\" marginheight=\"0\" scrolling=\"no\"><\/iframe>\n<\/div><\/figure>\n\n\n\n<figure class=\"wp-block-embed is-type-wp-embed is-provider-incrustado wp-block-embed-incrustado\"><div class=\"wp-block-embed__wrapper\">\n<blockquote class=\"wp-embedded-content\" data-secret=\"8RyGM90wPK\"><a href=\"https:\/\/iesentresierras.wordpress.com\/2021\/05\/18\/6235\/\">EL RETO DE&nbsp;BURXANA<\/a><\/blockquote><iframe class=\"wp-embedded-content\" sandbox=\"allow-scripts\" security=\"restricted\" style=\"position: absolute; clip: rect(1px, 1px, 1px, 1px);\" title=\"&#8220;EL RETO DE&nbsp;BURXANA&#8221; &#8212; Blog del IES Entresierras Purchena ( ALMER\u00cdA )\" src=\"https:\/\/iesentresierras.wordpress.com\/2021\/05\/18\/6235\/embed\/#?secret=8RyGM90wPK\" data-secret=\"8RyGM90wPK\" width=\"500\" height=\"282\" frameborder=\"0\" marginwidth=\"0\" marginheight=\"0\" scrolling=\"no\"><\/iframe>\n<\/div><\/figure>\n\n\n\n<figure class=\"wp-block-embed is-type-wp-embed is-provider-incrustado wp-block-embed-incrustado\"><div class=\"wp-block-embed__wrapper\">\n<blockquote class=\"wp-embedded-content\" data-secret=\"pQubk2jKp7\"><a href=\"https:\/\/iesentresierras.wordpress.com\/2021\/04\/30\/proyecto-de-robotica-del-ies-entresierras-para-retotech\/\">PROYECTO DE ROB\u00d3TICA DEL IES ENTRESIERRAS PARA RETOTECH &#8220;JUEGOS MORISCOS AB\u00c9N&nbsp;HUMEYA&#8221;<\/a><\/blockquote><iframe class=\"wp-embedded-content\" sandbox=\"allow-scripts\" security=\"restricted\" style=\"position: absolute; clip: rect(1px, 1px, 1px, 1px);\" title=\"&#8220;PROYECTO DE ROB\u00d3TICA DEL IES ENTRESIERRAS PARA RETOTECH &#8220;JUEGOS MORISCOS AB\u00c9N&nbsp;HUMEYA&#8221;&#8221; &#8212; Blog del IES Entresierras Purchena ( ALMER\u00cdA )\" src=\"https:\/\/iesentresierras.wordpress.com\/2021\/04\/30\/proyecto-de-robotica-del-ies-entresierras-para-retotech\/embed\/#?secret=pQubk2jKp7\" data-secret=\"pQubk2jKp7\" width=\"500\" height=\"282\" frameborder=\"0\" marginwidth=\"0\" marginheight=\"0\" scrolling=\"no\"><\/iframe>\n<\/div><\/figure>\n\n\n\n<figure class=\"wp-block-embed is-type-wp-embed is-provider-incrustado wp-block-embed-incrustado\"><div class=\"wp-block-embed__wrapper\">\n<blockquote class=\"wp-embedded-content\" data-secret=\"i7tWV34onb\"><a href=\"https:\/\/iesentresierras.wordpress.com\/2021\/03\/15\/andalucia-profundiza-en-el-i-e-s-entresierras-2\/\">ANDALUC\u00cdA PROFUNDIZA EN EL I.E.S.&nbsp;ENTRESIERRAS<\/a><\/blockquote><iframe class=\"wp-embedded-content\" sandbox=\"allow-scripts\" security=\"restricted\" style=\"position: absolute; clip: rect(1px, 1px, 1px, 1px);\" title=\"&#8220;ANDALUC\u00cdA PROFUNDIZA EN EL I.E.S.&nbsp;ENTRESIERRAS&#8221; &#8212; Blog del IES Entresierras Purchena ( ALMER\u00cdA )\" src=\"https:\/\/iesentresierras.wordpress.com\/2021\/03\/15\/andalucia-profundiza-en-el-i-e-s-entresierras-2\/embed\/#?secret=i7tWV34onb\" data-secret=\"i7tWV34onb\" width=\"500\" height=\"282\" frameborder=\"0\" marginwidth=\"0\" marginheight=\"0\" scrolling=\"no\"><\/iframe>\n<\/div><\/figure>\n","protected":false},"excerpt":{"rendered":"<p>PRESENTACI\u00d3N DEL RETO DE BURXANA En este v\u00eddeo los alumnos muestran el trabajo final de su proyecto<\/p>\n","protected":false},"author":14594,"featured_media":0,"parent":0,"menu_order":0,"comment_status":"closed","ping_status":"closed","template":"","meta":{"ngg_post_thumbnail":0,"footnotes":""},"aioseo_notices":[],"_links":{"self":[{"href":"https:\/\/blogsaverroes.juntadeandalucia.es\/entresierras\/wp-json\/wp\/v2\/pages\/6302"}],"collection":[{"href":"https:\/\/blogsaverroes.juntadeandalucia.es\/entresierras\/wp-json\/wp\/v2\/pages"}],"about":[{"href":"https:\/\/blogsaverroes.juntadeandalucia.es\/entresierras\/wp-json\/wp\/v2\/types\/page"}],"author":[{"embeddable":true,"href":"https:\/\/blogsaverroes.juntadeandalucia.es\/entresierras\/wp-json\/wp\/v2\/users\/14594"}],"replies":[{"embeddable":true,"href":"https:\/\/blogsaverroes.juntadeandalucia.es\/entresierras\/wp-json\/wp\/v2\/comments?post=6302"}],"version-history":[{"count":0,"href":"https:\/\/blogsaverroes.juntadeandalucia.es\/entresierras\/wp-json\/wp\/v2\/pages\/6302\/revisions"}],"wp:attachment":[{"href":"https:\/\/blogsaverroes.juntadeandalucia.es\/entresierras\/wp-json\/wp\/v2\/media?parent=6302"}],"curies":[{"name":"wp","href":"https:\/\/api.w.org\/{rel}","templated":true}]}}