{"id":720,"date":"2014-05-23T11:36:07","date_gmt":"2014-05-23T09:36:07","guid":{"rendered":"http:\/\/iesentresierras.wordpress.com\/?page_id=720"},"modified":"2014-05-23T11:36:07","modified_gmt":"2014-05-23T09:36:07","slug":"aula-apoyo","status":"publish","type":"page","link":"https:\/\/blogsaverroes.juntadeandalucia.es\/entresierras\/aula-apoyo\/","title":{"rendered":"Aula Apoyo"},"content":{"rendered":"<p><a href=\"http:\/\/iesentresierras.files.wordpress.com\/2014\/05\/afecto-educacic3b3n.jpg\"><img loading=\"lazy\" decoding=\"async\" class=\"aligncenter  wp-image-754\" src=\"http:\/\/iesentresierras.files.wordpress.com\/2014\/05\/afecto-educacic3b3n.jpg?w=150\" alt=\"afecto educaci\u00f3n\" width=\"186\" height=\"118\" \/><\/a><\/p>\n<p style=\"text-align:justify\">En el Aula de Apoyo a la Integraci\u00f3n se trabaja para que aquellos alumnos con Necesidades Educativas Espec\u00edficas consigan un desarrollo de sus competencias b\u00e1sicas y sean capaces de lograr objetivos educativos de manera equilibrada. Asimismo, se desarrolla una labor de inmersi\u00f3n ling\u00fc\u00edstica para alumnos extranjeros.<\/p>\n<p style=\"text-align:justify\">\n<p style=\"text-align:justify\"><strong>ENLACES PARA RECURSOS DE TODAS LAS MATERIAS:<\/strong><\/p>\n<p style=\"text-align:justify\">&#8211;<a title=\"RECURSOS GENERALES\" href=\"http:\/\/miscosasdemaestra.blogspot.com.es\/\">\u00a0http:\/\/miscosasdemaestra.blogspot.com.es\/<\/a><\/p>\n<p style=\"text-align:justify\">\n<p style=\"text-align:justify\"><strong>ENLACES PARA ADAPTACIONES DE CIENCIAS SOCIALES:<\/strong><\/p>\n<p style=\"text-align:justify\">&#8211;\u00a0<a title=\"CIENCIAS SOCIALES 1\u00ba ESO\" href=\"http:\/\/juanpedrosociales.blogspot.com.es\/2011\/11\/adaptaciones-curriculares-1-eso-ccss.html\">http:\/\/juanpedrosociales.blogspot.com.es\/2011\/11\/adaptaciones-curriculares-1-eso-ccss.html<\/a><\/p>\n","protected":false},"excerpt":{"rendered":"<p>En el Aula de Apoyo a la Integraci\u00f3n se trabaja para que aquellos alumnos con Necesidades Educativas Espec\u00edficas consigan un desarrollo de sus competencias b\u00e1sicas y sean capaces de lograr objetivos educativos de manera&#46;&#46;&#46;<\/p>\n","protected":false},"author":14594,"featured_media":0,"parent":0,"menu_order":0,"comment_status":"open","ping_status":"open","template":"","meta":{"ngg_post_thumbnail":0,"footnotes":""},"aioseo_notices":[],"_links":{"self":[{"href":"https:\/\/blogsaverroes.juntadeandalucia.es\/entresierras\/wp-json\/wp\/v2\/pages\/720"}],"collection":[{"href":"https:\/\/blogsaverroes.juntadeandalucia.es\/entresierras\/wp-json\/wp\/v2\/pages"}],"about":[{"href":"https:\/\/blogsaverroes.juntadeandalucia.es\/entresierras\/wp-json\/wp\/v2\/types\/page"}],"author":[{"embeddable":true,"href":"https:\/\/blogsaverroes.juntadeandalucia.es\/entresierras\/wp-json\/wp\/v2\/users\/14594"}],"replies":[{"embeddable":true,"href":"https:\/\/blogsaverroes.juntadeandalucia.es\/entresierras\/wp-json\/wp\/v2\/comments?post=720"}],"version-history":[{"count":0,"href":"https:\/\/blogsaverroes.juntadeandalucia.es\/entresierras\/wp-json\/wp\/v2\/pages\/720\/revisions"}],"wp:attachment":[{"href":"https:\/\/blogsaverroes.juntadeandalucia.es\/entresierras\/wp-json\/wp\/v2\/media?parent=720"}],"curies":[{"name":"wp","href":"https:\/\/api.w.org\/{rel}","templated":true}]}}