{"id":9031,"date":"2023-11-14T20:50:30","date_gmt":"2023-11-14T18:50:30","guid":{"rendered":"https:\/\/blogsaverroes.juntadeandalucia.es\/entresierras\/?page_id=9031"},"modified":"2025-10-09T14:23:44","modified_gmt":"2025-10-09T12:23:44","slug":"9031-2","status":"publish","type":"page","link":"https:\/\/blogsaverroes.juntadeandalucia.es\/entresierras\/9031-2\/","title":{"rendered":"PLAN DE LECTURA DEL IES ENTRESIERRAS"},"content":{"rendered":"<p><img loading=\"lazy\" decoding=\"async\" class=\" wp-image-8979 aligncenter\" src=\"https:\/\/blogsaverroes.juntadeandalucia.es\/entresierras\/files\/2023\/11\/PLAN-LECTURA.jpg\" alt=\"\" width=\"230\" height=\"246\"><\/p>\n<p>Siguiendo las instrucciones de la Viceconsejer\u00eda de Desarrollo Educativo y Formaci\u00f3n Profesional, sobre el tratamiento de la lectura para el despliegue de la competencia en comunicaci\u00f3n ling\u00fc\u00edstica en Educaci\u00f3n Primaria y Secundaria,&nbsp; y con el objetivo de desarrollar las competencias, habilidades y estrategias que permitan al alumnado convertirse en lectores capaces de comprender, interpretar y manejar textos en formatos y soportes diversos y optimizar el desarrollo de las pr\u00e1cticas letradas y potenciar la mejora de la competencia lectora, el Equipo T\u00e9cnico de Coordinaci\u00f3n Pedag\u00f3gica del IES Entresierras ha elaborado el siguiente plan de lectura:<\/p>\n<p><a href=\"https:\/\/blogsaverroes.juntadeandalucia.es\/entresierras\/files\/2025\/10\/Plan-Lector.-IES-Entresierras-25.26.pdf\">Plan Lector. IES Entresierras 25.26<\/a><\/p>\n","protected":false},"excerpt":{"rendered":"<p>Siguiendo las instrucciones de la Viceconsejer\u00eda de Desarrollo Educativo y Formaci\u00f3n Profesional, sobre el tratamiento de la lectura para el despliegue de la competencia en comunicaci\u00f3n ling\u00fc\u00edstica en Educaci\u00f3n Primaria y Secundaria,&nbsp; y con&#46;&#46;&#46;<\/p>\n","protected":false},"author":7709,"featured_media":0,"parent":0,"menu_order":0,"comment_status":"closed","ping_status":"closed","template":"","meta":{"ngg_post_thumbnail":0,"footnotes":""},"aioseo_notices":[],"_links":{"self":[{"href":"https:\/\/blogsaverroes.juntadeandalucia.es\/entresierras\/wp-json\/wp\/v2\/pages\/9031"}],"collection":[{"href":"https:\/\/blogsaverroes.juntadeandalucia.es\/entresierras\/wp-json\/wp\/v2\/pages"}],"about":[{"href":"https:\/\/blogsaverroes.juntadeandalucia.es\/entresierras\/wp-json\/wp\/v2\/types\/page"}],"author":[{"embeddable":true,"href":"https:\/\/blogsaverroes.juntadeandalucia.es\/entresierras\/wp-json\/wp\/v2\/users\/7709"}],"replies":[{"embeddable":true,"href":"https:\/\/blogsaverroes.juntadeandalucia.es\/entresierras\/wp-json\/wp\/v2\/comments?post=9031"}],"version-history":[{"count":5,"href":"https:\/\/blogsaverroes.juntadeandalucia.es\/entresierras\/wp-json\/wp\/v2\/pages\/9031\/revisions"}],"predecessor-version":[{"id":10411,"href":"https:\/\/blogsaverroes.juntadeandalucia.es\/entresierras\/wp-json\/wp\/v2\/pages\/9031\/revisions\/10411"}],"wp:attachment":[{"href":"https:\/\/blogsaverroes.juntadeandalucia.es\/entresierras\/wp-json\/wp\/v2\/media?parent=9031"}],"curies":[{"name":"wp","href":"https:\/\/api.w.org\/{rel}","templated":true}]}}