{"id":2299,"date":"2015-12-30T17:09:22","date_gmt":"2015-12-30T17:09:22","guid":{"rendered":"http:\/\/blogsaverroes.juntadeandalucia.es\/eoedelucena\/?page_id=2299"},"modified":"2016-01-24T20:26:16","modified_gmt":"2016-01-24T20:26:16","slug":"accion-tutorial","status":"publish","type":"page","link":"https:\/\/blogsaverroes.juntadeandalucia.es\/eoedelucena\/accion-tutorial\/","title":{"rendered":"Apoyo a la Acci\u00f3n Tutorial y Asesoramiento a la convivencia"},"content":{"rendered":"<p>El desarrollo de la acci\u00f3n tutorial en los centros docentes contempla: prestar asesoramiento especializado a los equipos educativos, favorecer los procesos de madurez personal, vocacional y profesional del alumnado, realizar el apoyo y seguimiento del proceso educativo, asesorando t\u00e9cnica y psicopedag\u00f3gicamente al profesorado y a las familias.<\/p>\n<p><strong>Competencias gen\u00e9ricas:<\/strong><br \/>\n1. Potenciar procesos educativos que faciliten la adquisici\u00f3n de las competencias propias de las respectivas ense\u00f1anzas, atendiendo al nivel y formaci\u00f3n previa de los estudiantes as\u00ed como la orientaci\u00f3n de los mismos, tanto individualmente como en colaboraci\u00f3n con otros docentes y profesionales del centro.<br \/>\n2. Conocer los procesos de interacci\u00f3n y comunicaci\u00f3n en el aula, dominar destrezas y habilidades sociales necesarias para fomentar el aprendizaje y la convivencia en el aula, y abordar problemas de disciplina y resoluci\u00f3n de conflictos.<br \/>\n3. Dise\u00f1ar y realizar actividades formales y no formales que contribuyan a hacer del centro un lugar de participaci\u00f3n y cultura en el entorno donde est\u00e9 ubicado; desarrollar las funciones de tutor\u00eda y de orientaci\u00f3n de los estudiantes de manera colaborativa y coordinada.<br \/>\n4. Informar y asesorar a las familias acerca del proceso de ense\u00f1anza y aprendizaje y sobre la orientaci\u00f3n personal, acad\u00e9mica y profesional de sus hijos.<br \/>\n5. Adquirir estrategias para estimular el esfuerzo del estudiante y promover su capacidad para aprender por s\u00ed mismo y cooperativamente, y desarrollar habilidades de pensamiento y decisi\u00f3n que faciliten la autonom\u00eda, la confianza e iniciativa personales<\/p>\n<p><strong>Competencias espec\u00edficas:<\/strong><br \/>\n1. Conocer y aplicar recursos y estrategias de informaci\u00f3n, tutor\u00eda y orientaci\u00f3n acad\u00e9mica y profesional en el dise\u00f1o y desarrollo del Plan de acci\u00f3n Tutorial.<br \/>\n2. Participar en la definici\u00f3n del proyecto educativo y en las actividades generales del centro atendiendo a criterios de mejora de la calidad, atenci\u00f3n a la diversidad, prevenci\u00f3n de problemas de aprendizaje y convivencia.<br \/>\n3. Adquirir habilidades sociales en la relaci\u00f3n y orientaci\u00f3n familiar.<br \/>\n4. Analizar cr\u00edticamente el desempe\u00f1o de la docencia, de las buenas pr\u00e1cticas y de la orientaci\u00f3n utilizando indicadores de calidad.<br \/>\n5. Dominar las destrezas y habilidades sociales necesarias para fomentar un clima que facilite el aprendizaje y la convivencia.<br \/>\n6. Conocer los procesos y recursos para la prevenci\u00f3n de problemas de aprendizaje y convivencia, los procesos de evaluaci\u00f3n y de orientaci\u00f3n acad\u00e9mica y profesional.<br \/>\n7. Ejercitarse en el asesoramiento a otros profesionales de la educaci\u00f3n, a los estudiantes y a las familias.<br \/>\n8. Asumir una actitud colaborativa en el desarrollo de las funciones de apoyo al profesorado en el \u00e1mbito de la acci\u00f3n tutorial.<br \/>\n9. Conocer los principios y procedimientos para el desarrollo de las funciones de los orientadores en relaci\u00f3n con el apoyo a la acci\u00f3n tutorial en un centro escolar<\/p>\n<p>&nbsp;<\/p>\n<p><strong>MATERIALES Y RECURSOS<\/strong><\/p>\n<p><span lang=\"EN-GB\"><img loading=\"lazy\" decoding=\"async\" class=\" alignleft\" src=\"http:\/\/2.bp.blogspot.com\/-5Imv2zeOap4\/UJvD3NQ88AI\/AAAAAAAAAlg\/L-FTbyiShZs\/s200\/tutoria-en-primaria.jpg\" alt=\"\" width=\"150\" height=\"200\" border=\"0\" \/>Proyecto tutorial dirigido a los profesores de primaria cuyo objetivo es integrar la tutor\u00eda en la pr\u00e1ctica formativa. El<a href=\"http:\/\/www.carm.es\/web\/integra.servlets.BlobNoContenido?IDCONTENIDO=13&amp;TABLA=PUBLICACIONES_TEXTO&amp;IDTIPO=246&amp;RASTRO=c943$m4331,4330&amp;CAMPOCLAVE=IDTEXTO&amp;VALORCLAVE=97&amp;CAMPOIMAGEN=TEXTO&amp;ARCHIVO=Texto+Completo+1+La+acci%F3n+tutorial+en+primaria.pdf\" target=\"_blank\"> <strong>libro<\/strong><\/a> consta de dos partes, la primera, en la que se aborda la acci\u00f3n tutorial como \u00e1mbito de la orientaci\u00f3n educativa presente en los proyectos de centro y propone y ejemplifica un Plan de Acci\u00f3n Tutorial y la segunda, compuesta \u00edntegramente por actividades tutoriales en los diferentes \u00e1mbitos de trabajo en los centros de primaria.<\/span><\/p>\n<p>&nbsp;<\/p>\n<div style=\"text-align: justify\"><img loading=\"lazy\" decoding=\"async\" class=\" alignleft\" src=\"http:\/\/2.bp.blogspot.com\/--ktHF8eEZjQ\/TrM0qSwTgDI\/AAAAAAAAADg\/v__O6wHX7X8\/s400\/botica.jpg\" alt=\"\" width=\"400\" height=\"85\" border=\"0\" \/>Si quer\u00e9is trabajar con vuestros alumnos la <strong>madurez emocial<\/strong>, pod\u00e9is consultar\u00a0el material que el orientador, Fernando Navarro, ha presentado en su blog.<\/div>\n<div style=\"text-align: justify\">A trav\u00e9s de <a href=\"http:\/\/orientafer.blogspot.com\/2011\/09\/126-dinamicas-de-educacion-emocional.html\" target=\"_blank\">126 din\u00e1micas<\/a> se tratan aspectos tan necesarios para la formaci\u00f3n personal como el autoconocimiento, la empat\u00eda, la comunicaci\u00f3n asertiva, la mutua confianza, la autoestima, las habilidades sociales, la\u00a0cooperaci\u00f3n son s\u00f3lo algunos de los\u00a0aspectos tratados\u00a0por la Educaci\u00f3n Emocional como gran paraguas conceptual\u00a0y que est\u00e1n reflejados en estas din\u00e1micas que nos presenta.<\/div>\n<div style=\"text-align: justify\"><\/div>\n<div style=\"text-align: justify\"><\/div>\n<div style=\"text-align: justify\"><\/div>\n<div style=\"text-align: justify\"><strong>T\u00c9CNICAS DE TRABAJO INTELECTUAL<\/strong><\/div>\n<div style=\"text-align: justify\"><\/div>\n<div style=\"text-align: justify\"><a href=\"http:\/\/recursos.educarex.es\/pdf\/exito_escolar\/ense_estu_te_tra_in.pdf\" target=\"_blank\"><strong>Ense\u00f1ando a estudiar a mis alumnos<\/strong><\/a>: Se trata de un gui\u00f3n detallado de ayuda a cualquier maestro para crear y potenciar t\u00e9cnicas de trabajo intelectual en su alumnado de tercer ciclo de Educaci\u00f3n Primaria.<\/div>\n<div style=\"text-align: justify\"><\/div>\n<div style=\"text-align: justify\"><a href=\"http:\/\/ntic.educacion.es\/w3\/\/eos\/MaterialesEducativos\/mem2006\/aprender_estudiar\/index.html\" target=\"_blank\" rel=\"nofollow\"><strong>Aprender a estudiar.<\/strong><\/a> P\u00e1gina web de Ra\u00fal Mart\u00ednez. 2\u00ba premio materiales curriculares 2006.Gu\u00eda para familias\u00a0que quieren\u00a0mejorar el rendimiento en los estudios de los hijos. Esta <a href=\"http:\/\/www.euroresidentes.com\/colegio\/tecnicas_de_estudio\/tecnicas_de_estudio_index.htm\" target=\"_blank\"><strong>gu\u00eda<\/strong><\/a> tambi\u00e9n resulta \u00fatil al profesorado.<\/div>\n","protected":false},"excerpt":{"rendered":"<p>El desarrollo de la acci\u00f3n tutorial en los centros docentes contempla: prestar asesoramiento especializado a los equipos educativos, favorecer los procesos de madurez personal, vocacional y profesional del alumnado, realizar el apoyo y seguimiento&#46;&#46;&#46;<\/p>\n","protected":false},"author":2507,"featured_media":2333,"parent":0,"menu_order":0,"comment_status":"open","ping_status":"open","template":"","meta":{"ngg_post_thumbnail":0,"footnotes":"","_mc_calendar":[]},"aioseo_notices":[],"_links":{"self":[{"href":"https:\/\/blogsaverroes.juntadeandalucia.es\/eoedelucena\/wp-json\/wp\/v2\/pages\/2299"}],"collection":[{"href":"https:\/\/blogsaverroes.juntadeandalucia.es\/eoedelucena\/wp-json\/wp\/v2\/pages"}],"about":[{"href":"https:\/\/blogsaverroes.juntadeandalucia.es\/eoedelucena\/wp-json\/wp\/v2\/types\/page"}],"author":[{"embeddable":true,"href":"https:\/\/blogsaverroes.juntadeandalucia.es\/eoedelucena\/wp-json\/wp\/v2\/users\/2507"}],"replies":[{"embeddable":true,"href":"https:\/\/blogsaverroes.juntadeandalucia.es\/eoedelucena\/wp-json\/wp\/v2\/comments?post=2299"}],"version-history":[{"count":8,"href":"https:\/\/blogsaverroes.juntadeandalucia.es\/eoedelucena\/wp-json\/wp\/v2\/pages\/2299\/revisions"}],"predecessor-version":[{"id":2648,"href":"https:\/\/blogsaverroes.juntadeandalucia.es\/eoedelucena\/wp-json\/wp\/v2\/pages\/2299\/revisions\/2648"}],"wp:featuredmedia":[{"embeddable":true,"href":"https:\/\/blogsaverroes.juntadeandalucia.es\/eoedelucena\/wp-json\/wp\/v2\/media\/2333"}],"wp:attachment":[{"href":"https:\/\/blogsaverroes.juntadeandalucia.es\/eoedelucena\/wp-json\/wp\/v2\/media?parent=2299"}],"curies":[{"name":"wp","href":"https:\/\/api.w.org\/{rel}","templated":true}]}}