{"id":12,"date":"2024-10-17T12:36:50","date_gmt":"2024-10-17T10:36:50","guid":{"rendered":"https:\/\/blogsaverroes.juntadeandalucia.es\/eoedigame\/?page_id=12"},"modified":"2025-04-04T10:32:41","modified_gmt":"2025-04-04T08:32:41","slug":"transito","status":"publish","type":"page","link":"https:\/\/blogsaverroes.juntadeandalucia.es\/eoedigame\/transito\/","title":{"rendered":"Tr\u00e1nsito"},"content":{"rendered":"\t\t<div data-elementor-type=\"wp-page\" data-elementor-id=\"12\" class=\"elementor elementor-12\">\n\t\t\t\t<div class=\"elementor-element elementor-element-24bb995 e-flex e-con-boxed e-con e-parent\" data-id=\"24bb995\" data-element_type=\"container\">\n\t\t\t\t\t<div class=\"e-con-inner\">\n\t\t\t\t<div class=\"elementor-element elementor-element-e3d4f9c elementor-widget elementor-widget-text-editor\" data-id=\"e3d4f9c\" data-element_type=\"widget\" data-widget_type=\"text-editor.default\">\n\t\t\t\t<div class=\"elementor-widget-container\">\n\t\t\t\t\t\t\t\t\t<p style=\"text-align: justify\"><span style=\"font-family: verdana, geneva, sans-serif;color: #000000\">En la <a href=\"https:\/\/portals.ced.junta-andalucia.es\/educacion\/portals\/web\/inspeccion-educativa\/normativa-d\/-\/contenidos\/detalle\/orden-de-30-de-mayo-de-2023-por-la-que-se-desarrolla-el-curriculo-correspondiente-a-la-etapa-de-educacion-infantil-en\">Orden de 30 de mayo de 2023<\/a>, se determina,\u00a0<span style=\"font-size: 15px;font-style: normal;text-align: var(--text-align)\">en la Comunidad Aut\u00f3noma de Andaluc\u00eda,<\/span><span style=\"text-align: var(--text-align)\">\u00a0el proceso de tr\u00e1nsito entre las diferentes etapas educativas,\u00a0<\/span><span style=\"font-size: 15px;font-style: normal;text-align: var(--text-align)\">garantizando un marco de actuaci\u00f3n unificado y preciso que facilite la definici\u00f3n de tareas que han de realizar los centros docentes. Para ello, los centros desarrollar\u00e1n los mecanismos que favorezcan la coordinaci\u00f3n de la adecuada transici\u00f3n del alumnado de la etapa de Educaci\u00f3n Infantil a la de Educaci\u00f3n Primaria y de la etapa de Educaci\u00f3n Primaria a la de Educaci\u00f3n Secundaria Obligatoria.<\/span><\/span><\/p><p style=\"text-align: justify\"><span style=\"font-family: verdana, geneva, sans-serif;color: #000000\"><span style=\"font-size: 15px;font-style: normal;text-align: var(--text-align)\">Os dejamos enlace al documento resumen del tr\u00e1nsito de cada ense\u00f1anza elaborado por el ETPOEP de Granada:<\/span><\/span><\/p>\t\t\t\t\t\t\t\t<\/div>\n\t\t\t\t<\/div>\n\t\t\t\t\t<\/div>\n\t\t\t\t<\/div>\n\t\t<div class=\"elementor-element elementor-element-9c9a3af e-flex e-con-boxed e-con e-parent\" data-id=\"9c9a3af\" data-element_type=\"container\">\n\t\t\t\t\t<div class=\"e-con-inner\">\n\t\t\t\t<div class=\"elementor-element elementor-element-7813039 elementor-widget elementor-widget-image\" data-id=\"7813039\" data-element_type=\"widget\" data-widget_type=\"image.default\">\n\t\t\t\t<div class=\"elementor-widget-container\">\n\t\t\t\t\t\t\t\t\t\t\t\t\t\t\t\t<a href=\"https:\/\/blogsaverroes.juntadeandalucia.es\/eoedigame\/files\/2025\/04\/Transito-entre-etapas.pdf\">\n\t\t\t\t\t\t\t<img fetchpriority=\"high\" decoding=\"async\" width=\"474\" height=\"670\" src=\"https:\/\/blogsaverroes.juntadeandalucia.es\/eoedigame\/files\/2025\/04\/Transito-entre-etapas-724x1024.png\" class=\"attachment-large size-large wp-image-210\" alt=\"\" srcset=\"https:\/\/blogsaverroes.juntadeandalucia.es\/eoedigame\/files\/2025\/04\/Transito-entre-etapas-724x1024.png 724w, https:\/\/blogsaverroes.juntadeandalucia.es\/eoedigame\/files\/2025\/04\/Transito-entre-etapas-212x300.png 212w, https:\/\/blogsaverroes.juntadeandalucia.es\/eoedigame\/files\/2025\/04\/Transito-entre-etapas-768x1086.png 768w, https:\/\/blogsaverroes.juntadeandalucia.es\/eoedigame\/files\/2025\/04\/Transito-entre-etapas-1086x1536.png 1086w, https:\/\/blogsaverroes.juntadeandalucia.es\/eoedigame\/files\/2025\/04\/Transito-entre-etapas.png 1414w\" sizes=\"(max-width: 474px) 100vw, 474px\" \/>\t\t\t\t\t\t\t\t<\/a>\n\t\t\t\t\t\t\t\t\t\t\t\t\t\t\t<\/div>\n\t\t\t\t<\/div>\n\t\t\t\t\t<\/div>\n\t\t\t\t<\/div>\n\t\t\t\t<\/div>\n\t\t","protected":false},"excerpt":{"rendered":"<p>En la Orden de 30 de mayo de 2023, se determina,\u00a0en la Comunidad Aut\u00f3noma de Andaluc\u00eda,\u00a0el proceso de tr\u00e1nsito entre las diferentes etapas educativas,\u00a0garantizando un marco de actuaci\u00f3n unificado y preciso que facilite la definici\u00f3n de tareas que han de realizar los centros docentes. Para ello, los centros desarrollar\u00e1n los mecanismos que favorezcan la coordinaci\u00f3n &hellip; <a href=\"https:\/\/blogsaverroes.juntadeandalucia.es\/eoedigame\/transito\/\" class=\"more-link\">Seguir leyendo <span class=\"screen-reader-text\">Tr\u00e1nsito<\/span> <span class=\"meta-nav\">&rarr;<\/span><\/a><\/p>\n","protected":false},"author":14353,"featured_media":101,"parent":0,"menu_order":0,"comment_status":"closed","ping_status":"closed","template":"","meta":{"footnotes":""},"aioseo_notices":[],"_links":{"self":[{"href":"https:\/\/blogsaverroes.juntadeandalucia.es\/eoedigame\/wp-json\/wp\/v2\/pages\/12"}],"collection":[{"href":"https:\/\/blogsaverroes.juntadeandalucia.es\/eoedigame\/wp-json\/wp\/v2\/pages"}],"about":[{"href":"https:\/\/blogsaverroes.juntadeandalucia.es\/eoedigame\/wp-json\/wp\/v2\/types\/page"}],"author":[{"embeddable":true,"href":"https:\/\/blogsaverroes.juntadeandalucia.es\/eoedigame\/wp-json\/wp\/v2\/users\/14353"}],"replies":[{"embeddable":true,"href":"https:\/\/blogsaverroes.juntadeandalucia.es\/eoedigame\/wp-json\/wp\/v2\/comments?post=12"}],"version-history":[{"count":11,"href":"https:\/\/blogsaverroes.juntadeandalucia.es\/eoedigame\/wp-json\/wp\/v2\/pages\/12\/revisions"}],"predecessor-version":[{"id":214,"href":"https:\/\/blogsaverroes.juntadeandalucia.es\/eoedigame\/wp-json\/wp\/v2\/pages\/12\/revisions\/214"}],"wp:featuredmedia":[{"embeddable":true,"href":"https:\/\/blogsaverroes.juntadeandalucia.es\/eoedigame\/wp-json\/wp\/v2\/media\/101"}],"wp:attachment":[{"href":"https:\/\/blogsaverroes.juntadeandalucia.es\/eoedigame\/wp-json\/wp\/v2\/media?parent=12"}],"curies":[{"name":"wp","href":"https:\/\/api.w.org\/{rel}","templated":true}]}}