{"id":1228,"date":"2025-09-01T12:55:49","date_gmt":"2025-09-01T10:55:49","guid":{"rendered":"https:\/\/blogsaverroes.juntadeandalucia.es\/eoedigame\/?page_id=1228"},"modified":"2025-09-03T00:31:49","modified_gmt":"2025-09-02T22:31:49","slug":"becas-neae","status":"publish","type":"page","link":"https:\/\/blogsaverroes.juntadeandalucia.es\/eoedigame\/becas-neae\/","title":{"rendered":"Becas NEAE"},"content":{"rendered":"\t\t<div data-elementor-type=\"wp-page\" data-elementor-id=\"1228\" class=\"elementor elementor-1228\">\n\t\t\t\t<div class=\"elementor-element elementor-element-52ba610 e-flex e-con-boxed e-con e-parent\" data-id=\"52ba610\" data-element_type=\"container\">\n\t\t\t\t\t<div class=\"e-con-inner\">\n\t\t\t\t<div class=\"elementor-element elementor-element-d84cd8f elementor-widget elementor-widget-text-editor\" data-id=\"d84cd8f\" data-element_type=\"widget\" data-widget_type=\"text-editor.default\">\n\t\t\t\t<div class=\"elementor-widget-container\">\n\t\t\t\t\t\t\t\t\t<p style=\"text-align: justify\"><span style=\"color: #000000\">Plazo de presentaci\u00f3n de solicitudes por\u00a0<b>parte de las familias<\/b>: desde el 30 de abril de 2025 <strong>hasta<\/strong> el <b>11 de septiembre de 2025.<\/b><\/span><\/p><p style=\"text-align: justify\"><span style=\"color: #000000\">Plazo de remisi\u00f3n de la documentaci\u00f3n por <b>parte de las secretar\u00edas de los centros<\/b> a las Delegaciones Territoriales de Educaci\u00f3n: 15 d\u00edas a contar desde el 11 de septiembre.<\/span><\/p><p style=\"text-align: justify\"><span style=\"color: #000000\">Importante: <strong>cuenta bancaria<\/strong> a nombre del\/la alumno\/a y de un representante legal.<\/span><\/p><p style=\"text-align: justify\"><span style=\"color: #000000\"><strong>Incompatible con<\/strong> cualquier beca con la misma finalidad as\u00ed como con la beca general (art\u00edculo 22 de la Resoluci\u00f3n).<\/span><\/p>\t\t\t\t\t\t\t\t<\/div>\n\t\t\t\t<\/div>\n\t\t\t\t\t<\/div>\n\t\t\t\t<\/div>\n\t\t<div class=\"elementor-element elementor-element-ea17c9a e-flex e-con-boxed e-con e-parent\" data-id=\"ea17c9a\" data-element_type=\"container\">\n\t\t\t\t\t<div class=\"e-con-inner\">\n\t\t\t\t<div class=\"elementor-element elementor-element-0e94f6c elementor-widget elementor-widget-image\" data-id=\"0e94f6c\" data-element_type=\"widget\" data-widget_type=\"image.default\">\n\t\t\t\t<div class=\"elementor-widget-container\">\n\t\t\t\t\t\t\t\t\t\t\t\t\t\t\t\t<a href=\"https:\/\/blogsaverroes.juntadeandalucia.es\/eoedigame\/files\/2025\/09\/Convocatoria-NEAE-2025_2026-FIRMADA.pdf\">\n\t\t\t\t\t\t\t<img fetchpriority=\"high\" decoding=\"async\" width=\"736\" height=\"263\" src=\"https:\/\/blogsaverroes.juntadeandalucia.es\/eoedigame\/files\/2025\/09\/EOE-digame-34-e1756852032707.png\" class=\"attachment-full size-full wp-image-1353\" alt=\"\" srcset=\"https:\/\/blogsaverroes.juntadeandalucia.es\/eoedigame\/files\/2025\/09\/EOE-digame-34-e1756852032707.png 736w, https:\/\/blogsaverroes.juntadeandalucia.es\/eoedigame\/files\/2025\/09\/EOE-digame-34-e1756852032707-300x107.png 300w\" sizes=\"(max-width: 736px) 100vw, 736px\" \/>\t\t\t\t\t\t\t\t<\/a>\n\t\t\t\t\t\t\t\t\t\t\t\t\t\t\t<\/div>\n\t\t\t\t<\/div>\n\t\t\t\t\t<\/div>\n\t\t\t\t<\/div>\n\t\t<div class=\"elementor-element elementor-element-a14a5de e-flex e-con-boxed e-con e-parent\" data-id=\"a14a5de\" data-element_type=\"container\">\n\t\t\t\t\t<div class=\"e-con-inner\">\n\t\t\t\t<div class=\"elementor-element elementor-element-2965ddb elementor-widget elementor-widget-image\" data-id=\"2965ddb\" data-element_type=\"widget\" data-widget_type=\"image.default\">\n\t\t\t\t<div class=\"elementor-widget-container\">\n\t\t\t\t\t\t\t\t\t\t\t\t\t\t\t\t<a href=\"https:\/\/www.educacionfpydeportes.gob.es\/servicios-al-ciudadano\/catalogo\/general\/05\/050140\/ficha\/050140-2025.html\">\n\t\t\t\t\t\t\t<img decoding=\"async\" width=\"740\" height=\"253\" src=\"https:\/\/blogsaverroes.juntadeandalucia.es\/eoedigame\/files\/2025\/09\/EOE-digame-34-1-e1756852078140.png\" class=\"attachment-full size-full wp-image-1354\" alt=\"\" srcset=\"https:\/\/blogsaverroes.juntadeandalucia.es\/eoedigame\/files\/2025\/09\/EOE-digame-34-1-e1756852078140.png 740w, https:\/\/blogsaverroes.juntadeandalucia.es\/eoedigame\/files\/2025\/09\/EOE-digame-34-1-e1756852078140-300x103.png 300w\" sizes=\"(max-width: 740px) 100vw, 740px\" \/>\t\t\t\t\t\t\t\t<\/a>\n\t\t\t\t\t\t\t\t\t\t\t\t\t\t\t<\/div>\n\t\t\t\t<\/div>\n\t\t\t\t\t<\/div>\n\t\t\t\t<\/div>\n\t\t<div class=\"elementor-element elementor-element-ec55c31 e-flex e-con-boxed e-con e-parent\" data-id=\"ec55c31\" data-element_type=\"container\">\n\t\t\t\t\t<div class=\"e-con-inner\">\n\t\t\t\t<div class=\"elementor-element elementor-element-03c4ba7 elementor-widget elementor-widget-image\" data-id=\"03c4ba7\" data-element_type=\"widget\" data-widget_type=\"image.default\">\n\t\t\t\t<div class=\"elementor-widget-container\">\n\t\t\t\t\t\t\t\t\t\t\t\t\t\t\t\t<a href=\"https:\/\/www.juntadeandalucia.es\/educacion\/secretariavirtual\/accesoTramite\/876\/\">\n\t\t\t\t\t\t\t<img decoding=\"async\" width=\"786\" height=\"270\" src=\"https:\/\/blogsaverroes.juntadeandalucia.es\/eoedigame\/files\/2025\/09\/EOE-digame-27-2-e1756725022658.png\" class=\"attachment-full size-full wp-image-1232\" alt=\"\" srcset=\"https:\/\/blogsaverroes.juntadeandalucia.es\/eoedigame\/files\/2025\/09\/EOE-digame-27-2-e1756725022658.png 786w, https:\/\/blogsaverroes.juntadeandalucia.es\/eoedigame\/files\/2025\/09\/EOE-digame-27-2-e1756725022658-300x103.png 300w, https:\/\/blogsaverroes.juntadeandalucia.es\/eoedigame\/files\/2025\/09\/EOE-digame-27-2-e1756725022658-768x264.png 768w\" sizes=\"(max-width: 786px) 100vw, 786px\" \/>\t\t\t\t\t\t\t\t<\/a>\n\t\t\t\t\t\t\t\t\t\t\t\t\t\t\t<\/div>\n\t\t\t\t<\/div>\n\t\t\t\t\t<\/div>\n\t\t\t\t<\/div>\n\t\t<div class=\"elementor-element elementor-element-4a8a8f8 e-flex e-con-boxed e-con e-parent\" data-id=\"4a8a8f8\" data-element_type=\"container\">\n\t\t\t\t\t<div class=\"e-con-inner\">\n\t\t\t\t<div class=\"elementor-element elementor-element-fdd28e5 elementor-widget elementor-widget-image\" data-id=\"fdd28e5\" data-element_type=\"widget\" data-widget_type=\"image.default\">\n\t\t\t\t<div class=\"elementor-widget-container\">\n\t\t\t\t\t\t\t\t\t\t\t\t\t\t\t\t<a href=\"https:\/\/blogsaverroes.juntadeandalucia.es\/eoedigame\/files\/2025\/09\/MANUAL_CENTROS_Grabacion_solicitudes_NEAE_22_23_V1.pdf\">\n\t\t\t\t\t\t\t<img loading=\"lazy\" decoding=\"async\" width=\"813\" height=\"246\" src=\"https:\/\/blogsaverroes.juntadeandalucia.es\/eoedigame\/files\/2025\/09\/EOE-digame-29-1-e1756725836179.png\" class=\"attachment-full size-full wp-image-1242\" alt=\"\" srcset=\"https:\/\/blogsaverroes.juntadeandalucia.es\/eoedigame\/files\/2025\/09\/EOE-digame-29-1-e1756725836179.png 813w, https:\/\/blogsaverroes.juntadeandalucia.es\/eoedigame\/files\/2025\/09\/EOE-digame-29-1-e1756725836179-300x91.png 300w, https:\/\/blogsaverroes.juntadeandalucia.es\/eoedigame\/files\/2025\/09\/EOE-digame-29-1-e1756725836179-768x232.png 768w\" sizes=\"(max-width: 813px) 100vw, 813px\" \/>\t\t\t\t\t\t\t\t<\/a>\n\t\t\t\t\t\t\t\t\t\t\t\t\t\t\t<\/div>\n\t\t\t\t<\/div>\n\t\t\t\t\t<\/div>\n\t\t\t\t<\/div>\n\t\t<div class=\"elementor-element elementor-element-1268263 e-flex e-con-boxed e-con e-parent\" data-id=\"1268263\" data-element_type=\"container\">\n\t\t\t\t\t<div class=\"e-con-inner\">\n\t\t\t\t<div class=\"elementor-element elementor-element-c5cc4b7 elementor-widget elementor-widget-image\" data-id=\"c5cc4b7\" data-element_type=\"widget\" data-widget_type=\"image.default\">\n\t\t\t\t<div class=\"elementor-widget-container\">\n\t\t\t\t\t\t\t\t\t\t\t\t\t\t\t\t<a href=\"https:\/\/blogsaverroes.juntadeandalucia.es\/eoedigame\/files\/2025\/09\/MANUAL_ORIENTADORES_Grabacion_solicitudes_NEAE_22_23.pdf\">\n\t\t\t\t\t\t\t<img loading=\"lazy\" decoding=\"async\" width=\"780\" height=\"273\" src=\"https:\/\/blogsaverroes.juntadeandalucia.es\/eoedigame\/files\/2025\/09\/EOE-digame-29-2-e1756725910986.png\" class=\"attachment-full size-full wp-image-1243\" alt=\"\" srcset=\"https:\/\/blogsaverroes.juntadeandalucia.es\/eoedigame\/files\/2025\/09\/EOE-digame-29-2-e1756725910986.png 780w, https:\/\/blogsaverroes.juntadeandalucia.es\/eoedigame\/files\/2025\/09\/EOE-digame-29-2-e1756725910986-300x105.png 300w, https:\/\/blogsaverroes.juntadeandalucia.es\/eoedigame\/files\/2025\/09\/EOE-digame-29-2-e1756725910986-768x269.png 768w\" sizes=\"(max-width: 780px) 100vw, 780px\" \/>\t\t\t\t\t\t\t\t<\/a>\n\t\t\t\t\t\t\t\t\t\t\t\t\t\t\t<\/div>\n\t\t\t\t<\/div>\n\t\t\t\t\t<\/div>\n\t\t\t\t<\/div>\n\t\t<div class=\"elementor-element elementor-element-b6efa73 e-flex e-con-boxed e-con e-parent\" data-id=\"b6efa73\" data-element_type=\"container\">\n\t\t\t\t\t<div class=\"e-con-inner\">\n\t\t\t\t<div class=\"elementor-element elementor-element-a2d66cb elementor-widget elementor-widget-image\" data-id=\"a2d66cb\" data-element_type=\"widget\" data-widget_type=\"image.default\">\n\t\t\t\t<div class=\"elementor-widget-container\">\n\t\t\t\t\t\t\t\t\t\t\t\t\t\t\t\t<a href=\"https:\/\/blogsaverroes.juntadeandalucia.es\/eoedigame\/files\/2025\/09\/Esquema-Becas-1.pdf\">\n\t\t\t\t\t\t\t<img loading=\"lazy\" decoding=\"async\" width=\"736\" height=\"230\" src=\"https:\/\/blogsaverroes.juntadeandalucia.es\/eoedigame\/files\/2025\/09\/EOE-digame-34-2-e1756852129976.png\" class=\"attachment-full size-full wp-image-1355\" alt=\"\" srcset=\"https:\/\/blogsaverroes.juntadeandalucia.es\/eoedigame\/files\/2025\/09\/EOE-digame-34-2-e1756852129976.png 736w, https:\/\/blogsaverroes.juntadeandalucia.es\/eoedigame\/files\/2025\/09\/EOE-digame-34-2-e1756852129976-300x94.png 300w\" sizes=\"(max-width: 736px) 100vw, 736px\" \/>\t\t\t\t\t\t\t\t<\/a>\n\t\t\t\t\t\t\t\t\t\t\t\t\t\t\t<\/div>\n\t\t\t\t<\/div>\n\t\t\t\t\t<\/div>\n\t\t\t\t<\/div>\n\t\t<div class=\"elementor-element elementor-element-0e219d2 e-flex e-con-boxed e-con e-parent\" data-id=\"0e219d2\" data-element_type=\"container\">\n\t\t\t\t\t<div class=\"e-con-inner\">\n\t\t\t\t<div class=\"elementor-element elementor-element-8ffb944 elementor-widget elementor-widget-text-editor\" data-id=\"8ffb944\" data-element_type=\"widget\" data-widget_type=\"text-editor.default\">\n\t\t\t\t<div class=\"elementor-widget-container\">\n\t\t\t\t\t\t\t\t\t<p style=\"text-align: justify\"><span style=\"font-size: 8pt\"><em>Agradecemos al compa\u00f1ero Javier D\u00edaz (<a href=\"https:\/\/jadimirorientacioneducativa.blogspot.com\/\">Programa Jadimir<\/a>) su colaboraci\u00f3n.<\/em><\/span><\/p>\t\t\t\t\t\t\t\t<\/div>\n\t\t\t\t<\/div>\n\t\t\t\t\t<\/div>\n\t\t\t\t<\/div>\n\t\t\t\t<\/div>\n\t\t","protected":false},"excerpt":{"rendered":"<p>Plazo de presentaci\u00f3n de solicitudes por\u00a0parte de las familias: desde el 30 de abril de 2025 hasta el 11 de septiembre de 2025. Plazo de remisi\u00f3n de la documentaci\u00f3n por parte de las secretar\u00edas de los centros a las Delegaciones Territoriales de Educaci\u00f3n: 15 d\u00edas a contar desde el 11 de septiembre. Importante: cuenta bancaria &hellip; <a href=\"https:\/\/blogsaverroes.juntadeandalucia.es\/eoedigame\/becas-neae\/\" class=\"more-link\">Seguir leyendo <span class=\"screen-reader-text\">Becas NEAE<\/span> <span class=\"meta-nav\">&rarr;<\/span><\/a><\/p>\n","protected":false},"author":14353,"featured_media":1257,"parent":0,"menu_order":0,"comment_status":"closed","ping_status":"closed","template":"","meta":{"footnotes":""},"aioseo_notices":[],"_links":{"self":[{"href":"https:\/\/blogsaverroes.juntadeandalucia.es\/eoedigame\/wp-json\/wp\/v2\/pages\/1228"}],"collection":[{"href":"https:\/\/blogsaverroes.juntadeandalucia.es\/eoedigame\/wp-json\/wp\/v2\/pages"}],"about":[{"href":"https:\/\/blogsaverroes.juntadeandalucia.es\/eoedigame\/wp-json\/wp\/v2\/types\/page"}],"author":[{"embeddable":true,"href":"https:\/\/blogsaverroes.juntadeandalucia.es\/eoedigame\/wp-json\/wp\/v2\/users\/14353"}],"replies":[{"embeddable":true,"href":"https:\/\/blogsaverroes.juntadeandalucia.es\/eoedigame\/wp-json\/wp\/v2\/comments?post=1228"}],"version-history":[{"count":26,"href":"https:\/\/blogsaverroes.juntadeandalucia.es\/eoedigame\/wp-json\/wp\/v2\/pages\/1228\/revisions"}],"predecessor-version":[{"id":1361,"href":"https:\/\/blogsaverroes.juntadeandalucia.es\/eoedigame\/wp-json\/wp\/v2\/pages\/1228\/revisions\/1361"}],"wp:featuredmedia":[{"embeddable":true,"href":"https:\/\/blogsaverroes.juntadeandalucia.es\/eoedigame\/wp-json\/wp\/v2\/media\/1257"}],"wp:attachment":[{"href":"https:\/\/blogsaverroes.juntadeandalucia.es\/eoedigame\/wp-json\/wp\/v2\/media?parent=1228"}],"curies":[{"name":"wp","href":"https:\/\/api.w.org\/{rel}","templated":true}]}}