{"id":1825,"date":"2026-04-22T13:12:42","date_gmt":"2026-04-22T11:12:42","guid":{"rendered":"https:\/\/blogsaverroes.juntadeandalucia.es\/eoedigame\/?page_id=1825"},"modified":"2026-04-22T13:31:37","modified_gmt":"2026-04-22T11:31:37","slug":"pt-inclusion","status":"publish","type":"page","link":"https:\/\/blogsaverroes.juntadeandalucia.es\/eoedigame\/pt-inclusion\/","title":{"rendered":"PT Inclusi\u00f3n"},"content":{"rendered":"\t\t<div data-elementor-type=\"wp-page\" data-elementor-id=\"1825\" class=\"elementor elementor-1825\">\n\t\t\t\t<div class=\"elementor-element elementor-element-ff22863 e-flex e-con-boxed e-con e-parent\" data-id=\"ff22863\" data-element_type=\"container\">\n\t\t\t\t\t<div class=\"e-con-inner\">\n\t\t\t\t<div class=\"elementor-element elementor-element-d4b6ea0 elementor-widget elementor-widget-text-editor\" data-id=\"d4b6ea0\" data-element_type=\"widget\" data-widget_type=\"text-editor.default\">\n\t\t\t\t<div class=\"elementor-widget-container\">\n\t\t\t\t\t\t\t\t\t<p style=\"text-align: justify\">El <strong>Programa Educaci\u00f3n Inclusiva+<\/strong> establece\u00a0plazas de profesorado especialista en Pedagog\u00eda Terap\u00e9utica y en Audici\u00f3n y Lenguaje, que desarrollar\u00e1n sus funciones en colaboraci\u00f3n con los profesionales de los Equipos de Orientaci\u00f3n Educativa.\u00a0Dichos profesionales se ubicar\u00e1n en los Equipos de Orientaci\u00f3n Educativa, para llevar a cabo sus funciones en el conjunto de centros de referencia donde se implante el Programa.<\/p><p>Accede a toda la informaci\u00f3n del Programa <a href=\"https:\/\/www.juntadeandalucia.es\/organismos\/desarrolloeducativoyformacionprofesional\/consejeria\/transparencia\/planificacion-evaluacion-estadistica\/planes\/detalle\/558139.html\">aqu\u00ed.<\/a><\/p>\t\t\t\t\t\t\t\t<\/div>\n\t\t\t\t<\/div>\n\t\t\t\t\t<\/div>\n\t\t\t\t<\/div>\n\t\t<div class=\"elementor-element elementor-element-f29d5b6 e-flex e-con-boxed e-con e-parent\" data-id=\"f29d5b6\" data-element_type=\"container\">\n\t\t\t\t\t<div class=\"e-con-inner\">\n\t\t\t\t<div class=\"elementor-element elementor-element-594dda7 elementor-widget elementor-widget-text-editor\" data-id=\"594dda7\" data-element_type=\"widget\" data-widget_type=\"text-editor.default\">\n\t\t\t\t<div class=\"elementor-widget-container\">\n\t\t\t\t\t\t\t\t\t<p><span style=\"color: #800080\"><strong>RECURSOS DE UTILIDAD<\/strong><\/span><\/p>\t\t\t\t\t\t\t\t<\/div>\n\t\t\t\t<\/div>\n\t\t\t\t\t<\/div>\n\t\t\t\t<\/div>\n\t\t<div class=\"elementor-element elementor-element-6558f19 e-flex e-con-boxed e-con e-parent\" data-id=\"6558f19\" data-element_type=\"container\">\n\t\t\t\t\t<div class=\"e-con-inner\">\n\t\t<div class=\"elementor-element elementor-element-4f4cfdf e-con-full e-flex e-con e-child\" data-id=\"4f4cfdf\" data-element_type=\"container\">\n\t\t\t\t<div class=\"elementor-element elementor-element-9c6b910 elementor-widget elementor-widget-text-editor\" data-id=\"9c6b910\" data-element_type=\"widget\" data-widget_type=\"text-editor.default\">\n\t\t\t\t<div class=\"elementor-widget-container\">\n\t\t\t\t\t\t\t\t\t<p style=\"text-align: justify\"><a href=\"https:\/\/blogsaverroes.juntadeandalucia.es\/eoedigame\/files\/2026\/04\/Guia-Tecnica-Profesional-2.pdf\">Gu\u00eda t\u00e9cnica<\/a> profesional para el uso de la IA en la intervenci\u00f3n curricular inclusiva<\/p>\t\t\t\t\t\t\t\t<\/div>\n\t\t\t\t<\/div>\n\t\t\t\t<\/div>\n\t\t<div class=\"elementor-element elementor-element-80cf675 e-con-full e-flex e-con e-child\" data-id=\"80cf675\" data-element_type=\"container\">\n\t\t\t\t<div class=\"elementor-element elementor-element-a598f57 elementor-widget elementor-widget-image\" data-id=\"a598f57\" data-element_type=\"widget\" data-widget_type=\"image.default\">\n\t\t\t\t<div class=\"elementor-widget-container\">\n\t\t\t\t\t\t\t\t\t\t\t\t\t\t\t\t<a href=\"https:\/\/blogsaverroes.juntadeandalucia.es\/eoedigame\/files\/2026\/04\/Guia-Tecnica-Profesional-2.pdf\">\n\t\t\t\t\t\t\t<img fetchpriority=\"high\" decoding=\"async\" width=\"474\" height=\"130\" src=\"https:\/\/blogsaverroes.juntadeandalucia.es\/eoedigame\/files\/2026\/04\/guia-pt-al_page-0001-e1776623000601-1024x280.jpg\" class=\"attachment-large size-large wp-image-1806\" alt=\"\" srcset=\"https:\/\/blogsaverroes.juntadeandalucia.es\/eoedigame\/files\/2026\/04\/guia-pt-al_page-0001-e1776623000601-1024x280.jpg 1024w, https:\/\/blogsaverroes.juntadeandalucia.es\/eoedigame\/files\/2026\/04\/guia-pt-al_page-0001-e1776623000601-300x82.jpg 300w, https:\/\/blogsaverroes.juntadeandalucia.es\/eoedigame\/files\/2026\/04\/guia-pt-al_page-0001-e1776623000601-768x210.jpg 768w, https:\/\/blogsaverroes.juntadeandalucia.es\/eoedigame\/files\/2026\/04\/guia-pt-al_page-0001-e1776623000601.jpg 1241w\" sizes=\"(max-width: 474px) 100vw, 474px\" \/>\t\t\t\t\t\t\t\t<\/a>\n\t\t\t\t\t\t\t\t\t\t\t\t\t\t\t<\/div>\n\t\t\t\t<\/div>\n\t\t\t\t<\/div>\n\t\t\t\t\t<\/div>\n\t\t\t\t<\/div>\n\t\t<div class=\"elementor-element elementor-element-9d9b552 e-flex e-con-boxed e-con e-parent\" data-id=\"9d9b552\" data-element_type=\"container\">\n\t\t\t\t\t<div class=\"e-con-inner\">\n\t\t<div class=\"elementor-element elementor-element-f8da2a0 e-con-full e-flex e-con e-child\" data-id=\"f8da2a0\" data-element_type=\"container\">\n\t\t\t\t<div class=\"elementor-element elementor-element-f75b79d elementor-widget elementor-widget-text-editor\" data-id=\"f75b79d\" data-element_type=\"widget\" data-widget_type=\"text-editor.default\">\n\t\t\t\t<div class=\"elementor-widget-container\">\n\t\t\t\t\t\t\t\t\t<p><a href=\"https:\/\/blogsaverroes.juntadeandalucia.es\/eoedigame\/respuesta-educativa\/asesoramiento-neae\/\">Asesoramiento NEAE<\/a><\/p>\t\t\t\t\t\t\t\t<\/div>\n\t\t\t\t<\/div>\n\t\t\t\t<\/div>\n\t\t<div class=\"elementor-element elementor-element-e7af5b0 e-con-full e-flex e-con e-child\" data-id=\"e7af5b0\" data-element_type=\"container\">\n\t\t\t\t<div class=\"elementor-element elementor-element-6240453 elementor-widget elementor-widget-image\" data-id=\"6240453\" data-element_type=\"widget\" data-widget_type=\"image.default\">\n\t\t\t\t<div class=\"elementor-widget-container\">\n\t\t\t\t\t\t\t\t\t\t\t\t\t\t\t\t<a href=\"https:\/\/blogsaverroes.juntadeandalucia.es\/eoedigame\/respuesta-educativa\/asesoramiento-neae\/\">\n\t\t\t\t\t\t\t<img decoding=\"async\" width=\"474\" height=\"254\" src=\"https:\/\/blogsaverroes.juntadeandalucia.es\/eoedigame\/files\/2025\/11\/EOE-digame-1-1-e1762778751984-1024x548.png\" class=\"attachment-large size-large wp-image-1527\" alt=\"\" srcset=\"https:\/\/blogsaverroes.juntadeandalucia.es\/eoedigame\/files\/2025\/11\/EOE-digame-1-1-e1762778751984-1024x548.png 1024w, https:\/\/blogsaverroes.juntadeandalucia.es\/eoedigame\/files\/2025\/11\/EOE-digame-1-1-e1762778751984-300x161.png 300w, https:\/\/blogsaverroes.juntadeandalucia.es\/eoedigame\/files\/2025\/11\/EOE-digame-1-1-e1762778751984-768x411.png 768w, https:\/\/blogsaverroes.juntadeandalucia.es\/eoedigame\/files\/2025\/11\/EOE-digame-1-1-e1762778751984.png 1413w\" sizes=\"(max-width: 474px) 100vw, 474px\" \/>\t\t\t\t\t\t\t\t<\/a>\n\t\t\t\t\t\t\t\t\t\t\t\t\t\t\t<\/div>\n\t\t\t\t<\/div>\n\t\t\t\t<\/div>\n\t\t\t\t\t<\/div>\n\t\t\t\t<\/div>\n\t\t<div class=\"elementor-element elementor-element-8ba7c31 e-flex e-con-boxed e-con e-parent\" data-id=\"8ba7c31\" data-element_type=\"container\">\n\t\t\t\t\t<div class=\"e-con-inner\">\n\t\t<div class=\"elementor-element elementor-element-0524cd4 e-con-full e-flex e-con e-child\" data-id=\"0524cd4\" data-element_type=\"container\">\n\t\t\t\t<div class=\"elementor-element elementor-element-8f7f697 elementor-widget elementor-widget-text-editor\" data-id=\"8f7f697\" data-element_type=\"widget\" data-widget_type=\"text-editor.default\">\n\t\t\t\t<div class=\"elementor-widget-container\">\n\t\t\t\t\t\t\t\t\t<p><a href=\"https:\/\/blogsaverroes.juntadeandalucia.es\/eoedigame\/ideas-zts\/intervencion-con-familias\/asesoramiento-a-familias-de-alumnado-con-neae\/\">Asesoramiento a familias NEAE<\/a><\/p>\t\t\t\t\t\t\t\t<\/div>\n\t\t\t\t<\/div>\n\t\t\t\t<\/div>\n\t\t<div class=\"elementor-element elementor-element-1e732d2 e-con-full e-flex e-con e-child\" data-id=\"1e732d2\" data-element_type=\"container\">\n\t\t\t\t<div class=\"elementor-element elementor-element-f517049 elementor-widget elementor-widget-image\" data-id=\"f517049\" data-element_type=\"widget\" data-widget_type=\"image.default\">\n\t\t\t\t<div class=\"elementor-widget-container\">\n\t\t\t\t\t\t\t\t\t\t\t\t\t\t\t\t<a href=\"https:\/\/blogsaverroes.juntadeandalucia.es\/eoedigame\/ideas-zts\/intervencion-con-familias\/asesoramiento-a-familias-de-alumnado-con-neae\/\">\n\t\t\t\t\t\t\t<img decoding=\"async\" width=\"474\" height=\"262\" src=\"https:\/\/blogsaverroes.juntadeandalucia.es\/eoedigame\/files\/2025\/05\/a-neae-1024x566.jpg\" class=\"attachment-large size-large wp-image-762\" alt=\"\" srcset=\"https:\/\/blogsaverroes.juntadeandalucia.es\/eoedigame\/files\/2025\/05\/a-neae-1024x566.jpg 1024w, https:\/\/blogsaverroes.juntadeandalucia.es\/eoedigame\/files\/2025\/05\/a-neae-300x166.jpg 300w, https:\/\/blogsaverroes.juntadeandalucia.es\/eoedigame\/files\/2025\/05\/a-neae-768x424.jpg 768w, https:\/\/blogsaverroes.juntadeandalucia.es\/eoedigame\/files\/2025\/05\/a-neae-672x372.jpg 672w, https:\/\/blogsaverroes.juntadeandalucia.es\/eoedigame\/files\/2025\/05\/a-neae-1038x576.jpg 1038w, https:\/\/blogsaverroes.juntadeandalucia.es\/eoedigame\/files\/2025\/05\/a-neae.jpg 1403w\" sizes=\"(max-width: 474px) 100vw, 474px\" \/>\t\t\t\t\t\t\t\t<\/a>\n\t\t\t\t\t\t\t\t\t\t\t\t\t\t\t<\/div>\n\t\t\t\t<\/div>\n\t\t\t\t<\/div>\n\t\t\t\t\t<\/div>\n\t\t\t\t<\/div>\n\t\t<div class=\"elementor-element elementor-element-eae4ded e-flex e-con-boxed e-con e-parent\" data-id=\"eae4ded\" data-element_type=\"container\">\n\t\t\t\t\t<div class=\"e-con-inner\">\n\t\t<div class=\"elementor-element elementor-element-5988d75 e-con-full e-flex e-con e-child\" data-id=\"5988d75\" data-element_type=\"container\">\n\t\t\t\t<div class=\"elementor-element elementor-element-70ba276 elementor-widget elementor-widget-text-editor\" data-id=\"70ba276\" data-element_type=\"widget\" data-widget_type=\"text-editor.default\">\n\t\t\t\t<div class=\"elementor-widget-container\">\n\t\t\t\t\t\t\t\t\t<p><a href=\"https:\/\/blogsaverroes.juntadeandalucia.es\/eoedigame\/ideas-zts\/intervencion-con-familias\/asesoramiento-familias-eduacion-infantil\/\">Asesoramiento familias E. Infantil<\/a><\/p>\t\t\t\t\t\t\t\t<\/div>\n\t\t\t\t<\/div>\n\t\t\t\t<\/div>\n\t\t<div class=\"elementor-element elementor-element-f833a89 e-con-full e-flex e-con e-child\" data-id=\"f833a89\" data-element_type=\"container\">\n\t\t\t\t<div class=\"elementor-element elementor-element-b2d5904 elementor-widget elementor-widget-image\" data-id=\"b2d5904\" data-element_type=\"widget\" data-widget_type=\"image.default\">\n\t\t\t\t<div class=\"elementor-widget-container\">\n\t\t\t\t\t\t\t\t\t\t\t\t\t\t\t\t<a href=\"https:\/\/blogsaverroes.juntadeandalucia.es\/eoedigame\/ideas-zts\/intervencion-con-familias\/asesoramiento-familias-eduacion-infantil\/\">\n\t\t\t\t\t\t\t<img loading=\"lazy\" decoding=\"async\" width=\"474\" height=\"267\" src=\"https:\/\/blogsaverroes.juntadeandalucia.es\/eoedigame\/files\/2025\/05\/pequenos-GRANDES-pasos-1024x576.jpg\" class=\"attachment-large size-large wp-image-805\" alt=\"\" srcset=\"https:\/\/blogsaverroes.juntadeandalucia.es\/eoedigame\/files\/2025\/05\/pequenos-GRANDES-pasos-1024x576.jpg 1024w, https:\/\/blogsaverroes.juntadeandalucia.es\/eoedigame\/files\/2025\/05\/pequenos-GRANDES-pasos-300x169.jpg 300w, https:\/\/blogsaverroes.juntadeandalucia.es\/eoedigame\/files\/2025\/05\/pequenos-GRANDES-pasos-768x432.jpg 768w, https:\/\/blogsaverroes.juntadeandalucia.es\/eoedigame\/files\/2025\/05\/pequenos-GRANDES-pasos-1536x864.jpg 1536w, https:\/\/blogsaverroes.juntadeandalucia.es\/eoedigame\/files\/2025\/05\/pequenos-GRANDES-pasos.jpg 1920w\" sizes=\"(max-width: 474px) 100vw, 474px\" \/>\t\t\t\t\t\t\t\t<\/a>\n\t\t\t\t\t\t\t\t\t\t\t\t\t\t\t<\/div>\n\t\t\t\t<\/div>\n\t\t\t\t<\/div>\n\t\t\t\t\t<\/div>\n\t\t\t\t<\/div>\n\t\t<div class=\"elementor-element elementor-element-a5f227a e-flex e-con-boxed e-con e-parent\" data-id=\"a5f227a\" data-element_type=\"container\">\n\t\t\t\t\t<div class=\"e-con-inner\">\n\t\t<div class=\"elementor-element elementor-element-c530ea9 e-con-full e-flex e-con e-child\" data-id=\"c530ea9\" data-element_type=\"container\">\n\t\t\t\t<div class=\"elementor-element elementor-element-7cc2adb elementor-widget elementor-widget-text-editor\" data-id=\"7cc2adb\" data-element_type=\"widget\" data-widget_type=\"text-editor.default\">\n\t\t\t\t<div class=\"elementor-widget-container\">\n\t\t\t\t\t\t\t\t\t<p><a href=\"https:\/\/blogsaverroes.juntadeandalucia.es\/eoedigame\/ideas-zts\/planificacion-de-las-actuaciones\/rabietas-una-mirada-comprensiva-hacia-la-competencia-emocional\/\">Gesti\u00f3n rabietas<\/a> en E. Infantil<\/p>\t\t\t\t\t\t\t\t<\/div>\n\t\t\t\t<\/div>\n\t\t\t\t<\/div>\n\t\t<div class=\"elementor-element elementor-element-67ca6a0 e-con-full e-flex e-con e-child\" data-id=\"67ca6a0\" data-element_type=\"container\">\n\t\t\t\t<div class=\"elementor-element elementor-element-21676c2 elementor-widget elementor-widget-image\" data-id=\"21676c2\" data-element_type=\"widget\" data-widget_type=\"image.default\">\n\t\t\t\t<div class=\"elementor-widget-container\">\n\t\t\t\t\t\t\t\t\t\t\t\t\t\t\t\t<a href=\"https:\/\/blogsaverroes.juntadeandalucia.es\/eoedigame\/ideas-zts\/planificacion-de-las-actuaciones\/rabietas-una-mirada-comprensiva-hacia-la-competencia-emocional\/\">\n\t\t\t\t\t\t\t<img loading=\"lazy\" decoding=\"async\" width=\"474\" height=\"267\" src=\"https:\/\/blogsaverroes.juntadeandalucia.es\/eoedigame\/files\/2025\/05\/Programa-Vaya-rabieta_-Rocio-Velasco-1024x576.png\" class=\"attachment-large size-large wp-image-629\" alt=\"\" srcset=\"https:\/\/blogsaverroes.juntadeandalucia.es\/eoedigame\/files\/2025\/05\/Programa-Vaya-rabieta_-Rocio-Velasco-1024x576.png 1024w, https:\/\/blogsaverroes.juntadeandalucia.es\/eoedigame\/files\/2025\/05\/Programa-Vaya-rabieta_-Rocio-Velasco-300x169.png 300w, https:\/\/blogsaverroes.juntadeandalucia.es\/eoedigame\/files\/2025\/05\/Programa-Vaya-rabieta_-Rocio-Velasco-768x432.png 768w, https:\/\/blogsaverroes.juntadeandalucia.es\/eoedigame\/files\/2025\/05\/Programa-Vaya-rabieta_-Rocio-Velasco-1536x864.png 1536w, https:\/\/blogsaverroes.juntadeandalucia.es\/eoedigame\/files\/2025\/05\/Programa-Vaya-rabieta_-Rocio-Velasco.png 1920w\" sizes=\"(max-width: 474px) 100vw, 474px\" \/>\t\t\t\t\t\t\t\t<\/a>\n\t\t\t\t\t\t\t\t\t\t\t\t\t\t\t<\/div>\n\t\t\t\t<\/div>\n\t\t\t\t<\/div>\n\t\t\t\t\t<\/div>\n\t\t\t\t<\/div>\n\t\t<div class=\"elementor-element elementor-element-23515d0 e-flex e-con-boxed e-con e-parent\" data-id=\"23515d0\" data-element_type=\"container\">\n\t\t\t\t\t<div class=\"e-con-inner\">\n\t\t<div class=\"elementor-element elementor-element-e4a73b9 e-con-full e-flex e-con e-child\" data-id=\"e4a73b9\" data-element_type=\"container\">\n\t\t\t\t<div class=\"elementor-element elementor-element-41512e7 elementor-widget elementor-widget-text-editor\" data-id=\"41512e7\" data-element_type=\"widget\" data-widget_type=\"text-editor.default\">\n\t\t\t\t<div class=\"elementor-widget-container\">\n\t\t\t\t\t\t\t\t\t<p style=\"text-align: justify\">El misterio de la lectura en E.Infantil: <a href=\"https:\/\/equipotecnicoorientaciongranada.wordpress.com\/2021\/10\/26\/ciclo-de-videoconferencias-la-aventura-de-educar\/\">Fonocuentos<\/a><\/p>\t\t\t\t\t\t\t\t<\/div>\n\t\t\t\t<\/div>\n\t\t\t\t<\/div>\n\t\t<div class=\"elementor-element elementor-element-643c314 e-con-full e-flex e-con e-child\" data-id=\"643c314\" data-element_type=\"container\">\n\t\t\t\t<div class=\"elementor-element elementor-element-89098d5 elementor-widget elementor-widget-image\" data-id=\"89098d5\" data-element_type=\"widget\" data-widget_type=\"image.default\">\n\t\t\t\t<div class=\"elementor-widget-container\">\n\t\t\t\t\t\t\t\t\t\t\t\t\t\t\t\t<a href=\"https:\/\/equipotecnicoorientaciongranada.wordpress.com\/2021\/10\/26\/ciclo-de-videoconferencias-la-aventura-de-educar\/\">\n\t\t\t\t\t\t\t<img loading=\"lazy\" decoding=\"async\" width=\"474\" height=\"670\" src=\"https:\/\/blogsaverroes.juntadeandalucia.es\/eoedigame\/files\/2026\/04\/whatsapp-image-2021-10-19-at-16.07.51-724x1024.jpeg\" class=\"attachment-large size-large wp-image-1855\" alt=\"\" srcset=\"https:\/\/blogsaverroes.juntadeandalucia.es\/eoedigame\/files\/2026\/04\/whatsapp-image-2021-10-19-at-16.07.51-724x1024.jpeg 724w, https:\/\/blogsaverroes.juntadeandalucia.es\/eoedigame\/files\/2026\/04\/whatsapp-image-2021-10-19-at-16.07.51-212x300.jpeg 212w, https:\/\/blogsaverroes.juntadeandalucia.es\/eoedigame\/files\/2026\/04\/whatsapp-image-2021-10-19-at-16.07.51-768x1086.jpeg 768w, https:\/\/blogsaverroes.juntadeandalucia.es\/eoedigame\/files\/2026\/04\/whatsapp-image-2021-10-19-at-16.07.51-1086x1536.jpeg 1086w, https:\/\/blogsaverroes.juntadeandalucia.es\/eoedigame\/files\/2026\/04\/whatsapp-image-2021-10-19-at-16.07.51.jpeg 1131w\" sizes=\"(max-width: 474px) 100vw, 474px\" \/>\t\t\t\t\t\t\t\t<\/a>\n\t\t\t\t\t\t\t\t\t\t\t\t\t\t\t<\/div>\n\t\t\t\t<\/div>\n\t\t\t\t<\/div>\n\t\t\t\t\t<\/div>\n\t\t\t\t<\/div>\n\t\t\t\t<\/div>\n\t\t","protected":false},"excerpt":{"rendered":"<p>El Programa Educaci\u00f3n Inclusiva+ establece\u00a0plazas de profesorado especialista en Pedagog\u00eda Terap\u00e9utica y en Audici\u00f3n y Lenguaje, que desarrollar\u00e1n sus funciones en colaboraci\u00f3n con los profesionales de los Equipos de Orientaci\u00f3n Educativa.\u00a0Dichos profesionales se ubicar\u00e1n en los Equipos de Orientaci\u00f3n Educativa, para llevar a cabo sus funciones en el conjunto de centros de referencia donde se &hellip; <a href=\"https:\/\/blogsaverroes.juntadeandalucia.es\/eoedigame\/pt-inclusion\/\" class=\"more-link\">Seguir leyendo <span class=\"screen-reader-text\">PT Inclusi\u00f3n<\/span> <span class=\"meta-nav\">&rarr;<\/span><\/a><\/p>\n","protected":false},"author":14353,"featured_media":0,"parent":0,"menu_order":0,"comment_status":"closed","ping_status":"closed","template":"","meta":{"footnotes":""},"aioseo_notices":[],"_links":{"self":[{"href":"https:\/\/blogsaverroes.juntadeandalucia.es\/eoedigame\/wp-json\/wp\/v2\/pages\/1825"}],"collection":[{"href":"https:\/\/blogsaverroes.juntadeandalucia.es\/eoedigame\/wp-json\/wp\/v2\/pages"}],"about":[{"href":"https:\/\/blogsaverroes.juntadeandalucia.es\/eoedigame\/wp-json\/wp\/v2\/types\/page"}],"author":[{"embeddable":true,"href":"https:\/\/blogsaverroes.juntadeandalucia.es\/eoedigame\/wp-json\/wp\/v2\/users\/14353"}],"replies":[{"embeddable":true,"href":"https:\/\/blogsaverroes.juntadeandalucia.es\/eoedigame\/wp-json\/wp\/v2\/comments?post=1825"}],"version-history":[{"count":35,"href":"https:\/\/blogsaverroes.juntadeandalucia.es\/eoedigame\/wp-json\/wp\/v2\/pages\/1825\/revisions"}],"predecessor-version":[{"id":1863,"href":"https:\/\/blogsaverroes.juntadeandalucia.es\/eoedigame\/wp-json\/wp\/v2\/pages\/1825\/revisions\/1863"}],"wp:attachment":[{"href":"https:\/\/blogsaverroes.juntadeandalucia.es\/eoedigame\/wp-json\/wp\/v2\/media?parent=1825"}],"curies":[{"name":"wp","href":"https:\/\/api.w.org\/{rel}","templated":true}]}}