{"id":1888,"date":"2026-04-24T12:35:12","date_gmt":"2026-04-24T10:35:12","guid":{"rendered":"https:\/\/blogsaverroes.juntadeandalucia.es\/eoedigame\/?page_id=1888"},"modified":"2026-04-24T13:07:10","modified_gmt":"2026-04-24T11:07:10","slug":"gestion-seneca","status":"publish","type":"page","link":"https:\/\/blogsaverroes.juntadeandalucia.es\/eoedigame\/gestion-seneca\/","title":{"rendered":"Gesti\u00f3n S\u00e9neca"},"content":{"rendered":"\t\t<div data-elementor-type=\"wp-page\" data-elementor-id=\"1888\" class=\"elementor elementor-1888\">\n\t\t\t\t<div class=\"elementor-element elementor-element-86f056a e-flex e-con-boxed e-con e-parent\" data-id=\"86f056a\" data-element_type=\"container\">\n\t\t\t\t\t<div class=\"e-con-inner\">\n\t\t\t\t<div class=\"elementor-element elementor-element-d17da81 elementor-widget elementor-widget-text-editor\" data-id=\"d17da81\" data-element_type=\"widget\" data-widget_type=\"text-editor.default\">\n\t\t\t\t<div class=\"elementor-widget-container\">\n\t\t\t\t\t\t\t\t\t<table><tbody><tr><td><a href=\"https:\/\/drive.google.com\/file\/d\/1PpvLXNCqjCoaWUWjptvXzYLLRzm31K3A\/view?usp=drive_link\"><img decoding=\"async\" class=\"aligncenter\" src=\"https:\/\/blogsaverroes.juntadeandalucia.es\/orientajaen\/files\/2017\/07\/pdf-icon.png\" alt=\"\" width=\"55\" height=\"55\" \/><\/a><\/td><td>\u00a0Procedimiento de <strong>detecci\u00f3n de indicios NEAE<\/strong> en S\u00e9neca.<\/td><\/tr><tr><td><a href=\"https:\/\/drive.google.com\/file\/d\/1LZoqJ-g9d6VLJb8BhC4ntWsVBjzJbzfY\/view?usp=sharing\"><img decoding=\"async\" class=\"aligncenter\" src=\"https:\/\/blogsaverroes.juntadeandalucia.es\/orientajaen\/files\/2017\/07\/pdf-icon.png\" width=\"55\" height=\"55\" \/><\/a><\/td><td>\u00a0Procedimiento para la elaboraci\u00f3n de los <strong>Programas de Profundizaci\u00f3n<\/strong> del Aprendizaje.\u00a0<\/td><\/tr><tr><td><a href=\"https:\/\/drive.google.com\/file\/d\/1Jkpdj_3AFi2hl32DlUmRBmnOMbojegBX\/view?usp=sharing\"><img decoding=\"async\" class=\"aligncenter\" src=\"https:\/\/blogsaverroes.juntadeandalucia.es\/orientajaen\/files\/2017\/07\/pdf-icon.png\" width=\"55\" height=\"55\" \/><\/a><\/td><td>\u00a0Manual S\u00e9neca para la elaboraci\u00f3n de los <strong>Programas de Refuerzo<\/strong> del Aprendizaje.<\/td><\/tr><tr><td><a href=\"https:\/\/drive.google.com\/file\/d\/1aKBdFcTPz63JwSzW9g2Y3HGUdaxmVGfS\/view?usp=sharing\" target=\"_blank\" rel=\"noopener noreferrer\"><img decoding=\"async\" class=\"aligncenter wp-image-4617\" src=\"https:\/\/blogsaverroes.juntadeandalucia.es\/orientajaen\/files\/2017\/07\/pdf-icon.png\" alt=\"\" width=\"55\" height=\"55\" \/><\/a><\/td><td>Actualizaci\u00f3n del <strong>Manual M\u00f3dulo de Gesti\u00f3n de la Orientaci\u00f3n<\/strong> (14 de enero de 2025)<\/td><\/tr><tr><td><a href=\"https:\/\/blogsaverroes.juntadeandalucia.es\/orientajaen\/files\/2017\/07\/Gu%C3%ADa_Censo_NEAE_S%C3%89NECA_V2.pdf\" target=\"_blank\" rel=\"noopener noreferrer\"><img loading=\"lazy\" decoding=\"async\" class=\"wp-image-4617 aligncenter\" src=\"https:\/\/blogsaverroes.juntadeandalucia.es\/orientajaen\/files\/2017\/07\/pdf-icon.png\" alt=\"\" width=\"55\" height=\"55\" \/><\/a><\/td><td>Gu\u00eda para cumplimentar el <strong>censo<\/strong> de alumnado con NEAE en el M\u00f3dulo de Gesti\u00f3n de la Orientaci\u00f3n en S\u00e9neca (Versi\u00f3n 2: 30 de junio de 2017)<\/td><\/tr><tr><td><a href=\"https:\/\/blogsaverroes.juntadeandalucia.es\/orientajaen\/files\/2017\/07\/Asignaci%C3%B3n_perfiles.pdf\" target=\"_blank\" rel=\"noopener noreferrer\"><img decoding=\"async\" class=\"aligncenter wp-image-4617\" src=\"https:\/\/blogsaverroes.juntadeandalucia.es\/orientajaen\/files\/2017\/07\/pdf-icon.png\" alt=\"\" width=\"55\" height=\"55\" \/><\/a><\/td><td><strong>Asignaci\u00f3n de perfiles<\/strong> al resto de profesionales del EOE por parte del coordinador o coordinadora de EOE a comienzo del curso escolar<\/td><\/tr><tr><td><a href=\"https:\/\/blogsaverroes.juntadeandalucia.es\/orientajaen\/files\/2018\/11\/ACS_tutorial.pdf\" target=\"_blank\" rel=\"noopener noreferrer\"><img decoding=\"async\" class=\"aligncenter wp-image-4617\" src=\"https:\/\/blogsaverroes.juntadeandalucia.es\/orientajaen\/files\/2017\/07\/pdf-icon.png\" alt=\"\" width=\"55\" height=\"55\" \/><\/a><\/td><td>Tutorial para la cumplimentaci\u00f3n de <strong>Adaptaciones Curriculares Significativas (ACS)<\/strong> en el M\u00f3dulo de Gesti\u00f3n de la Orientaci\u00f3n en el sistema de informaci\u00f3n S\u00e9neca<\/td><\/tr><tr><td><a href=\"https:\/\/blogsaverroes.juntadeandalucia.es\/orientajaen\/files\/2018\/10\/PE_S%C3%89NECA.pdf\" target=\"_blank\" rel=\"noopener noreferrer\"><img loading=\"lazy\" decoding=\"async\" class=\"alignnone wp-image-4617\" src=\"https:\/\/blogsaverroes.juntadeandalucia.es\/orientajaen\/files\/2017\/07\/pdf-icon.png\" alt=\"\" width=\"55\" height=\"55\" \/><\/a><\/td><td>Tutorial para la cumplimentaci\u00f3n de <strong>Programas Espec\u00edficos (PE)<\/strong> en el M\u00f3dulo de Gesti\u00f3n de la Orientaci\u00f3n en el sistema de informaci\u00f3n S\u00e9neca<\/td><\/tr><tr><td><a href=\"https:\/\/blogsaverroes.juntadeandalucia.es\/orientajaen\/files\/2018\/11\/ACACI_tutorial.pdf\" target=\"_blank\" rel=\"noopener noreferrer\"><img loading=\"lazy\" decoding=\"async\" class=\"alignnone wp-image-4617\" src=\"https:\/\/blogsaverroes.juntadeandalucia.es\/orientajaen\/files\/2017\/07\/pdf-icon.png\" alt=\"\" width=\"55\" height=\"55\" \/><\/a><\/td><td>Tutorial para la cumplimentaci\u00f3n de <strong>Adaptaciones Curriculares para el Alumnado con Altas Capacidades Intelectuales (ACACI)<\/strong> en el M\u00f3dulo de Gesti\u00f3n de la Orientaci\u00f3n en el sistema de informaci\u00f3n S\u00e9neca<\/td><\/tr><tr><td><a href=\"https:\/\/blogsaverroes.juntadeandalucia.es\/orientajaen\/files\/2018\/12\/ACI_S%C3%89NECA.pdf\" target=\"_blank\" rel=\"noopener noreferrer\"><img loading=\"lazy\" decoding=\"async\" class=\"aligncenter wp-image-4617\" src=\"https:\/\/blogsaverroes.juntadeandalucia.es\/orientajaen\/files\/2017\/07\/pdf-icon-150x150.png\" alt=\"\" width=\"55\" height=\"55\" \/><\/a><\/td><td>Tutorial para la cumplimentaci\u00f3n de <strong>Adaptaciones Curriculares Individualizadas (ACI)<\/strong> en el M\u00f3dulo de Gesti\u00f3n de la Orientaci\u00f3n en el sistema de informaci\u00f3n S\u00e9neca<\/td><\/tr><tr><td><a href=\"https:\/\/blogsaverroes.juntadeandalucia.es\/orientajaen\/files\/2017\/07\/Jornada-Escolar-y-Horarios_S%C3%89NECA.pdf\" target=\"_blank\" rel=\"noopener noreferrer\"><img loading=\"lazy\" decoding=\"async\" class=\"wp-image-4617 aligncenter\" src=\"https:\/\/blogsaverroes.juntadeandalucia.es\/orientajaen\/files\/2017\/07\/pdf-icon.png\" alt=\"\" width=\"55\" height=\"55\" \/><\/a><\/td><td>La <strong>jornada escolar y los horarios de los profesionales del EOE<\/strong> en el sistema de informaci\u00f3n S\u00e9neca<\/td><\/tr><tr><td><a href=\"https:\/\/blogsaverroes.juntadeandalucia.es\/orientajaen\/files\/2017\/07\/Registro_Ausencias_S%C3%89NECA.pdf\" target=\"_blank\" rel=\"noopener noreferrer\"><img loading=\"lazy\" decoding=\"async\" class=\"wp-image-4617 aligncenter\" src=\"https:\/\/blogsaverroes.juntadeandalucia.es\/orientajaen\/files\/2017\/07\/pdf-icon.png\" alt=\"\" width=\"55\" height=\"55\" \/><\/a><\/td><td><strong>Registro de ausencias de los profesionales del EOE<\/strong> en el sistema de informaci\u00f3n S\u00e9neca<\/td><\/tr><tr><td><a href=\"https:\/\/blogsaverroes.juntadeandalucia.es\/orientajaen\/files\/2017\/07\/Procedimiento_Firmas_IEP-DE.pdf\" target=\"_blank\" rel=\"noopener noreferrer\"><img loading=\"lazy\" decoding=\"async\" class=\"wp-image-4617 aligncenter\" src=\"https:\/\/blogsaverroes.juntadeandalucia.es\/orientajaen\/files\/2017\/07\/pdf-icon.png\" alt=\"\" width=\"55\" height=\"55\" \/><\/a><\/td><td>Procedimiento para la <strong>firma electr\u00f3nica del informe de evaluaci\u00f3n psicopedag\u00f3gica y del dictamen de escolarizaci\u00f3n<\/strong> en el sistema S\u00e9neca por parte del orientador u orientadora.<\/td><\/tr><tr><td><a href=\"https:\/\/blogsaverroes.juntadeandalucia.es\/orientajaen\/files\/2020\/03\/Apertura_documentos_alumnado_nueva_escolarizaci%C3%B3n.pdf\" target=\"_blank\" rel=\"noopener noreferrer\"><img loading=\"lazy\" decoding=\"async\" class=\"wp-image-4617 aligncenter\" src=\"https:\/\/blogsaverroes.juntadeandalucia.es\/orientajaen\/files\/2017\/07\/pdf-icon.png\" alt=\"\" width=\"55\" height=\"55\" \/><\/a><\/td><td><strong>Realizaci\u00f3n del IEP y DE para el alumnado NEE que a\u00fan no est\u00e1 escolarizado<\/strong> en un centro docente<\/td><\/tr><\/tbody><\/table>\t\t\t\t\t\t\t\t<\/div>\n\t\t\t\t<\/div>\n\t\t\t\t\t<\/div>\n\t\t\t\t<\/div>\n\t\t\t\t<\/div>\n\t\t","protected":false},"excerpt":{"rendered":"<p>\u00a0Procedimiento de detecci\u00f3n de indicios NEAE en S\u00e9neca. \u00a0Procedimiento para la elaboraci\u00f3n de los Programas de Profundizaci\u00f3n del Aprendizaje. \u00a0Manual S\u00e9neca para la elaboraci\u00f3n de los Programas de Refuerzo del Aprendizaje. Actualizaci\u00f3n del Manual M\u00f3dulo de Gesti\u00f3n de la Orientaci\u00f3n (14 de enero de 2025) Gu\u00eda para cumplimentar el censo de alumnado con NEAE en &hellip; <a href=\"https:\/\/blogsaverroes.juntadeandalucia.es\/eoedigame\/gestion-seneca\/\" class=\"more-link\">Seguir leyendo <span class=\"screen-reader-text\">Gesti\u00f3n S\u00e9neca<\/span> <span class=\"meta-nav\">&rarr;<\/span><\/a><\/p>\n","protected":false},"author":14353,"featured_media":0,"parent":0,"menu_order":0,"comment_status":"closed","ping_status":"closed","template":"","meta":{"footnotes":""},"aioseo_notices":[],"_links":{"self":[{"href":"https:\/\/blogsaverroes.juntadeandalucia.es\/eoedigame\/wp-json\/wp\/v2\/pages\/1888"}],"collection":[{"href":"https:\/\/blogsaverroes.juntadeandalucia.es\/eoedigame\/wp-json\/wp\/v2\/pages"}],"about":[{"href":"https:\/\/blogsaverroes.juntadeandalucia.es\/eoedigame\/wp-json\/wp\/v2\/types\/page"}],"author":[{"embeddable":true,"href":"https:\/\/blogsaverroes.juntadeandalucia.es\/eoedigame\/wp-json\/wp\/v2\/users\/14353"}],"replies":[{"embeddable":true,"href":"https:\/\/blogsaverroes.juntadeandalucia.es\/eoedigame\/wp-json\/wp\/v2\/comments?post=1888"}],"version-history":[{"count":11,"href":"https:\/\/blogsaverroes.juntadeandalucia.es\/eoedigame\/wp-json\/wp\/v2\/pages\/1888\/revisions"}],"predecessor-version":[{"id":1903,"href":"https:\/\/blogsaverroes.juntadeandalucia.es\/eoedigame\/wp-json\/wp\/v2\/pages\/1888\/revisions\/1903"}],"wp:attachment":[{"href":"https:\/\/blogsaverroes.juntadeandalucia.es\/eoedigame\/wp-json\/wp\/v2\/media?parent=1888"}],"curies":[{"name":"wp","href":"https:\/\/api.w.org\/{rel}","templated":true}]}}