{"id":236,"date":"2025-04-07T13:15:04","date_gmt":"2025-04-07T11:15:04","guid":{"rendered":"https:\/\/blogsaverroes.juntadeandalucia.es\/eoedigame\/?page_id=236"},"modified":"2025-05-23T11:16:32","modified_gmt":"2025-05-23T09:16:32","slug":"intervencion-con-familias","status":"publish","type":"page","link":"https:\/\/blogsaverroes.juntadeandalucia.es\/eoedigame\/ideas-zts\/intervencion-con-familias\/","title":{"rendered":"Intervenci\u00f3n con familias"},"content":{"rendered":"\t\t<div data-elementor-type=\"wp-page\" data-elementor-id=\"236\" class=\"elementor elementor-236\">\n\t\t\t\t<div class=\"elementor-element elementor-element-d389e9a e-flex e-con-boxed e-con e-parent\" data-id=\"d389e9a\" data-element_type=\"container\">\n\t\t\t\t\t<div class=\"e-con-inner\">\n\t\t\t\t<div class=\"elementor-element elementor-element-b998949 elementor-widget elementor-widget-text-editor\" data-id=\"b998949\" data-element_type=\"widget\" data-widget_type=\"text-editor.default\">\n\t\t\t\t<div class=\"elementor-widget-container\">\n\t\t\t\t\t\t\t\t\t<p>En el contexto escolar, la intervenci\u00f3n con las familias del alumnado es un componente esencial para promover el desarrollo integral del estudiante y optimizar su proceso educativo. Como orientadora escolar en zona de transformaci\u00f3n social nuestra labor se ha centrado en\u00a0 establecer un canal de comunicaci\u00f3n efectivo, basado en la confianza y el respeto mutuo, que permita abordar de manera conjunta las necesidades acad\u00e9micas, emocionales y sociales de cada estudiante.<\/p><p>La intervenci\u00f3n con familias no solo contribuye al \u00e9xito acad\u00e9mico del alumnado, sino que tambi\u00e9n fortalece el v\u00ednculo entre la instituci\u00f3n educativa y el entorno familiar, creando un contexto propicio para el crecimiento integral del alumnado.<\/p><p>El objetivo principal del asesoramiento es brindar a las familias las herramientas necesarias para gestionar situaciones que puedan influir en el rendimiento acad\u00e9mico y en el bienestar socioemocional del estudiante.<\/p><p>Entre los objetivos espec\u00edficos se destacan:<\/p><ul><li>Facilitar estrategias de comunicaci\u00f3n efectiva entre padres e hijos.<\/li><li>Orientar sobre t\u00e9cnicas de motivaci\u00f3n y refuerzo positivo.<\/li><li>Asesorar en el manejo de conflictos familiares que puedan repercutir en el \u00e1mbito escolar.<\/li><\/ul><p>Pincha en los botones que encontrar\u00e1s a continuaci\u00f3n para descubrir\u00a0 algunas de las intervenciones realizadas con las familias que este curso hemos realizado.<\/p>\t\t\t\t\t\t\t\t<\/div>\n\t\t\t\t<\/div>\n\t\t\t\t\t<\/div>\n\t\t\t\t<\/div>\n\t\t<div class=\"elementor-element elementor-element-9f6a9fd e-flex e-con-boxed e-con e-parent\" data-id=\"9f6a9fd\" data-element_type=\"container\">\n\t\t\t\t\t<div class=\"e-con-inner\">\n\t\t\t\t<div class=\"elementor-element elementor-element-13dea4f elementor-widget elementor-widget-image\" data-id=\"13dea4f\" data-element_type=\"widget\" data-widget_type=\"image.default\">\n\t\t\t\t<div class=\"elementor-widget-container\">\n\t\t\t\t\t\t\t\t\t\t\t\t\t\t\t\t<a href=\"https:\/\/blogsaverroes.juntadeandalucia.es\/eoedigame\/ideas-zts\/intervencion-con-familias\/tecnicas-de-estudio\/\" target=\"_blank\">\n\t\t\t\t\t\t\t<img fetchpriority=\"high\" decoding=\"async\" width=\"474\" height=\"151\" src=\"https:\/\/blogsaverroes.juntadeandalucia.es\/eoedigame\/files\/2025\/05\/tec.jpg\" class=\"attachment-large size-large wp-image-751\" alt=\"\" srcset=\"https:\/\/blogsaverroes.juntadeandalucia.es\/eoedigame\/files\/2025\/05\/tec.jpg 713w, https:\/\/blogsaverroes.juntadeandalucia.es\/eoedigame\/files\/2025\/05\/tec-300x96.jpg 300w\" sizes=\"(max-width: 474px) 100vw, 474px\" \/>\t\t\t\t\t\t\t\t<\/a>\n\t\t\t\t\t\t\t\t\t\t\t\t\t\t\t<\/div>\n\t\t\t\t<\/div>\n\t\t\t\t\t<\/div>\n\t\t\t\t<\/div>\n\t\t<div class=\"elementor-element elementor-element-fe11abb e-flex e-con-boxed e-con e-parent\" data-id=\"fe11abb\" data-element_type=\"container\">\n\t\t\t\t\t<div class=\"e-con-inner\">\n\t\t\t\t<div class=\"elementor-element elementor-element-01518cf elementor-widget elementor-widget-image\" data-id=\"01518cf\" data-element_type=\"widget\" data-widget_type=\"image.default\">\n\t\t\t\t<div class=\"elementor-widget-container\">\n\t\t\t\t\t\t\t\t\t\t\t\t\t\t\t\t<a href=\"https:\/\/blogsaverroes.juntadeandalucia.es\/eoedigame\/ideas-zts\/intervencion-con-familias\/asesoramiento-familias-eduacion-infantil\/\" target=\"_blank\">\n\t\t\t\t\t\t\t<img decoding=\"async\" width=\"474\" height=\"145\" src=\"https:\/\/blogsaverroes.juntadeandalucia.es\/eoedigame\/files\/2025\/05\/ei.jpg\" class=\"attachment-large size-large wp-image-752\" alt=\"\" srcset=\"https:\/\/blogsaverroes.juntadeandalucia.es\/eoedigame\/files\/2025\/05\/ei.jpg 728w, https:\/\/blogsaverroes.juntadeandalucia.es\/eoedigame\/files\/2025\/05\/ei-300x92.jpg 300w\" sizes=\"(max-width: 474px) 100vw, 474px\" \/>\t\t\t\t\t\t\t\t<\/a>\n\t\t\t\t\t\t\t\t\t\t\t\t\t\t\t<\/div>\n\t\t\t\t<\/div>\n\t\t\t\t<div class=\"elementor-element elementor-element-f68e4d0 elementor-widget elementor-widget-image\" data-id=\"f68e4d0\" data-element_type=\"widget\" data-widget_type=\"image.default\">\n\t\t\t\t<div class=\"elementor-widget-container\">\n\t\t\t\t\t\t\t\t\t\t\t\t\t\t\t\t<a href=\"https:\/\/blogsaverroes.juntadeandalucia.es\/eoedigame\/ideas-zts\/intervencion-con-familias\/control-rabietas\" target=\"_blank\">\n\t\t\t\t\t\t\t<img decoding=\"async\" width=\"474\" height=\"146\" src=\"https:\/\/blogsaverroes.juntadeandalucia.es\/eoedigame\/files\/2025\/05\/rabietas.jpg\" class=\"attachment-large size-large wp-image-753\" alt=\"\" srcset=\"https:\/\/blogsaverroes.juntadeandalucia.es\/eoedigame\/files\/2025\/05\/rabietas.jpg 713w, https:\/\/blogsaverroes.juntadeandalucia.es\/eoedigame\/files\/2025\/05\/rabietas-300x92.jpg 300w\" sizes=\"(max-width: 474px) 100vw, 474px\" \/>\t\t\t\t\t\t\t\t<\/a>\n\t\t\t\t\t\t\t\t\t\t\t\t\t\t\t<\/div>\n\t\t\t\t<\/div>\n\t\t\t\t<div class=\"elementor-element elementor-element-31241fb elementor-widget elementor-widget-image\" data-id=\"31241fb\" data-element_type=\"widget\" data-widget_type=\"image.default\">\n\t\t\t\t<div class=\"elementor-widget-container\">\n\t\t\t\t\t\t\t\t\t\t\t\t\t\t\t\t<a href=\"https:\/\/blogsaverroes.juntadeandalucia.es\/eoedigame\/ideas-zts\/intervencion-con-familias\/asesoramiento-a-familias-de-alumnado-con-neae\/\" target=\"_blank\">\n\t\t\t\t\t\t\t<img loading=\"lazy\" decoding=\"async\" width=\"474\" height=\"151\" src=\"https:\/\/blogsaverroes.juntadeandalucia.es\/eoedigame\/files\/2025\/05\/neae.jpg\" class=\"attachment-large size-large wp-image-754\" alt=\"\" srcset=\"https:\/\/blogsaverroes.juntadeandalucia.es\/eoedigame\/files\/2025\/05\/neae.jpg 730w, https:\/\/blogsaverroes.juntadeandalucia.es\/eoedigame\/files\/2025\/05\/neae-300x96.jpg 300w\" sizes=\"(max-width: 474px) 100vw, 474px\" \/>\t\t\t\t\t\t\t\t<\/a>\n\t\t\t\t\t\t\t\t\t\t\t\t\t\t\t<\/div>\n\t\t\t\t<\/div>\n\t\t\t\t<div class=\"elementor-element elementor-element-67855cc elementor-widget elementor-widget-image\" data-id=\"67855cc\" data-element_type=\"widget\" data-widget_type=\"image.default\">\n\t\t\t\t<div class=\"elementor-widget-container\">\n\t\t\t\t\t\t\t\t\t\t\t\t\t\t\t\t<a href=\"https:\/\/blogsaverroes.juntadeandalucia.es\/eoedigame\/ideas-zts\/intervencion-con-familias\/sensibilizacion-tea-para-familias\/\" target=\"_blank\">\n\t\t\t\t\t\t\t<img loading=\"lazy\" decoding=\"async\" width=\"474\" height=\"160\" src=\"https:\/\/blogsaverroes.juntadeandalucia.es\/eoedigame\/files\/2025\/05\/tea.jpg\" class=\"attachment-large size-large wp-image-755\" alt=\"\" srcset=\"https:\/\/blogsaverroes.juntadeandalucia.es\/eoedigame\/files\/2025\/05\/tea.jpg 733w, https:\/\/blogsaverroes.juntadeandalucia.es\/eoedigame\/files\/2025\/05\/tea-300x101.jpg 300w\" sizes=\"(max-width: 474px) 100vw, 474px\" \/>\t\t\t\t\t\t\t\t<\/a>\n\t\t\t\t\t\t\t\t\t\t\t\t\t\t\t<\/div>\n\t\t\t\t<\/div>\n\t\t\t\t<div class=\"elementor-element elementor-element-ec98191 elementor-widget elementor-widget-image\" data-id=\"ec98191\" data-element_type=\"widget\" data-widget_type=\"image.default\">\n\t\t\t\t<div class=\"elementor-widget-container\">\n\t\t\t\t\t\t\t\t\t\t\t\t\t\t\t\t<a href=\"https:\/\/blogsaverroes.juntadeandalucia.es\/eoedigame\/ideas-zts\/intervencion-con-familias\/uso-del-movil\/\" target=\"_blank\">\n\t\t\t\t\t\t\t<img loading=\"lazy\" decoding=\"async\" width=\"474\" height=\"146\" src=\"https:\/\/blogsaverroes.juntadeandalucia.es\/eoedigame\/files\/2025\/05\/movil.jpg\" class=\"attachment-large size-large wp-image-793\" alt=\"\" srcset=\"https:\/\/blogsaverroes.juntadeandalucia.es\/eoedigame\/files\/2025\/05\/movil.jpg 728w, https:\/\/blogsaverroes.juntadeandalucia.es\/eoedigame\/files\/2025\/05\/movil-300x92.jpg 300w\" sizes=\"(max-width: 474px) 100vw, 474px\" \/>\t\t\t\t\t\t\t\t<\/a>\n\t\t\t\t\t\t\t\t\t\t\t\t\t\t\t<\/div>\n\t\t\t\t<\/div>\n\t\t\t\t\t<\/div>\n\t\t\t\t<\/div>\n\t\t\t\t<\/div>\n\t\t","protected":false},"excerpt":{"rendered":"<p>En el contexto escolar, la intervenci\u00f3n con las familias del alumnado es un componente esencial para promover el desarrollo integral del estudiante y optimizar su proceso educativo. Como orientadora escolar en zona de transformaci\u00f3n social nuestra labor se ha centrado en\u00a0 establecer un canal de comunicaci\u00f3n efectivo, basado en la confianza y el respeto mutuo, &hellip; <a href=\"https:\/\/blogsaverroes.juntadeandalucia.es\/eoedigame\/ideas-zts\/intervencion-con-familias\/\" class=\"more-link\">Seguir leyendo <span class=\"screen-reader-text\">Intervenci\u00f3n con familias<\/span> <span class=\"meta-nav\">&rarr;<\/span><\/a><\/p>\n","protected":false},"author":20609,"featured_media":690,"parent":48,"menu_order":0,"comment_status":"closed","ping_status":"closed","template":"","meta":{"footnotes":""},"aioseo_notices":[],"_links":{"self":[{"href":"https:\/\/blogsaverroes.juntadeandalucia.es\/eoedigame\/wp-json\/wp\/v2\/pages\/236"}],"collection":[{"href":"https:\/\/blogsaverroes.juntadeandalucia.es\/eoedigame\/wp-json\/wp\/v2\/pages"}],"about":[{"href":"https:\/\/blogsaverroes.juntadeandalucia.es\/eoedigame\/wp-json\/wp\/v2\/types\/page"}],"author":[{"embeddable":true,"href":"https:\/\/blogsaverroes.juntadeandalucia.es\/eoedigame\/wp-json\/wp\/v2\/users\/20609"}],"replies":[{"embeddable":true,"href":"https:\/\/blogsaverroes.juntadeandalucia.es\/eoedigame\/wp-json\/wp\/v2\/comments?post=236"}],"version-history":[{"count":44,"href":"https:\/\/blogsaverroes.juntadeandalucia.es\/eoedigame\/wp-json\/wp\/v2\/pages\/236\/revisions"}],"predecessor-version":[{"id":1022,"href":"https:\/\/blogsaverroes.juntadeandalucia.es\/eoedigame\/wp-json\/wp\/v2\/pages\/236\/revisions\/1022"}],"up":[{"embeddable":true,"href":"https:\/\/blogsaverroes.juntadeandalucia.es\/eoedigame\/wp-json\/wp\/v2\/pages\/48"}],"wp:featuredmedia":[{"embeddable":true,"href":"https:\/\/blogsaverroes.juntadeandalucia.es\/eoedigame\/wp-json\/wp\/v2\/media\/690"}],"wp:attachment":[{"href":"https:\/\/blogsaverroes.juntadeandalucia.es\/eoedigame\/wp-json\/wp\/v2\/media?parent=236"}],"curies":[{"name":"wp","href":"https:\/\/api.w.org\/{rel}","templated":true}]}}