{"id":323,"date":"2025-04-11T13:15:08","date_gmt":"2025-04-11T11:15:08","guid":{"rendered":"https:\/\/blogsaverroes.juntadeandalucia.es\/eoedigame\/?page_id=323"},"modified":"2025-04-21T10:18:12","modified_gmt":"2025-04-21T08:18:12","slug":"informacion-relevante-del-contexto-familiar-y-social","status":"publish","type":"page","link":"https:\/\/blogsaverroes.juntadeandalucia.es\/eoedigame\/evaluacion-psicopedagogica\/informacion-relevante-del-contexto-familiar-y-social\/","title":{"rendered":"INFORMACI\u00d3N RELEVANTE DEL CONTEXTO FAMILIAR Y SOCIAL"},"content":{"rendered":"\t\t<div data-elementor-type=\"wp-page\" data-elementor-id=\"323\" class=\"elementor elementor-323\">\n\t\t\t\t<div class=\"elementor-element elementor-element-4ae99c9 e-flex e-con-boxed e-con e-parent\" data-id=\"4ae99c9\" data-element_type=\"container\">\n\t\t\t\t\t<div class=\"e-con-inner\">\n\t\t\t\t<div class=\"elementor-element elementor-element-b2d152e elementor-widget elementor-widget-text-editor\" data-id=\"b2d152e\" data-element_type=\"widget\" data-widget_type=\"text-editor.default\">\n\t\t\t\t<div class=\"elementor-widget-container\">\n\t\t\t\t\t\t\t\t\t<p style=\"text-align: justify\"><span style=\"font-weight: 400\">El entorno familiar y social del alumno tiene un impacto significativo en su desarrollo y aprendizaje. Una evaluaci\u00f3n psicopedag\u00f3gica completa debe incluir un an\u00e1lisis detallado de estos contextos para comprender mejor las influencias externas que afectan al estudiante.<\/span><\/p>\t\t\t\t\t\t\t\t<\/div>\n\t\t\t\t<\/div>\n\t\t\t\t\t<\/div>\n\t\t\t\t<\/div>\n\t\t<div class=\"elementor-element elementor-element-10b3e58 e-flex e-con-boxed e-con e-parent\" data-id=\"10b3e58\" data-element_type=\"container\">\n\t\t\t\t\t<div class=\"e-con-inner\">\n\t\t\t\t<div class=\"elementor-element elementor-element-8d3adb8 elementor-widget elementor-widget-text-editor\" data-id=\"8d3adb8\" data-element_type=\"widget\" data-widget_type=\"text-editor.default\">\n\t\t\t\t<div class=\"elementor-widget-container\">\n\t\t\t\t\t\t\t\t\t<table><tbody><tr style=\"text-align: justify\"><td><p><b>Estructura y Din\u00e1mica Familiar<\/b><\/p><\/td><td><p style=\"text-align: justify\"><span style=\"font-weight: 400\">Es crucial entender la composici\u00f3n y funcionamiento de la familia:<\/span><span style=\"font-weight: 400\"><br \/><\/span><span style=\"font-weight: 400\">&#8211;\u00a0<\/span><b>Miembros de la unidad familiar:<\/b><span style=\"font-weight: 400\">\u00a0Padres, hermanos, otros familiares convivientes.<\/span><span style=\"font-weight: 400\"><br \/><\/span><span style=\"font-weight: 400\">&#8211;\u00a0<\/span><b>Roles y responsabilidades dentro de la familia.<\/b><span style=\"font-weight: 400\"><br \/><\/span><span style=\"font-weight: 400\">&#8211;\u00a0<\/span><b>Estilos de comunicaci\u00f3n y resoluci\u00f3n de conflictos.<\/b><span style=\"font-weight: 400\"><br \/><\/span><span style=\"font-weight: 400\">&#8211;\u00a0<\/span><b>Rutinas y h\u00e1bitos familiares, especialmente los relacionados con el estudio y el ocio.<\/b><\/p><\/td><\/tr><tr style=\"text-align: justify\"><td><p><b>Nivel Socioecon\u00f3mico y Cultural<\/b><\/p><\/td><td><p style=\"text-align: justify\"><span style=\"font-weight: 400\">El contexto socioecon\u00f3mico puede influir en las oportunidades educativas:<\/span><span style=\"font-weight: 400\"><br \/><\/span><span style=\"font-weight: 400\">&#8211;\u00a0<\/span><b>Nivel de estudios de los padres o tutores.<\/b><span style=\"font-weight: 400\"><br \/><\/span><span style=\"font-weight: 400\">&#8211;\u00a0<\/span><b>Situaci\u00f3n laboral y profesional de los miembros de la familia.<\/b><span style=\"font-weight: 400\"><br \/><\/span><span style=\"font-weight: 400\">&#8211;\u00a0<\/span><b>Recursos econ\u00f3micos disponibles para apoyar la educaci\u00f3n.<\/b><span style=\"font-weight: 400\"><br \/><\/span><span style=\"font-weight: 400\">&#8211;\u00a0<\/span><b>Acceso a recursos culturales:<\/b><span style=\"font-weight: 400\">\u00a0libros, tecnolog\u00eda, actividades extraescolares.<\/span><\/p><\/td><\/tr><tr style=\"text-align: justify\"><td><p><b>Expectativas y Actitudes hacia la Educaci\u00f3n<\/b><\/p><\/td><td><p style=\"text-align: justify\"><span style=\"font-weight: 400\">Las creencias familiares sobre la educaci\u00f3n son fundamentales:<\/span><span style=\"font-weight: 400\"><br \/><\/span><span style=\"font-weight: 400\">&#8211;\u00a0<\/span><b>Valor que la familia otorga a la educaci\u00f3n.<\/b><span style=\"font-weight: 400\"><br \/><\/span><span style=\"font-weight: 400\">&#8211;\u00a0<\/span><b>Expectativas acad\u00e9micas y profesionales para el alumno.<\/b><span style=\"font-weight: 400\"><br \/><\/span><span style=\"font-weight: 400\">&#8211;\u00a0<\/span><b>Nivel de implicaci\u00f3n en la vida escolar del estudiante.<\/b><span style=\"font-weight: 400\"><br \/><\/span><span style=\"font-weight: 400\">&#8211;\u00a0<\/span><b>Actitud hacia las dificultades de aprendizaje o necesidades especiales.<\/b><\/p><\/td><\/tr><tr style=\"text-align: justify\"><td><p><b>Apoyo Familiar al Proceso de Aprendizaje<\/b><\/p><\/td><td><p style=\"text-align: justify\"><span style=\"font-weight: 400\">Es importante evaluar c\u00f3mo la familia apoya el aprendizaje:<\/span><span style=\"font-weight: 400\"><br \/><\/span><span style=\"font-weight: 400\">&#8211;\u00a0<\/span><b>Supervisi\u00f3n y ayuda con las tareas escolares.<\/b><span style=\"font-weight: 400\"><br \/><\/span><span style=\"font-weight: 400\">&#8211;\u00a0<\/span><b>Provisi\u00f3n de un espacio adecuado para el estudio.<\/b><span style=\"font-weight: 400\"><br \/><\/span><span style=\"font-weight: 400\">&#8211;\u00a0<\/span><b>Fomento de h\u00e1bitos de lectura y estudio.<\/b><span style=\"font-weight: 400\"><br \/><\/span><span style=\"font-weight: 400\">&#8211;\u00a0<\/span><b>Participaci\u00f3n en actividades educativas complementarias.<\/b><\/p><\/td><\/tr><tr style=\"text-align: justify\"><td><p><b>Entorno Social y Comunitario<\/b><\/p><\/td><td><p style=\"text-align: justify\"><span style=\"font-weight: 400\">El contexto social m\u00e1s amplio tambi\u00e9n influye en el desarrollo del alumno:<\/span><span style=\"font-weight: 400\"><br \/><\/span><span style=\"font-weight: 400\">&#8211;\u00a0<\/span><b>Caracter\u00edsticas del barrio o comunidad donde vive el alumno.<\/b><span style=\"font-weight: 400\"><br \/><\/span><span style=\"font-weight: 400\">&#8211;\u00a0<\/span><b>Acceso a servicios comunitarios:<\/b><span style=\"font-weight: 400\">\u00a0bibliotecas, centros deportivos, culturales.<\/span><span style=\"font-weight: 400\"><br \/><\/span><span style=\"font-weight: 400\">&#8211;\u00a0<\/span><b>Relaciones sociales del alumno fuera del entorno escolar.<\/b><span style=\"font-weight: 400\"><br \/><\/span><span style=\"font-weight: 400\">&#8211;\u00a0<\/span><b>Participaci\u00f3n en actividades comunitarias o grupos sociales.<\/b><\/p><\/td><\/tr><tr style=\"text-align: justify\"><td><p><b>Factores de Riesgo y Protecci\u00f3n<\/b><\/p><\/td><td><p style=\"text-align: justify\"><span style=\"font-weight: 400\">Identificar elementos que puedan afectar positiva o negativamente al alumno:<\/span><span style=\"font-weight: 400\"><br \/><\/span><span style=\"font-weight: 400\">&#8211;\u00a0<\/span><b>Factores de riesgo:<\/b><span style=\"font-weight: 400\">\u00a0Conflictos familiares, situaciones de estr\u00e9s, problemas econ\u00f3micos.<\/span><span style=\"font-weight: 400\"><br \/><\/span><span style=\"font-weight: 400\">&#8211;\u00a0<\/span><b>Factores de protecci\u00f3n:<\/b><span style=\"font-weight: 400\">\u00a0Apoyo familiar s\u00f3lido, recursos comunitarios, redes de apoyo social.<\/span><\/p><\/td><\/tr><tr style=\"text-align: justify\"><td><p><b>Historia Familiar Relevante<\/b><\/p><\/td><td><p style=\"text-align: justify\"><span style=\"font-weight: 400\">Eventos significativos que puedan influir en el desarrollo del alumno:<\/span><span style=\"font-weight: 400\"><br \/><\/span><span style=\"font-weight: 400\">&#8211;\u00a0Cambios recientes en la estructura familiar\u00a0(divorcios, fallecimientos, nacimientos).<\/span><b><br \/><\/b><b>&#8211;\u00a0<\/b><span style=\"font-weight: 400\">Historial de movilidad o migraci\u00f3n.<\/span><b><br \/><\/b><b>&#8211;\u00a0<\/b><span style=\"font-weight: 400\">Antecedentes familiares de dificultades de aprendizaje o necesidades especiales.<\/span><\/p><\/td><\/tr><tr><td><p style=\"text-align: justify\"><b>Relaci\u00f3n Familia-Escuela<\/b><\/p><\/td><td><p style=\"text-align: justify\"><span style=\"font-weight: 400\">La colaboraci\u00f3n entre la familia y el centro educativo es crucial:<\/span><span style=\"font-weight: 400\"><br \/><\/span><b>&#8211;\u00a0<\/b><span style=\"font-weight: 400\">Frecuencia y calidad de la comunicaci\u00f3n con los docentes.<\/span><b><br \/><\/b><b>&#8211;\u00a0<\/b><span style=\"font-weight: 400\">Participaci\u00f3n en actividades escolares y reuniones.<\/span><b><br \/><\/b><b>&#8211;\u00a0<\/b><span style=\"font-weight: 400\">Grado de acuerdo con las estrategias educativas del centro.<\/span><b><br \/><\/b><b>&#8211;\u00a0<\/b><span style=\"font-weight: 400\">Disposici\u00f3n para colaborar en intervenciones educativas espec\u00edficas.<\/span><\/p><\/td><\/tr><\/tbody><\/table>\t\t\t\t\t\t\t\t<\/div>\n\t\t\t\t<\/div>\n\t\t\t\t\t<\/div>\n\t\t\t\t<\/div>\n\t\t\t\t<\/div>\n\t\t","protected":false},"excerpt":{"rendered":"<p>El entorno familiar y social del alumno tiene un impacto significativo en su desarrollo y aprendizaje. Una evaluaci\u00f3n psicopedag\u00f3gica completa debe incluir un an\u00e1lisis detallado de estos contextos para comprender mejor las influencias externas que afectan al estudiante. Estructura y Din\u00e1mica Familiar Es crucial entender la composici\u00f3n y funcionamiento de la familia:&#8211;\u00a0Miembros de la unidad &hellip; <a href=\"https:\/\/blogsaverroes.juntadeandalucia.es\/eoedigame\/evaluacion-psicopedagogica\/informacion-relevante-del-contexto-familiar-y-social\/\" class=\"more-link\">Seguir leyendo <span class=\"screen-reader-text\">INFORMACI\u00d3N RELEVANTE DEL CONTEXTO FAMILIAR Y SOCIAL<\/span> <span class=\"meta-nav\">&rarr;<\/span><\/a><\/p>\n","protected":false},"author":14353,"featured_media":322,"parent":14,"menu_order":0,"comment_status":"closed","ping_status":"closed","template":"","meta":{"footnotes":""},"aioseo_notices":[],"_links":{"self":[{"href":"https:\/\/blogsaverroes.juntadeandalucia.es\/eoedigame\/wp-json\/wp\/v2\/pages\/323"}],"collection":[{"href":"https:\/\/blogsaverroes.juntadeandalucia.es\/eoedigame\/wp-json\/wp\/v2\/pages"}],"about":[{"href":"https:\/\/blogsaverroes.juntadeandalucia.es\/eoedigame\/wp-json\/wp\/v2\/types\/page"}],"author":[{"embeddable":true,"href":"https:\/\/blogsaverroes.juntadeandalucia.es\/eoedigame\/wp-json\/wp\/v2\/users\/14353"}],"replies":[{"embeddable":true,"href":"https:\/\/blogsaverroes.juntadeandalucia.es\/eoedigame\/wp-json\/wp\/v2\/comments?post=323"}],"version-history":[{"count":4,"href":"https:\/\/blogsaverroes.juntadeandalucia.es\/eoedigame\/wp-json\/wp\/v2\/pages\/323\/revisions"}],"predecessor-version":[{"id":375,"href":"https:\/\/blogsaverroes.juntadeandalucia.es\/eoedigame\/wp-json\/wp\/v2\/pages\/323\/revisions\/375"}],"up":[{"embeddable":true,"href":"https:\/\/blogsaverroes.juntadeandalucia.es\/eoedigame\/wp-json\/wp\/v2\/pages\/14"}],"wp:featuredmedia":[{"embeddable":true,"href":"https:\/\/blogsaverroes.juntadeandalucia.es\/eoedigame\/wp-json\/wp\/v2\/media\/322"}],"wp:attachment":[{"href":"https:\/\/blogsaverroes.juntadeandalucia.es\/eoedigame\/wp-json\/wp\/v2\/media?parent=323"}],"curies":[{"name":"wp","href":"https:\/\/api.w.org\/{rel}","templated":true}]}}