{"id":39,"date":"2024-10-17T12:45:01","date_gmt":"2024-10-17T10:45:01","guid":{"rendered":"https:\/\/blogsaverroes.juntadeandalucia.es\/eoedigame\/?page_id=39"},"modified":"2026-04-24T12:33:01","modified_gmt":"2026-04-24T10:33:01","slug":"e-primaria-e-secundaria","status":"publish","type":"page","link":"https:\/\/blogsaverroes.juntadeandalucia.es\/eoedigame\/transito\/e-primaria-e-secundaria\/","title":{"rendered":"E. Primaria- E. Secundaria"},"content":{"rendered":"\t\t<div data-elementor-type=\"wp-page\" data-elementor-id=\"39\" class=\"elementor elementor-39\">\n\t\t\t\t<div class=\"elementor-element elementor-element-36bbad7 e-flex e-con-boxed e-con e-parent\" data-id=\"36bbad7\" data-element_type=\"container\">\n\t\t\t\t\t<div class=\"e-con-inner\">\n\t\t\t\t<div class=\"elementor-element elementor-element-440c42c elementor-widget elementor-widget-text-editor\" data-id=\"440c42c\" data-element_type=\"widget\" data-widget_type=\"text-editor.default\">\n\t\t\t\t<div class=\"elementor-widget-container\">\n\t\t\t\t\t\t\t\t\t<p style=\"text-align: justify\"><span style=\"font-family: arial, helvetica, sans-serif\">Si continuamos por el sendero de nuestro Sistema Educativo,<\/span><br \/><span style=\"font-family: arial, helvetica, sans-serif\">volvemos a encontrarnos con un nuevo paraje, el paso a otra etapa, la educaci\u00f3n secundaria.<\/span><\/p><p style=\"text-align: justify\"><span style=\"font-family: arial, helvetica, sans-serif\">Y es que, de repente, aquellos ni\u00f1os y ni\u00f1as que a cuyas familias les aconsej\u00e1bamos que le retirasen el chupete o el pa\u00f1al antes de entrar en la etapa de infantil, se nos han hecho mayores. Llegan a la temida adolescencia, y han de enfrentarse a un nuevo reto, a un cambio de escenario cargado de mitos y falsas creencias.<\/span><\/p><p style=\"text-align: justify\"><span style=\"font-family: arial, helvetica, sans-serif\">He aqu\u00ed otra importante actuaci\u00f3n de coordinaci\u00f3n entre profesionales que faciliten ese tr\u00e1nsito y destierren las falsas creencias que le acompa\u00f1an.<\/span><\/p><p style=\"text-align: justify\"><span style=\"font-family: arial, helvetica, sans-serif\">Se precisan actuaciones de acompa\u00f1amiento y de coordinaci\u00f3n con las familias que faciliten desde casa el cambio e iniciativas entre docentes de educaci\u00f3n primaria y secundaria para evitar cambios bruscos e inconexos entre ambas etapas.<\/span><\/p><p>\u00a0<\/p>\t\t\t\t\t\t\t\t<\/div>\n\t\t\t\t<\/div>\n\t\t\t\t\t<\/div>\n\t\t\t\t<\/div>\n\t\t<div class=\"elementor-element elementor-element-8ab6baf e-flex e-con-boxed e-con e-parent\" data-id=\"8ab6baf\" data-element_type=\"container\">\n\t\t\t\t\t<div class=\"e-con-inner\">\n\t\t<div class=\"elementor-element elementor-element-8d6848f e-con-full e-flex e-con e-child\" data-id=\"8d6848f\" data-element_type=\"container\">\n\t\t\t\t<div class=\"elementor-element elementor-element-68882bd elementor-widget elementor-widget-text-editor\" data-id=\"68882bd\" data-element_type=\"widget\" data-widget_type=\"text-editor.default\">\n\t\t\t\t<div class=\"elementor-widget-container\">\n\t\t\t\t\t\t\t\t\t<p><a href=\"https:\/\/blogsaverroes.juntadeandalucia.es\/eoedigame\/files\/2025\/04\/de-primaria-a-secundaria-3.0-1.pdf\"><img decoding=\"async\" class=\"aligncenter\" src=\"https:\/\/equipotecnicoorientaciongranada.wordpress.com\/wp-content\/uploads\/2019\/06\/captura-de-pantalla-2019-05-29-a-las-23.19.42-e1560722216649.png?w=332&amp;h=333\" alt=\"captura-de-pantalla-2019-05-29-a-las-23.19.42.png\" \/><\/a><\/p>\t\t\t\t\t\t\t\t<\/div>\n\t\t\t\t<\/div>\n\t\t\t\t<\/div>\n\t\t<div class=\"elementor-element elementor-element-51e8f6a e-con-full e-flex e-con e-child\" data-id=\"51e8f6a\" data-element_type=\"container\">\n\t\t\t\t<div class=\"elementor-element elementor-element-47f7229 elementor-widget elementor-widget-text-editor\" data-id=\"47f7229\" data-element_type=\"widget\" data-widget_type=\"text-editor.default\">\n\t\t\t\t<div class=\"elementor-widget-container\">\n\t\t\t\t\t\t\t\t\t<p style=\"text-align: justify\"><a href=\"https:\/\/blogsaverroes.juntadeandalucia.es\/eoedigame\/files\/2025\/04\/de-primaria-a-secundaria-3.0-1.pdf\">Gu\u00eda<\/a> para facilitaros actuaciones recogidas en la normativa vigente, intervenciones educativas y propuestas de actividades ajustadas a este proceso de tr\u00e1nsito que den respuesta a las nuevas necesidades detectadas.<\/p>\t\t\t\t\t\t\t\t<\/div>\n\t\t\t\t<\/div>\n\t\t\t\t<\/div>\n\t\t\t\t\t<\/div>\n\t\t\t\t<\/div>\n\t\t<div class=\"elementor-element elementor-element-3318f2d e-flex e-con-boxed e-con e-parent\" data-id=\"3318f2d\" data-element_type=\"container\">\n\t\t\t\t\t<div class=\"e-con-inner\">\n\t\t<div class=\"elementor-element elementor-element-a7e4ca9 e-con-full e-flex e-con e-child\" data-id=\"a7e4ca9\" data-element_type=\"container\">\n\t\t\t\t<div class=\"elementor-element elementor-element-36ac9e3 elementor-widget elementor-widget-image\" data-id=\"36ac9e3\" data-element_type=\"widget\" data-widget_type=\"image.default\">\n\t\t\t\t<div class=\"elementor-widget-container\">\n\t\t\t\t\t\t\t\t\t\t\t\t\t\t\t\t<a href=\"https:\/\/blogsaverroes.juntadeandalucia.es\/orientacionvocacionalyprofesional\/\">\n\t\t\t\t\t\t\t<img fetchpriority=\"high\" decoding=\"async\" width=\"302\" height=\"167\" src=\"https:\/\/blogsaverroes.juntadeandalucia.es\/eoedigame\/files\/2025\/11\/descarga.jpeg\" class=\"attachment-full size-full wp-image-1724\" alt=\"\" srcset=\"https:\/\/blogsaverroes.juntadeandalucia.es\/eoedigame\/files\/2025\/11\/descarga.jpeg 302w, https:\/\/blogsaverroes.juntadeandalucia.es\/eoedigame\/files\/2025\/11\/descarga-300x166.jpeg 300w\" sizes=\"(max-width: 302px) 100vw, 302px\" \/>\t\t\t\t\t\t\t\t<\/a>\n\t\t\t\t\t\t\t\t\t\t\t\t\t\t\t<\/div>\n\t\t\t\t<\/div>\n\t\t\t\t<\/div>\n\t\t<div class=\"elementor-element elementor-element-3c61215 e-con-full e-flex e-con e-child\" data-id=\"3c61215\" data-element_type=\"container\">\n\t\t\t\t<div class=\"elementor-element elementor-element-c53d705 elementor-widget elementor-widget-text-editor\" data-id=\"c53d705\" data-element_type=\"widget\" data-widget_type=\"text-editor.default\">\n\t\t\t\t<div class=\"elementor-widget-container\">\n\t\t\t\t\t\t\t\t\t<p style=\"text-align: justify\"><span style=\"font-family: arial, helvetica, sans-serif\">Si quieres m\u00e1s informaci\u00f3n sobre Secundaria, bachillerato, salidas profesionales, empleo, etc. visita la web <a href=\"https:\/\/blogsaverroes.juntadeandalucia.es\/orientacionvocacionalyprofesional\/\">Orientasur.<\/a><\/span><\/p>\t\t\t\t\t\t\t\t<\/div>\n\t\t\t\t<\/div>\n\t\t\t\t<\/div>\n\t\t\t\t\t<\/div>\n\t\t\t\t<\/div>\n\t\t<div class=\"elementor-element elementor-element-d2eae0c e-flex e-con-boxed e-con e-parent\" data-id=\"d2eae0c\" data-element_type=\"container\">\n\t\t\t\t\t<div class=\"e-con-inner\">\n\t\t<div class=\"elementor-element elementor-element-1afdbb6 e-con-full e-flex e-con e-child\" data-id=\"1afdbb6\" data-element_type=\"container\">\n\t\t\t\t<div class=\"elementor-element elementor-element-8c104da elementor-widget elementor-widget-image\" data-id=\"8c104da\" data-element_type=\"widget\" data-widget_type=\"image.default\">\n\t\t\t\t<div class=\"elementor-widget-container\">\n\t\t\t\t\t\t\t\t\t\t\t\t\t\t\t\t<a href=\"https:\/\/view.genially.com\/6718a4c28b51f16a074119b1\">\n\t\t\t\t\t\t\t<img decoding=\"async\" width=\"979\" height=\"441\" src=\"https:\/\/blogsaverroes.juntadeandalucia.es\/eoedigame\/files\/2026\/04\/blanco_page-0001-e1777026321998.jpg\" class=\"attachment-full size-full wp-image-1874\" alt=\"\" srcset=\"https:\/\/blogsaverroes.juntadeandalucia.es\/eoedigame\/files\/2026\/04\/blanco_page-0001-e1777026321998.jpg 979w, https:\/\/blogsaverroes.juntadeandalucia.es\/eoedigame\/files\/2026\/04\/blanco_page-0001-e1777026321998-300x135.jpg 300w, https:\/\/blogsaverroes.juntadeandalucia.es\/eoedigame\/files\/2026\/04\/blanco_page-0001-e1777026321998-768x346.jpg 768w\" sizes=\"(max-width: 979px) 100vw, 979px\" \/>\t\t\t\t\t\t\t\t<\/a>\n\t\t\t\t\t\t\t\t\t\t\t\t\t\t\t<\/div>\n\t\t\t\t<\/div>\n\t\t\t\t<\/div>\n\t\t<div class=\"elementor-element elementor-element-b018c0f e-con-full e-flex e-con e-child\" data-id=\"b018c0f\" data-element_type=\"container\">\n\t\t\t\t<div class=\"elementor-element elementor-element-1763501 elementor-widget elementor-widget-text-editor\" data-id=\"1763501\" data-element_type=\"widget\" data-widget_type=\"text-editor.default\">\n\t\t\t\t<div class=\"elementor-widget-container\">\n\t\t\t\t\t\t\t\t\t<p><a href=\"https:\/\/view.genially.com\/6718a4c28b51f16a074119b1\">\u00a1NOS VAMOS! GU\u00cdA DE VIAJE A LA ESO.<\/a> Material para el alumnado. Roc\u00edo Velasco<\/p>\t\t\t\t\t\t\t\t<\/div>\n\t\t\t\t<\/div>\n\t\t\t\t<\/div>\n\t\t\t\t\t<\/div>\n\t\t\t\t<\/div>\n\t\t<div class=\"elementor-element elementor-element-7ae8691 e-flex e-con-boxed e-con e-parent\" data-id=\"7ae8691\" data-element_type=\"container\">\n\t\t\t\t\t<div class=\"e-con-inner\">\n\t\t<div class=\"elementor-element elementor-element-c3973b2 e-con-full e-flex e-con e-child\" data-id=\"c3973b2\" data-element_type=\"container\">\n\t\t\t\t<div class=\"elementor-element elementor-element-cfe473e elementor-widget elementor-widget-image\" data-id=\"cfe473e\" data-element_type=\"widget\" data-widget_type=\"image.default\">\n\t\t\t\t<div class=\"elementor-widget-container\">\n\t\t\t\t\t\t\t\t\t\t\t\t\t\t\t\t<a href=\"https:\/\/competenciasdelsiglo21.com\/las-28-competencias-clave-en-una-imagen\/\">\n\t\t\t\t\t\t\t<img decoding=\"async\" width=\"474\" height=\"669\" src=\"https:\/\/blogsaverroes.juntadeandalucia.es\/eoedigame\/files\/2026\/04\/blanco_page-0001-1-725x1024.jpg\" class=\"attachment-large size-large wp-image-1875\" alt=\"\" srcset=\"https:\/\/blogsaverroes.juntadeandalucia.es\/eoedigame\/files\/2026\/04\/blanco_page-0001-1-725x1024.jpg 725w, https:\/\/blogsaverroes.juntadeandalucia.es\/eoedigame\/files\/2026\/04\/blanco_page-0001-1-1087x1536.jpg 1087w\" sizes=\"(max-width: 474px) 100vw, 474px\" \/>\t\t\t\t\t\t\t\t<\/a>\n\t\t\t\t\t\t\t\t\t\t\t\t\t\t\t<\/div>\n\t\t\t\t<\/div>\n\t\t\t\t<\/div>\n\t\t<div class=\"elementor-element elementor-element-b2be601 e-con-full e-flex e-con e-child\" data-id=\"b2be601\" data-element_type=\"container\">\n\t\t\t\t<div class=\"elementor-element elementor-element-b08c64b elementor-widget elementor-widget-text-editor\" data-id=\"b08c64b\" data-element_type=\"widget\" data-widget_type=\"text-editor.default\">\n\t\t\t\t<div class=\"elementor-widget-container\">\n\t\t\t\t\t\t\t\t\t<p style=\"text-align: justify\">Presentamos una sencilla <a href=\"https:\/\/competenciasdelsiglo21.com\/las-28-competencias-clave-en-una-imagen\/\">infograf\u00eda en la que podr\u00e9is encontrar las principales competencias del siglo XXI<\/a>, junto a una breve explicaci\u00f3n y algunos enlaces que os permitir\u00e1n ampliar vuestros conocimientos.<\/p>\t\t\t\t\t\t\t\t<\/div>\n\t\t\t\t<\/div>\n\t\t\t\t<\/div>\n\t\t\t\t\t<\/div>\n\t\t\t\t<\/div>\n\t\t\t\t<\/div>\n\t\t","protected":false},"excerpt":{"rendered":"<p>Si continuamos por el sendero de nuestro Sistema Educativo,volvemos a encontrarnos con un nuevo paraje, el paso a otra etapa, la educaci\u00f3n secundaria. Y es que, de repente, aquellos ni\u00f1os y ni\u00f1as que a cuyas familias les aconsej\u00e1bamos que le retirasen el chupete o el pa\u00f1al antes de entrar en la etapa de infantil, se &hellip; <a href=\"https:\/\/blogsaverroes.juntadeandalucia.es\/eoedigame\/transito\/e-primaria-e-secundaria\/\" class=\"more-link\">Seguir leyendo <span class=\"screen-reader-text\">E. Primaria- E. Secundaria<\/span> <span class=\"meta-nav\">&rarr;<\/span><\/a><\/p>\n","protected":false},"author":14353,"featured_media":0,"parent":12,"menu_order":0,"comment_status":"closed","ping_status":"closed","template":"","meta":{"footnotes":""},"aioseo_notices":[],"_links":{"self":[{"href":"https:\/\/blogsaverroes.juntadeandalucia.es\/eoedigame\/wp-json\/wp\/v2\/pages\/39"}],"collection":[{"href":"https:\/\/blogsaverroes.juntadeandalucia.es\/eoedigame\/wp-json\/wp\/v2\/pages"}],"about":[{"href":"https:\/\/blogsaverroes.juntadeandalucia.es\/eoedigame\/wp-json\/wp\/v2\/types\/page"}],"author":[{"embeddable":true,"href":"https:\/\/blogsaverroes.juntadeandalucia.es\/eoedigame\/wp-json\/wp\/v2\/users\/14353"}],"replies":[{"embeddable":true,"href":"https:\/\/blogsaverroes.juntadeandalucia.es\/eoedigame\/wp-json\/wp\/v2\/comments?post=39"}],"version-history":[{"count":37,"href":"https:\/\/blogsaverroes.juntadeandalucia.es\/eoedigame\/wp-json\/wp\/v2\/pages\/39\/revisions"}],"predecessor-version":[{"id":1887,"href":"https:\/\/blogsaverroes.juntadeandalucia.es\/eoedigame\/wp-json\/wp\/v2\/pages\/39\/revisions\/1887"}],"up":[{"embeddable":true,"href":"https:\/\/blogsaverroes.juntadeandalucia.es\/eoedigame\/wp-json\/wp\/v2\/pages\/12"}],"wp:attachment":[{"href":"https:\/\/blogsaverroes.juntadeandalucia.es\/eoedigame\/wp-json\/wp\/v2\/media?parent=39"}],"curies":[{"name":"wp","href":"https:\/\/api.w.org\/{rel}","templated":true}]}}