{"id":497,"date":"2025-05-09T13:16:51","date_gmt":"2025-05-09T11:16:51","guid":{"rendered":"https:\/\/blogsaverroes.juntadeandalucia.es\/eoedigame\/?page_id=497"},"modified":"2025-11-12T14:21:05","modified_gmt":"2025-11-12T13:21:05","slug":"medico-a-eoe","status":"publish","type":"page","link":"https:\/\/blogsaverroes.juntadeandalucia.es\/eoedigame\/medico-a-eoe\/","title":{"rendered":"M\u00c9DICO\/A EOE"},"content":{"rendered":"\t\t<div data-elementor-type=\"wp-page\" data-elementor-id=\"497\" class=\"elementor elementor-497\">\n\t\t\t\t<div class=\"elementor-element elementor-element-1710aae e-flex e-con-boxed e-con e-parent\" data-id=\"1710aae\" data-element_type=\"container\">\n\t\t\t\t\t<div class=\"e-con-inner\">\n\t\t\t\t<div class=\"elementor-element elementor-element-7fc0a8e elementor-widget elementor-widget-text-editor\" data-id=\"7fc0a8e\" data-element_type=\"widget\" data-widget_type=\"text-editor.default\">\n\t\t\t\t<div class=\"elementor-widget-container\">\n\t\t\t\t\t\t\t\t\t<p style=\"text-align: justify\"><span style=\"color: #000000\">La medicina escolar en Andaluc\u00eda se consolida como un componente esencial dentro de los Equipos de Orientaci\u00f3n Educativa.<\/span><\/p>\n<p style=\"text-align: justify\"><span style=\"color: #000000\">Los m\u00e9dicos escolares desempe\u00f1an un papel fundamental en la <strong>promoci\u00f3n y protecci\u00f3n de la salud<\/strong> <strong>del alumnado,<\/strong> interviniendo en los centros educativos para garantizar condiciones \u00f3ptimas que favorezcan el desarrollo integral del alumnado.<\/span><\/p>\n<p style=\"text-align: justify\"><span style=\"color: #000000\">En este espacio se detallan sus funciones espec\u00edficas, as\u00ed como la normativa y protocolos vinculados a su actuaci\u00f3n<\/span>.<\/p>\t\t\t\t\t\t\t\t<\/div>\n\t\t\t\t<\/div>\n\t\t\t\t\t<\/div>\n\t\t\t\t<\/div>\n\t\t<div class=\"elementor-element elementor-element-9eab2cc e-flex e-con-boxed e-con e-parent\" data-id=\"9eab2cc\" data-element_type=\"container\">\n\t\t\t\t\t<div class=\"e-con-inner\">\n\t\t\t\t<div class=\"elementor-element elementor-element-12ec3ca elementor-widget elementor-widget-image\" data-id=\"12ec3ca\" data-element_type=\"widget\" data-widget_type=\"image.default\">\n\t\t\t\t<div class=\"elementor-widget-container\">\n\t\t\t\t\t\t\t\t\t\t\t\t\t\t\t\t<a href=\"https:\/\/blogsaverroes.juntadeandalucia.es\/eoedigame\/medico-a-eoe\/evolucion-de-la-medicina-escolar-en-andalucia\/\">\n\t\t\t\t\t\t\t<img fetchpriority=\"high\" decoding=\"async\" width=\"474\" height=\"142\" src=\"https:\/\/blogsaverroes.juntadeandalucia.es\/eoedigame\/files\/2025\/05\/EOE-digame-5-e1746789516943-1024x307.png\" class=\"attachment-large size-large wp-image-507\" alt=\"\" srcset=\"https:\/\/blogsaverroes.juntadeandalucia.es\/eoedigame\/files\/2025\/05\/EOE-digame-5-e1746789516943-1024x307.png 1024w, https:\/\/blogsaverroes.juntadeandalucia.es\/eoedigame\/files\/2025\/05\/EOE-digame-5-e1746789516943-300x90.png 300w, https:\/\/blogsaverroes.juntadeandalucia.es\/eoedigame\/files\/2025\/05\/EOE-digame-5-e1746789516943-768x230.png 768w, https:\/\/blogsaverroes.juntadeandalucia.es\/eoedigame\/files\/2025\/05\/EOE-digame-5-e1746789516943.png 1413w\" sizes=\"(max-width: 474px) 100vw, 474px\" \/>\t\t\t\t\t\t\t\t<\/a>\n\t\t\t\t\t\t\t\t\t\t\t\t\t\t\t<\/div>\n\t\t\t\t<\/div>\n\t\t\t\t\t<\/div>\n\t\t\t\t<\/div>\n\t\t<div class=\"elementor-element elementor-element-40cbfb1 e-flex e-con-boxed e-con e-parent\" data-id=\"40cbfb1\" data-element_type=\"container\">\n\t\t\t\t\t<div class=\"e-con-inner\">\n\t\t\t\t<div class=\"elementor-element elementor-element-bfdbafd elementor-widget elementor-widget-image\" data-id=\"bfdbafd\" data-element_type=\"widget\" data-widget_type=\"image.default\">\n\t\t\t\t<div class=\"elementor-widget-container\">\n\t\t\t\t\t\t\t\t\t\t\t\t\t\t\t\t<a href=\"https:\/\/blogsaverroes.juntadeandalucia.es\/eoedigame\/medico-a-eoe\/funciones-del-medico-escolar-en-orden-cronologico\/\">\n\t\t\t\t\t\t\t<img decoding=\"async\" width=\"474\" height=\"138\" src=\"https:\/\/blogsaverroes.juntadeandalucia.es\/eoedigame\/files\/2025\/05\/EOE-digame-5-1-e1746789551348-1024x299.png\" class=\"attachment-large size-large wp-image-509\" alt=\"\" srcset=\"https:\/\/blogsaverroes.juntadeandalucia.es\/eoedigame\/files\/2025\/05\/EOE-digame-5-1-e1746789551348-1024x299.png 1024w, https:\/\/blogsaverroes.juntadeandalucia.es\/eoedigame\/files\/2025\/05\/EOE-digame-5-1-e1746789551348-300x88.png 300w, https:\/\/blogsaverroes.juntadeandalucia.es\/eoedigame\/files\/2025\/05\/EOE-digame-5-1-e1746789551348-768x224.png 768w, https:\/\/blogsaverroes.juntadeandalucia.es\/eoedigame\/files\/2025\/05\/EOE-digame-5-1-e1746789551348.png 1413w\" sizes=\"(max-width: 474px) 100vw, 474px\" \/>\t\t\t\t\t\t\t\t<\/a>\n\t\t\t\t\t\t\t\t\t\t\t\t\t\t\t<\/div>\n\t\t\t\t<\/div>\n\t\t\t\t\t<\/div>\n\t\t\t\t<\/div>\n\t\t<div class=\"elementor-element elementor-element-64eb224 e-flex e-con-boxed e-con e-parent\" data-id=\"64eb224\" data-element_type=\"container\">\n\t\t\t\t\t<div class=\"e-con-inner\">\n\t\t\t\t<div class=\"elementor-element elementor-element-473a8c0 elementor-widget elementor-widget-image\" data-id=\"473a8c0\" data-element_type=\"widget\" data-widget_type=\"image.default\">\n\t\t\t\t<div class=\"elementor-widget-container\">\n\t\t\t\t\t\t\t\t\t\t\t\t\t\t\t\t<a href=\"https:\/\/blogsaverroes.juntadeandalucia.es\/eoedigame\/medico-a-eoe\/documentos-relacionados-con-las-funciones-del-medico-escolar\/\">\n\t\t\t\t\t\t\t<img decoding=\"async\" width=\"474\" height=\"137\" src=\"https:\/\/blogsaverroes.juntadeandalucia.es\/eoedigame\/files\/2025\/05\/EOE-digame-5-2-e1746789595878-1024x297.png\" class=\"attachment-large size-large wp-image-510\" alt=\"\" srcset=\"https:\/\/blogsaverroes.juntadeandalucia.es\/eoedigame\/files\/2025\/05\/EOE-digame-5-2-e1746789595878-1024x297.png 1024w, https:\/\/blogsaverroes.juntadeandalucia.es\/eoedigame\/files\/2025\/05\/EOE-digame-5-2-e1746789595878-300x87.png 300w, https:\/\/blogsaverroes.juntadeandalucia.es\/eoedigame\/files\/2025\/05\/EOE-digame-5-2-e1746789595878-768x223.png 768w, https:\/\/blogsaverroes.juntadeandalucia.es\/eoedigame\/files\/2025\/05\/EOE-digame-5-2-e1746789595878.png 1413w\" sizes=\"(max-width: 474px) 100vw, 474px\" \/>\t\t\t\t\t\t\t\t<\/a>\n\t\t\t\t\t\t\t\t\t\t\t\t\t\t\t<\/div>\n\t\t\t\t<\/div>\n\t\t\t\t\t<\/div>\n\t\t\t\t<\/div>\n\t\t\t\t<\/div>\n\t\t","protected":false},"excerpt":{"rendered":"<p>La medicina escolar en Andaluc\u00eda se consolida como un componente esencial dentro de los Equipos de Orientaci\u00f3n Educativa. Los m\u00e9dicos escolares desempe\u00f1an un papel fundamental en la promoci\u00f3n y protecci\u00f3n de la salud del alumnado, interviniendo en los centros educativos para garantizar condiciones \u00f3ptimas que favorezcan el desarrollo integral del alumnado. En este espacio se &hellip; <a href=\"https:\/\/blogsaverroes.juntadeandalucia.es\/eoedigame\/medico-a-eoe\/\" class=\"more-link\">Seguir leyendo <span class=\"screen-reader-text\">M\u00c9DICO\/A EOE<\/span> <span class=\"meta-nav\">&rarr;<\/span><\/a><\/p>\n","protected":false},"author":14353,"featured_media":501,"parent":0,"menu_order":0,"comment_status":"closed","ping_status":"closed","template":"","meta":{"footnotes":""},"aioseo_notices":[],"_links":{"self":[{"href":"https:\/\/blogsaverroes.juntadeandalucia.es\/eoedigame\/wp-json\/wp\/v2\/pages\/497"}],"collection":[{"href":"https:\/\/blogsaverroes.juntadeandalucia.es\/eoedigame\/wp-json\/wp\/v2\/pages"}],"about":[{"href":"https:\/\/blogsaverroes.juntadeandalucia.es\/eoedigame\/wp-json\/wp\/v2\/types\/page"}],"author":[{"embeddable":true,"href":"https:\/\/blogsaverroes.juntadeandalucia.es\/eoedigame\/wp-json\/wp\/v2\/users\/14353"}],"replies":[{"embeddable":true,"href":"https:\/\/blogsaverroes.juntadeandalucia.es\/eoedigame\/wp-json\/wp\/v2\/comments?post=497"}],"version-history":[{"count":22,"href":"https:\/\/blogsaverroes.juntadeandalucia.es\/eoedigame\/wp-json\/wp\/v2\/pages\/497\/revisions"}],"predecessor-version":[{"id":1564,"href":"https:\/\/blogsaverroes.juntadeandalucia.es\/eoedigame\/wp-json\/wp\/v2\/pages\/497\/revisions\/1564"}],"wp:featuredmedia":[{"embeddable":true,"href":"https:\/\/blogsaverroes.juntadeandalucia.es\/eoedigame\/wp-json\/wp\/v2\/media\/501"}],"wp:attachment":[{"href":"https:\/\/blogsaverroes.juntadeandalucia.es\/eoedigame\/wp-json\/wp\/v2\/media?parent=497"}],"curies":[{"name":"wp","href":"https:\/\/api.w.org\/{rel}","templated":true}]}}