{"id":151,"date":"2023-05-15T11:55:17","date_gmt":"2023-05-15T11:55:17","guid":{"rendered":"https:\/\/blogsaverroes.juntadeandalucia.es\/eoeeaacccadiz\/?page_id=151"},"modified":"2025-05-23T08:42:47","modified_gmt":"2025-05-23T08:42:47","slug":"banco-de-recursos","status":"publish","type":"page","link":"https:\/\/blogsaverroes.juntadeandalucia.es\/eoeeaacccadiz\/banco-de-recursos\/","title":{"rendered":"BANCO DE RECURSOS"},"content":{"rendered":"<p><a href=\"https:\/\/blogsaverroes.juntadeandalucia.es\/eoeeaacccadiz\/files\/2025\/05\/TALIN-INFANTIL.-EOE_E-AACC-CADIZ-oct-2020.pdf\">TALIN INFANTIL. EOE_E AACC C\u00c1DIZ &#8211; oct 2020<\/a><\/p>\n<p><a href=\"https:\/\/blogsaverroes.juntadeandalucia.es\/eoeeaacccadiz\/files\/2025\/05\/TALIN-PRIMARIA.-EOE_E-AACC-CADIZ-oct-2020.pdf\">TALIN PRIMARIA. EOE_E AACC C\u00c1DIZ &#8211; oct 2020<\/a><\/p>\n<p><a href=\"https:\/\/blogsaverroes.juntadeandalucia.es\/eoeeaacccadiz\/files\/2025\/05\/TALIN-SECUNDARIA.-EOE_E-AACC-CADIZ-oct-2020.pdf\">TALIN SECUNDARIA. EOE_E AACC C\u00c1DIZ -oct 2020<\/a><\/p>\n","protected":false},"excerpt":{"rendered":"<p>TALIN INFANTIL. EOE_E AACC C\u00c1DIZ &#8211; oct 2020 TALIN PRIMARIA. EOE_E AACC C\u00c1DIZ &#8211; oct 2020 TALIN SECUNDARIA. EOE_E AACC C\u00c1DIZ -oct 2020<\/p>\n","protected":false},"author":14252,"featured_media":0,"parent":0,"menu_order":7,"comment_status":"closed","ping_status":"closed","template":"","meta":{"ngg_post_thumbnail":0,"footnotes":""},"aioseo_notices":[],"_links":{"self":[{"href":"https:\/\/blogsaverroes.juntadeandalucia.es\/eoeeaacccadiz\/wp-json\/wp\/v2\/pages\/151"}],"collection":[{"href":"https:\/\/blogsaverroes.juntadeandalucia.es\/eoeeaacccadiz\/wp-json\/wp\/v2\/pages"}],"about":[{"href":"https:\/\/blogsaverroes.juntadeandalucia.es\/eoeeaacccadiz\/wp-json\/wp\/v2\/types\/page"}],"author":[{"embeddable":true,"href":"https:\/\/blogsaverroes.juntadeandalucia.es\/eoeeaacccadiz\/wp-json\/wp\/v2\/users\/14252"}],"replies":[{"embeddable":true,"href":"https:\/\/blogsaverroes.juntadeandalucia.es\/eoeeaacccadiz\/wp-json\/wp\/v2\/comments?post=151"}],"version-history":[{"count":3,"href":"https:\/\/blogsaverroes.juntadeandalucia.es\/eoeeaacccadiz\/wp-json\/wp\/v2\/pages\/151\/revisions"}],"predecessor-version":[{"id":347,"href":"https:\/\/blogsaverroes.juntadeandalucia.es\/eoeeaacccadiz\/wp-json\/wp\/v2\/pages\/151\/revisions\/347"}],"wp:attachment":[{"href":"https:\/\/blogsaverroes.juntadeandalucia.es\/eoeeaacccadiz\/wp-json\/wp\/v2\/media?parent=151"}],"curies":[{"name":"wp","href":"https:\/\/api.w.org\/{rel}","templated":true}]}}