{"id":154,"date":"2023-06-06T10:21:03","date_gmt":"2023-06-06T10:21:03","guid":{"rendered":"https:\/\/blogsaverroes.juntadeandalucia.es\/eoeeaacccadiz\/?page_id=154"},"modified":"2025-09-15T07:46:04","modified_gmt":"2025-09-15T07:46:04","slug":"familias","status":"publish","type":"page","link":"https:\/\/blogsaverroes.juntadeandalucia.es\/eoeeaacccadiz\/familias\/","title":{"rendered":"FAMILIAS"},"content":{"rendered":"<p>En este apartado nos vamos a centrar en la orientaci\u00f3n a las familias del alumnado de AACCII, pues bien&nbsp; sabemos que la educaci\u00f3n no se limita al entorno escolar, sino que empieza en la familia, pilar fundamental como agente social y educador de nuestros ni\u00f1o\/as.<\/p>\n<p>Vemos la necesidad de ofrecer a dichas familias lecturas y art\u00edculos que puedan ayudarles a entender mejor a sus hijos\/as y que est\u00e9n orientados al desarrollo de sus capacidades, actitudes y de su personalidad as\u00ed como de la gesti\u00f3n de sus emociones.&nbsp;<\/p>\n<p>Consideramos que es muy importante que la familia est\u00e9 formada en las necesidades que pueda presentar su hijo\/a a lo largo de su vida, no solo a nivel de formaci\u00f3n reglada, sino tambi\u00e9n a nivel emocional, que puedan favorecer un equilibrio en el desarrollo integral de sus hijos\/as como personas. Por ello os facilitamos tambi\u00e9n el contacto de las Asociaciones de padres y madres de la provincia de C\u00e1diz con hijos\/as que presentan Altas Capacidades Intelectuales.<\/p>\n<ul>\n<li>Asociaci\u00f3n de Superdotados de C\u00e1diz, ASUC&nbsp; &nbsp;<img loading=\"lazy\" decoding=\"async\" class=\"alignnone wp-image-122\" src=\"https:\/\/blogsaverroes.juntadeandalucia.es\/eoeeaacccadiz\/files\/2023\/05\/correo-icono-300x300.jpg\" alt=\"\" width=\"28\" height=\"28\" srcset=\"https:\/\/blogsaverroes.juntadeandalucia.es\/eoeeaacccadiz\/files\/2023\/05\/correo-icono-300x300.jpg 300w, https:\/\/blogsaverroes.juntadeandalucia.es\/eoeeaacccadiz\/files\/2023\/05\/correo-icono-150x150.jpg 150w, https:\/\/blogsaverroes.juntadeandalucia.es\/eoeeaacccadiz\/files\/2023\/05\/correo-icono-768x768.jpg 768w, https:\/\/blogsaverroes.juntadeandalucia.es\/eoeeaacccadiz\/files\/2023\/05\/correo-icono.jpg 800w\" sizes=\"(max-width: 28px) 100vw, 28px\" \/> contacto@asuc.es&nbsp;&nbsp;&nbsp;<img loading=\"lazy\" decoding=\"async\" class=\"alignnone wp-image-121\" src=\"https:\/\/blogsaverroes.juntadeandalucia.es\/eoeeaacccadiz\/files\/2023\/05\/telefono.png\" alt=\"\" width=\"19\" height=\"19\" srcset=\"https:\/\/blogsaverroes.juntadeandalucia.es\/eoeeaacccadiz\/files\/2023\/05\/telefono.png 225w, https:\/\/blogsaverroes.juntadeandalucia.es\/eoeeaacccadiz\/files\/2023\/05\/telefono-150x150.png 150w\" sizes=\"(max-width: 19px) 100vw, 19px\" \/> 644330323<\/li>\n<li>Altas Capacidades Intelectuales del Estrecho, ACES <img loading=\"lazy\" decoding=\"async\" class=\"\" src=\"https:\/\/blogsaverroes.juntadeandalucia.es\/eoeeaacccadiz\/files\/2023\/05\/correo-icono-300x300.jpg\" width=\"28\" height=\"28\">altascapacidadesdelestrecho@gmail.com&nbsp; &nbsp; &nbsp; &nbsp; Tel\u00e9fono: 603924938 &nbsp; &nbsp; &nbsp; &nbsp; &nbsp; &nbsp; &nbsp; &nbsp; &nbsp; &nbsp;&nbsp;<\/li>\n<\/ul>\n<p>https:\/\/drive.google.com\/file\/d\/1JbY50nCfQkUghgAglEGkrWm5QcTOmOuw\/view?usp=share_link<\/p>\n<p><img loading=\"lazy\" decoding=\"async\" class=\"alignnone size-medium wp-image-286\" src=\"https:\/\/blogsaverroes.juntadeandalucia.es\/eoeeaacccadiz\/files\/2024\/04\/Cartel-informativo-ASUC-120x300.jpg\" alt=\"\" width=\"120\" height=\"300\" srcset=\"https:\/\/blogsaverroes.juntadeandalucia.es\/eoeeaacccadiz\/files\/2024\/04\/Cartel-informativo-ASUC-120x300.jpg 120w, https:\/\/blogsaverroes.juntadeandalucia.es\/eoeeaacccadiz\/files\/2024\/04\/Cartel-informativo-ASUC-410x1024.jpg 410w, https:\/\/blogsaverroes.juntadeandalucia.es\/eoeeaacccadiz\/files\/2024\/04\/Cartel-informativo-ASUC-614x1536.jpg 614w, https:\/\/blogsaverroes.juntadeandalucia.es\/eoeeaacccadiz\/files\/2024\/04\/Cartel-informativo-ASUC.jpg 640w\" sizes=\"(max-width: 120px) 100vw, 120px\" \/><\/p>\n<p><a href=\"https:\/\/blogsaverroes.juntadeandalucia.es\/eoeeaacccadiz\/files\/2025\/09\/ACES-Documento-informativo-Asociacion-Altas-Capacidades-del-Estrecho.-Curso-2025-2026.pdf\">ACES-Documento informativo Asociacion Altas Capacidades del Estrecho. Curso 2025-2026<\/a><\/p>\n<p><a href=\"https:\/\/blogsaverroes.juntadeandalucia.es\/eoeeaacccadiz\/files\/2024\/04\/orientaciones-a-familias-Intervencion-en-Jornadas-de-Merce-Martinez.pdf\">Orientaciones a familias. Intervenci\u00f3n en Jornadas de Murcia de la profesora Merc\u00e9 Mart\u00ednez<\/a><\/p>\n<p>&nbsp;<\/p>\n","protected":false},"excerpt":{"rendered":"<p>En este apartado nos vamos a centrar en la orientaci\u00f3n a las familias del alumnado de AACCII, pues bien&nbsp; sabemos que la educaci\u00f3n no se limita al entorno escolar, sino que empieza en la familia, pilar fundamental como agente social y educador de nuestros ni\u00f1o\/as. Vemos la necesidad de ofrecer a dichas familias lecturas y &hellip; <\/p>\n<p class=\"link-more\"><a href=\"https:\/\/blogsaverroes.juntadeandalucia.es\/eoeeaacccadiz\/familias\/\" class=\"more-link\">Continuar leyendo<span class=\"screen-reader-text\"> \u00abFAMILIAS\u00bb<\/span><\/a><\/p>\n","protected":false},"author":14252,"featured_media":0,"parent":0,"menu_order":11,"comment_status":"closed","ping_status":"closed","template":"","meta":{"ngg_post_thumbnail":0,"footnotes":""},"aioseo_notices":[],"_links":{"self":[{"href":"https:\/\/blogsaverroes.juntadeandalucia.es\/eoeeaacccadiz\/wp-json\/wp\/v2\/pages\/154"}],"collection":[{"href":"https:\/\/blogsaverroes.juntadeandalucia.es\/eoeeaacccadiz\/wp-json\/wp\/v2\/pages"}],"about":[{"href":"https:\/\/blogsaverroes.juntadeandalucia.es\/eoeeaacccadiz\/wp-json\/wp\/v2\/types\/page"}],"author":[{"embeddable":true,"href":"https:\/\/blogsaverroes.juntadeandalucia.es\/eoeeaacccadiz\/wp-json\/wp\/v2\/users\/14252"}],"replies":[{"embeddable":true,"href":"https:\/\/blogsaverroes.juntadeandalucia.es\/eoeeaacccadiz\/wp-json\/wp\/v2\/comments?post=154"}],"version-history":[{"count":9,"href":"https:\/\/blogsaverroes.juntadeandalucia.es\/eoeeaacccadiz\/wp-json\/wp\/v2\/pages\/154\/revisions"}],"predecessor-version":[{"id":362,"href":"https:\/\/blogsaverroes.juntadeandalucia.es\/eoeeaacccadiz\/wp-json\/wp\/v2\/pages\/154\/revisions\/362"}],"wp:attachment":[{"href":"https:\/\/blogsaverroes.juntadeandalucia.es\/eoeeaacccadiz\/wp-json\/wp\/v2\/media?parent=154"}],"curies":[{"name":"wp","href":"https:\/\/api.w.org\/{rel}","templated":true}]}}