{"id":161,"date":"2023-06-06T11:45:19","date_gmt":"2023-06-06T11:45:19","guid":{"rendered":"https:\/\/blogsaverroes.juntadeandalucia.es\/eoeeaacccadiz\/?page_id=161"},"modified":"2023-06-06T11:55:39","modified_gmt":"2023-06-06T11:55:39","slug":"medidas-generales","status":"publish","type":"page","link":"https:\/\/blogsaverroes.juntadeandalucia.es\/eoeeaacccadiz\/creatividad\/medidas-generales\/","title":{"rendered":"MEDIDAS GENERALES"},"content":{"rendered":"<p><span style=\"font-weight: 400\"> Orden de 30 de mayo de 2023, por la que se desarrolla el curr\u00edculo correspondiente a la etapa de <strong>Educaci\u00f3n Primaria<\/strong> en la Comunidad Aut\u00f3noma de Andaluc\u00eda, se regulan determinados aspectos de <strong>la atenci\u00f3n a la diversidad<\/strong> y a las diferencias individuales, se establece la ordenaci\u00f3n de la evaluaci\u00f3n del proceso de aprendizaje del alumnado y se determina el proceso de tr\u00e1nsito entre las diferentes etapas educativas. &nbsp;<\/span><\/p>\n<p style=\"text-align: left\"><span style=\"font-weight: 400\">Orden de 30 de mayo de 2023, por la que se desarrolla el curr\u00edculo&nbsp; correspondiente a la etapa de <strong>Educaci\u00f3n Secundaria<\/strong> Obligatoria en la Comunidad Aut\u00f3noma de Andaluc\u00eda, se regulan determinados aspectos de <strong>la atenci\u00f3n a la diversidad<\/strong> y a las diferencias individuales, se establece la ordenaci\u00f3n de la evaluaci\u00f3n del proceso de aprendizaje del alumnado y se determina el proceso de tr\u00e1nsito entre las diferentes etapas educativas.<\/span><\/p>\n<p><span style=\"font-weight: 400\">Orden de 30 de mayo de 2023, por la que se desarrolla el curr\u00edculo correspondiente a la etapa de <strong>Bachillerato<\/strong> en la Comunidad Aut\u00f3noma de Andaluc\u00eda, se regulan determinados aspectos de <strong>la atenci\u00f3n a la diversidad<\/strong> y a las diferencias individuales y se establece la ordenaci\u00f3n de la evaluaci\u00f3n del proceso de aprendizaje del alumnado.<\/span><\/p>\n<p><span style=\"font-weight: 400\">&nbsp; &nbsp; &nbsp; <\/span><\/p>\n<p>&nbsp;<\/p>\n","protected":false},"excerpt":{"rendered":"<p>Orden de 30 de mayo de 2023, por la que se desarrolla el curr\u00edculo correspondiente a la etapa de Educaci\u00f3n Primaria en la Comunidad Aut\u00f3noma de Andaluc\u00eda, se regulan determinados aspectos de la atenci\u00f3n a la diversidad y a las diferencias individuales, se establece la ordenaci\u00f3n de la evaluaci\u00f3n del proceso de aprendizaje del alumnado &hellip; <\/p>\n<p class=\"link-more\"><a href=\"https:\/\/blogsaverroes.juntadeandalucia.es\/eoeeaacccadiz\/creatividad\/medidas-generales\/\" class=\"more-link\">Continuar leyendo<span class=\"screen-reader-text\"> \u00abMEDIDAS GENERALES\u00bb<\/span><\/a><\/p>\n","protected":false},"author":14252,"featured_media":0,"parent":140,"menu_order":1,"comment_status":"closed","ping_status":"closed","template":"","meta":{"ngg_post_thumbnail":0,"footnotes":""},"aioseo_notices":[],"_links":{"self":[{"href":"https:\/\/blogsaverroes.juntadeandalucia.es\/eoeeaacccadiz\/wp-json\/wp\/v2\/pages\/161"}],"collection":[{"href":"https:\/\/blogsaverroes.juntadeandalucia.es\/eoeeaacccadiz\/wp-json\/wp\/v2\/pages"}],"about":[{"href":"https:\/\/blogsaverroes.juntadeandalucia.es\/eoeeaacccadiz\/wp-json\/wp\/v2\/types\/page"}],"author":[{"embeddable":true,"href":"https:\/\/blogsaverroes.juntadeandalucia.es\/eoeeaacccadiz\/wp-json\/wp\/v2\/users\/14252"}],"replies":[{"embeddable":true,"href":"https:\/\/blogsaverroes.juntadeandalucia.es\/eoeeaacccadiz\/wp-json\/wp\/v2\/comments?post=161"}],"version-history":[{"count":1,"href":"https:\/\/blogsaverroes.juntadeandalucia.es\/eoeeaacccadiz\/wp-json\/wp\/v2\/pages\/161\/revisions"}],"predecessor-version":[{"id":162,"href":"https:\/\/blogsaverroes.juntadeandalucia.es\/eoeeaacccadiz\/wp-json\/wp\/v2\/pages\/161\/revisions\/162"}],"up":[{"embeddable":true,"href":"https:\/\/blogsaverroes.juntadeandalucia.es\/eoeeaacccadiz\/wp-json\/wp\/v2\/pages\/140"}],"wp:attachment":[{"href":"https:\/\/blogsaverroes.juntadeandalucia.es\/eoeeaacccadiz\/wp-json\/wp\/v2\/media?parent=161"}],"curies":[{"name":"wp","href":"https:\/\/api.w.org\/{rel}","templated":true}]}}