{"id":107,"date":"2022-05-05T12:33:10","date_gmt":"2022-05-05T12:33:10","guid":{"rendered":"https:\/\/blogsaverroes.juntadeandalucia.es\/eoeeatcadiz\/?page_id=107"},"modified":"2024-10-07T12:27:38","modified_gmt":"2024-10-07T12:27:38","slug":"procedimiento-solicitud-intervencion","status":"publish","type":"page","link":"https:\/\/blogsaverroes.juntadeandalucia.es\/eoeeatcadiz\/procedimientos\/procedimiento-solicitud-intervencion\/","title":{"rendered":"SOLICITUD INTERVENCI\u00d3N-VALORACI\u00d3N"},"content":{"rendered":"<p>&nbsp;<\/p>\n<p><span style=\"text-decoration: underline\"><span style=\"color: #ff0000\"><strong>TUTORIAL EXPLICATIVO SOLICITUD DE INTERVENCI\u00d3N-VALORACI\u00d3N:<\/strong><\/span><\/span><\/p>\n<p><a href=\"https:\/\/drive.google.com\/file\/d\/1qbx6Y_XOveC-KlO5tsY2JiP7RNNJHpO8\/view?usp=sharing\"><img loading=\"lazy\" decoding=\"async\" class=\"alignnone wp-image-857\" src=\"https:\/\/blogsaverroes.juntadeandalucia.es\/eoeeatcadiz\/files\/2024\/10\/PRESENTACION-TUTORIAL-300x220.jpg\" alt=\"\" width=\"238\" height=\"174\" srcset=\"https:\/\/blogsaverroes.juntadeandalucia.es\/eoeeatcadiz\/files\/2024\/10\/PRESENTACION-TUTORIAL-300x220.jpg 300w, https:\/\/blogsaverroes.juntadeandalucia.es\/eoeeatcadiz\/files\/2024\/10\/PRESENTACION-TUTORIAL-768x564.jpg 768w, https:\/\/blogsaverroes.juntadeandalucia.es\/eoeeatcadiz\/files\/2024\/10\/PRESENTACION-TUTORIAL.jpg 1009w\" sizes=\"(max-width: 238px) 100vw, 238px\" \/><\/a><\/p>\n<p>&nbsp;<\/p>\n<p><span style=\"text-decoration: underline\"><span style=\"color: #ff0000\"><strong>DOCUMENTOS:<\/strong><\/span><\/span><\/p>\n<ul>\n<li style=\"list-style-type: none\">\n<ul>\n<li><strong><a href=\"https:\/\/drive.google.com\/file\/d\/1hvfRdv6VP1dCkkuobSysxuplX8IaAEYI\/view?usp=sharing\">AUTORIZACI\u00d3N FAMILIAR.<\/a><\/strong><\/li>\n<li><strong><a href=\"https:\/\/blogsaverroes.juntadeandalucia.es\/eoeeatcadiz\/files\/2022\/10\/Anexo-II-Autorizaci\u00f3n-Familiar-del-Manual.pdf\">ANEXO II: Informaci\u00f3n a la Familia (Manual).<\/a><\/strong><\/li>\n<\/ul>\n<\/li>\n<li style=\"list-style-type: none\">&nbsp;\n<ul>\n<li><strong><span style=\"text-decoration: underline\">CUESTIONARIOS<\/span>:<\/strong>\n<ul>\n<li><a href=\"https:\/\/blogsaverroes.juntadeandalucia.es\/eoeeatcadiz\/files\/2022\/11\/3.CUESTIONARIO-I-SIGNOS-DE-ALERTA-GENERALES-EN-EL-DESARROLLO-22.pdf\">I: Signos de Alerta<\/a><\/li>\n<li><a href=\"https:\/\/blogsaverroes.juntadeandalucia.es\/eoeeatcadiz\/files\/2022\/11\/4.CUESTIONARIO-II-SIGNOS-ESPECIFICOS-DE-ALTERACIONES-EN-LA-COMUNICACION-22.pdf\">II: Comunicaci\u00f3n<\/a><\/li>\n<li><a href=\"https:\/\/blogsaverroes.juntadeandalucia.es\/eoeeatcadiz\/files\/2022\/11\/5.CUESTIONARIO-III-SENALES-DE-ALERTA-DE-SITUACION-DE-RIESGO-SOCIO-FAMILIAR-22.pdf\">III: Riesgo socio-familiar<\/a><\/li>\n<\/ul>\n<\/li>\n<\/ul>\n<\/li>\n<\/ul>\n<p>&nbsp;<\/p>\n<p><a href=\"https:\/\/view.genially.com\/66e17847a400229593abdb99\/horizontal-infographic-lists-protocolo-baico-de-actuacion-2425\"><span style=\"color: #ff0000\"><strong>PROTOCOLO B\u00c1SICO DE ACTUACI\u00d3N ANTE LA DETECCI\u00d3N DE SIGNOS DE ALERTA EN EL DESARROLLO<\/strong><\/span><\/a><\/p>\n<p><a href=\"https:\/\/view.genially.com\/66e17847a400229593abdb99\/horizontal-infographic-lists-protocolo-basico-de-actuacion-2425\"><img loading=\"lazy\" decoding=\"async\" class=\"alignnone size-medium wp-image-849\" src=\"https:\/\/blogsaverroes.juntadeandalucia.es\/eoeeatcadiz\/files\/2024\/09\/imagen-protocolo-basico-300x144.jpg\" alt=\"\" width=\"300\" height=\"144\" srcset=\"https:\/\/blogsaverroes.juntadeandalucia.es\/eoeeatcadiz\/files\/2024\/09\/imagen-protocolo-basico-300x144.jpg 300w, https:\/\/blogsaverroes.juntadeandalucia.es\/eoeeatcadiz\/files\/2024\/09\/imagen-protocolo-basico-1024x491.jpg 1024w, https:\/\/blogsaverroes.juntadeandalucia.es\/eoeeatcadiz\/files\/2024\/09\/imagen-protocolo-basico-768x368.jpg 768w, https:\/\/blogsaverroes.juntadeandalucia.es\/eoeeatcadiz\/files\/2024\/09\/imagen-protocolo-basico-1536x736.jpg 1536w, https:\/\/blogsaverroes.juntadeandalucia.es\/eoeeatcadiz\/files\/2024\/09\/imagen-protocolo-basico.jpg 1617w\" sizes=\"(max-width: 300px) 100vw, 300px\" \/><\/a><\/p>\n<p>&nbsp;<\/p>\n<p><span style=\"text-decoration: underline\"><span style=\"color: #ff0000\"><strong><a style=\"color: #ff0000;text-decoration: underline\" href=\"https:\/\/view.genial.ly\/5ea815494e5a040cf8365861\/horizontal-infographic-lists-infografia-eoe-e-at-cadiz\">GU\u00cdA: AQU\u00cd EST\u00c1 TODO<\/a><\/strong><\/span><\/span><\/p>\n<p><a href=\"https:\/\/view.genial.ly\/5ea815494e5a040cf8365861\/horizontal-infographic-lists-infografia-eoe-e-at-cadiz\"><img loading=\"lazy\" decoding=\"async\" class=\"alignnone size-medium wp-image-81\" src=\"https:\/\/blogsaverroes.juntadeandalucia.es\/eoeeatcadiz\/files\/2022\/04\/infografia-AT-300x149.jpg\" alt=\"\" width=\"300\" height=\"149\" srcset=\"https:\/\/blogsaverroes.juntadeandalucia.es\/eoeeatcadiz\/files\/2022\/04\/infografia-AT-300x149.jpg 300w, https:\/\/blogsaverroes.juntadeandalucia.es\/eoeeatcadiz\/files\/2022\/04\/infografia-AT-1024x508.jpg 1024w, https:\/\/blogsaverroes.juntadeandalucia.es\/eoeeatcadiz\/files\/2022\/04\/infografia-AT-768x381.jpg 768w, https:\/\/blogsaverroes.juntadeandalucia.es\/eoeeatcadiz\/files\/2022\/04\/infografia-AT-1536x762.jpg 1536w, https:\/\/blogsaverroes.juntadeandalucia.es\/eoeeatcadiz\/files\/2022\/04\/infografia-AT.jpg 1631w\" sizes=\"(max-width: 300px) 100vw, 300px\" \/><\/a><\/p>\n","protected":false},"excerpt":{"rendered":"<p>&nbsp; TUTORIAL EXPLICATIVO SOLICITUD DE INTERVENCI\u00d3N-VALORACI\u00d3N: &nbsp; DOCUMENTOS: AUTORIZACI\u00d3N FAMILIAR. ANEXO II: Informaci\u00f3n a la Familia (Manual). &nbsp; CUESTIONARIOS: I: Signos de Alerta II: Comunicaci\u00f3n III: Riesgo socio-familiar &nbsp; PROTOCOLO B\u00c1SICO DE ACTUACI\u00d3N ANTE LA DETECCI\u00d3N DE SIGNOS DE ALERTA EN EL DESARROLLO &nbsp; GU\u00cdA: AQU\u00cd EST\u00c1 TODO<\/p>\n","protected":false},"author":11172,"featured_media":0,"parent":127,"menu_order":1,"comment_status":"closed","ping_status":"closed","template":"","meta":{"ngg_post_thumbnail":0,"footnotes":""},"aioseo_notices":[],"_links":{"self":[{"href":"https:\/\/blogsaverroes.juntadeandalucia.es\/eoeeatcadiz\/wp-json\/wp\/v2\/pages\/107"}],"collection":[{"href":"https:\/\/blogsaverroes.juntadeandalucia.es\/eoeeatcadiz\/wp-json\/wp\/v2\/pages"}],"about":[{"href":"https:\/\/blogsaverroes.juntadeandalucia.es\/eoeeatcadiz\/wp-json\/wp\/v2\/types\/page"}],"author":[{"embeddable":true,"href":"https:\/\/blogsaverroes.juntadeandalucia.es\/eoeeatcadiz\/wp-json\/wp\/v2\/users\/11172"}],"replies":[{"embeddable":true,"href":"https:\/\/blogsaverroes.juntadeandalucia.es\/eoeeatcadiz\/wp-json\/wp\/v2\/comments?post=107"}],"version-history":[{"count":28,"href":"https:\/\/blogsaverroes.juntadeandalucia.es\/eoeeatcadiz\/wp-json\/wp\/v2\/pages\/107\/revisions"}],"predecessor-version":[{"id":859,"href":"https:\/\/blogsaverroes.juntadeandalucia.es\/eoeeatcadiz\/wp-json\/wp\/v2\/pages\/107\/revisions\/859"}],"up":[{"embeddable":true,"href":"https:\/\/blogsaverroes.juntadeandalucia.es\/eoeeatcadiz\/wp-json\/wp\/v2\/pages\/127"}],"wp:attachment":[{"href":"https:\/\/blogsaverroes.juntadeandalucia.es\/eoeeatcadiz\/wp-json\/wp\/v2\/media?parent=107"}],"curies":[{"name":"wp","href":"https:\/\/api.w.org\/{rel}","templated":true}]}}