{"id":1100,"date":"2025-09-22T21:11:40","date_gmt":"2025-09-22T21:11:40","guid":{"rendered":"https:\/\/blogsaverroes.juntadeandalucia.es\/eoeeatcadiz\/?page_id=1100"},"modified":"2025-11-04T11:27:51","modified_gmt":"2025-11-04T11:27:51","slug":"orientaciones","status":"publish","type":"page","link":"https:\/\/blogsaverroes.juntadeandalucia.es\/eoeeatcadiz\/orientaciones\/","title":{"rendered":"ORIENTACIONES"},"content":{"rendered":"<p>&nbsp;<\/p>\n<ul>\n<li><a href=\"https:\/\/www.canva.com\/design\/DAFvwk6BYg8\/GYnHacDIbdkEsLryEa0TKg\/view?utm_content=DAFvwk6BYg8&amp;utm_campaign=designshare&amp;utm_medium=link2&amp;utm_source=uniquelinks&amp;utlId=h3e257cd247\"><span style=\"color: #000080\"><strong>ORIENTACIONES DIFICULTADES SOCIO-COMUNICATIVAS<\/strong><\/span><\/a><\/li>\n<\/ul>\n<p>&nbsp;<\/p>\n<ul>\n<li><a href=\"https:\/\/www.canva.com\/design\/DAGnU5Dv7XU\/K8_A1gC3aoYHGmUd4RSVpw\/view?utm_content=DAGnU5Dv7XU&amp;utm_campaign=designshare&amp;utm_medium=link2&amp;utm_source=uniquelinks&amp;utlId=hf6fd9900d2\"><span style=\"color: #00ccff\"><strong>ORIENTACIONES&nbsp; ESTIMULACI\u00d3N COMUNICACI\u00d3N Y LENGUAJE 0-3 A\u00d1OS<\/strong><\/span><\/a><\/li>\n<\/ul>\n<p>&nbsp;<\/p>\n","protected":false},"excerpt":{"rendered":"<p>&nbsp; ORIENTACIONES DIFICULTADES SOCIO-COMUNICATIVAS &nbsp; ORIENTACIONES&nbsp; ESTIMULACI\u00d3N COMUNICACI\u00d3N Y LENGUAJE 0-3 A\u00d1OS &nbsp;<\/p>\n","protected":false},"author":11172,"featured_media":0,"parent":0,"menu_order":6,"comment_status":"closed","ping_status":"closed","template":"","meta":{"ngg_post_thumbnail":0,"footnotes":""},"aioseo_notices":[],"_links":{"self":[{"href":"https:\/\/blogsaverroes.juntadeandalucia.es\/eoeeatcadiz\/wp-json\/wp\/v2\/pages\/1100"}],"collection":[{"href":"https:\/\/blogsaverroes.juntadeandalucia.es\/eoeeatcadiz\/wp-json\/wp\/v2\/pages"}],"about":[{"href":"https:\/\/blogsaverroes.juntadeandalucia.es\/eoeeatcadiz\/wp-json\/wp\/v2\/types\/page"}],"author":[{"embeddable":true,"href":"https:\/\/blogsaverroes.juntadeandalucia.es\/eoeeatcadiz\/wp-json\/wp\/v2\/users\/11172"}],"replies":[{"embeddable":true,"href":"https:\/\/blogsaverroes.juntadeandalucia.es\/eoeeatcadiz\/wp-json\/wp\/v2\/comments?post=1100"}],"version-history":[{"count":3,"href":"https:\/\/blogsaverroes.juntadeandalucia.es\/eoeeatcadiz\/wp-json\/wp\/v2\/pages\/1100\/revisions"}],"predecessor-version":[{"id":1186,"href":"https:\/\/blogsaverroes.juntadeandalucia.es\/eoeeatcadiz\/wp-json\/wp\/v2\/pages\/1100\/revisions\/1186"}],"wp:attachment":[{"href":"https:\/\/blogsaverroes.juntadeandalucia.es\/eoeeatcadiz\/wp-json\/wp\/v2\/media?parent=1100"}],"curies":[{"name":"wp","href":"https:\/\/api.w.org\/{rel}","templated":true}]}}