{"id":127,"date":"2022-09-08T10:51:52","date_gmt":"2022-09-08T10:51:52","guid":{"rendered":"https:\/\/blogsaverroes.juntadeandalucia.es\/eoeeatcadiz\/?page_id=127"},"modified":"2023-09-19T12:41:09","modified_gmt":"2023-09-19T12:41:09","slug":"procedimientos","status":"publish","type":"page","link":"https:\/\/blogsaverroes.juntadeandalucia.es\/eoeeatcadiz\/procedimientos\/","title":{"rendered":"PROCEDIMIENTOS"},"content":{"rendered":"<ul>\n<li><a href=\"https:\/\/blogsaverroes.juntadeandalucia.es\/eoeeatcadiz\/procedimientos\/procedimiento-solicitud-intervencion\/\"><span style=\"color: #000080\">PROCEDIMIENTO SOLICITUD INTERVENCI\u00d3N<\/span><\/a><\/li>\n<li><span style=\"color: #00ccff\"><a style=\"color: #00ccff\" href=\"https:\/\/blogsaverroes.juntadeandalucia.es\/eoeeatcadiz\/procedimientos\/procedimiento-recursos\/\">PROCEDIMIENTO SOLICITUD RECURSOS MATERIALES ESPEC\u00cdFICOS &#8211; R.M.E. (AYUDAS T\u00c9CNICAS)<\/a><\/span><\/li>\n<li><a href=\"https:\/\/blogsaverroes.juntadeandalucia.es\/eoeeatcadiz\/procedimientos\/permanencia-extraordinaria\/\"><span style=\"color: #000080\">PROCEDIMIENTO SOLICITUD PERMANENCIA EXTRAORDINARIA<\/span><\/a><\/li>\n<li><a href=\"https:\/\/blogsaverroes.juntadeandalucia.es\/eoeeatcadiz\/procedimientos\/solicitud-docente-a-t\/\"><span style=\"color: #00ccff\">PROCEDIMIENTO SOLICITUD INTERVENCI\u00d3N DOCENTE A.T.<\/span><\/a><\/li>\n<li><a href=\"https:\/\/blogsaverroes.juntadeandalucia.es\/eoeeatcadiz\/solicitud-once\/\"><span style=\"color: #000080\">PROCEDIMIENTO SOLICITUD ONCE<\/span><\/a><\/li>\n<li><a href=\"https:\/\/blogsaverroes.juntadeandalucia.es\/eoeeatcadiz\/procedimientos\/becas\/ \u200e\"><span style=\"color: #00ffff\">BECAS<\/span><\/a><\/li>\n<\/ul>\n","protected":false},"excerpt":{"rendered":"<p>PROCEDIMIENTO SOLICITUD INTERVENCI\u00d3N PROCEDIMIENTO SOLICITUD RECURSOS MATERIALES ESPEC\u00cdFICOS &#8211; R.M.E. (AYUDAS T\u00c9CNICAS) PROCEDIMIENTO SOLICITUD PERMANENCIA EXTRAORDINARIA PROCEDIMIENTO SOLICITUD INTERVENCI\u00d3N DOCENTE A.T. PROCEDIMIENTO SOLICITUD ONCE BECAS<\/p>\n","protected":false},"author":11172,"featured_media":0,"parent":0,"menu_order":2,"comment_status":"closed","ping_status":"closed","template":"","meta":{"ngg_post_thumbnail":0,"footnotes":""},"aioseo_notices":[],"_links":{"self":[{"href":"https:\/\/blogsaverroes.juntadeandalucia.es\/eoeeatcadiz\/wp-json\/wp\/v2\/pages\/127"}],"collection":[{"href":"https:\/\/blogsaverroes.juntadeandalucia.es\/eoeeatcadiz\/wp-json\/wp\/v2\/pages"}],"about":[{"href":"https:\/\/blogsaverroes.juntadeandalucia.es\/eoeeatcadiz\/wp-json\/wp\/v2\/types\/page"}],"author":[{"embeddable":true,"href":"https:\/\/blogsaverroes.juntadeandalucia.es\/eoeeatcadiz\/wp-json\/wp\/v2\/users\/11172"}],"replies":[{"embeddable":true,"href":"https:\/\/blogsaverroes.juntadeandalucia.es\/eoeeatcadiz\/wp-json\/wp\/v2\/comments?post=127"}],"version-history":[{"count":15,"href":"https:\/\/blogsaverroes.juntadeandalucia.es\/eoeeatcadiz\/wp-json\/wp\/v2\/pages\/127\/revisions"}],"predecessor-version":[{"id":647,"href":"https:\/\/blogsaverroes.juntadeandalucia.es\/eoeeatcadiz\/wp-json\/wp\/v2\/pages\/127\/revisions\/647"}],"wp:attachment":[{"href":"https:\/\/blogsaverroes.juntadeandalucia.es\/eoeeatcadiz\/wp-json\/wp\/v2\/media?parent=127"}],"curies":[{"name":"wp","href":"https:\/\/api.w.org\/{rel}","templated":true}]}}