{"id":130,"date":"2022-09-08T11:01:09","date_gmt":"2022-09-08T11:01:09","guid":{"rendered":"https:\/\/blogsaverroes.juntadeandalucia.es\/eoeeatcadiz\/?page_id=130"},"modified":"2024-10-22T10:26:27","modified_gmt":"2024-10-22T10:26:27","slug":"procedimiento-recursos","status":"publish","type":"page","link":"https:\/\/blogsaverroes.juntadeandalucia.es\/eoeeatcadiz\/procedimientos\/procedimiento-recursos\/","title":{"rendered":"SOLICITUD RECURSOS"},"content":{"rendered":"<h3 style=\"text-align: center\"><strong><span style=\"color: #ff0000\">SOLICITUD POR S\u00c9NECA <\/span><span style=\"color: #ff0000\">DEL PROCEDIMIENTO EOE-E<\/span><\/strong><\/h3>\n<p><img loading=\"lazy\" decoding=\"async\" class=\"size-medium wp-image-634 aligncenter\" src=\"https:\/\/blogsaverroes.juntadeandalucia.es\/eoeeatcadiz\/files\/2023\/09\/solicitud-AT-300x203.jpg\" alt=\"\" width=\"300\" height=\"203\" srcset=\"https:\/\/blogsaverroes.juntadeandalucia.es\/eoeeatcadiz\/files\/2023\/09\/solicitud-AT-300x203.jpg 300w, https:\/\/blogsaverroes.juntadeandalucia.es\/eoeeatcadiz\/files\/2023\/09\/solicitud-AT-1024x693.jpg 1024w, https:\/\/blogsaverroes.juntadeandalucia.es\/eoeeatcadiz\/files\/2023\/09\/solicitud-AT-768x520.jpg 768w, https:\/\/blogsaverroes.juntadeandalucia.es\/eoeeatcadiz\/files\/2023\/09\/solicitud-AT.jpg 1051w\" sizes=\"(max-width: 300px) 100vw, 300px\" \/><\/p>\n<p style=\"text-align: center\"><span style=\"color: #ff0000\">(Similar al Procedimiento Solicitud Intervenci\u00f3n-Valoraci\u00f3n excepto Motivo Demanda: Recursos Materiales y Personales)&nbsp;<\/span><\/p>\n<ul>\n<li style=\"text-align: left\"><strong>INFORMACI\u00d3N A LA&nbsp; FAMILIA (S\u00e9neca Anexo II) + AUTORIZACI\u00d3N FAMILIAR (Blog Procedimientos, Solicitud de Intervenci\u00f3n)&nbsp;<\/strong><\/li>\n<li><strong>SOLICITUD INTERVENCI\u00d3N POR S\u00c9NECA&nbsp;<\/strong>\n<ul>\n<li>Motivo de Demanda Recursos Materiales y Personales.<\/li>\n<\/ul>\n<\/li>\n<li><strong>GENERAR Y FIRMAR LA SOLICITUD<\/strong><\/li>\n<li style=\"text-align: left\"><strong>SEGUIR LAS INDICACIONES DEL EOE-E AT<\/strong><\/li>\n<\/ul>\n<p>&nbsp;<\/p>\n<h5 style=\"text-align: center\"><a href=\"https:\/\/orientacioncadiz.com\/recursos-procedimientos\/\"><span style=\"color: #0000ff\">PROCEDIMIENTO <\/span><span style=\"color: #0000ff\">RECURSOS MATERIALES ESPEC\u00cdFICOS &#8211; ORIENTACI\u00d3N C\u00c1DIZ (DELEGACI\u00d3N)<\/span><\/a><\/h5>\n<p>&nbsp;<\/p>\n<h5 style=\"text-align: center\"><a href=\"https:\/\/blogsaverroes.juntadeandalucia.es\/eoeeatcadiz\/files\/2024\/10\/PROTOCOLO-PETICION-A.T-BIDEPESTACION_DEAMBULACION.pdf\"><span style=\"color: #00ccff\">DOCUMENTO DUPLICADO DE RECURSO T\u00c9CNICO PARA CONTEXTO EDUCATIVO<\/span><\/a><\/h5>\n","protected":false},"excerpt":{"rendered":"<p>SOLICITUD POR S\u00c9NECA DEL PROCEDIMIENTO EOE-E (Similar al Procedimiento Solicitud Intervenci\u00f3n-Valoraci\u00f3n excepto Motivo Demanda: Recursos Materiales y Personales)&nbsp; INFORMACI\u00d3N A LA&nbsp; FAMILIA (S\u00e9neca Anexo II) + AUTORIZACI\u00d3N FAMILIAR (Blog Procedimientos, Solicitud de Intervenci\u00f3n)&nbsp; SOLICITUD INTERVENCI\u00d3N POR S\u00c9NECA&nbsp; Motivo de Demanda Recursos Materiales y Personales. GENERAR Y FIRMAR LA SOLICITUD SEGUIR LAS INDICACIONES DEL EOE-E AT &hellip; <\/p>\n<p class=\"link-more\"><a href=\"https:\/\/blogsaverroes.juntadeandalucia.es\/eoeeatcadiz\/procedimientos\/procedimiento-recursos\/\" class=\"more-link\">Continuar leyendo<span class=\"screen-reader-text\"> \u00abSOLICITUD RECURSOS\u00bb<\/span><\/a><\/p>\n","protected":false},"author":11172,"featured_media":0,"parent":127,"menu_order":2,"comment_status":"closed","ping_status":"closed","template":"","meta":{"ngg_post_thumbnail":0,"footnotes":""},"aioseo_notices":[],"_links":{"self":[{"href":"https:\/\/blogsaverroes.juntadeandalucia.es\/eoeeatcadiz\/wp-json\/wp\/v2\/pages\/130"}],"collection":[{"href":"https:\/\/blogsaverroes.juntadeandalucia.es\/eoeeatcadiz\/wp-json\/wp\/v2\/pages"}],"about":[{"href":"https:\/\/blogsaverroes.juntadeandalucia.es\/eoeeatcadiz\/wp-json\/wp\/v2\/types\/page"}],"author":[{"embeddable":true,"href":"https:\/\/blogsaverroes.juntadeandalucia.es\/eoeeatcadiz\/wp-json\/wp\/v2\/users\/11172"}],"replies":[{"embeddable":true,"href":"https:\/\/blogsaverroes.juntadeandalucia.es\/eoeeatcadiz\/wp-json\/wp\/v2\/comments?post=130"}],"version-history":[{"count":15,"href":"https:\/\/blogsaverroes.juntadeandalucia.es\/eoeeatcadiz\/wp-json\/wp\/v2\/pages\/130\/revisions"}],"predecessor-version":[{"id":896,"href":"https:\/\/blogsaverroes.juntadeandalucia.es\/eoeeatcadiz\/wp-json\/wp\/v2\/pages\/130\/revisions\/896"}],"up":[{"embeddable":true,"href":"https:\/\/blogsaverroes.juntadeandalucia.es\/eoeeatcadiz\/wp-json\/wp\/v2\/pages\/127"}],"wp:attachment":[{"href":"https:\/\/blogsaverroes.juntadeandalucia.es\/eoeeatcadiz\/wp-json\/wp\/v2\/media?parent=130"}],"curies":[{"name":"wp","href":"https:\/\/api.w.org\/{rel}","templated":true}]}}