{"id":184,"date":"2022-09-25T22:09:59","date_gmt":"2022-09-25T22:09:59","guid":{"rendered":"https:\/\/blogsaverroes.juntadeandalucia.es\/eoeeatcadiz\/?page_id=184"},"modified":"2022-10-11T11:40:17","modified_gmt":"2022-10-11T11:40:17","slug":"programas","status":"publish","type":"page","link":"https:\/\/blogsaverroes.juntadeandalucia.es\/eoeeatcadiz\/programas\/","title":{"rendered":"PROGRAMAS"},"content":{"rendered":"<ul>\n<li><span style=\"color: #000080\"><a style=\"color: #000080\" href=\"https:\/\/blogsaverroes.juntadeandalucia.es\/eoeeatcadiz\/programas\/programa-accesibilidad-cognitiva\/\">PROGRAMA ACCESIBILIDAD COGNITIVA<\/a><\/span><\/li>\n<li><span style=\"color: #00ccff\"><a style=\"color: #00ccff\" href=\"https:\/\/blogsaverroes.juntadeandalucia.es\/eoeeatcadiz\/programas\/programa-metodologia-inclusiva\/\">PROGRAMA METODOLOG\u00cdA INCLUSIVA<\/a><\/span><\/li>\n<li><a href=\"https:\/\/blogsaverroes.juntadeandalucia.es\/eoeeatcadiz\/programas\/programa-estimul\u2026-o-e-e-a-t-cadiz\/\"><span style=\"color: #00ccff\">PROGRAMA ESTIMULACI\u00d3N COMUNICACI\u00d3N Y LENGUAJE ORAL E.O.E.-E. A.T. C\u00c1DIZ&nbsp; (0-3 A\u00d1OS)<\/span><\/a><\/li>\n<\/ul>\n<p style=\"text-align: center\"><span style=\"color: #808080;font-family: impact, sans-serif\">EN CONSTRUCCI\u00d3N&#8230;<\/span><img loading=\"lazy\" decoding=\"async\" class=\"alignnone size-full wp-image-131\" src=\"https:\/\/blogsaverroes.juntadeandalucia.es\/eoeeatcadiz\/files\/2022\/09\/GIF-CONSTRUCCION.gif\" alt=\"\" width=\"169\" height=\"235\"><\/p>\n","protected":false},"excerpt":{"rendered":"<p>PROGRAMA ACCESIBILIDAD COGNITIVA PROGRAMA METODOLOG\u00cdA INCLUSIVA PROGRAMA ESTIMULACI\u00d3N COMUNICACI\u00d3N Y LENGUAJE ORAL E.O.E.-E. A.T. C\u00c1DIZ&nbsp; (0-3 A\u00d1OS) EN CONSTRUCCI\u00d3N&#8230;<\/p>\n","protected":false},"author":11827,"featured_media":0,"parent":0,"menu_order":4,"comment_status":"closed","ping_status":"closed","template":"","meta":{"ngg_post_thumbnail":0,"footnotes":""},"aioseo_notices":[],"_links":{"self":[{"href":"https:\/\/blogsaverroes.juntadeandalucia.es\/eoeeatcadiz\/wp-json\/wp\/v2\/pages\/184"}],"collection":[{"href":"https:\/\/blogsaverroes.juntadeandalucia.es\/eoeeatcadiz\/wp-json\/wp\/v2\/pages"}],"about":[{"href":"https:\/\/blogsaverroes.juntadeandalucia.es\/eoeeatcadiz\/wp-json\/wp\/v2\/types\/page"}],"author":[{"embeddable":true,"href":"https:\/\/blogsaverroes.juntadeandalucia.es\/eoeeatcadiz\/wp-json\/wp\/v2\/users\/11827"}],"replies":[{"embeddable":true,"href":"https:\/\/blogsaverroes.juntadeandalucia.es\/eoeeatcadiz\/wp-json\/wp\/v2\/comments?post=184"}],"version-history":[{"count":9,"href":"https:\/\/blogsaverroes.juntadeandalucia.es\/eoeeatcadiz\/wp-json\/wp\/v2\/pages\/184\/revisions"}],"predecessor-version":[{"id":364,"href":"https:\/\/blogsaverroes.juntadeandalucia.es\/eoeeatcadiz\/wp-json\/wp\/v2\/pages\/184\/revisions\/364"}],"wp:attachment":[{"href":"https:\/\/blogsaverroes.juntadeandalucia.es\/eoeeatcadiz\/wp-json\/wp\/v2\/media?parent=184"}],"curies":[{"name":"wp","href":"https:\/\/api.w.org\/{rel}","templated":true}]}}