{"id":234,"date":"2022-09-27T17:41:20","date_gmt":"2022-09-27T17:41:20","guid":{"rendered":"https:\/\/blogsaverroes.juntadeandalucia.es\/eoeeatcadiz\/?page_id=234"},"modified":"2024-01-22T20:26:42","modified_gmt":"2024-01-22T20:26:42","slug":"programa-estimulacion-comunicacion-y-lenguaje-oral-e-o-e-e-a-t-cadiz","status":"publish","type":"page","link":"https:\/\/blogsaverroes.juntadeandalucia.es\/eoeeatcadiz\/programas\/programa-estimulacion-comunicacion-y-lenguaje-oral-e-o-e-e-a-t-cadiz\/","title":{"rendered":"PROGRAMA ESTIMULACI\u00d3N COMUNICACI\u00d3N Y LENGUAJE ORAL E.O.E.-E. A.T. C\u00c1DIZ"},"content":{"rendered":"<p style=\"text-align: center\"><span style=\"font-size: 14pt\"><strong><span style=\"font-family: 'trebuchet ms', geneva, sans-serif\">PROGRAMA ESTIMULACI\u00d3N LENGUAJE ORAL E.O.E.-E. A.T. C\u00c1DIZ <\/span><\/strong><\/span><\/p>\n<p style=\"text-align: center\"><span style=\"font-size: 14pt\"><strong><span style=\"font-family: 'trebuchet ms', geneva, sans-serif\">PRIMER CICLO DE EDUCACI\u00d3N INFANTIL(0-3 A\u00d1OS)<\/span><\/strong><\/span><\/p>\n<p style=\"text-align: center\"><span style=\"font-family: impact, sans-serif;font-size: 12pt\">EN CONSTRUCCI\u00d3N&#8230;<img loading=\"lazy\" decoding=\"async\" class=\"alignnone size-full wp-image-131\" src=\"https:\/\/blogsaverroes.juntadeandalucia.es\/eoeeatcadiz\/files\/2022\/09\/GIF-CONSTRUCCION.gif\" alt=\"\" width=\"169\" height=\"235\"><\/span><\/p>\n<p>&nbsp;<\/p>\n<ul>\n<li><a href=\"https:\/\/blogsaverroes.juntadeandalucia.es\/eoeeatcadiz\/programas\/programa-estimulacion-comunicacion-y-lenguaje-oral-e-o-e-e-a-t-cadiz\/unidad-1-el-cuerpo\/\"><strong><span style=\"color: #ff0000\">UNIDAD 1: El Cuerpo<\/span><\/strong><\/a><\/li>\n<\/ul>\n","protected":false},"excerpt":{"rendered":"<p>PROGRAMA ESTIMULACI\u00d3N LENGUAJE ORAL E.O.E.-E. A.T. C\u00c1DIZ PRIMER CICLO DE EDUCACI\u00d3N INFANTIL(0-3 A\u00d1OS) EN CONSTRUCCI\u00d3N&#8230; &nbsp; UNIDAD 1: El Cuerpo<\/p>\n","protected":false},"author":11172,"featured_media":0,"parent":184,"menu_order":4,"comment_status":"closed","ping_status":"closed","template":"","meta":{"ngg_post_thumbnail":0,"footnotes":""},"aioseo_notices":[],"_links":{"self":[{"href":"https:\/\/blogsaverroes.juntadeandalucia.es\/eoeeatcadiz\/wp-json\/wp\/v2\/pages\/234"}],"collection":[{"href":"https:\/\/blogsaverroes.juntadeandalucia.es\/eoeeatcadiz\/wp-json\/wp\/v2\/pages"}],"about":[{"href":"https:\/\/blogsaverroes.juntadeandalucia.es\/eoeeatcadiz\/wp-json\/wp\/v2\/types\/page"}],"author":[{"embeddable":true,"href":"https:\/\/blogsaverroes.juntadeandalucia.es\/eoeeatcadiz\/wp-json\/wp\/v2\/users\/11172"}],"replies":[{"embeddable":true,"href":"https:\/\/blogsaverroes.juntadeandalucia.es\/eoeeatcadiz\/wp-json\/wp\/v2\/comments?post=234"}],"version-history":[{"count":4,"href":"https:\/\/blogsaverroes.juntadeandalucia.es\/eoeeatcadiz\/wp-json\/wp\/v2\/pages\/234\/revisions"}],"predecessor-version":[{"id":756,"href":"https:\/\/blogsaverroes.juntadeandalucia.es\/eoeeatcadiz\/wp-json\/wp\/v2\/pages\/234\/revisions\/756"}],"up":[{"embeddable":true,"href":"https:\/\/blogsaverroes.juntadeandalucia.es\/eoeeatcadiz\/wp-json\/wp\/v2\/pages\/184"}],"wp:attachment":[{"href":"https:\/\/blogsaverroes.juntadeandalucia.es\/eoeeatcadiz\/wp-json\/wp\/v2\/media?parent=234"}],"curies":[{"name":"wp","href":"https:\/\/api.w.org\/{rel}","templated":true}]}}