{"id":279,"date":"2022-10-05T12:50:22","date_gmt":"2022-10-05T12:50:22","guid":{"rendered":"https:\/\/blogsaverroes.juntadeandalucia.es\/eoeeatcadiz\/?page_id=279"},"modified":"2022-10-05T17:35:10","modified_gmt":"2022-10-05T17:35:10","slug":"recursos-atencion-temprana","status":"publish","type":"page","link":"https:\/\/blogsaverroes.juntadeandalucia.es\/eoeeatcadiz\/recursos\/recursos-atencion-temprana\/","title":{"rendered":"RECURSOS ATENCI\u00d3N TEMPRANA"},"content":{"rendered":"<ul>\n<li><span style=\"color: #000080\"><a style=\"color: #000080\" href=\"https:\/\/padlet.com\/juanmamaestroal\/5mgilm216mn7f0iz\">PADLET RECURSOS EOE-E AT C\u00c1DIZ<\/a><\/span><\/li>\n<li><span style=\"color: #00ccff\"><a style=\"color: #00ccff\" href=\"https:\/\/padlet.com\/juanmamaestroal\/pjm5nofq6tq8dffh\">PADLET V\u00cdDEOS RECURSOS EOE-E AT C\u00c1DIZ<\/a><\/span><\/li>\n<li><span style=\"color: #000080\"><a style=\"color: #000080\" href=\"https:\/\/blogsaverroes.juntadeandalucia.es\/eoeeatcadiz\/files\/2022\/09\/REGISTRO-CONDUCTAS-DISRUPTIVAS1.pdf\">TABLA REGISTRO CONDUCTAS DISRUPTIVAS EOE-E AT<\/a><\/span><\/li>\n<li><span style=\"color: #00ccff\"><a style=\"color: #00ccff\" href=\"https:\/\/arasaac.org\/materials\/es\/2123\">TABLA REGISTRO CONDUCTAS DISRUPTIVAS ARASAAC<\/a><\/span><\/li>\n<li><span style=\"color: #000080\"><a style=\"color: #000080\" href=\"https:\/\/blogsaverroes.juntadeandalucia.es\/eoeeatcadiz\/files\/2022\/09\/M-CHAT-R_Cuestionario_Familia.pdf\">CUESTIONARIO MCHAT-R<\/a><\/span><\/li>\n<\/ul>\n","protected":false},"excerpt":{"rendered":"<p>PADLET RECURSOS EOE-E AT C\u00c1DIZ PADLET V\u00cdDEOS RECURSOS EOE-E AT C\u00c1DIZ TABLA REGISTRO CONDUCTAS DISRUPTIVAS EOE-E AT TABLA REGISTRO CONDUCTAS DISRUPTIVAS ARASAAC CUESTIONARIO MCHAT-R<\/p>\n","protected":false},"author":11172,"featured_media":0,"parent":142,"menu_order":2,"comment_status":"closed","ping_status":"closed","template":"","meta":{"ngg_post_thumbnail":0,"footnotes":""},"aioseo_notices":[],"_links":{"self":[{"href":"https:\/\/blogsaverroes.juntadeandalucia.es\/eoeeatcadiz\/wp-json\/wp\/v2\/pages\/279"}],"collection":[{"href":"https:\/\/blogsaverroes.juntadeandalucia.es\/eoeeatcadiz\/wp-json\/wp\/v2\/pages"}],"about":[{"href":"https:\/\/blogsaverroes.juntadeandalucia.es\/eoeeatcadiz\/wp-json\/wp\/v2\/types\/page"}],"author":[{"embeddable":true,"href":"https:\/\/blogsaverroes.juntadeandalucia.es\/eoeeatcadiz\/wp-json\/wp\/v2\/users\/11172"}],"replies":[{"embeddable":true,"href":"https:\/\/blogsaverroes.juntadeandalucia.es\/eoeeatcadiz\/wp-json\/wp\/v2\/comments?post=279"}],"version-history":[{"count":4,"href":"https:\/\/blogsaverroes.juntadeandalucia.es\/eoeeatcadiz\/wp-json\/wp\/v2\/pages\/279\/revisions"}],"predecessor-version":[{"id":299,"href":"https:\/\/blogsaverroes.juntadeandalucia.es\/eoeeatcadiz\/wp-json\/wp\/v2\/pages\/279\/revisions\/299"}],"up":[{"embeddable":true,"href":"https:\/\/blogsaverroes.juntadeandalucia.es\/eoeeatcadiz\/wp-json\/wp\/v2\/pages\/142"}],"wp:attachment":[{"href":"https:\/\/blogsaverroes.juntadeandalucia.es\/eoeeatcadiz\/wp-json\/wp\/v2\/media?parent=279"}],"curies":[{"name":"wp","href":"https:\/\/api.w.org\/{rel}","templated":true}]}}