{"id":407,"date":"2022-10-27T11:27:38","date_gmt":"2022-10-27T11:27:38","guid":{"rendered":"https:\/\/blogsaverroes.juntadeandalucia.es\/eoeeatcadiz\/?page_id=407"},"modified":"2025-11-14T08:43:52","modified_gmt":"2025-11-14T08:43:52","slug":"solicitud-once","status":"publish","type":"page","link":"https:\/\/blogsaverroes.juntadeandalucia.es\/eoeeatcadiz\/procedimientos\/solicitud-once\/","title":{"rendered":"SOLICITUD ONCE"},"content":{"rendered":"<ul>\n<li><a href=\"https:\/\/blogsaverroes.juntadeandalucia.es\/eoeeatcadiz\/files\/2025\/11\/PROTOCOLO-DE-DERIVACION-ATENCION-TEMPRANA-JUNTA-DE-ANDALUCIA-.pdf\"><span style=\"color: #000080\">PROCEDIMIENTO DE DERIVACI\u00d3N DISCAPACIDAD VISUAL-A.T.<\/span><\/a><\/li>\n<li><a href=\"https:\/\/blogsaverroes.juntadeandalucia.es\/eoeeatcadiz\/files\/2025\/11\/MODELO-DE-PROTOCOLO-DE-DERIVACION-ATENCION-TEMPRANA-JUNTA-DE-ANDALUCIA-.docx\"><span style=\"color: #00ccff\">DESCARGAR DOCUMENTO RECOGIDA DE INFORMACI\u00d3N &#8211; PROTOCOLO ALUMNADO DISCAPACIDAD VISUAL &#8211; A.T.<\/span><\/a><\/li>\n<li><a href=\"https:\/\/blogsaverroes.juntadeandalucia.es\/eoeeatcadiz\/files\/2022\/10\/D\u00cdPTICO-ATENCI\u00d3N-TEMPRANA.pdf\"><span style=\"color: #000080\">D\u00cdPTICO ATENCI\u00d3N TEMPRANA, CEGUERA Y DISCAPACIDAD VISUAL<\/span><\/a><\/li>\n<li><a href=\"https:\/\/www.juntadeandalucia.es\/educacion\/portals\/delegate\/content\/19bb5b48-a97a-42d3-8208-394c283a2ce0\"><span style=\"color: #00ccff\">MANUAL DE ATENCI\u00d3N ALUMNADO DISCAPACIDAD VISUAL Y SORDOCEGUERA<\/span><\/a><\/li>\n<\/ul>\n","protected":false},"excerpt":{"rendered":"<p>PROCEDIMIENTO DE DERIVACI\u00d3N DISCAPACIDAD VISUAL-A.T. DESCARGAR DOCUMENTO RECOGIDA DE INFORMACI\u00d3N &#8211; PROTOCOLO ALUMNADO DISCAPACIDAD VISUAL &#8211; A.T. D\u00cdPTICO ATENCI\u00d3N TEMPRANA, CEGUERA Y DISCAPACIDAD VISUAL MANUAL DE ATENCI\u00d3N ALUMNADO DISCAPACIDAD VISUAL Y SORDOCEGUERA<\/p>\n","protected":false},"author":11172,"featured_media":0,"parent":127,"menu_order":5,"comment_status":"closed","ping_status":"closed","template":"","meta":{"ngg_post_thumbnail":0,"footnotes":""},"aioseo_notices":[],"_links":{"self":[{"href":"https:\/\/blogsaverroes.juntadeandalucia.es\/eoeeatcadiz\/wp-json\/wp\/v2\/pages\/407"}],"collection":[{"href":"https:\/\/blogsaverroes.juntadeandalucia.es\/eoeeatcadiz\/wp-json\/wp\/v2\/pages"}],"about":[{"href":"https:\/\/blogsaverroes.juntadeandalucia.es\/eoeeatcadiz\/wp-json\/wp\/v2\/types\/page"}],"author":[{"embeddable":true,"href":"https:\/\/blogsaverroes.juntadeandalucia.es\/eoeeatcadiz\/wp-json\/wp\/v2\/users\/11172"}],"replies":[{"embeddable":true,"href":"https:\/\/blogsaverroes.juntadeandalucia.es\/eoeeatcadiz\/wp-json\/wp\/v2\/comments?post=407"}],"version-history":[{"count":14,"href":"https:\/\/blogsaverroes.juntadeandalucia.es\/eoeeatcadiz\/wp-json\/wp\/v2\/pages\/407\/revisions"}],"predecessor-version":[{"id":1206,"href":"https:\/\/blogsaverroes.juntadeandalucia.es\/eoeeatcadiz\/wp-json\/wp\/v2\/pages\/407\/revisions\/1206"}],"up":[{"embeddable":true,"href":"https:\/\/blogsaverroes.juntadeandalucia.es\/eoeeatcadiz\/wp-json\/wp\/v2\/pages\/127"}],"wp:attachment":[{"href":"https:\/\/blogsaverroes.juntadeandalucia.es\/eoeeatcadiz\/wp-json\/wp\/v2\/media?parent=407"}],"curies":[{"name":"wp","href":"https:\/\/api.w.org\/{rel}","templated":true}]}}