{"id":556,"date":"2023-02-13T21:38:04","date_gmt":"2023-02-13T21:38:04","guid":{"rendered":"https:\/\/blogsaverroes.juntadeandalucia.es\/eoeeatcadiz\/?page_id=556"},"modified":"2025-09-19T20:42:19","modified_gmt":"2025-09-19T20:42:19","slug":"tema-del-mes","status":"publish","type":"page","link":"https:\/\/blogsaverroes.juntadeandalucia.es\/eoeeatcadiz\/tema-del-mes\/","title":{"rendered":"TEMAS DE INTER\u00c9S"},"content":{"rendered":"<ul>\n<li><a href=\"https:\/\/blogsaverroes.juntadeandalucia.es\/eoeeatcadiz\/files\/2025\/05\/0-3-es-SENSORIAL.jpg\"><span style=\"color: #00ccff\">TEMA DE INTER\u00c9S 12: 0-3 A\u00d1OS ES SENSORIAL<\/span><\/a><\/li>\n<li><span style=\"color: #0000ff\"><a style=\"color: #0000ff\" href=\"https:\/\/blogsaverroes.juntadeandalucia.es\/eoeeatcadiz\/files\/2024\/05\/COMUNICACION18MESES.jpg\">TEMA DE INTER\u00c9S 11: ACTIVIDADES PARA FAVORECER LA COMUNICACI\u00d3N DESDE LOS 18 MESES.<\/a><\/span><\/li>\n<li><a href=\"https:\/\/www.canva.com\/design\/DAGiW7Z6t84\/OoDaMAf1Vh-KhH-xRHwURw\/view?utm_content=DAGiW7Z6t84&amp;utm_campaign=designshare&amp;utm_medium=link2&amp;utm_source=uniquelinks&amp;utlId=h4d5b8938aa\"><span style=\"color: #00ccff\">TEMA DE INTER\u00c9S 10: ABORDAMOS LAS FOBIAS (TIPS FOBIAS)<\/span><\/a><\/li>\n<li><a href=\"https:\/\/www.canva.com\/design\/DAGhJOv3MG0\/3UDUP1ABnj7AG83qQF0Qow\/view?utm_content=DAGhJOv3MG0&amp;utm_campaign=designshare&amp;utm_medium=link2&amp;utm_source=uniquelinks&amp;utlId=hb9f68d8d64\"><span style=\"color: #0000ff\">TEMA DE INTER\u00c9S 9: INCLUSI\u00d3N, PROCEDIMIENTOS-RECURSOS Y MEDIDAS ESPEC\u00cdFICAS.<\/span><\/a><\/li>\n<li><a href=\"https:\/\/blogsaverroes.juntadeandalucia.es\/eoeeatcadiz\/files\/2025\/05\/PIRAMIDE-AT.jpg\"><span style=\"color: #00ccff\">TEMA DE INTER\u00c9S 8: PIR\u00c1MIDE DEL DESARROLLO<\/span><\/a><\/li>\n<li><span style=\"color: #0000ff\"><a style=\"color: #0000ff\" href=\"https:\/\/view.genially.com\/654e16afc62301001133cfab\/interactive-content-reunion-directores-arcos\">TEMA DE INTER\u00c9S 7: LIMITACI\u00d3N FUNCIONAL MOTORA<\/a><\/span><\/li>\n<li><a href=\"https:\/\/view.genial.ly\/659d2d4fe4bbd500157256db\/interactive-content-tema-mes-6-ejercicios-integracion-sensorial\"><span style=\"color: #00ccff\">TEMA DE INTER\u00c9S 6: EJERCICIOS INTEGRACI\u00d3N SENSORIAL<\/span><\/a><\/li>\n<li><span style=\"color: #0000ff\"><a style=\"color: #0000ff\" href=\"https:\/\/view.genial.ly\/654b81d056b83b0011c626dc\/interactive-content-tema-mes-5-integracion-sensorial\">TEMA DE INTER\u00c9S 5: INTEGRACI\u00d3N SENSORIAL<\/a><\/span><\/li>\n<li><a href=\"https:\/\/view.genial.ly\/6466222aa0eb800011bc6696\/interactive-content-tema-mes-4-apego\"><span style=\"color: #00ccff\">TEMA DE INTER\u00c9S 4: APEGO<\/span><\/a><\/li>\n<li><span style=\"color: #0000ff\"><a style=\"color: #0000ff\" href=\"https:\/\/view.genial.ly\/6418a665d412e900137d0ece\/interactive-content-tema-mes-3\">TEMA DE INTER\u00c9S 3: SOBREPROTECCI\u00d3N<\/a><\/span><\/li>\n<li><a href=\"https:\/\/view.genial.ly\/63e5503a1df45a0018139be0\/interactive-content-tema-del-mes-2-usoabuso-de-las-pantallas-2a-parte\"><span style=\"color: #00ccff\">TEMA DE INTER\u00c9S 2: USO\/ABUSO DE LAS PANTALLAS (2\u00aa PARTE)<\/span><\/a><\/li>\n<li><span style=\"color: #0000ff\"><a style=\"color: #0000ff\" href=\"https:\/\/view.genial.ly\/63e3dd09d5a89300190fe7dc\/interactive-content-tema-del-mes-1\">TEMA DE INTER\u00c9S 1: USO\/ABUSO DE LAS PANTALLAS (1\u00aa PARTE)<\/a><\/span><\/li>\n<\/ul>\n","protected":false},"excerpt":{"rendered":"<p>TEMA DE INTER\u00c9S 12: 0-3 A\u00d1OS ES SENSORIAL TEMA DE INTER\u00c9S 11: ACTIVIDADES PARA FAVORECER LA COMUNICACI\u00d3N DESDE LOS 18 MESES. TEMA DE INTER\u00c9S 10: ABORDAMOS LAS FOBIAS (TIPS FOBIAS) TEMA DE INTER\u00c9S 9: INCLUSI\u00d3N, PROCEDIMIENTOS-RECURSOS Y MEDIDAS ESPEC\u00cdFICAS. TEMA DE INTER\u00c9S 8: PIR\u00c1MIDE DEL DESARROLLO TEMA DE INTER\u00c9S 7: LIMITACI\u00d3N FUNCIONAL MOTORA TEMA DE &hellip; <\/p>\n<p class=\"link-more\"><a href=\"https:\/\/blogsaverroes.juntadeandalucia.es\/eoeeatcadiz\/tema-del-mes\/\" class=\"more-link\">Continuar leyendo<span class=\"screen-reader-text\"> \u00abTEMAS DE INTER\u00c9S\u00bb<\/span><\/a><\/p>\n","protected":false},"author":11172,"featured_media":0,"parent":0,"menu_order":3,"comment_status":"closed","ping_status":"closed","template":"","meta":{"ngg_post_thumbnail":0,"footnotes":""},"aioseo_notices":[],"_links":{"self":[{"href":"https:\/\/blogsaverroes.juntadeandalucia.es\/eoeeatcadiz\/wp-json\/wp\/v2\/pages\/556"}],"collection":[{"href":"https:\/\/blogsaverroes.juntadeandalucia.es\/eoeeatcadiz\/wp-json\/wp\/v2\/pages"}],"about":[{"href":"https:\/\/blogsaverroes.juntadeandalucia.es\/eoeeatcadiz\/wp-json\/wp\/v2\/types\/page"}],"author":[{"embeddable":true,"href":"https:\/\/blogsaverroes.juntadeandalucia.es\/eoeeatcadiz\/wp-json\/wp\/v2\/users\/11172"}],"replies":[{"embeddable":true,"href":"https:\/\/blogsaverroes.juntadeandalucia.es\/eoeeatcadiz\/wp-json\/wp\/v2\/comments?post=556"}],"version-history":[{"count":26,"href":"https:\/\/blogsaverroes.juntadeandalucia.es\/eoeeatcadiz\/wp-json\/wp\/v2\/pages\/556\/revisions"}],"predecessor-version":[{"id":1069,"href":"https:\/\/blogsaverroes.juntadeandalucia.es\/eoeeatcadiz\/wp-json\/wp\/v2\/pages\/556\/revisions\/1069"}],"wp:attachment":[{"href":"https:\/\/blogsaverroes.juntadeandalucia.es\/eoeeatcadiz\/wp-json\/wp\/v2\/media?parent=556"}],"curies":[{"name":"wp","href":"https:\/\/api.w.org\/{rel}","templated":true}]}}