{"id":598,"date":"2023-03-24T09:56:32","date_gmt":"2023-03-24T09:56:32","guid":{"rendered":"https:\/\/blogsaverroes.juntadeandalucia.es\/eoeeatcadiz\/?page_id=598"},"modified":"2026-03-24T12:09:28","modified_gmt":"2026-03-24T12:09:28","slug":"otros-recursos","status":"publish","type":"page","link":"https:\/\/blogsaverroes.juntadeandalucia.es\/eoeeatcadiz\/recursos\/otros-recursos\/","title":{"rendered":"OTROS RECURSOS"},"content":{"rendered":"<ul>\n<li><span style=\"color: #000080\"><a style=\"color: #000080\" href=\"https:\/\/www.siis.net\/documentos\/ficha\/580208.pdf\">LA ATENCI\u00d3N TEMPRANA (Historia de la A.T. en Catalu\u00f1a)<\/a><\/span><\/li>\n<li><a href=\"https:\/\/blogsaverroes.juntadeandalucia.es\/eoeeteacadiz\/2024\/11\/08\/deteccion-tea-edades-tempranas\/\"><span style=\"color: #00ccff\">DETECCI\u00d3N TEA EN EDADES TEMPRANAS (EOE-E TGD C\u00c1DIZ)<\/span><\/a><\/li>\n<\/ul>\n","protected":false},"excerpt":{"rendered":"<p>LA ATENCI\u00d3N TEMPRANA (Historia de la A.T. en Catalu\u00f1a) DETECCI\u00d3N TEA EN EDADES TEMPRANAS (EOE-E TGD C\u00c1DIZ)<\/p>\n","protected":false},"author":11172,"featured_media":0,"parent":142,"menu_order":5,"comment_status":"closed","ping_status":"closed","template":"","meta":{"ngg_post_thumbnail":0,"footnotes":""},"aioseo_notices":[],"_links":{"self":[{"href":"https:\/\/blogsaverroes.juntadeandalucia.es\/eoeeatcadiz\/wp-json\/wp\/v2\/pages\/598"}],"collection":[{"href":"https:\/\/blogsaverroes.juntadeandalucia.es\/eoeeatcadiz\/wp-json\/wp\/v2\/pages"}],"about":[{"href":"https:\/\/blogsaverroes.juntadeandalucia.es\/eoeeatcadiz\/wp-json\/wp\/v2\/types\/page"}],"author":[{"embeddable":true,"href":"https:\/\/blogsaverroes.juntadeandalucia.es\/eoeeatcadiz\/wp-json\/wp\/v2\/users\/11172"}],"replies":[{"embeddable":true,"href":"https:\/\/blogsaverroes.juntadeandalucia.es\/eoeeatcadiz\/wp-json\/wp\/v2\/comments?post=598"}],"version-history":[{"count":3,"href":"https:\/\/blogsaverroes.juntadeandalucia.es\/eoeeatcadiz\/wp-json\/wp\/v2\/pages\/598\/revisions"}],"predecessor-version":[{"id":1050,"href":"https:\/\/blogsaverroes.juntadeandalucia.es\/eoeeatcadiz\/wp-json\/wp\/v2\/pages\/598\/revisions\/1050"}],"up":[{"embeddable":true,"href":"https:\/\/blogsaverroes.juntadeandalucia.es\/eoeeatcadiz\/wp-json\/wp\/v2\/pages\/142"}],"wp:attachment":[{"href":"https:\/\/blogsaverroes.juntadeandalucia.es\/eoeeatcadiz\/wp-json\/wp\/v2\/media?parent=598"}],"curies":[{"name":"wp","href":"https:\/\/api.w.org\/{rel}","templated":true}]}}