{"id":637,"date":"2023-09-18T20:32:07","date_gmt":"2023-09-18T20:32:07","guid":{"rendered":"https:\/\/blogsaverroes.juntadeandalucia.es\/eoeeatcadiz\/?page_id=637"},"modified":"2023-11-14T10:06:57","modified_gmt":"2023-11-14T10:06:57","slug":"becas","status":"publish","type":"page","link":"https:\/\/blogsaverroes.juntadeandalucia.es\/eoeeatcadiz\/procedimientos\/becas\/","title":{"rendered":"BECAS"},"content":{"rendered":"<h3 style=\"text-align: center\"><span style=\"color: #ff0000\"><strong>INFORMACI\u00d3N BECAS NEAE <\/strong><\/span><\/h3>\n<h3 style=\"text-align: center\"><span style=\"color: #ff0000;font-size: 10pt\"><strong>(Para Escuelas Infantiles de Primer Ciclo)<\/strong><\/span><\/h3>\n<p style=\"text-align: left\"><span style=\"font-size: 10pt;color: #800080\"><strong>Requisitos:<\/strong><\/span><\/p>\n<ul>\n<li style=\"list-style-type: none\">\n<ul>\n<li>Tener 2 a\u00f1os o m\u00e1s a 31 de diciembre del a\u00f1o anterior a la convocatoria.<\/li>\n<li>Estar escolarizado en un centro espec\u00edfico de educaci\u00f3n especial o en un centro ordinario que tenga unidades de educaci\u00f3n especial o que est\u00e9 autorizado para escolarizar a alumnos con necesidades educativas especiales.<\/li>\n<\/ul>\n<\/li>\n<\/ul>\n<p><span style=\"font-size: 10pt;color: #800080\"><strong>Procedimiento:&nbsp;<\/strong><\/span><\/p>\n<ul>\n<li style=\"list-style-type: none\">\n<ul>\n<li>Recepcionar la Solicitud y Documentaci\u00f3n entregada por la familia el Centro Educativo (la familia previamente cumplimenta la solicitud telem\u00e1tica e imprime el modelo de solicitud) Dar copia sellada a la familia (o resguardo)<\/li>\n<li>Enviar toda la documentaci\u00f3n en un sobre cerrado al Dpto. de Becas de la Delegaci\u00f3n Territorial de C\u00e1diz:\n<ul>\n<li style=\"list-style-type: none\">\n<ul>\n<li>Delegaci\u00f3n de Educaci\u00f3n. Dpto. de Becas. C\/Isabel la Cat\u00f3lica n\u00ba8. CP 11004 C\u00e1diz<\/li>\n<\/ul>\n<\/li>\n<\/ul>\n<\/li>\n<\/ul>\n<\/li>\n<\/ul>\n<p>&nbsp;<\/p>\n<p style=\"text-align: center\"><span style=\"color: #0000ff\"><a style=\"color: #0000ff\" href=\"https:\/\/www.becaseducacion.gob.es\/becas-y-ayudas\"><strong>ENLACE BECAS Y AYUDAS M.E.C.<\/strong><\/a><\/span><\/p>\n<p style=\"text-align: center\"><span style=\"font-size: 10pt\"><strong>(Ayudas de Apoyo Educativo)<\/strong><\/span><\/p>\n","protected":false},"excerpt":{"rendered":"<p>INFORMACI\u00d3N BECAS NEAE (Para Escuelas Infantiles de Primer Ciclo) Requisitos: Tener 2 a\u00f1os o m\u00e1s a 31 de diciembre del a\u00f1o anterior a la convocatoria. Estar escolarizado en un centro espec\u00edfico de educaci\u00f3n especial o en un centro ordinario que tenga unidades de educaci\u00f3n especial o que est\u00e9 autorizado para escolarizar a alumnos con necesidades &hellip; <\/p>\n<p class=\"link-more\"><a href=\"https:\/\/blogsaverroes.juntadeandalucia.es\/eoeeatcadiz\/procedimientos\/becas\/\" class=\"more-link\">Continuar leyendo<span class=\"screen-reader-text\"> \u00abBECAS\u00bb<\/span><\/a><\/p>\n","protected":false},"author":11172,"featured_media":0,"parent":127,"menu_order":6,"comment_status":"closed","ping_status":"closed","template":"","meta":{"ngg_post_thumbnail":0,"footnotes":""},"aioseo_notices":[],"_links":{"self":[{"href":"https:\/\/blogsaverroes.juntadeandalucia.es\/eoeeatcadiz\/wp-json\/wp\/v2\/pages\/637"}],"collection":[{"href":"https:\/\/blogsaverroes.juntadeandalucia.es\/eoeeatcadiz\/wp-json\/wp\/v2\/pages"}],"about":[{"href":"https:\/\/blogsaverroes.juntadeandalucia.es\/eoeeatcadiz\/wp-json\/wp\/v2\/types\/page"}],"author":[{"embeddable":true,"href":"https:\/\/blogsaverroes.juntadeandalucia.es\/eoeeatcadiz\/wp-json\/wp\/v2\/users\/11172"}],"replies":[{"embeddable":true,"href":"https:\/\/blogsaverroes.juntadeandalucia.es\/eoeeatcadiz\/wp-json\/wp\/v2\/comments?post=637"}],"version-history":[{"count":11,"href":"https:\/\/blogsaverroes.juntadeandalucia.es\/eoeeatcadiz\/wp-json\/wp\/v2\/pages\/637\/revisions"}],"predecessor-version":[{"id":679,"href":"https:\/\/blogsaverroes.juntadeandalucia.es\/eoeeatcadiz\/wp-json\/wp\/v2\/pages\/637\/revisions\/679"}],"up":[{"embeddable":true,"href":"https:\/\/blogsaverroes.juntadeandalucia.es\/eoeeatcadiz\/wp-json\/wp\/v2\/pages\/127"}],"wp:attachment":[{"href":"https:\/\/blogsaverroes.juntadeandalucia.es\/eoeeatcadiz\/wp-json\/wp\/v2\/media?parent=637"}],"curies":[{"name":"wp","href":"https:\/\/api.w.org\/{rel}","templated":true}]}}