{"id":83,"date":"2022-04-05T12:49:24","date_gmt":"2022-04-05T12:49:24","guid":{"rendered":"https:\/\/blogsaverroes.juntadeandalucia.es\/eoeeatcadiz\/?page_id=83"},"modified":"2025-10-20T10:47:37","modified_gmt":"2025-10-20T10:47:37","slug":"normativa","status":"publish","type":"page","link":"https:\/\/blogsaverroes.juntadeandalucia.es\/eoeeatcadiz\/normativa\/","title":{"rendered":"NORMATIVA"},"content":{"rendered":"<ul>\n<li><a href=\"https:\/\/juntadeandalucia.es\/sites\/default\/files\/2025-09\/V29%20DOCUMENTO%20DEF%20PIAT-A.pdf\"><span style=\"color: #00ccff\">I PLAN INTEGRAL DE ATENCI\u00d3N TEMPRANA EN ANDALUC\u00cdA<\/span><\/a><\/li>\n<li><a href=\"https:\/\/www.adideandalucia.es\/normas\/ordenes\/Orden11marzo2025admisionPrimerCicloEInfantil.pdf\"><span style=\"color: #000080\">ORDEN 11 DE MARZO 2025, PROCEDIMIENTOS DE ADMISI\u00d3N PARA PRIMER CICLO DE ED. INFANTIL<\/span><\/a><\/li>\n<li><a href=\"https:\/\/www.juntadeandalucia.es\/eboja\/2025\/45\/BOJA25-045-00035-3291-01_00316896.pdf\"><span style=\"color: #00ccff\">DECRETO 76\/2025, 5 DE MARZO, POR EL QUE SE REGULAN LOS CENTROS QUE IMPARTEN EL PRIMER CICLO DE ED. INFANTIL EN LA COMUNIDAD AUT\u00d3NOMA DE ANDALUC\u00cdA.<\/span><\/a><\/li>\n<li><a href=\"https:\/\/www.boe.es\/buscar\/pdf\/2022\/BOE-A-2022-1654-consolidado.pdf\"><span style=\"color: #000080\">REAL DECRETO 95\/2022, 1 FEBRERO, POR EL QUE SE ESTABLECE LA ORDENACI\u00d3N Y ENSE\u00d1ANZAS M\u00cdNIMAS DE LA EDUCACI\u00d3N INFANTIL&nbsp;<\/span><\/a><\/li>\n<li><a href=\"https:\/\/www.juntadeandalucia.es\/eboja\/2023\/90\/BOJA23-090-00019-8467-01_00283496.pdf\"><span style=\"color: #00ccff\">DECRETO 100\/2023, 9 MAYO, POR EL QUE SE ESTABLECE LA ORDENACI\u00d3N Y EL CURR\u00cdCULO DE LA ETAPA DE EDUCACI\u00d3N INFANTIL EN ANDALUC\u00cdA<\/span><\/a><\/li>\n<li><a href=\"https:\/\/www.juntadeandalucia.es\/boja\/2023\/104\/BOJA23-104-00078-9729-01_00284745.pdf\"><span style=\"color: #0000ff\"><span style=\"color: #000080\">ORDEN 30 MAYO 2023,POR LA QUE SE DESARROLLA EL CURR\u00cdCULO DE EDUCACI\u00d3N INFANTIL EN ANDALUC\u00cdA<\/span><\/span><\/a><\/li>\n<li><span style=\"color: #00ccff\"><a style=\"color: #00ccff\" href=\"https:\/\/www.juntadeandalucia.es\/eboja\/2023\/36\/BOJA23-036-00032-3427-01_00278501.pdf\">LEY 1\/2023, 16 FEBRERO, POR LA QUE SE REGULA LA ATENCI\u00d3N TEMPRANA EN LA COMUNIDAD AUT\u00d3NOMA DE ANDALUC\u00cdA.<\/a><\/span><\/li>\n<li><a href=\"https:\/\/www.juntadeandalucia.es\/eboja\/2016\/81\/BOJA16-081-00021-7553-01_00090129.pdf\"><span style=\"color: #000080\">DECRETO 85\/2016, 26 ABRIL, POR EL QUE SE REGULA LA INTERVENCI\u00d3N INTEGRAL DE LA ATENCI\u00d3N TEMPRANA (Varios art\u00edculos derogados)<\/span><\/a><\/li>\n<li><span style=\"color: #00ccff\"><a style=\"color: #00ccff\" href=\"http:\/\/www.juntadeandalucia.es\/educacion\/portals\/abaco-portlet\/content\/fa188460-6105-46b1-a5d0-7ee9b19526df\"><span style=\"font-family: Libre franklin\">INSTRUCCIONES, 8 MARZO 2017, POR LAS QUE SE ACTUALIZA EL PROTOCOLO DE DETECCI\u00d3N, IDENTIFICACI\u00d3N DEL ALUMNADO CON NECESIDADES ESPEC\u00cdFICAS DE APOYO EDUCATIVO Y ORGANIZACI\u00d3N DE LA RESPUESTA EDUCATIVA.<\/span><\/a><\/span><\/li>\n<li><a href=\"https:\/\/www.juntadeandalucia.es\/educacion\/portals\/delegate\/content\/13e6a517-832b-45c6-8f2d-9367fafc7441\/Instrucciones%20NEAE%2022-06-2015\"><span style=\"color: #000080\"><span style=\"font-family: Libre franklin\">INSTRUCCIONES, 22 JUNIO 2015, DE LA DIRECCI\u00d3N GENERAL DE PARTICIPACI\u00d3N Y EQUIDAD, POR LAS QUE SE ESTABLECE EL. PROTOCOLO DE DETECCI\u00d3N, IDENTIFICACI\u00d3N DEL ALUMNADO CON NECESIDADES ESPEC\u00cdFICAS DE APOYO EDUCATIVO Y ORGANIZACI\u00d3N DE LA&nbsp; RESPUESTA EDUCATIVA<\/span><\/span><\/a><\/li>\n<li><a href=\"https:\/\/blogsaverroes.juntadeandalucia.es\/orientacionalmeria\/files\/2013\/05\/instrucciones_ayudas_tecnicas.pdf\"><span style=\"color: #00ccff\"><span style=\"font-family: Libre franklin\">INSTRUCCIONES, 25 ENERO 2017, POR LA QUE SE REGULA EL PROCEDIEMIENTO PARA DOTACI\u00d3N DE RECURSOS MATERIALES ESPEC\u00cdFICOS PARA EL ALUMNADO CON NEAE<\/span><\/span><\/a><\/li>\n<li><span style=\"color: #000080\"><a style=\"color: #000080\" href=\"http:\/\/www.juntadeandalucia.es\/export\/drupaljda\/planes\/17\/04\/planmenores_mayo2017.pdf\"><span style=\"font-family: Libre franklin\">I PLAN ANDALUZ DE ATENCI\u00d3N INTEGRAL PARA PERSONAS MENORES DE 6 A\u00d1OS EN SITUACI\u00d3N DE DEPENDENCIA O EN RIESGO DE DESARROLLARLA (2017-20)<\/span><\/a><\/span><\/li>\n<li><a href=\"https:\/\/www.siis.net\/documentos\/ficha\/579386.pdf\"><span style=\"color: #00ccff\">NORMATIVA SOBRE A.T. ESTATAL Y AUTON\u00d3MICO CEDID<\/span><\/a><\/li>\n<li><a href=\"https:\/\/www.juntadeandalucia.es\/educacion\/portals\/delegate\/content\/008fc7fd-fb95-4fc4-8550-cf1dc64ce6d3\/Decreto149-12mayoprimercicloinfantil\"><span style=\"color: #000080\">DECRETO 149\/2009, 12 MAYO, POR EL QUE SE REGULAN LOS CENTROS QUE IMPARTEN EL PRIMER CICLO DE EDUCACI\u00d3N INFANTIL<\/span><\/a><\/li>\n<li><span style=\"color: #00ccff\"><a style=\"color: #00ccff\" href=\"http:\/\/www.juntadeandalucia.es\/salud\/servicios\/contenidos\/andaluciaessalud\/doc\/LibroBlancoAtenci%C2%A6nTemprana.pdf\"><span style=\"font-family: Libre franklin\">LIBRO BLANCO DE LA ATENCI\u00d3N TEMPRANA<\/span><\/a><\/span><\/li>\n<\/ul>\n","protected":false},"excerpt":{"rendered":"<p>I PLAN INTEGRAL DE ATENCI\u00d3N TEMPRANA EN ANDALUC\u00cdA ORDEN 11 DE MARZO 2025, PROCEDIMIENTOS DE ADMISI\u00d3N PARA PRIMER CICLO DE ED. INFANTIL DECRETO 76\/2025, 5 DE MARZO, POR EL QUE SE REGULAN LOS CENTROS QUE IMPARTEN EL PRIMER CICLO DE ED. INFANTIL EN LA COMUNIDAD AUT\u00d3NOMA DE ANDALUC\u00cdA. REAL DECRETO 95\/2022, 1 FEBRERO, POR EL &hellip; <\/p>\n<p class=\"link-more\"><a href=\"https:\/\/blogsaverroes.juntadeandalucia.es\/eoeeatcadiz\/normativa\/\" class=\"more-link\">Continuar leyendo<span class=\"screen-reader-text\"> \u00abNORMATIVA\u00bb<\/span><\/a><\/p>\n","protected":false},"author":11827,"featured_media":0,"parent":0,"menu_order":9,"comment_status":"closed","ping_status":"closed","template":"","meta":{"ngg_post_thumbnail":0,"footnotes":""},"aioseo_notices":[],"_links":{"self":[{"href":"https:\/\/blogsaverroes.juntadeandalucia.es\/eoeeatcadiz\/wp-json\/wp\/v2\/pages\/83"}],"collection":[{"href":"https:\/\/blogsaverroes.juntadeandalucia.es\/eoeeatcadiz\/wp-json\/wp\/v2\/pages"}],"about":[{"href":"https:\/\/blogsaverroes.juntadeandalucia.es\/eoeeatcadiz\/wp-json\/wp\/v2\/types\/page"}],"author":[{"embeddable":true,"href":"https:\/\/blogsaverroes.juntadeandalucia.es\/eoeeatcadiz\/wp-json\/wp\/v2\/users\/11827"}],"replies":[{"embeddable":true,"href":"https:\/\/blogsaverroes.juntadeandalucia.es\/eoeeatcadiz\/wp-json\/wp\/v2\/comments?post=83"}],"version-history":[{"count":23,"href":"https:\/\/blogsaverroes.juntadeandalucia.es\/eoeeatcadiz\/wp-json\/wp\/v2\/pages\/83\/revisions"}],"predecessor-version":[{"id":1131,"href":"https:\/\/blogsaverroes.juntadeandalucia.es\/eoeeatcadiz\/wp-json\/wp\/v2\/pages\/83\/revisions\/1131"}],"wp:attachment":[{"href":"https:\/\/blogsaverroes.juntadeandalucia.es\/eoeeatcadiz\/wp-json\/wp\/v2\/media?parent=83"}],"curies":[{"name":"wp","href":"https:\/\/api.w.org\/{rel}","templated":true}]}}