{"id":886,"date":"2024-10-22T09:02:45","date_gmt":"2024-10-22T09:02:45","guid":{"rendered":"https:\/\/blogsaverroes.juntadeandalucia.es\/eoeeatcadiz\/?page_id=886"},"modified":"2024-10-23T07:40:57","modified_gmt":"2024-10-23T07:40:57","slug":"reunion-2024","status":"publish","type":"page","link":"https:\/\/blogsaverroes.juntadeandalucia.es\/eoeeatcadiz\/reunion-directores-as\/reunion-2024\/","title":{"rendered":"REUNI\u00d3N 2024"},"content":{"rendered":"<h1 style=\"text-align: center\"><span style=\"color: #ff0000\"><strong>MATERIAL REUNI\u00d3N DIRECTORES\/AS 2024<\/strong><\/span><\/h1>\n<p style=\"text-align: center\"><img loading=\"lazy\" decoding=\"async\" class=\"alignnone size-medium wp-image-890\" src=\"https:\/\/blogsaverroes.juntadeandalucia.es\/eoeeatcadiz\/files\/2024\/10\/Cartel-Reu-Dires-Octubre24-212x300.jpg\" alt=\"\" width=\"212\" height=\"300\" srcset=\"https:\/\/blogsaverroes.juntadeandalucia.es\/eoeeatcadiz\/files\/2024\/10\/Cartel-Reu-Dires-Octubre24-212x300.jpg 212w, https:\/\/blogsaverroes.juntadeandalucia.es\/eoeeatcadiz\/files\/2024\/10\/Cartel-Reu-Dires-Octubre24-724x1024.jpg 724w, https:\/\/blogsaverroes.juntadeandalucia.es\/eoeeatcadiz\/files\/2024\/10\/Cartel-Reu-Dires-Octubre24-768x1086.jpg 768w, https:\/\/blogsaverroes.juntadeandalucia.es\/eoeeatcadiz\/files\/2024\/10\/Cartel-Reu-Dires-Octubre24-1086x1536.jpg 1086w, https:\/\/blogsaverroes.juntadeandalucia.es\/eoeeatcadiz\/files\/2024\/10\/Cartel-Reu-Dires-Octubre24.jpg 1414w\" sizes=\"(max-width: 212px) 100vw, 212px\" \/><\/p>\n<ul>\n<li>\n<h2><a href=\"https:\/\/www.canva.com\/design\/DAFzk0yMOqc\/eaC3h0Xaj0tqAfdf_7haLw\/view?utm_content=DAFzk0yMOqc&amp;utm_campaign=designshare&amp;utm_medium=link&amp;utm_source=editor\"><span style=\"color: #000080\"><strong>PRESENTACI\u00d3N GENERAL.<\/strong><\/span><\/a><\/h2>\n<\/li>\n<li>\n<h2><a href=\"https:\/\/www.canva.com\/design\/DAGUSuIQnKA\/QZVmZxNdAJMM7fDV6Z0y8Q\/edit?utm_content=DAGUSuIQnKA&amp;utm_campaign=designshare&amp;utm_medium=link2&amp;utm_source=sharebutton\"><span style=\"color: #00ccff\"><strong>PRESENTACI\u00d3N DOCENTE AT.<\/strong><\/span><\/a><\/h2>\n<\/li>\n<li>\n<h2><a href=\"https:\/\/blogsaverroes.juntadeandalucia.es\/eoeeatcadiz\/files\/2024\/10\/Presentacion-USN-Arcos-octubre-2024-BIS.pdf\"><span style=\"color: #000080\"><strong>PRESENTACI\u00d3N USN (UNIDAD DE SEGUIMIENTO Y NEURODESARROLLO)<\/strong><\/span><\/a><\/h2>\n<\/li>\n<li>\n<h2><a href=\"https:\/\/blogsaverroes.juntadeandalucia.es\/eoeeatcadiz\/files\/2024\/10\/Presentacion-EI-LA-ALGAIDA-23-10.pdf\"><span style=\"color: #00ccff\"><strong>BUENAS PCAS: E.I. LA ALGAIDA (PUERTO REAL)<\/strong><\/span><\/a><\/h2>\n<\/li>\n<\/ul>\n","protected":false},"excerpt":{"rendered":"<p>MATERIAL REUNI\u00d3N DIRECTORES\/AS 2024 PRESENTACI\u00d3N GENERAL. PRESENTACI\u00d3N DOCENTE AT. PRESENTACI\u00d3N USN (UNIDAD DE SEGUIMIENTO Y NEURODESARROLLO) BUENAS PCAS: E.I. LA ALGAIDA (PUERTO REAL)<\/p>\n","protected":false},"author":11172,"featured_media":0,"parent":690,"menu_order":2,"comment_status":"closed","ping_status":"closed","template":"","meta":{"ngg_post_thumbnail":0,"footnotes":""},"aioseo_notices":[],"_links":{"self":[{"href":"https:\/\/blogsaverroes.juntadeandalucia.es\/eoeeatcadiz\/wp-json\/wp\/v2\/pages\/886"}],"collection":[{"href":"https:\/\/blogsaverroes.juntadeandalucia.es\/eoeeatcadiz\/wp-json\/wp\/v2\/pages"}],"about":[{"href":"https:\/\/blogsaverroes.juntadeandalucia.es\/eoeeatcadiz\/wp-json\/wp\/v2\/types\/page"}],"author":[{"embeddable":true,"href":"https:\/\/blogsaverroes.juntadeandalucia.es\/eoeeatcadiz\/wp-json\/wp\/v2\/users\/11172"}],"replies":[{"embeddable":true,"href":"https:\/\/blogsaverroes.juntadeandalucia.es\/eoeeatcadiz\/wp-json\/wp\/v2\/comments?post=886"}],"version-history":[{"count":8,"href":"https:\/\/blogsaverroes.juntadeandalucia.es\/eoeeatcadiz\/wp-json\/wp\/v2\/pages\/886\/revisions"}],"predecessor-version":[{"id":904,"href":"https:\/\/blogsaverroes.juntadeandalucia.es\/eoeeatcadiz\/wp-json\/wp\/v2\/pages\/886\/revisions\/904"}],"up":[{"embeddable":true,"href":"https:\/\/blogsaverroes.juntadeandalucia.es\/eoeeatcadiz\/wp-json\/wp\/v2\/pages\/690"}],"wp:attachment":[{"href":"https:\/\/blogsaverroes.juntadeandalucia.es\/eoeeatcadiz\/wp-json\/wp\/v2\/media?parent=886"}],"curies":[{"name":"wp","href":"https:\/\/api.w.org\/{rel}","templated":true}]}}