{"id":43,"date":"2022-09-20T11:38:31","date_gmt":"2022-09-20T11:38:31","guid":{"rendered":"https:\/\/blogsaverroes.juntadeandalucia.es\/eoeeauditivoscadiz\/?page_id=43"},"modified":"2022-09-20T11:40:09","modified_gmt":"2022-09-20T11:40:09","slug":"eoe-especializado-cadiz","status":"publish","type":"page","link":"https:\/\/blogsaverroes.juntadeandalucia.es\/eoeeauditivoscadiz\/enlaces\/eoe-especializado-cadiz\/","title":{"rendered":"ENLACES GENERALES"},"content":{"rendered":"<ul>\n<li><a href=\"https:\/\/blogsaverroes.juntadeandalucia.es\/eoeespecializadocadiz\/\">EOE ESPECIALIZADO C\u00c1DIZ<\/a><\/li>\n<li><a href=\"https:\/\/orientacioncadiz.com\/\">ORIENTACI\u00d3N C\u00c1DIZ<\/a><\/li>\n<\/ul>\n","protected":false},"excerpt":{"rendered":"<p>EOE ESPECIALIZADO C\u00c1DIZ ORIENTACI\u00d3N C\u00c1DIZ<\/p>\n","protected":false},"author":11858,"featured_media":0,"parent":40,"menu_order":2,"comment_status":"closed","ping_status":"closed","template":"","meta":{"ngg_post_thumbnail":0,"footnotes":""},"aioseo_notices":[],"_links":{"self":[{"href":"https:\/\/blogsaverroes.juntadeandalucia.es\/eoeeauditivoscadiz\/wp-json\/wp\/v2\/pages\/43"}],"collection":[{"href":"https:\/\/blogsaverroes.juntadeandalucia.es\/eoeeauditivoscadiz\/wp-json\/wp\/v2\/pages"}],"about":[{"href":"https:\/\/blogsaverroes.juntadeandalucia.es\/eoeeauditivoscadiz\/wp-json\/wp\/v2\/types\/page"}],"author":[{"embeddable":true,"href":"https:\/\/blogsaverroes.juntadeandalucia.es\/eoeeauditivoscadiz\/wp-json\/wp\/v2\/users\/11858"}],"replies":[{"embeddable":true,"href":"https:\/\/blogsaverroes.juntadeandalucia.es\/eoeeauditivoscadiz\/wp-json\/wp\/v2\/comments?post=43"}],"version-history":[{"count":2,"href":"https:\/\/blogsaverroes.juntadeandalucia.es\/eoeeauditivoscadiz\/wp-json\/wp\/v2\/pages\/43\/revisions"}],"predecessor-version":[{"id":45,"href":"https:\/\/blogsaverroes.juntadeandalucia.es\/eoeeauditivoscadiz\/wp-json\/wp\/v2\/pages\/43\/revisions\/45"}],"up":[{"embeddable":true,"href":"https:\/\/blogsaverroes.juntadeandalucia.es\/eoeeauditivoscadiz\/wp-json\/wp\/v2\/pages\/40"}],"wp:attachment":[{"href":"https:\/\/blogsaverroes.juntadeandalucia.es\/eoeeauditivoscadiz\/wp-json\/wp\/v2\/media?parent=43"}],"curies":[{"name":"wp","href":"https:\/\/api.w.org\/{rel}","templated":true}]}}