{"id":83,"date":"2024-01-26T08:50:37","date_gmt":"2024-01-26T08:50:37","guid":{"rendered":"https:\/\/blogsaverroes.juntadeandalucia.es\/eoeeauditivoscadiz\/?page_id=83"},"modified":"2024-01-26T08:51:34","modified_gmt":"2024-01-26T08:51:34","slug":"presentacion","status":"publish","type":"page","link":"https:\/\/blogsaverroes.juntadeandalucia.es\/eoeeauditivoscadiz\/presentacion\/","title":{"rendered":"PRESENTACI\u00d3N"},"content":{"rendered":"<p>El EOE-Especializado en Discapacidad Auditiva de C\u00e1diz est\u00e1 formado por:<\/p>\n<p>Orientadora Especialista en Atenci\u00f3n Alumnado con Discapacidad Auditiva<\/p>\n<p><strong>Inmaculada Ruiz Gener<\/strong><\/p>\n<p>&nbsp;<\/p>\n<p><img loading=\"lazy\" decoding=\"async\" class=\"alignnone wp-image-86\" src=\"https:\/\/blogsaverroes.juntadeandalucia.es\/eoeeauditivoscadiz\/files\/2024\/01\/ICONO-CORREO-ELECTR\u00d3NICO-300x289.jpg\" alt=\"\" width=\"49\" height=\"47\" srcset=\"https:\/\/blogsaverroes.juntadeandalucia.es\/eoeeauditivoscadiz\/files\/2024\/01\/ICONO-CORREO-ELECTR\u00d3NICO-300x289.jpg 300w, https:\/\/blogsaverroes.juntadeandalucia.es\/eoeeauditivoscadiz\/files\/2024\/01\/ICONO-CORREO-ELECTR\u00d3NICO-1024x985.jpg 1024w, https:\/\/blogsaverroes.juntadeandalucia.es\/eoeeauditivoscadiz\/files\/2024\/01\/ICONO-CORREO-ELECTR\u00d3NICO-768x739.jpg 768w, https:\/\/blogsaverroes.juntadeandalucia.es\/eoeeauditivoscadiz\/files\/2024\/01\/ICONO-CORREO-ELECTR\u00d3NICO.jpg 1045w\" sizes=\"(max-width: 49px) 100vw, 49px\" \/><\/p>\n<p>inmaculada.ruiz.gener.edu@juntadeandalucia.es<\/p>\n<p>auditivos.cadiz.ced@juntadeandalucia.es<\/p>\n<p><img loading=\"lazy\" decoding=\"async\" class=\"alignnone wp-image-85\" style=\"font-size: 1rem\" src=\"https:\/\/blogsaverroes.juntadeandalucia.es\/eoeeauditivoscadiz\/files\/2024\/01\/ICONO-TEL\u00c9FONO-300x300.jpg\" alt=\"\" width=\"44\" height=\"44\" srcset=\"https:\/\/blogsaverroes.juntadeandalucia.es\/eoeeauditivoscadiz\/files\/2024\/01\/ICONO-TEL\u00c9FONO-300x300.jpg 300w, https:\/\/blogsaverroes.juntadeandalucia.es\/eoeeauditivoscadiz\/files\/2024\/01\/ICONO-TEL\u00c9FONO-150x150.jpg 150w, https:\/\/blogsaverroes.juntadeandalucia.es\/eoeeauditivoscadiz\/files\/2024\/01\/ICONO-TEL\u00c9FONO-768x768.jpg 768w, https:\/\/blogsaverroes.juntadeandalucia.es\/eoeeauditivoscadiz\/files\/2024\/01\/ICONO-TEL\u00c9FONO-100x100.jpg 100w, https:\/\/blogsaverroes.juntadeandalucia.es\/eoeeauditivoscadiz\/files\/2024\/01\/ICONO-TEL\u00c9FONO.jpg 980w\" sizes=\"(max-width: 44px) 100vw, 44px\" \/><span style=\"font-size: 1rem\">&nbsp; &nbsp; &nbsp;&nbsp;<\/span><\/p>\n<p>600169069<\/p>\n<p>659069<\/p>\n<p>&nbsp;<\/p>\n","protected":false},"excerpt":{"rendered":"<p>El EOE-Especializado en Discapacidad Auditiva de C\u00e1diz est\u00e1 formado por: Orientadora Especialista en Atenci\u00f3n Alumnado con Discapacidad Auditiva Inmaculada Ruiz Gener &nbsp; inmaculada.ruiz.gener.edu@juntadeandalucia.es auditivos.cadiz.ced@juntadeandalucia.es &nbsp; &nbsp; &nbsp;&nbsp; 600169069 659069 &nbsp;<\/p>\n","protected":false},"author":11858,"featured_media":0,"parent":0,"menu_order":1,"comment_status":"closed","ping_status":"closed","template":"","meta":{"ngg_post_thumbnail":0,"footnotes":""},"aioseo_notices":[],"_links":{"self":[{"href":"https:\/\/blogsaverroes.juntadeandalucia.es\/eoeeauditivoscadiz\/wp-json\/wp\/v2\/pages\/83"}],"collection":[{"href":"https:\/\/blogsaverroes.juntadeandalucia.es\/eoeeauditivoscadiz\/wp-json\/wp\/v2\/pages"}],"about":[{"href":"https:\/\/blogsaverroes.juntadeandalucia.es\/eoeeauditivoscadiz\/wp-json\/wp\/v2\/types\/page"}],"author":[{"embeddable":true,"href":"https:\/\/blogsaverroes.juntadeandalucia.es\/eoeeauditivoscadiz\/wp-json\/wp\/v2\/users\/11858"}],"replies":[{"embeddable":true,"href":"https:\/\/blogsaverroes.juntadeandalucia.es\/eoeeauditivoscadiz\/wp-json\/wp\/v2\/comments?post=83"}],"version-history":[{"count":1,"href":"https:\/\/blogsaverroes.juntadeandalucia.es\/eoeeauditivoscadiz\/wp-json\/wp\/v2\/pages\/83\/revisions"}],"predecessor-version":[{"id":87,"href":"https:\/\/blogsaverroes.juntadeandalucia.es\/eoeeauditivoscadiz\/wp-json\/wp\/v2\/pages\/83\/revisions\/87"}],"wp:attachment":[{"href":"https:\/\/blogsaverroes.juntadeandalucia.es\/eoeeauditivoscadiz\/wp-json\/wp\/v2\/media?parent=83"}],"curies":[{"name":"wp","href":"https:\/\/api.w.org\/{rel}","templated":true}]}}