{"id":250,"date":"2021-10-17T12:51:20","date_gmt":"2021-10-17T12:51:20","guid":{"rendered":"https:\/\/blogsaverroes.juntadeandalucia.es\/eoeedislexia\/?page_id=250"},"modified":"2025-07-18T17:50:28","modified_gmt":"2025-07-18T17:50:28","slug":"te-puede-interesar","status":"publish","type":"page","link":"https:\/\/blogsaverroes.juntadeandalucia.es\/eoeedislexia\/te-puede-interesar\/","title":{"rendered":"TE PUEDE INTERESAR&#8230;"},"content":{"rendered":"<p>&nbsp;<\/p>\n<p><span style=\"color: #0000ff\">En esta p\u00e1gina&nbsp; podr\u00e1s encontrar un poco de todo: noticias de inter\u00e9s , art\u00edculos, recomendaciones de pel\u00edculas, entrevistas &#8230;<\/span><\/p>\n<p><span style=\"font-size: 18pt\">ART\u00cdCULO:<\/span> Hacia un consenso sobre la dislexia.<\/p>\n<p><a href=\"https:\/\/acamh.onlinelibrary.wiley.com\/doi\/10.1111\/jcpp.14123\" target=\"_blank\" rel=\"noopener\">https:\/\/acamh.onlinelibrary.wiley.com\/doi\/10.1111\/jcpp.14123<\/a><\/p>\n<p>&nbsp;<\/p>\n<p><span style=\"font-size: 18pt\">NOTICIAS<\/span><\/p>\n<p>Viaje al interior de la Dislexia.<\/p>\n<p><img loading=\"lazy\" decoding=\"async\" class=\"alignnone size-medium wp-image-1075\" src=\"https:\/\/blogsaverroes.juntadeandalucia.es\/eoeedislexia\/files\/2024\/02\/Muy-interesante-1-234x300.jpg\" alt=\"\" width=\"234\" height=\"300\" srcset=\"https:\/\/blogsaverroes.juntadeandalucia.es\/eoeedislexia\/files\/2024\/02\/Muy-interesante-1-234x300.jpg 234w, https:\/\/blogsaverroes.juntadeandalucia.es\/eoeedislexia\/files\/2024\/02\/Muy-interesante-1-799x1024.jpg 799w, https:\/\/blogsaverroes.juntadeandalucia.es\/eoeedislexia\/files\/2024\/02\/Muy-interesante-1-768x984.jpg 768w, https:\/\/blogsaverroes.juntadeandalucia.es\/eoeedislexia\/files\/2024\/02\/Muy-interesante-1.jpg 921w\" sizes=\"(max-width: 234px) 100vw, 234px\" \/><\/p>\n<p>Los ni\u00f1os que leen en casa con sus padres llevan medio curso de ventaja respecto a los que no lo hacen.<\/p>\n<p><a href=\"https:\/\/elpais.com\/educacion\/2022-10-28\/los-ninos-que-leen-en-casa-con-sus-padres-llevan-medio-curso-de-ventaja-respecto-a-los-que-no-lo-hacen.html?ssm=whatsapp\" target=\"_blank\" rel=\"noopener noreferrer\"><img loading=\"lazy\" decoding=\"async\" class=\"alignleft size-medium wp-image-870\" src=\"https:\/\/blogsaverroes.juntadeandalucia.es\/eoeedislexia\/files\/2023\/01\/Lectura-en-casa-300x203.png\" alt=\"\" width=\"300\" height=\"203\" srcset=\"https:\/\/blogsaverroes.juntadeandalucia.es\/eoeedislexia\/files\/2023\/01\/Lectura-en-casa-300x203.png 300w, https:\/\/blogsaverroes.juntadeandalucia.es\/eoeedislexia\/files\/2023\/01\/Lectura-en-casa-768x520.png 768w, https:\/\/blogsaverroes.juntadeandalucia.es\/eoeedislexia\/files\/2023\/01\/Lectura-en-casa.png 950w\" sizes=\"(max-width: 300px) 100vw, 300px\" \/><\/a><\/p>\n<p>&nbsp;<\/p>\n<p>&nbsp;<\/p>\n<p>&nbsp;<\/p>\n<p>&nbsp;<\/p>\n<p>&nbsp;<\/p>\n<p>&nbsp;<\/p>\n<p><a href=\"https:\/\/www.abc.es\/familia\/dislexia-debe-prioridad-colegio-20221207150310-nt.html\" target=\"_blank\" rel=\"noopener noreferrer\"><img loading=\"lazy\" decoding=\"async\" class=\"alignleft size-medium wp-image-851\" src=\"https:\/\/blogsaverroes.juntadeandalucia.es\/eoeedislexia\/files\/2022\/12\/ART\u00cdCULO-ABC-300x295.png\" alt=\"\" width=\"300\" height=\"295\" srcset=\"https:\/\/blogsaverroes.juntadeandalucia.es\/eoeedislexia\/files\/2022\/12\/ART\u00cdCULO-ABC-300x295.png 300w, https:\/\/blogsaverroes.juntadeandalucia.es\/eoeedislexia\/files\/2022\/12\/ART\u00cdCULO-ABC-768x754.png 768w, https:\/\/blogsaverroes.juntadeandalucia.es\/eoeedislexia\/files\/2022\/12\/ART\u00cdCULO-ABC-80x80.png 80w, https:\/\/blogsaverroes.juntadeandalucia.es\/eoeedislexia\/files\/2022\/12\/ART\u00cdCULO-ABC.png 935w\" sizes=\"(max-width: 300px) 100vw, 300px\" \/><\/a><\/p>\n<p>&nbsp;<\/p>\n<p>&nbsp;<\/p>\n<p>&nbsp;<\/p>\n<p>&nbsp;<\/p>\n<p>&nbsp;<\/p>\n<p>&nbsp;<\/p>\n<p>&nbsp;<\/p>\n<p>&nbsp;<\/p>\n<p>Barco de Vapor apuesta por la Lectura F\u00e1cil<\/p>\n<p><a href=\"https:\/\/www.20minutos.es\/noticia\/5075065\/0\/asi-es-el-proyecto-de-lectura-facil-de-sm-con-esta-coleccion-queremos-hacer-accesible-el-barco-de-vapor-a-todos-los-ninos\/\" target=\"_blank\" rel=\"noopener noreferrer\"><img loading=\"lazy\" decoding=\"async\" class=\"alignleft size-medium wp-image-822\" src=\"https:\/\/blogsaverroes.juntadeandalucia.es\/eoeedislexia\/files\/2022\/11\/fotografo-jorge-paris-hernandez-previsiones-20m-tema-reportaje-lectura-facil-sm-barco-de-vapor-13.r_d.1368-912-3618-1-300x168.jpeg\" alt=\"\" width=\"300\" height=\"168\" srcset=\"https:\/\/blogsaverroes.juntadeandalucia.es\/eoeedislexia\/files\/2022\/11\/fotografo-jorge-paris-hernandez-previsiones-20m-tema-reportaje-lectura-facil-sm-barco-de-vapor-13.r_d.1368-912-3618-1-300x168.jpeg 300w, https:\/\/blogsaverroes.juntadeandalucia.es\/eoeedislexia\/files\/2022\/11\/fotografo-jorge-paris-hernandez-previsiones-20m-tema-reportaje-lectura-facil-sm-barco-de-vapor-13.r_d.1368-912-3618-1-768x431.jpeg 768w, https:\/\/blogsaverroes.juntadeandalucia.es\/eoeedislexia\/files\/2022\/11\/fotografo-jorge-paris-hernandez-previsiones-20m-tema-reportaje-lectura-facil-sm-barco-de-vapor-13.r_d.1368-912-3618-1.jpeg 990w\" sizes=\"(max-width: 300px) 100vw, 300px\" \/><\/a><\/p>\n<p>&nbsp;<\/p>\n<p>&nbsp;<\/p>\n<p>&nbsp;<\/p>\n<p>&nbsp;<\/p>\n<p>&nbsp;<\/p>\n<p>Asociada la Dislexia a 42 variantes gen\u00e9ticas<\/p>\n<p><a href=\"https:\/\/www.abc.es\/salud\/enfermedades\/asociada-dislexia-variantes-20221020164739-nt.html\" target=\"_blank\" rel=\"noopener noreferrer\"><img loading=\"lazy\" decoding=\"async\" class=\"alignleft wp-image-784\" src=\"https:\/\/blogsaverroes.juntadeandalucia.es\/eoeedislexia\/files\/2022\/10\/ABC-SALUD-1-300x257.png\" alt=\"\" width=\"177\" height=\"152\" srcset=\"https:\/\/blogsaverroes.juntadeandalucia.es\/eoeedislexia\/files\/2022\/10\/ABC-SALUD-1-300x257.png 300w, https:\/\/blogsaverroes.juntadeandalucia.es\/eoeedislexia\/files\/2022\/10\/ABC-SALUD-1-768x658.png 768w, https:\/\/blogsaverroes.juntadeandalucia.es\/eoeedislexia\/files\/2022\/10\/ABC-SALUD-1.png 973w\" sizes=\"(max-width: 177px) 100vw, 177px\" \/><\/a><\/p>\n<p>&nbsp;<\/p>\n<p>&nbsp;<\/p>\n<p>&nbsp;<\/p>\n<p>&nbsp;<\/p>\n<p>&nbsp;<\/p>\n<p>&nbsp;<\/p>\n<p>&nbsp; &nbsp; &nbsp; UNA HISTORIA DE SUPERACI\u00d3N&nbsp; &nbsp; ACUERDO ENTRE DISFAM Y LA DGT&nbsp; &nbsp; &nbsp; &nbsp; &nbsp;JAVIER TAMAYO&nbsp; &nbsp;<\/p>\n<p><a href=\"https:\/\/www.lagacetadesalamanca.es\/salamanca\/la-dislexia-como-oportunidad-de-exito-la-historia-de-superacion-de-miguel-angel-avila-EJ9290431\" target=\"_blank\" rel=\"noopener noreferrer\">&nbsp; &nbsp; <\/a><a href=\"https:\/\/www.lagacetadesalamanca.es\/salamanca\/la-dislexia-como-oportunidad-de-exito-la-historia-de-superacion-de-miguel-angel-avila-EJ9290431\" target=\"_blank\" rel=\"noopener noreferrer\"><img loading=\"lazy\" decoding=\"async\" class=\" wp-image-264 alignnone\" src=\"https:\/\/blogsaverroes.juntadeandalucia.es\/eoeedislexia\/files\/2021\/10\/la-gaceta-de-salamanca-150x150.jpg\" alt=\"\" width=\"111\" height=\"111\" srcset=\"https:\/\/blogsaverroes.juntadeandalucia.es\/eoeedislexia\/files\/2021\/10\/la-gaceta-de-salamanca-150x150.jpg 150w, https:\/\/blogsaverroes.juntadeandalucia.es\/eoeedislexia\/files\/2021\/10\/la-gaceta-de-salamanca-80x80.jpg 80w, https:\/\/blogsaverroes.juntadeandalucia.es\/eoeedislexia\/files\/2021\/10\/la-gaceta-de-salamanca-320x320.jpg 320w\" sizes=\"(max-width: 111px) 100vw, 111px\" \/>&nbsp; &nbsp; &nbsp; &nbsp; &nbsp; &nbsp; &nbsp; &nbsp; &nbsp; &nbsp; &nbsp; &nbsp; &nbsp; &nbsp; &nbsp; &nbsp; &nbsp; <\/a><a href=\"https:\/\/www.lagacetadesalamanca.es\/salamanca\/la-dislexia-como-oportunidad-de-exito-la-historia-de-superacion-de-miguel-angel-avila-EJ9290431\" target=\"_blank\" rel=\"noopener noreferrer\">&nbsp;<\/a><a href=\"https:\/\/www.dgt.es\/es\/prensa\/notas-de-prensa\/2021\/DGT_y_la_Federacion_Espanola_de_Dislexia.shtml\" target=\"_blank\" rel=\"noopener noreferrer\"><img loading=\"lazy\" decoding=\"async\" class=\"alignnone wp-image-260\" src=\"https:\/\/blogsaverroes.juntadeandalucia.es\/eoeedislexia\/files\/2021\/10\/disfam-dgt.jpg\" alt=\"\" width=\"148\" height=\"111\">&nbsp; &nbsp; &nbsp; &nbsp; &nbsp; &nbsp; &nbsp; &nbsp; &nbsp; &nbsp; &nbsp; &nbsp; &nbsp; &nbsp; &nbsp; &nbsp; &nbsp; <\/a><a href=\"https:\/\/www.dgt.es\/es\/prensa\/notas-de-prensa\/2021\/DGT_y_la_Federacion_Espanola_de_Dislexia.shtml\" target=\"_blank\" rel=\"noopener noreferrer\">&nbsp;<\/a><a href=\"https:\/\/www.elmundo.es\/papel\/historias\/2019\/01\/19\/5c420b79fdddffb8078b469a.html\" target=\"_blank\" rel=\"noopener noreferrer\"><img loading=\"lazy\" decoding=\"async\" class=\"alignnone wp-image-295\" src=\"https:\/\/blogsaverroes.juntadeandalucia.es\/eoeedislexia\/files\/2021\/10\/NOTICIA-EL-MUNDO-150x150.jpg\" alt=\"\" width=\"86\" height=\"86\" srcset=\"https:\/\/blogsaverroes.juntadeandalucia.es\/eoeedislexia\/files\/2021\/10\/NOTICIA-EL-MUNDO-150x150.jpg 150w, https:\/\/blogsaverroes.juntadeandalucia.es\/eoeedislexia\/files\/2021\/10\/NOTICIA-EL-MUNDO-80x80.jpg 80w, https:\/\/blogsaverroes.juntadeandalucia.es\/eoeedislexia\/files\/2021\/10\/NOTICIA-EL-MUNDO-320x320.jpg 320w\" sizes=\"(max-width: 86px) 100vw, 86px\" \/><\/a><a href=\"https:\/\/www.dgt.es\/es\/prensa\/notas-de-prensa\/2021\/DGT_y_la_Federacion_Espanola_de_Dislexia.shtml\" target=\"_blank\" rel=\"noopener noreferrer\">&nbsp; &nbsp; &nbsp; &nbsp;&nbsp; &nbsp;&nbsp;&nbsp;&nbsp;&nbsp;&nbsp;&nbsp;&nbsp;&nbsp;&nbsp;&nbsp;&nbsp;&nbsp;&nbsp;&nbsp;&nbsp;&nbsp;&nbsp;&nbsp;&nbsp;&nbsp;&nbsp;&nbsp;&nbsp;&nbsp;<\/a><\/p>\n<p>&nbsp;<\/p>\n<p>MADRID ADAPTA LA EvAU AL ALUMNADO CON DISLEXIA<\/p>\n<p><a href=\"https:\/\/www.elconfidencial.com\/espana\/madrid\/2022-05-19\/madrid-adapta-sus-examenes-de-selectividad-a-los-dislexicos-hojas-ilimitadas-y-tipografia-especial_3426958\/\" target=\"_blank\" rel=\"noopener noreferrer\"><img loading=\"lazy\" decoding=\"async\" class=\"alignnone size-thumbnail wp-image-619\" src=\"https:\/\/blogsaverroes.juntadeandalucia.es\/eoeedislexia\/files\/2022\/05\/MADRID-2-1-150x150.png\" alt=\"\" width=\"150\" height=\"150\" srcset=\"https:\/\/blogsaverroes.juntadeandalucia.es\/eoeedislexia\/files\/2022\/05\/MADRID-2-1-150x150.png 150w, https:\/\/blogsaverroes.juntadeandalucia.es\/eoeedislexia\/files\/2022\/05\/MADRID-2-1-80x80.png 80w, https:\/\/blogsaverroes.juntadeandalucia.es\/eoeedislexia\/files\/2022\/05\/MADRID-2-1-320x320.png 320w\" sizes=\"(max-width: 150px) 100vw, 150px\" \/><\/a><\/p>\n<p>LOS 9 ERRORES QUE &#8230;<\/p>\n<p><a href=\"https:\/\/www.abc.es\/familia\/educacion\/abci-nueve-errores-cometen-colegios-ensenar-leer-hijo-202110250116_noticia.html\" target=\"_blank\" rel=\"noopener noreferrer\"><img loading=\"lazy\" decoding=\"async\" class=\"alignnone wp-image-306\" src=\"https:\/\/blogsaverroes.juntadeandalucia.es\/eoeedislexia\/files\/2021\/10\/Errores-en-lectura-150x150.jpg\" alt=\"\" width=\"94\" height=\"94\" srcset=\"https:\/\/blogsaverroes.juntadeandalucia.es\/eoeedislexia\/files\/2021\/10\/Errores-en-lectura-150x150.jpg 150w, https:\/\/blogsaverroes.juntadeandalucia.es\/eoeedislexia\/files\/2021\/10\/Errores-en-lectura-80x80.jpg 80w, https:\/\/blogsaverroes.juntadeandalucia.es\/eoeedislexia\/files\/2021\/10\/Errores-en-lectura-320x320.jpg 320w\" sizes=\"(max-width: 94px) 100vw, 94px\" \/><\/a> &nbsp;<\/p>\n<p>NACE EL TEL\u00c9FONO TURQUESA<\/p>\n<p><a href=\"https:\/\/elejido.ideal.es\/elejido\/nace-telefono-turquesa-20211031165024-nt.html?ref=https%3A%2F%2Fwww.google.com%2F\" target=\"_blank\" rel=\"noopener noreferrer\"><img loading=\"lazy\" decoding=\"async\" class=\"alignnone wp-image-314\" src=\"https:\/\/blogsaverroes.juntadeandalucia.es\/eoeedislexia\/files\/2021\/11\/Tel\u00e9fono-turquesa-3-150x150.jpg\" alt=\"\" width=\"116\" height=\"116\" srcset=\"https:\/\/blogsaverroes.juntadeandalucia.es\/eoeedislexia\/files\/2021\/11\/Tel\u00e9fono-turquesa-3-150x150.jpg 150w, https:\/\/blogsaverroes.juntadeandalucia.es\/eoeedislexia\/files\/2021\/11\/Tel\u00e9fono-turquesa-3-80x80.jpg 80w\" sizes=\"(max-width: 116px) 100vw, 116px\" \/><\/a><\/p>\n<p><span style=\"font-size: 18pt\">ENTREVISTAS<\/span><\/p>\n<p>JUAN E. JIM\u00c9NEZ<\/p>\n<p><a href=\"https:\/\/elpais.com\/educacion\/2021-10-11\/identificamos-muy-tarde-que-un-alumno-tiene-dificultades-de-aprendizaje.html?prm=copy_link\" target=\"_blank\" rel=\"noopener noreferrer\"><img loading=\"lazy\" decoding=\"async\" class=\"alignnone wp-image-292\" src=\"https:\/\/blogsaverroes.juntadeandalucia.es\/eoeedislexia\/files\/2021\/10\/Juan-J-El-Pais-150x150.jpg\" alt=\"\" width=\"116\" height=\"116\" srcset=\"https:\/\/blogsaverroes.juntadeandalucia.es\/eoeedislexia\/files\/2021\/10\/Juan-J-El-Pais-150x150.jpg 150w, https:\/\/blogsaverroes.juntadeandalucia.es\/eoeedislexia\/files\/2021\/10\/Juan-J-El-Pais-80x80.jpg 80w, https:\/\/blogsaverroes.juntadeandalucia.es\/eoeedislexia\/files\/2021\/10\/Juan-J-El-Pais-320x320.jpg 320w\" sizes=\"(max-width: 116px) 100vw, 116px\" \/><\/a><\/p>\n<p>BOELO VAN DER POOL<\/p>\n<p><a href=\"https:\/\/www.diariosur.es\/malaga-capital\/boelo-pool-dislexicos-20211210200255-nt.html?ref=https%3A%2F%2Fwww.diariosur.es%2Fmalaga-capital%2Fboelo-pool-dislexicos-20211210200255-nt.html\" target=\"_blank\" rel=\"noopener noreferrer\"><img loading=\"lazy\" decoding=\"async\" class=\"alignnone size-thumbnail wp-image-427\" src=\"https:\/\/blogsaverroes.juntadeandalucia.es\/eoeedislexia\/files\/2021\/12\/Boelo-van-de-Pool-RK27uCqbLuTi26cBxCNUOtM-624x385@Diario-Sur-150x150.jpg\" alt=\"\" width=\"150\" height=\"150\" srcset=\"https:\/\/blogsaverroes.juntadeandalucia.es\/eoeedislexia\/files\/2021\/12\/Boelo-van-de-Pool-RK27uCqbLuTi26cBxCNUOtM-624x385@Diario-Sur-150x150.jpg 150w, https:\/\/blogsaverroes.juntadeandalucia.es\/eoeedislexia\/files\/2021\/12\/Boelo-van-de-Pool-RK27uCqbLuTi26cBxCNUOtM-624x385@Diario-Sur-80x80.jpg 80w, https:\/\/blogsaverroes.juntadeandalucia.es\/eoeedislexia\/files\/2021\/12\/Boelo-van-de-Pool-RK27uCqbLuTi26cBxCNUOtM-624x385@Diario-Sur-320x320.jpg 320w\" sizes=\"(max-width: 150px) 100vw, 150px\" \/><\/a><\/p>\n<p><span style=\"font-size: 18pt\">CINE<\/span>&nbsp; &nbsp; &nbsp; &nbsp; &nbsp; &nbsp; &nbsp; &nbsp; &nbsp; &nbsp; &nbsp; &nbsp; &nbsp; &nbsp; &nbsp; &nbsp; &nbsp; &nbsp; &nbsp; &nbsp; &nbsp; &nbsp; &nbsp;<\/p>\n<p>&nbsp;<\/p>\n<p>&nbsp;<\/p>\n<p>&nbsp;<\/p>\n<p>ESTRELLAS EN LA TIERRA&nbsp; &nbsp; &nbsp; &nbsp; &nbsp; &nbsp; &nbsp; &nbsp; &nbsp; &nbsp; &nbsp; &nbsp; &nbsp; &nbsp; &nbsp; &nbsp; &nbsp; &nbsp; &nbsp; &nbsp; &nbsp; &nbsp; &nbsp;CORTOMETRAJE 4,9&nbsp; &nbsp; &nbsp; &nbsp; &nbsp; &nbsp; &nbsp; &nbsp; &nbsp; &nbsp; &nbsp; &nbsp; &nbsp; &nbsp; &nbsp; &nbsp; &nbsp; &nbsp; &nbsp; &nbsp; &nbsp; &nbsp; &nbsp; &nbsp; &nbsp; &nbsp; &nbsp; &nbsp; &nbsp; &nbsp; &nbsp;<\/p>\n<p><a href=\"https:\/\/www.youtube.com\/watch?v=u795wdRPV5w\" target=\"_blank\" rel=\"noopener noreferrer\"><img loading=\"lazy\" decoding=\"async\" class=\"alignnone wp-image-252\" src=\"https:\/\/blogsaverroes.juntadeandalucia.es\/eoeedislexia\/files\/2021\/10\/dislexia11.jpg\" alt=\"\" width=\"160\" height=\"99\">&nbsp; &nbsp; &nbsp; &nbsp; &nbsp; &nbsp; &nbsp; &nbsp; &nbsp; &nbsp; &nbsp; &nbsp; &nbsp; &nbsp; &nbsp; &nbsp; &nbsp; &nbsp; &nbsp; &nbsp; &nbsp; &nbsp; &nbsp; &nbsp; &nbsp;<\/a><a href=\"https:\/\/www.lagacetadesalamanca.es\/salamanca\/la-dislexia-como-oportunidad-de-exito-la-historia-de-superacion-de-miguel-angel-avila-EJ9290431\" target=\"_blank\" rel=\"noopener noreferrer\"><img loading=\"lazy\" decoding=\"async\" class=\"alignnone wp-image-251\" src=\"https:\/\/blogsaverroes.juntadeandalucia.es\/eoeedislexia\/files\/2021\/10\/descarga.jpg\" alt=\"\" width=\"147\" height=\"98\">&nbsp; &nbsp; &nbsp; &nbsp; &nbsp; &nbsp; &nbsp;<\/a><\/p>\n<p>&nbsp;<\/p>\n<p>&nbsp; &nbsp; &nbsp; &nbsp; CONFETTI<\/p>\n<p><a href=\"https:\/\/youtu.be\/YRiL4_oWXlw\" target=\"_blank\" rel=\"noopener noreferrer\"><img loading=\"lazy\" decoding=\"async\" class=\"alignnone size-thumbnail wp-image-323\" src=\"https:\/\/blogsaverroes.juntadeandalucia.es\/eoeedislexia\/files\/2021\/11\/confetti-150x150.jpg\" alt=\"\" width=\"150\" height=\"150\" srcset=\"https:\/\/blogsaverroes.juntadeandalucia.es\/eoeedislexia\/files\/2021\/11\/confetti-150x150.jpg 150w, https:\/\/blogsaverroes.juntadeandalucia.es\/eoeedislexia\/files\/2021\/11\/confetti-80x80.jpg 80w, https:\/\/blogsaverroes.juntadeandalucia.es\/eoeedislexia\/files\/2021\/11\/confetti-320x320.jpg 320w\" sizes=\"(max-width: 150px) 100vw, 150px\" \/><img loading=\"lazy\" decoding=\"async\" class=\"alignnone size-medium wp-image-911\" src=\"https:\/\/blogsaverroes.juntadeandalucia.es\/eoeedislexia\/files\/2023\/03\/Esp\u00edritu-libre-300x150.png\" alt=\"\" width=\"300\" height=\"150\" srcset=\"https:\/\/blogsaverroes.juntadeandalucia.es\/eoeedislexia\/files\/2023\/03\/Esp\u00edritu-libre-300x150.png 300w, https:\/\/blogsaverroes.juntadeandalucia.es\/eoeedislexia\/files\/2023\/03\/Esp\u00edritu-libre-1024x512.png 1024w, https:\/\/blogsaverroes.juntadeandalucia.es\/eoeedislexia\/files\/2023\/03\/Esp\u00edritu-libre-768x384.png 768w, https:\/\/blogsaverroes.juntadeandalucia.es\/eoeedislexia\/files\/2023\/03\/Esp\u00edritu-libre-1536x768.png 1536w, https:\/\/blogsaverroes.juntadeandalucia.es\/eoeedislexia\/files\/2023\/03\/Esp\u00edritu-libre.png 1892w\" sizes=\"(max-width: 300px) 100vw, 300px\" \/><\/a><\/p>\n<p>&nbsp;<\/p>\n<p>&nbsp;<\/p>\n<p>&nbsp;<\/p>\n<p>&nbsp;<\/p>\n","protected":false},"excerpt":{"rendered":"<p>&nbsp; En esta p\u00e1gina&nbsp; podr\u00e1s encontrar un poco de todo: noticias de inter\u00e9s , art\u00edculos, recomendaciones de pel\u00edculas, entrevistas &#8230; ART\u00cdCULO: Hacia un consenso sobre la dislexia. https:\/\/acamh.onlinelibrary.wiley.com\/doi\/10.1111\/jcpp.14123 &nbsp; NOTICIAS&#46;&#46;&#46;<\/p>\n","protected":false},"author":6235,"featured_media":0,"parent":0,"menu_order":0,"comment_status":"closed","ping_status":"closed","template":"","meta":{"ngg_post_thumbnail":0,"footnotes":""},"aioseo_notices":[],"_links":{"self":[{"href":"https:\/\/blogsaverroes.juntadeandalucia.es\/eoeedislexia\/wp-json\/wp\/v2\/pages\/250"}],"collection":[{"href":"https:\/\/blogsaverroes.juntadeandalucia.es\/eoeedislexia\/wp-json\/wp\/v2\/pages"}],"about":[{"href":"https:\/\/blogsaverroes.juntadeandalucia.es\/eoeedislexia\/wp-json\/wp\/v2\/types\/page"}],"author":[{"embeddable":true,"href":"https:\/\/blogsaverroes.juntadeandalucia.es\/eoeedislexia\/wp-json\/wp\/v2\/users\/6235"}],"replies":[{"embeddable":true,"href":"https:\/\/blogsaverroes.juntadeandalucia.es\/eoeedislexia\/wp-json\/wp\/v2\/comments?post=250"}],"version-history":[{"count":28,"href":"https:\/\/blogsaverroes.juntadeandalucia.es\/eoeedislexia\/wp-json\/wp\/v2\/pages\/250\/revisions"}],"predecessor-version":[{"id":1288,"href":"https:\/\/blogsaverroes.juntadeandalucia.es\/eoeedislexia\/wp-json\/wp\/v2\/pages\/250\/revisions\/1288"}],"wp:attachment":[{"href":"https:\/\/blogsaverroes.juntadeandalucia.es\/eoeedislexia\/wp-json\/wp\/v2\/media?parent=250"}],"curies":[{"name":"wp","href":"https:\/\/api.w.org\/{rel}","templated":true}]}}