{"id":295,"date":"2020-01-23T11:42:26","date_gmt":"2020-01-23T10:42:26","guid":{"rendered":"http:\/\/blogsaverroes.juntadeandalucia.es\/pre\/nuevoiesv2\/?page_id=295"},"modified":"2025-12-15T10:44:44","modified_gmt":"2025-12-15T09:44:44","slug":"nuestra-historia","status":"publish","type":"page","link":"https:\/\/blogsaverroes.juntadeandalucia.es\/eoeegranada\/nuestra-historia\/","title":{"rendered":"Nuestra Historia"},"content":{"rendered":"<p><img loading=\"lazy\" decoding=\"async\" class=\" wp-image-666 alignleft\" src=\"https:\/\/blogsaverroes.juntadeandalucia.es\/eoeegranada\/files\/2024\/11\/1-300x225.jpg\" alt=\"\" width=\"240\" height=\"180\">El EOE Especializado de Granada empez\u00f3 su andadura oficial en el curso 2008\/09 en las \u00e1reas de Autismo, con Alicia Esther P\u00e9rez, de discapacidad auditiva, con Carmen Herrera, de mot\u00f3ricos, con Roc\u00edo Machado, y de trastornos graves de conducta, con V\u00edctor Urquiza.<\/p>\n<p>A continuaci\u00f3n se crearon las plazas de atenci\u00f3n temprana, con la incorporaci\u00f3n de Patricia de la Osa en el curso 2009\/10, y de altas capacidades intelectuales, puesto ocupado por Mar\u00eda Jos\u00e9 Baena en el curso 2010\/11. En este curso se incorpor\u00f3 tambi\u00e9n \u00c1frica Nieto Izquierdo al \u00e1rea de Atenci\u00f3n Temprana, donde continua en la actualidad.<\/p>\n<p>Desde entonces hemos formado parte de este equipo un amplio abanico de profesionales con una fuerte implicaci\u00f3n en los procesos de inclusi\u00f3n del alumnado con NEAE de la provincia de Granada. Con el riesgo de olvidar a algunos, puedo recordar perfectamente a Teresa Ure\u00f1a (TGC y AACCII), Esther Ligero (TGC), Antonio Jes\u00fas Velasco (DM), Auxi Coto (DM), Mar\u00eda C. Vico (TGC), Teresa G\u00f3mez (AACCII), Sonia Rodr\u00edguez (TGC), Yolanda S\u00e1nchez (DM), Cristina Mart\u00edn (TGC), Javier Miranda (DM), Bel\u00e9n Romaguera (DIA), Regina Fern\u00e1ndez (DIA), Antonio Martos (TEA), Rosa India (TGC), Laura Cuesta (AT) y Mar\u00eda del Carmen Arenas (AACCII).<\/p>\n<p>La sede inicial del EOEE fue la Delegaci\u00f3n Territorial de Educaci\u00f3n, pasando despu\u00e9s al IES Veleta (Granada), para finalmente acabar en Centro del Profesorado de Granada. Entre los acontecimientos destacados podemos rese\u00f1ar la entrega del premio a los EOEEs de Andaluc\u00eda, las idas y venidas de la luz en el IES Veleta, el ajetreado traslado al CEP y el sabotaje a la alarma instalada en nuestra sede.<\/p>\n<p>En el actual curso 2024\/25 se ha conformado un grupo estable y cohesionado de funcionarios altamente comprometidos con la atenci\u00f3n al alumnado con NEAE, la investigaci\u00f3n-acci\u00f3n, la formaci\u00f3n especializada, la digitalizaci\u00f3n y la aplicaci\u00f3n de los avances tecnol\u00f3gicos en la respuesta educativa. El trabajo colaborativo, interno y con otras instituciones, y la formaci\u00f3n permanente son otras insignias representativas del actual equipo.<\/p>\n<table style=\"height: 235px;width: 74.4718%;border-collapse: collapse;border-color: #000000;background-color: #c6f4f5\">\n<tbody>\n<tr>\n<td style=\"width: 114.29%\" colspan=\"3\"><span style=\"color: #000080\"><strong>EQUIPO DE ORIENTACI\u00d3N EDUCATIVA ESPECIALIZADO DE GRANADA 2025\/26<\/strong><\/span><\/td>\n<\/tr>\n<tr style=\"height: 23px\">\n<td style=\"width: 47.2356%;height: 23px\"><span style=\"color: #000080\"><strong>ORIENTADOR\/A<\/strong><\/span><\/td>\n<td style=\"width: 38.4111%;height: 23px\"><span style=\"color: #000080\"><strong>ESPECIALIDAD<\/strong><\/span><\/td>\n<td style=\"width: 28.6428%;height: 23px\"><span style=\"color: #000080\"><strong>Curso ingreso<\/strong><\/span><\/td>\n<\/tr>\n<tr>\n<td style=\"width: 47.2356%\">M. \u00c1FRICA NIETO IZQUIERDO<\/td>\n<td style=\"width: 38.4111%\">ATENCI\u00d3N TEMPRANA<\/td>\n<td style=\"width: 28.6428%\">2010\/11<\/td>\n<\/tr>\n<tr style=\"height: 23px\">\n<td style=\"width: 47.2356%;height: 23px\">ROSA INDIA HERRERA<\/td>\n<td style=\"width: 38.4111%;height: 23px\">ALTAS CAPACIDADES<\/td>\n<td style=\"width: 28.6428%;height: 23px\">2025\/26<\/td>\n<\/tr>\n<tr style=\"height: 23px\">\n<td style=\"width: 47.2356%;height: 23px\">ESTHER MOLINA TORRES<\/td>\n<td style=\"width: 38.4111%;height: 23px\">TRASTORNOS GRAVES&nbsp; DE CONDUCTA<\/td>\n<td style=\"width: 28.6428%;height: 23px\">2015\/16<\/td>\n<\/tr>\n<tr style=\"height: 23px\">\n<td style=\"width: 47.2356%;height: 23px\">MANUELA CEBRAL FRANCO<\/td>\n<td style=\"width: 38.4111%;height: 23px\">DIFICULTADES DE APRENDIZAJE<\/td>\n<td style=\"width: 28.6428%;height: 23px\">2021\/22<\/td>\n<\/tr>\n<tr style=\"height: 23px\">\n<td style=\"width: 47.2356%;height: 23px\">JUANA ROSA MEDINA \u00c1GUILA<\/td>\n<td style=\"width: 38.4111%;height: 23px\">LIMITACIONES EN LA MOVILIDAD<\/td>\n<td style=\"width: 28.6428%;height: 23px\">2021\/22<\/td>\n<\/tr>\n<tr style=\"height: 23px\">\n<td style=\"width: 47.2356%;height: 23px\">M. JOS\u00c9 GARC\u00cdA ROJAS<\/td>\n<td style=\"width: 38.4111%;height: 23px\">LIMITACIONES AUDITIVAS<\/td>\n<td style=\"width: 28.6428%;height: 23px\">2024\/25<\/td>\n<\/tr>\n<tr style=\"height: 23px\">\n<td style=\"width: 47.2356%;height: 23px\">M. NIEVES SANCHA DIONISIO<\/td>\n<td style=\"width: 38.4111%;height: 23px\">TRASTORNO DEL ESPECTRO AUTISTA<\/td>\n<td style=\"width: 28.6428%;height: 23px\">2024\/25<\/td>\n<\/tr>\n<tr style=\"height: 23px\">\n<td style=\"width: 47.2356%;height: 23px\">M. \u00c1NGEL CABALLERO MARISCAL<\/td>\n<td style=\"width: 38.4111%;height: 23px\">TRASTORNOS GRAVES DE CONDUCTA<\/td>\n<td style=\"width: 28.6428%;height: 23px\">2024\/25<\/td>\n<\/tr>\n<\/tbody>\n<\/table>\n<p>Como personal adscrito a la Delegaci\u00f3n Territorial de Desarrollo Educativo y Formaci\u00f3n Profesional, pero dependencia funcional del EOE Especializado, tenemos a los docentes especialistas en Atenci\u00f3n Temprana, Adela Mas, y en Altas Capacidades Intelectuales, V\u00edctor G\u00f3mez. Ambos ejercen sus funciones en colaboraci\u00f3n permanente con los orientadores de las respectivas \u00e1reas.<\/p>\n<p>Este curso, fruto del nuevo programa Inclusivo para EOE Especializados, se han incorporado Cristina, Mercedes y Mar\u00eda Jos\u00e9, la primera al \u00e1rea de Atenci\u00f3n Temprana y las segundas a TEA.<\/p>\n<p><img loading=\"lazy\" decoding=\"async\" class=\"wp-image-667 alignleft\" src=\"https:\/\/blogsaverroes.juntadeandalucia.es\/eoeegranada\/files\/2024\/11\/20-300x135.jpg\" alt=\"\" width=\"375\" height=\"169\"><img loading=\"lazy\" decoding=\"async\" class=\"alignnone wp-image-672\" src=\"https:\/\/blogsaverroes.juntadeandalucia.es\/eoeegranada\/files\/2024\/11\/18-300x225.jpg\" alt=\"\" width=\"232\" height=\"174\"><\/p>\n<p><img loading=\"lazy\" decoding=\"async\" class=\"wp-image-674 alignleft\" src=\"https:\/\/blogsaverroes.juntadeandalucia.es\/eoeegranada\/files\/2024\/11\/perfec-300x225.jpg\" alt=\"\" width=\"277\" height=\"208\"><\/p>\n<p><img loading=\"lazy\" decoding=\"async\" class=\"alignnone wp-image-677\" src=\"https:\/\/blogsaverroes.juntadeandalucia.es\/eoeegranada\/files\/2024\/11\/22-300x135.jpg\" alt=\"\" width=\"361\" height=\"163\"><\/p>\n<p><img loading=\"lazy\" decoding=\"async\" class=\" wp-image-755 alignleft\" src=\"https:\/\/blogsaverroes.juntadeandalucia.es\/eoeegranada\/files\/2024\/11\/Victor-300x224.jpg\" alt=\"\" width=\"268\" height=\"200\"><\/p>\n<p>&nbsp; &nbsp; &nbsp; &nbsp; &nbsp; <img loading=\"lazy\" decoding=\"async\" class=\" wp-image-756\" src=\"https:\/\/blogsaverroes.juntadeandalucia.es\/eoeegranada\/files\/2024\/11\/7magnificos-300x225.jpg\" alt=\"\" width=\"270\" height=\"202\"><\/p>\n","protected":false},"excerpt":{"rendered":"<p>El EOE Especializado de Granada empez\u00f3 su andadura oficial en el curso 2008\/09 en las \u00e1reas de Autismo, con Alicia Esther P\u00e9rez, de discapacidad auditiva, con Carmen Herrera, de mot\u00f3ricos, con Roc\u00edo Machado, y de trastornos graves de conducta, con V\u00edctor Urquiza. A continuaci\u00f3n se crearon las plazas de atenci\u00f3n temprana, con la incorporaci\u00f3n de [&hellip;]<\/p>\n","protected":false},"author":7051,"featured_media":0,"parent":0,"menu_order":0,"comment_status":"closed","ping_status":"closed","template":"","meta":{"_et_pb_use_builder":"off","_et_pb_old_content":"","_et_gb_content_width":"","_exactmetrics_skip_tracking":false,"_exactmetrics_sitenote_active":false,"_exactmetrics_sitenote_note":"","_exactmetrics_sitenote_category":0,"ngg_post_thumbnail":0,"footnotes":"","_mc_calendar":[]},"aioseo_notices":[],"_links":{"self":[{"href":"https:\/\/blogsaverroes.juntadeandalucia.es\/eoeegranada\/wp-json\/wp\/v2\/pages\/295"}],"collection":[{"href":"https:\/\/blogsaverroes.juntadeandalucia.es\/eoeegranada\/wp-json\/wp\/v2\/pages"}],"about":[{"href":"https:\/\/blogsaverroes.juntadeandalucia.es\/eoeegranada\/wp-json\/wp\/v2\/types\/page"}],"author":[{"embeddable":true,"href":"https:\/\/blogsaverroes.juntadeandalucia.es\/eoeegranada\/wp-json\/wp\/v2\/users\/7051"}],"replies":[{"embeddable":true,"href":"https:\/\/blogsaverroes.juntadeandalucia.es\/eoeegranada\/wp-json\/wp\/v2\/comments?post=295"}],"version-history":[{"count":22,"href":"https:\/\/blogsaverroes.juntadeandalucia.es\/eoeegranada\/wp-json\/wp\/v2\/pages\/295\/revisions"}],"predecessor-version":[{"id":1024,"href":"https:\/\/blogsaverroes.juntadeandalucia.es\/eoeegranada\/wp-json\/wp\/v2\/pages\/295\/revisions\/1024"}],"wp:attachment":[{"href":"https:\/\/blogsaverroes.juntadeandalucia.es\/eoeegranada\/wp-json\/wp\/v2\/media?parent=295"}],"curies":[{"name":"wp","href":"https:\/\/api.w.org\/{rel}","templated":true}]}}