{"id":352,"date":"2020-02-13T10:51:34","date_gmt":"2020-02-13T09:51:34","guid":{"rendered":"http:\/\/blogsaverroes.juntadeandalucia.es\/pre\/nuevoiesv2\/?page_id=352"},"modified":"2024-11-29T23:04:45","modified_gmt":"2024-11-29T22:04:45","slug":"planes-y-proyectos","status":"publish","type":"page","link":"https:\/\/blogsaverroes.juntadeandalucia.es\/eoeegranada\/planes-y-proyectos\/","title":{"rendered":"Planes y Proyectos"},"content":{"rendered":"<p>[et_pb_section admin_label=&#8221;section&#8221;]<br \/>\n\t\t\t[et_pb_row admin_label=&#8221;row&#8221;]<br \/>\n\t\t\t\t[et_pb_column type=&#8221;4_4&#8243;][et_pb_text admin_label=&#8221;Text&#8221;]<\/p>\n<ul>\n<li><a href=\"https:\/\/drive.google.com\/file\/d\/1FQvaFh9_eOAYJ7qqU8GrJHlszw7tdE7T\/view?usp=sharing\">PLAN ANUAL EOE ESPECIALIZADO 2024\/25<\/a>.<\/li>\n<li>Plan de Transformaci\u00f3n Digital Educativa (TDE).<\/li>\n<li>Pr\u00e1cticum M\u00e1ster de Educaci\u00f3n Secundaria de la Universidad de Granada.<\/li>\n<li><a href=\"https:\/\/altascapacidadesgr.blogspot.com\/\">PREINRED<\/a>: Programa de Enriquecimiento Integral en Red.<\/li>\n<li>Programa <a href=\"https:\/\/drive.google.com\/file\/d\/1BYlAIx7Y2MDE3zypLy20IeJQmgoNc9eW\/view?usp=sharing\">Inclusi\u00f3n<\/a> EOEE.<\/li>\n<\/ul>\n<p>[\/et_pb_text][\/et_pb_column]<br \/>\n\t\t\t[\/et_pb_row]<br \/>\n\t\t[\/et_pb_section]<\/p>\n","protected":false},"excerpt":{"rendered":"<p>PLAN ANUAL EOE ESPECIALIZADO 2024\/25. Plan de Transformaci\u00f3n Digital Educativa (TDE). Pr\u00e1cticum M\u00e1ster de Educaci\u00f3n Secundaria de la Universidad de Granada. PREINRED: Programa de Enriquecimiento Integral en Red. Programa Inclusi\u00f3n EOEE.<\/p>\n","protected":false},"author":7051,"featured_media":0,"parent":0,"menu_order":0,"comment_status":"closed","ping_status":"closed","template":"","meta":{"_et_pb_use_builder":"on","_et_pb_old_content":"<ul>\r\n \t<li><a href=\"https:\/\/drive.google.com\/file\/d\/1FQvaFh9_eOAYJ7qqU8GrJHlszw7tdE7T\/view?usp=sharing\">PLAN ANUAL EOE ESPECIALIZADO 2024\/25<\/a>.<\/li>\r\n \t<li>Plan de Transformaci\u00f3n Digital Educativa (TDE).<\/li>\r\n \t<li>Pr\u00e1cticum M\u00e1ster de Educaci\u00f3n Secundaria de la Universidad de Granada.<\/li>\r\n \t<li><a href=\"https:\/\/altascapacidadesgr.blogspot.com\/\">PREINRED<\/a>: Programa de Enriquecimiento Integral en Red.<\/li>\r\n \t<li>Programa <a href=\"https:\/\/drive.google.com\/file\/d\/1BYlAIx7Y2MDE3zypLy20IeJQmgoNc9eW\/view?usp=sharing\">Inclusi\u00f3n<\/a> EOEE.<\/li>\r\n<\/ul>","_et_gb_content_width":"","_exactmetrics_skip_tracking":false,"_exactmetrics_sitenote_active":false,"_exactmetrics_sitenote_note":"","_exactmetrics_sitenote_category":0,"ngg_post_thumbnail":0,"footnotes":"","_mc_calendar":[]},"aioseo_notices":[],"_links":{"self":[{"href":"https:\/\/blogsaverroes.juntadeandalucia.es\/eoeegranada\/wp-json\/wp\/v2\/pages\/352"}],"collection":[{"href":"https:\/\/blogsaverroes.juntadeandalucia.es\/eoeegranada\/wp-json\/wp\/v2\/pages"}],"about":[{"href":"https:\/\/blogsaverroes.juntadeandalucia.es\/eoeegranada\/wp-json\/wp\/v2\/types\/page"}],"author":[{"embeddable":true,"href":"https:\/\/blogsaverroes.juntadeandalucia.es\/eoeegranada\/wp-json\/wp\/v2\/users\/7051"}],"replies":[{"embeddable":true,"href":"https:\/\/blogsaverroes.juntadeandalucia.es\/eoeegranada\/wp-json\/wp\/v2\/comments?post=352"}],"version-history":[{"count":5,"href":"https:\/\/blogsaverroes.juntadeandalucia.es\/eoeegranada\/wp-json\/wp\/v2\/pages\/352\/revisions"}],"predecessor-version":[{"id":742,"href":"https:\/\/blogsaverroes.juntadeandalucia.es\/eoeegranada\/wp-json\/wp\/v2\/pages\/352\/revisions\/742"}],"wp:attachment":[{"href":"https:\/\/blogsaverroes.juntadeandalucia.es\/eoeegranada\/wp-json\/wp\/v2\/media?parent=352"}],"curies":[{"name":"wp","href":"https:\/\/api.w.org\/{rel}","templated":true}]}}