{"id":39,"date":"2020-01-10T07:47:48","date_gmt":"2020-01-10T06:47:48","guid":{"rendered":"http:\/\/blogsaverroes.juntadeandalucia.es\/pre\/nuevoiesv2\/?page_id=39"},"modified":"2024-12-18T14:01:53","modified_gmt":"2024-12-18T13:01:53","slug":"comedor-escolar","status":"publish","type":"page","link":"https:\/\/blogsaverroes.juntadeandalucia.es\/eoeegranada\/comedor-escolar\/","title":{"rendered":"Comedor escolar"},"content":{"rendered":"<p>[et_pb_section fb_built=&#8221;1&#8243; _builder_version=&#8221;4.16&#8243; custom_padding=&#8221;0px||0px|&#8221; z_index_tablet=&#8221;500&#8243; box_shadow_horizontal_tablet=&#8221;0px&#8221; box_shadow_vertical_tablet=&#8221;0px&#8221; box_shadow_blur_tablet=&#8221;40px&#8221; box_shadow_spread_tablet=&#8221;0px&#8221; global_colors_info=&#8221;{}&#8221;][et_pb_row _builder_version=&#8221;4.16&#8243; background_size=&#8221;initial&#8221; background_position=&#8221;top_left&#8221; background_repeat=&#8221;repeat&#8221; global_colors_info=&#8221;{}&#8221;][et_pb_column type=&#8221;4_4&#8243; _builder_version=&#8221;4.16&#8243; custom_padding=&#8221;|||&#8221; global_colors_info=&#8221;{}&#8221; custom_padding__hover=&#8221;|||&#8221;][et_pb_image src=&#8221;https:\/\/blogsaverroes.juntadeandalucia.es\/eoeegranada\/files\/2024\/11\/fm-scaled.jpg&#8221; title_text=&#8221;fm&#8221; src_tablet=&#8221;https:\/\/blogsaverroes.juntadeandalucia.es\/eoeegranada\/files\/2024\/11\/fm-scaled.jpg&#8221; src_phone=&#8221;https:\/\/blogsaverroes.juntadeandalucia.es\/eoeegranada\/files\/2024\/11\/fm-scaled.jpg&#8221; src_last_edited=&#8221;on|desktop&#8221; admin_label=&#8221;Imagen de la portada&#8221; _builder_version=&#8221;4.24.2&#8243; vertical_offset_tablet=&#8221;0&#8243; horizontal_offset_tablet=&#8221;0&#8243; z_index_tablet=&#8221;500&#8243; box_shadow_horizontal_tablet=&#8221;0px&#8221; box_shadow_vertical_tablet=&#8221;0px&#8221; box_shadow_blur_tablet=&#8221;40px&#8221; box_shadow_spread_tablet=&#8221;0px&#8221; global_colors_info=&#8221;{}&#8221;][\/et_pb_image][et_pb_text admin_label=&#8221;Texto descriptivo&#8221; _builder_version=&#8221;4.24.2&#8243; z_index_tablet=&#8221;500&#8243; text_text_shadow_horizontal_length_tablet=&#8221;0px&#8221; text_text_shadow_vertical_length_tablet=&#8221;0px&#8221; text_text_shadow_blur_strength_tablet=&#8221;1px&#8221; link_text_shadow_horizontal_length_tablet=&#8221;0px&#8221; link_text_shadow_vertical_length_tablet=&#8221;0px&#8221; link_text_shadow_blur_strength_tablet=&#8221;1px&#8221; ul_text_shadow_horizontal_length_tablet=&#8221;0px&#8221; ul_text_shadow_vertical_length_tablet=&#8221;0px&#8221; ul_text_shadow_blur_strength_tablet=&#8221;1px&#8221; ol_text_shadow_horizontal_length_tablet=&#8221;0px&#8221; ol_text_shadow_vertical_length_tablet=&#8221;0px&#8221; ol_text_shadow_blur_strength_tablet=&#8221;1px&#8221; quote_text_shadow_horizontal_length_tablet=&#8221;0px&#8221; quote_text_shadow_vertical_length_tablet=&#8221;0px&#8221; quote_text_shadow_blur_strength_tablet=&#8221;1px&#8221; header_text_shadow_horizontal_length_tablet=&#8221;0px&#8221; header_text_shadow_vertical_length_tablet=&#8221;0px&#8221; header_text_shadow_blur_strength_tablet=&#8221;1px&#8221; header_2_text_shadow_horizontal_length_tablet=&#8221;0px&#8221; header_2_text_shadow_vertical_length_tablet=&#8221;0px&#8221; header_2_text_shadow_blur_strength_tablet=&#8221;1px&#8221; header_3_text_shadow_horizontal_length_tablet=&#8221;0px&#8221; header_3_text_shadow_vertical_length_tablet=&#8221;0px&#8221; header_3_text_shadow_blur_strength_tablet=&#8221;1px&#8221; header_4_text_shadow_horizontal_length_tablet=&#8221;0px&#8221; header_4_text_shadow_vertical_length_tablet=&#8221;0px&#8221; header_4_text_shadow_blur_strength_tablet=&#8221;1px&#8221; header_5_text_shadow_horizontal_length_tablet=&#8221;0px&#8221; header_5_text_shadow_vertical_length_tablet=&#8221;0px&#8221; header_5_text_shadow_blur_strength_tablet=&#8221;1px&#8221; header_6_text_shadow_horizontal_length_tablet=&#8221;0px&#8221; header_6_text_shadow_vertical_length_tablet=&#8221;0px&#8221; header_6_text_shadow_blur_strength_tablet=&#8221;1px&#8221; box_shadow_horizontal_tablet=&#8221;0px&#8221; box_shadow_vertical_tablet=&#8221;0px&#8221; box_shadow_blur_tablet=&#8221;40px&#8221; box_shadow_spread_tablet=&#8221;0px&#8221; global_colors_info=&#8221;{}&#8221;]<\/p>\n<h2>Material espec\u00edfico NEE<\/h2>\n<p>La provisi\u00f3n de materiales espec\u00edficos para el alumnado con NEE asociadas a discapacidad se regula por la Orden de 25 de enero de 2017. De forma sint\u00e9tica podemos describir el procedimiento de la siguiente forma: solicitud\u00a0 en S\u00e9neca de intervenci\u00f3n del EOE Especializado correspondiente (Anexo I), que realizar\u00e1 un informe funcional\u00a0 (Anexo Vb) proponiendo los recursos\u00a0 espec\u00edficos necesarios para el alumnado con NEE, actualizaci\u00f3n del informe psicopedag\u00f3gico y el dictamen de escolarizaci\u00f3n a\u00f1adiendo la necesidad de los recursos, y, por \u00faltimo, solicitud del director\/a del centro (incluye el Anexo I, solicitud\u00a0 de materila espec\u00edfico de la Direcci\u00f3n,\u00a0 el Anexo Vb, informe funcional del EOEE y, en su caso, el informe de los Servicios de Salud) a la coordinadora del Equipo T\u00e9cnico Provincial de Orientaci\u00f3n Educativa y Profesional (ETPOEP). La coordinadora del ETPOEP traslada la solicitud a la coordinadora del \u00e1rea de Recursos T\u00e9cnicos que realizar\u00e1 el resto de la tramitaci\u00f3n con la APAE (Agencia P\u00fablica Andaluza de Educaci\u00f3n).<\/p>\n<p><a href=\"https:\/\/www.adideandalucia.es\/normas\/instruc\/Instrucciones25enero2017DotacionEspecificaNEE.pdf\">Orden de 25 de enero de 2017, materiales NEE<\/a><\/p>\n<p><a href=\"https:\/\/drive.google.com\/file\/d\/1DFBcNxAKLExsNSyX3V5nVKXY-Gw0MEVI\/view?usp=drive_link\">Infograf\u00eda procedimiento petici\u00f3n RRTT para NEE<\/a><\/p>\n<p>&nbsp;<\/p>\n<p>&nbsp;<\/p>\n<p>[\/et_pb_text][\/et_pb_column][\/et_pb_row][\/et_pb_section]<\/p>\n","protected":false},"excerpt":{"rendered":"<p>Material espec\u00edfico NEE La provisi\u00f3n de materiales espec\u00edficos para el alumnado con NEE asociadas a discapacidad se regula por la Orden de 25 de enero de 2017. De forma sint\u00e9tica podemos describir el procedimiento de la siguiente forma: solicitud\u00a0 en S\u00e9neca de intervenci\u00f3n del EOE Especializado correspondiente (Anexo I), que realizar\u00e1 un informe funcional\u00a0 (Anexo [&hellip;]<\/p>\n","protected":false},"author":7051,"featured_media":0,"parent":0,"menu_order":0,"comment_status":"closed","ping_status":"closed","template":"","meta":{"_et_pb_use_builder":"on","_et_pb_old_content":"","_et_gb_content_width":"","_exactmetrics_skip_tracking":false,"_exactmetrics_sitenote_active":false,"_exactmetrics_sitenote_note":"","_exactmetrics_sitenote_category":0,"ngg_post_thumbnail":0,"footnotes":"","_mc_calendar":[]},"aioseo_notices":[],"_links":{"self":[{"href":"https:\/\/blogsaverroes.juntadeandalucia.es\/eoeegranada\/wp-json\/wp\/v2\/pages\/39"}],"collection":[{"href":"https:\/\/blogsaverroes.juntadeandalucia.es\/eoeegranada\/wp-json\/wp\/v2\/pages"}],"about":[{"href":"https:\/\/blogsaverroes.juntadeandalucia.es\/eoeegranada\/wp-json\/wp\/v2\/types\/page"}],"author":[{"embeddable":true,"href":"https:\/\/blogsaverroes.juntadeandalucia.es\/eoeegranada\/wp-json\/wp\/v2\/users\/7051"}],"replies":[{"embeddable":true,"href":"https:\/\/blogsaverroes.juntadeandalucia.es\/eoeegranada\/wp-json\/wp\/v2\/comments?post=39"}],"version-history":[{"count":10,"href":"https:\/\/blogsaverroes.juntadeandalucia.es\/eoeegranada\/wp-json\/wp\/v2\/pages\/39\/revisions"}],"predecessor-version":[{"id":887,"href":"https:\/\/blogsaverroes.juntadeandalucia.es\/eoeegranada\/wp-json\/wp\/v2\/pages\/39\/revisions\/887"}],"wp:attachment":[{"href":"https:\/\/blogsaverroes.juntadeandalucia.es\/eoeegranada\/wp-json\/wp\/v2\/media?parent=39"}],"curies":[{"name":"wp","href":"https:\/\/api.w.org\/{rel}","templated":true}]}}