{"id":426,"date":"2020-12-18T08:46:54","date_gmt":"2020-12-18T07:46:54","guid":{"rendered":"https:\/\/blogsaverroes.juntadeandalucia.es\/pre\/plantilla-typewriter\/?page_id=426"},"modified":"2025-11-07T20:52:48","modified_gmt":"2025-11-07T19:52:48","slug":"contactar-con-el-centro","status":"publish","type":"page","link":"https:\/\/blogsaverroes.juntadeandalucia.es\/eoeegranada\/contactar-con-el-centro\/","title":{"rendered":"Contactar"},"content":{"rendered":"<table style=\"height: 1315px;width: 100.105%\" width=\"100.105%\">\n<tbody>\n<tr style=\"border-style: dashed\">\n<td style=\"width: 98.8506%;height: 6px\" colspan=\"5\"><strong>CONTACTOS EOE ESPECIALIZADO GRANADA<\/strong><\/p>\n<p><strong>Curso 2024\/25<\/strong><\/td>\n<\/tr>\n<tr style=\"border-style: dashed\">\n<td style=\"width: 14.5681%;height: 88px\" rowspan=\"2\"><strong>\u00c1REA<\/strong><\/td>\n<td style=\"width: 32.1404%;height: 88px\" rowspan=\"2\"><strong>ESPECIALISTAS<\/strong><\/td>\n<td style=\"width: 52.1421%;height: 44px\" colspan=\"3\"><strong>CONTACTOS<\/strong><\/td>\n<\/tr>\n<tr style=\"border-style: dashed\">\n<td style=\"width: 35.3187%;height: 44px\"><strong>email<\/strong><\/td>\n<td style=\"width: 7.94148%;height: 44px\"><strong>Tel\u00e9fono<\/strong><\/td>\n<td style=\"width: 8.88192%;height: 44px\"><strong>Corporativo<\/strong><\/td>\n<\/tr>\n<tr style=\"height: 3px\">\n<td style=\"width: 14.5681%;height: 180px\" rowspan=\"2\"><strong>Atenci\u00f3n Temprana<\/strong><\/td>\n<td style=\"width: 32.1404%;height: 94px\"><strong>M\u00aa \u00c1frica Nieto Izquierdo<\/strong><\/td>\n<td style=\"width: 35.3187%;height: 94px\"><span style=\"color: #0000ff\"><a style=\"color: #0000ff\" href=\"mailto:mafrica.nieto.edu@juntadeandalucia.es\"><strong>mafrica.nieto.edu@juntadeandalucia.es<\/strong><\/a><\/span><\/td>\n<td style=\"width: 7.94148%;height: 94px\"><strong>670949947<\/strong><\/td>\n<td style=\"width: 8.88192%;height: 94px\"><strong>749947<\/strong><\/td>\n<\/tr>\n<tr style=\"height: 3px\">\n<td style=\"width: 32.1404%;height: 86px\"><strong>Adela Mar\u00eda Romero Mas<\/strong><\/td>\n<td style=\"width: 35.3187%;height: 86px\"><span style=\"color: #0000ff\"><a style=\"color: #0000ff\" href=\"mailto:adela.romero.edu@juntadeandalucia.es\"><strong>adela.romero.edu@juntadeandalucia.es<\/strong><\/a><\/span><\/td>\n<td style=\"width: 7.94148%;height: 86px\"><strong>670949947<\/strong><\/td>\n<td style=\"width: 8.88192%;height: 86px\"><strong>749947<\/strong><\/td>\n<\/tr>\n<tr style=\"height: 3px\">\n<td style=\"width: 14.5681%;height: 94px\"><strong>Dificultades de Aprendizaje<\/strong><\/td>\n<td style=\"width: 32.1404%;height: 94px\"><strong>Manuela Cebral Franco<\/strong><\/td>\n<td style=\"width: 35.3187%;height: 94px\"><span style=\"color: #0000ff\"><a style=\"color: #0000ff\" href=\"mailto:manuela.cebral.franco.edu@juntadeandalucia.es\"><strong>manuela.cebral.franco.edu@juntadeandalucia.es<\/strong><\/a><\/span><\/td>\n<td style=\"width: 7.94148%;height: 94px\"><strong>671533682<\/strong><\/td>\n<td style=\"width: 8.88192%;height: 94px\"><strong>633682<\/strong><\/td>\n<\/tr>\n<tr style=\"height: 3px\">\n<td style=\"width: 14.5681%;height: 94px\"><strong>Limitaciones Auditivas<\/strong><\/td>\n<td style=\"width: 32.1404%;height: 94px\"><strong>Mar\u00eda Jos\u00e9 Garc\u00eda Rojas<\/strong><\/td>\n<td style=\"width: 35.3187%;height: 94px\"><span style=\"color: #0000ff\"><a style=\"color: #0000ff\" href=\"mailto:maria.g.rojas.edu@juntadeandalucia.es\"><strong>maria.g.rojas.edu@juntadeandalucia.es<\/strong><\/a><\/span><\/td>\n<td style=\"width: 7.94148%;height: 94px\"><strong>671539179<\/strong><\/td>\n<td style=\"width: 8.88192%;height: 94px\"><strong>639179<\/strong><\/td>\n<\/tr>\n<tr style=\"height: 3px\">\n<td style=\"width: 14.5681%;height: 74px\"><strong>Limitaciones Visuales<\/strong><\/td>\n<td style=\"width: 32.1404%;height: 74px\"><strong>Ferm\u00edn David Navarro Garc\u00eda<\/strong><\/td>\n<td style=\"width: 35.3187%;height: 74px\"><span style=\"color: #0000ff\"><strong>fnavgar652@g.educaand.es<\/strong><\/span><\/td>\n<td style=\"width: 7.94148%;height: 74px\"><strong>958220011<\/strong><\/td>\n<td style=\"width: 8.88192%;height: 74px\">&nbsp;<\/td>\n<\/tr>\n<tr style=\"height: 3px\">\n<td style=\"width: 14.5681%;height: 88px\"><strong>Limitaciones&nbsp; en la Movilidad<\/strong><\/td>\n<td style=\"width: 32.1404%;height: 88px\"><strong>Juana Rosa Medina \u00c1guila<\/strong><\/td>\n<td style=\"width: 35.3187%;height: 88px\"><span style=\"color: #0000ff\"><a style=\"color: #0000ff\" href=\"mailto:juana.medina.aguila.edu@juntadeandalucia.es\"><strong>juana.medina.aguila.edu@juntadeandalucia.es<\/strong><\/a><\/span><\/td>\n<td style=\"width: 7.94148%;height: 88px\"><strong>630562454<\/strong><\/td>\n<td style=\"width: 8.88192%;height: 88px\"><strong>681175<\/strong><\/td>\n<\/tr>\n<tr style=\"height: 3px\">\n<td style=\"width: 14.5681%;height: 94px\"><strong>Trastorno del Espectro Autista<\/strong><\/td>\n<td style=\"width: 32.1404%;height: 94px\"><strong>Mar\u00eda Nieves Sancha Dionisio<\/strong><\/td>\n<td style=\"width: 35.3187%;height: 94px\"><span style=\"color: #0000ff\"><strong>mnieves.sancha.edu@juntadeandalucia.es<\/strong><\/span><\/td>\n<td style=\"width: 7.94148%;height: 94px\"><strong>671533685<\/strong><\/td>\n<td style=\"width: 8.88192%;height: 94px\"><strong>633685<\/strong><\/td>\n<\/tr>\n<tr style=\"height: 3px\">\n<td style=\"width: 14.5681%;height: 187px\" rowspan=\"2\"><strong>Trastornos Graves de Conducta<\/strong><\/td>\n<td style=\"width: 32.1404%;height: 88px\"><strong>Esther Molina Torres<\/strong><\/p>\n<p style=\"text-align: left\"><strong>Coordinadora<\/strong><\/p>\n<\/td>\n<td style=\"width: 35.3187%;height: 88px\"><span style=\"color: #0000ff\"><a style=\"color: #0000ff\" href=\"mailto:esther.molina.edu@juntadeandalucia.es\"><strong>esther.molina.edu@juntadeandalucia.es<\/strong><\/a><\/span><\/td>\n<td style=\"width: 7.94148%;height: 88px\"><strong>958893878<\/strong><\/p>\n<p><strong>671539189<\/strong><\/p>\n<p><strong>958893879<\/strong><\/td>\n<td style=\"width: 8.88192%;height: 88px\"><strong>190878<\/strong><\/p>\n<p><strong>639189<\/strong><\/p>\n<p><strong>681175<\/strong><\/td>\n<\/tr>\n<tr style=\"height: 3px\">\n<td style=\"width: 32.1404%;height: 99px\"><strong>Miguel \u00c1ngel Caballero Mariscal<\/strong><\/td>\n<td style=\"width: 35.3187%;height: 99px\"><span style=\"color: #0000ff\"><a style=\"color: #0000ff\" href=\"mailto:mangel.caballero.edu@juntadeandalucia\"><strong>mangel.caballero.edu@juntadeandalucia<\/strong><\/a><\/span><\/td>\n<td style=\"width: 7.94148%;height: 99px\"><strong>671539189<\/strong><\/td>\n<td style=\"width: 8.88192%;height: 99px\"><strong>639189<\/strong><\/td>\n<\/tr>\n<tr style=\"height: 3px\">\n<td style=\"width: 14.5681%;height: 177px\" rowspan=\"2\"><strong>AACCII<\/strong><\/td>\n<td style=\"width: 32.1404%;height: 83px\"><strong>Rosa India Herrera<\/strong><\/td>\n<td style=\"width: 35.3187%;height: 83px\"><span style=\"color: #0000ff\"><a style=\"color: #0000ff\" href=\"mailto:jose.rodriguez.ruiz.edu@juntadeandalucia.es\"><strong>rosa.india.edu@juntadeandalucia.es<\/strong><\/a><\/span><\/td>\n<td style=\"width: 7.94148%;height: 83px\"><strong>679573464<\/strong><\/td>\n<td style=\"width: 8.88192%;height: 83px\"><strong>678036<\/strong><\/td>\n<\/tr>\n<tr style=\"height: 3px\">\n<td style=\"width: 32.1404%;height: 94px\"><strong>V\u00edctor G\u00f3mez S\u00e1nchez<\/strong><\/td>\n<td style=\"width: 35.3187%;height: 94px\"><span style=\"color: #0000ff\"><a style=\"color: #0000ff\" href=\"mailto:victor.g.sanchez.edu@juntadeandalucia.es\"><strong>victor.g.sanchez.edu@juntadeandalucia.es<\/strong><\/a><\/span><\/td>\n<td style=\"width: 7.94148%;height: 94px\"><strong>665962482<\/strong><\/td>\n<td style=\"width: 8.88192%;height: 94px\">&nbsp;<\/td>\n<\/tr>\n<tr style=\"border-style: dashed\">\n<td style=\"width: 14.5681%;height: 233px\"><strong>Espacio Web<\/strong><\/p>\n<p><strong>Mail<\/strong><\/p>\n<p><strong>Direcci\u00f3n<\/strong><\/td>\n<td style=\"width: 84.2825%;height: 233px\" colspan=\"4\"><strong><a href=\"https:\/\/blogsaverroes.juntadeandalucia.es\/eoeegranada\/\"><span style=\"color: #0000ff\">https:\/\/blogsaverroes.juntadeandalucia.es\/eoeegranada\/<\/span><\/a><\/strong><\/p>\n<p><span style=\"color: #0000ff\"><a style=\"color: #0000ff\" href=\"mailto:18006391.edu@juntadeandalucia.es\"><strong>18006391.edu@juntadeandalucia.es<\/strong><\/a><\/span><\/p>\n<p><strong>Camino de Santa Juliana, 3, 18016. Centro de Profesorado de Granada<\/strong><\/td>\n<\/tr>\n<\/tbody>\n<\/table>\n","protected":false},"excerpt":{"rendered":"<p>CONTACTOS EOE ESPECIALIZADO GRANADA Curso 2024\/25 \u00c1REA ESPECIALISTAS CONTACTOS email Tel\u00e9fono Corporativo Atenci\u00f3n Temprana M\u00aa \u00c1frica Nieto Izquierdo mafrica.nieto.edu@juntadeandalucia.es 670949947 749947 Adela Mar\u00eda Romero Mas adela.romero.edu@juntadeandalucia.es 670949947 749947 Dificultades de Aprendizaje Manuela Cebral Franco manuela.cebral.franco.edu@juntadeandalucia.es 671533682 633682 Limitaciones Auditivas Mar\u00eda Jos\u00e9 Garc\u00eda Rojas maria.g.rojas.edu@juntadeandalucia.es 671539179 639179 Limitaciones Visuales Ferm\u00edn David Navarro Garc\u00eda fnavgar652@g.educaand.es 958220011 &nbsp; [&hellip;]<\/p>\n","protected":false},"author":7051,"featured_media":0,"parent":0,"menu_order":0,"comment_status":"closed","ping_status":"closed","template":"","meta":{"_et_pb_use_builder":"off","_et_pb_old_content":"","_et_gb_content_width":"","_exactmetrics_skip_tracking":false,"_exactmetrics_sitenote_active":false,"_exactmetrics_sitenote_note":"","_exactmetrics_sitenote_category":0,"ngg_post_thumbnail":0,"footnotes":"","_mc_calendar":[]},"aioseo_notices":[],"_links":{"self":[{"href":"https:\/\/blogsaverroes.juntadeandalucia.es\/eoeegranada\/wp-json\/wp\/v2\/pages\/426"}],"collection":[{"href":"https:\/\/blogsaverroes.juntadeandalucia.es\/eoeegranada\/wp-json\/wp\/v2\/pages"}],"about":[{"href":"https:\/\/blogsaverroes.juntadeandalucia.es\/eoeegranada\/wp-json\/wp\/v2\/types\/page"}],"author":[{"embeddable":true,"href":"https:\/\/blogsaverroes.juntadeandalucia.es\/eoeegranada\/wp-json\/wp\/v2\/users\/7051"}],"replies":[{"embeddable":true,"href":"https:\/\/blogsaverroes.juntadeandalucia.es\/eoeegranada\/wp-json\/wp\/v2\/comments?post=426"}],"version-history":[{"count":17,"href":"https:\/\/blogsaverroes.juntadeandalucia.es\/eoeegranada\/wp-json\/wp\/v2\/pages\/426\/revisions"}],"predecessor-version":[{"id":1022,"href":"https:\/\/blogsaverroes.juntadeandalucia.es\/eoeegranada\/wp-json\/wp\/v2\/pages\/426\/revisions\/1022"}],"wp:attachment":[{"href":"https:\/\/blogsaverroes.juntadeandalucia.es\/eoeegranada\/wp-json\/wp\/v2\/media?parent=426"}],"curies":[{"name":"wp","href":"https:\/\/api.w.org\/{rel}","templated":true}]}}