{"id":54,"date":"2024-01-26T12:17:38","date_gmt":"2024-01-26T12:17:38","guid":{"rendered":"https:\/\/blogsaverroes.juntadeandalucia.es\/eoeemotoricoscadiz\/?page_id=54"},"modified":"2025-10-31T10:03:33","modified_gmt":"2025-10-31T10:03:33","slug":"presentacion","status":"publish","type":"page","link":"https:\/\/blogsaverroes.juntadeandalucia.es\/eoeemotoricoscadiz\/presentacion\/","title":{"rendered":"PRESENTACI\u00d3N"},"content":{"rendered":"<pre><strong>Carmen Teresa Bernal P\u00e9rez&nbsp;<\/strong><\/pre>\n<p><span style=\"font-family: 'book antiqua', palatino, serif\">Orientadora especialista en LIMITACI\u00d3N FUNCIONAL DE LA MOVILIDAD (mot\u00f3ricos)<\/span><\/p>\n<pre><strong>Mirian Moreno Hierro<\/strong><\/pre>\n<p><span style=\"font-size: 12pt;font-family: 'book antiqua', palatino, serif\">Maestra especialista LIMITACI\u00d3N FUNCIONAL DE LA MOVILIDAD (mot\u00f3ricos)<\/span><\/p>\n","protected":false},"excerpt":{"rendered":"<p>Carmen Teresa Bernal P\u00e9rez&nbsp; Orientadora especialista en LIMITACI\u00d3N FUNCIONAL DE LA MOVILIDAD (mot\u00f3ricos) Mirian Moreno Hierro Maestra especialista LIMITACI\u00d3N FUNCIONAL DE LA MOVILIDAD (mot\u00f3ricos)<\/p>\n","protected":false},"author":14251,"featured_media":0,"parent":0,"menu_order":1,"comment_status":"closed","ping_status":"closed","template":"","meta":{"ngg_post_thumbnail":0,"footnotes":""},"aioseo_notices":[],"_links":{"self":[{"href":"https:\/\/blogsaverroes.juntadeandalucia.es\/eoeemotoricoscadiz\/wp-json\/wp\/v2\/pages\/54"}],"collection":[{"href":"https:\/\/blogsaverroes.juntadeandalucia.es\/eoeemotoricoscadiz\/wp-json\/wp\/v2\/pages"}],"about":[{"href":"https:\/\/blogsaverroes.juntadeandalucia.es\/eoeemotoricoscadiz\/wp-json\/wp\/v2\/types\/page"}],"author":[{"embeddable":true,"href":"https:\/\/blogsaverroes.juntadeandalucia.es\/eoeemotoricoscadiz\/wp-json\/wp\/v2\/users\/14251"}],"replies":[{"embeddable":true,"href":"https:\/\/blogsaverroes.juntadeandalucia.es\/eoeemotoricoscadiz\/wp-json\/wp\/v2\/comments?post=54"}],"version-history":[{"count":3,"href":"https:\/\/blogsaverroes.juntadeandalucia.es\/eoeemotoricoscadiz\/wp-json\/wp\/v2\/pages\/54\/revisions"}],"predecessor-version":[{"id":233,"href":"https:\/\/blogsaverroes.juntadeandalucia.es\/eoeemotoricoscadiz\/wp-json\/wp\/v2\/pages\/54\/revisions\/233"}],"wp:attachment":[{"href":"https:\/\/blogsaverroes.juntadeandalucia.es\/eoeemotoricoscadiz\/wp-json\/wp\/v2\/media?parent=54"}],"curies":[{"name":"wp","href":"https:\/\/api.w.org\/{rel}","templated":true}]}}