{"id":102,"date":"2023-11-24T08:36:47","date_gmt":"2023-11-24T08:36:47","guid":{"rendered":"https:\/\/blogsaverroes.juntadeandalucia.es\/eoeeteacadiz\/?page_id=102"},"modified":"2024-10-21T22:28:03","modified_gmt":"2024-10-21T22:28:03","slug":"presentacion","status":"publish","type":"page","link":"https:\/\/blogsaverroes.juntadeandalucia.es\/eoeeteacadiz\/presentacion\/","title":{"rendered":"Presentaci\u00f3n"},"content":{"rendered":"<p>Nuestro Equipo est\u00e1 formado&nbsp; por&#8230;<\/p>\n<ul>\n<li>dos orientadores ESPECIALISTAS en TEA, con un \u00e1mbito de actuaci\u00f3n provincial y que abarcan todas la etapas educativas:\n<ul>\n<li style=\"list-style-type: none\">\n<ul>\n<li>M\u00aa Eugenia Santaella \u00c1vila\n<ul>\n<li><a href=\"mailto:meugenia.santaella.edu@juntadeandalucia.es\" target=\"_blank\" rel=\"noopener\">meugenia.santaella.edu@juntadeandalucia.es<\/a><\/li>\n<li>671.538.463<\/li>\n<\/ul>\n<\/li>\n<\/ul>\n<\/li>\n<li style=\"list-style-type: none\">&nbsp;\n<ul>\n<li>David Ruz Par\u00faguez\n<ul>\n<li><a href=\"mailto:david.ruz.edu@juntadeandalucia.es\" target=\"_blank\" rel=\"noopener\">david.ruz.edu@juntadeandalucia.es<\/a><\/li>\n<li>600.169.071<\/li>\n<\/ul>\n<\/li>\n<\/ul>\n<\/li>\n<\/ul>\n<\/li>\n<li>dos orientadores de INCLUSI\u00d3N TEA, con un \u00e1mbito de actuaci\u00f3n provincial y que abarcan desde EI 3 a\u00f1os hasta 4\u00ba EP\n<ul>\n<li style=\"list-style-type: none\">\n<ul>\n<li>Flor Victoria Guti\u00e9rrez Ariza\n<ul>\n<li><a href=\"mailto:florv.gutierrez.edu@juntadeandalucia.es\" rel=\"noreferrer\">florv.gutierrez.edu@juntadeandalucia.es<\/a><\/li>\n<li>639.64.01.60<\/li>\n<\/ul>\n<\/li>\n<li>Borja \u00c1lvarez Bernal\n<ul>\n<li><a href=\"mailto:fborja.alvarez.edu@juntadeandalucia.es\" rel=\"noreferrer\">fborja.alvarez.edu@juntadeandalucia.es<\/a><\/li>\n<li>&nbsp;<\/li>\n<\/ul>\n<\/li>\n<\/ul>\n<\/li>\n<\/ul>\n<\/li>\n<\/ul>\n<p>Nuestras l\u00edneas de actuaci\u00f3n se centran en el asesoramiento, la intervenci\u00f3n, la coordinaci\u00f3n y la difusi\u00f3n de recursos.<\/p>\n<p><img loading=\"lazy\" decoding=\"async\" class=\"alignnone size-full wp-image-145 aligncenter\" src=\"https:\/\/blogsaverroes.juntadeandalucia.es\/eoeeteacadiz\/files\/2023\/11\/equipo.png\" alt=\"\" width=\"225\" height=\"225\" srcset=\"https:\/\/blogsaverroes.juntadeandalucia.es\/eoeeteacadiz\/files\/2023\/11\/equipo.png 225w, https:\/\/blogsaverroes.juntadeandalucia.es\/eoeeteacadiz\/files\/2023\/11\/equipo-150x150.png 150w, https:\/\/blogsaverroes.juntadeandalucia.es\/eoeeteacadiz\/files\/2023\/11\/equipo-100x100.png 100w\" sizes=\"(max-width: 225px) 100vw, 225px\" \/><\/p>\n<p style=\"text-align: center\"><em><strong><span style=\"color: #0000ff\">\u00abTen altas espectativas y te sorprender\u00e1n\u00bb<\/span><\/strong><\/em><\/p>\n<p>&nbsp;<\/p>\n<p>&nbsp;<\/p>\n<p>&nbsp;<\/p>\n","protected":false},"excerpt":{"rendered":"<p>Nuestro Equipo est\u00e1 formado&nbsp; por&#8230; dos orientadores ESPECIALISTAS en TEA, con un \u00e1mbito de actuaci\u00f3n provincial y que abarcan todas la etapas educativas: M\u00aa Eugenia Santaella \u00c1vila meugenia.santaella.edu@juntadeandalucia.es 671.538.463 &nbsp; David Ruz Par\u00faguez david.ruz.edu@juntadeandalucia.es 600.169.071 dos orientadores de INCLUSI\u00d3N TEA, con un \u00e1mbito de actuaci\u00f3n provincial y que abarcan desde EI 3 a\u00f1os hasta 4\u00ba &hellip; <\/p>\n<p class=\"link-more\"><a href=\"https:\/\/blogsaverroes.juntadeandalucia.es\/eoeeteacadiz\/presentacion\/\" class=\"more-link\">Continuar leyendo<span class=\"screen-reader-text\"> \u00abPresentaci\u00f3n\u00bb<\/span><\/a><\/p>\n","protected":false},"author":11865,"featured_media":0,"parent":0,"menu_order":1,"comment_status":"closed","ping_status":"closed","template":"","meta":{"ngg_post_thumbnail":0,"footnotes":""},"aioseo_notices":[],"_links":{"self":[{"href":"https:\/\/blogsaverroes.juntadeandalucia.es\/eoeeteacadiz\/wp-json\/wp\/v2\/pages\/102"}],"collection":[{"href":"https:\/\/blogsaverroes.juntadeandalucia.es\/eoeeteacadiz\/wp-json\/wp\/v2\/pages"}],"about":[{"href":"https:\/\/blogsaverroes.juntadeandalucia.es\/eoeeteacadiz\/wp-json\/wp\/v2\/types\/page"}],"author":[{"embeddable":true,"href":"https:\/\/blogsaverroes.juntadeandalucia.es\/eoeeteacadiz\/wp-json\/wp\/v2\/users\/11865"}],"replies":[{"embeddable":true,"href":"https:\/\/blogsaverroes.juntadeandalucia.es\/eoeeteacadiz\/wp-json\/wp\/v2\/comments?post=102"}],"version-history":[{"count":7,"href":"https:\/\/blogsaverroes.juntadeandalucia.es\/eoeeteacadiz\/wp-json\/wp\/v2\/pages\/102\/revisions"}],"predecessor-version":[{"id":355,"href":"https:\/\/blogsaverroes.juntadeandalucia.es\/eoeeteacadiz\/wp-json\/wp\/v2\/pages\/102\/revisions\/355"}],"wp:attachment":[{"href":"https:\/\/blogsaverroes.juntadeandalucia.es\/eoeeteacadiz\/wp-json\/wp\/v2\/media?parent=102"}],"curies":[{"name":"wp","href":"https:\/\/api.w.org\/{rel}","templated":true}]}}