{"id":122,"date":"2023-11-24T09:55:16","date_gmt":"2023-11-24T09:55:16","guid":{"rendered":"https:\/\/blogsaverroes.juntadeandalucia.es\/eoeeteacadiz\/?page_id=122"},"modified":"2023-11-25T22:41:57","modified_gmt":"2023-11-25T22:41:57","slug":"provincia-cadiz","status":"publish","type":"page","link":"https:\/\/blogsaverroes.juntadeandalucia.es\/eoeeteacadiz\/aulas-especificas-tea\/provincia-cadiz\/","title":{"rendered":"Provincia C\u00e1diz"},"content":{"rendered":"<ul>\n<li><span style=\"color: #808000\"><a style=\"color: #808000\" href=\"https:\/\/drive.google.com\/file\/d\/1rs9PqbUqIsqOGiCNzBMMneKiIDISE1WC\/view?usp=sharing\" target=\"_blank\" rel=\"noopener noreferrer\">Aulas Espec\u00edficas CEIP TEA Provincia de C\u00e1diz<\/a><\/span><\/li>\n<li><span style=\"color: #008000\"><a style=\"color: #008000\" href=\"https:\/\/drive.google.com\/file\/d\/11GdPnW6VUC_y4qSaQ-tIDqPc2HSbtknp\/view?usp=sharing\" target=\"_blank\" rel=\"noopener noreferrer\">Aulas Espec\u00edficas IES TEA Provincia de C\u00e1diz<\/a><\/span><\/li>\n<li><span style=\"color: #008080\"><a style=\"color: #008080\" href=\"https:\/\/drive.google.com\/file\/d\/1ouQrvBUfQDzlMTbWqXzxJTzDCn-S7kSs\/view?usp=sharing\" target=\"_blank\" rel=\"noopener noreferrer\">Centros Espec\u00edficos Provincia de C\u00e1diz<\/a><\/span><\/li>\n<\/ul>\n","protected":false},"excerpt":{"rendered":"<p>Aulas Espec\u00edficas CEIP TEA Provincia de C\u00e1diz Aulas Espec\u00edficas IES TEA Provincia de C\u00e1diz Centros Espec\u00edficos Provincia de C\u00e1diz<\/p>\n","protected":false},"author":11865,"featured_media":0,"parent":106,"menu_order":1,"comment_status":"closed","ping_status":"closed","template":"","meta":{"ngg_post_thumbnail":0,"footnotes":""},"aioseo_notices":[],"_links":{"self":[{"href":"https:\/\/blogsaverroes.juntadeandalucia.es\/eoeeteacadiz\/wp-json\/wp\/v2\/pages\/122"}],"collection":[{"href":"https:\/\/blogsaverroes.juntadeandalucia.es\/eoeeteacadiz\/wp-json\/wp\/v2\/pages"}],"about":[{"href":"https:\/\/blogsaverroes.juntadeandalucia.es\/eoeeteacadiz\/wp-json\/wp\/v2\/types\/page"}],"author":[{"embeddable":true,"href":"https:\/\/blogsaverroes.juntadeandalucia.es\/eoeeteacadiz\/wp-json\/wp\/v2\/users\/11865"}],"replies":[{"embeddable":true,"href":"https:\/\/blogsaverroes.juntadeandalucia.es\/eoeeteacadiz\/wp-json\/wp\/v2\/comments?post=122"}],"version-history":[{"count":1,"href":"https:\/\/blogsaverroes.juntadeandalucia.es\/eoeeteacadiz\/wp-json\/wp\/v2\/pages\/122\/revisions"}],"predecessor-version":[{"id":123,"href":"https:\/\/blogsaverroes.juntadeandalucia.es\/eoeeteacadiz\/wp-json\/wp\/v2\/pages\/122\/revisions\/123"}],"up":[{"embeddable":true,"href":"https:\/\/blogsaverroes.juntadeandalucia.es\/eoeeteacadiz\/wp-json\/wp\/v2\/pages\/106"}],"wp:attachment":[{"href":"https:\/\/blogsaverroes.juntadeandalucia.es\/eoeeteacadiz\/wp-json\/wp\/v2\/media?parent=122"}],"curies":[{"name":"wp","href":"https:\/\/api.w.org\/{rel}","templated":true}]}}