{"id":125,"date":"2023-03-22T11:11:16","date_gmt":"2023-03-22T11:11:16","guid":{"rendered":"https:\/\/blogsaverroes.juntadeandalucia.es\/eoeetgccadiz\/?page_id=125"},"modified":"2024-05-22T11:08:41","modified_gmt":"2024-05-22T11:08:41","slug":"rincon-de-la-calma","status":"publish","type":"page","link":"https:\/\/blogsaverroes.juntadeandalucia.es\/eoeetgccadiz\/rincon-de-la-calma\/","title":{"rendered":"RINC\u00d3N DE LA CALMA"},"content":{"rendered":"<p>Esta herramienta no debe ser utilizada cuando el alumno est\u00e9 en crisis sino cuando presente indicios de inquietud y necesita de una modelaci\u00f3n del adulto sobre su uso para que pueda utilizarlo de forma aut\u00f3noma, estructurando su tiempo de uso y el modo.<\/p>\n<p>&nbsp;RINCONES DE LA CALMA.&nbsp;<\/p>\n<p><img loading=\"lazy\" decoding=\"async\" class=\"aligncenter wp-image-553\" src=\"https:\/\/blogsaverroes.juntadeandalucia.es\/eoeetgccadiz\/files\/2024\/05\/RINCON-DE-LA-CALMA1-300x286.jpg\" alt=\"\" width=\"746\" height=\"710\" srcset=\"https:\/\/blogsaverroes.juntadeandalucia.es\/eoeetgccadiz\/files\/2024\/05\/RINCON-DE-LA-CALMA1-300x286.jpg 300w, https:\/\/blogsaverroes.juntadeandalucia.es\/eoeetgccadiz\/files\/2024\/05\/RINCON-DE-LA-CALMA1.jpg 727w\" sizes=\"(max-width: 706px) 89vw, (max-width: 767px) 82vw, 740px\" \/><\/p>\n<p><img loading=\"lazy\" decoding=\"async\" class=\"alignnone wp-image-554\" src=\"https:\/\/blogsaverroes.juntadeandalucia.es\/eoeetgccadiz\/files\/2024\/05\/RINCON-DE-LA-CALMA2-225x300.jpg\" alt=\"\" width=\"999\" height=\"1332\" srcset=\"https:\/\/blogsaverroes.juntadeandalucia.es\/eoeetgccadiz\/files\/2024\/05\/RINCON-DE-LA-CALMA2-225x300.jpg 225w, https:\/\/blogsaverroes.juntadeandalucia.es\/eoeetgccadiz\/files\/2024\/05\/RINCON-DE-LA-CALMA2.jpg 724w\" sizes=\"(max-width: 767px) 89vw, (max-width: 1000px) 54vw, (max-width: 1071px) 543px, 580px\" \/> <img loading=\"lazy\" decoding=\"async\" class=\"alignnone wp-image-554\" src=\"https:\/\/blogsaverroes.juntadeandalucia.es\/eoeetgccadiz\/files\/2024\/05\/RINCON-DE-LA-CALMA2-225x300.jpg\" alt=\"\" width=\"999\" height=\"1332\" srcset=\"https:\/\/blogsaverroes.juntadeandalucia.es\/eoeetgccadiz\/files\/2024\/05\/RINCON-DE-LA-CALMA2-225x300.jpg 225w, https:\/\/blogsaverroes.juntadeandalucia.es\/eoeetgccadiz\/files\/2024\/05\/RINCON-DE-LA-CALMA2.jpg 724w\" sizes=\"(max-width: 767px) 89vw, (max-width: 1000px) 54vw, (max-width: 1071px) 543px, 580px\" \/><img loading=\"lazy\" decoding=\"async\" class=\"alignnone wp-image-155\" src=\"https:\/\/blogsaverroes.juntadeandalucia.es\/eoeetgccadiz\/files\/2023\/03\/rincon-de-la-calma1-300x225.jpg\" alt=\"\" width=\"587\" height=\"440\" srcset=\"https:\/\/blogsaverroes.juntadeandalucia.es\/eoeetgccadiz\/files\/2023\/03\/rincon-de-la-calma1-300x225.jpg 300w, https:\/\/blogsaverroes.juntadeandalucia.es\/eoeetgccadiz\/files\/2023\/03\/rincon-de-la-calma1.jpg 320w\" sizes=\"(max-width: 587px) 100vw, 587px\" \/><\/p>\n<p><a href=\"https:\/\/blogsaverroes.juntadeandalucia.es\/eoeetgccadiz\/files\/2024\/05\/FOTOS-DE-RINCONES-DE-LA-CALMA.pdf\">FOTOS DE RINCONES DE LA CALMA EN PDF<\/a><\/p>\n","protected":false},"excerpt":{"rendered":"<p>Esta herramienta no debe ser utilizada cuando el alumno est\u00e9 en crisis sino cuando presente indicios de inquietud y necesita de una modelaci\u00f3n del adulto sobre su uso para que pueda utilizarlo de forma aut\u00f3noma, estructurando su tiempo de uso y el modo. &nbsp;RINCONES DE LA CALMA.&nbsp; FOTOS DE RINCONES DE LA CALMA EN PDF<\/p>\n","protected":false},"author":15598,"featured_media":0,"parent":0,"menu_order":0,"comment_status":"closed","ping_status":"closed","template":"","meta":{"ngg_post_thumbnail":0,"footnotes":""},"aioseo_notices":[],"_links":{"self":[{"href":"https:\/\/blogsaverroes.juntadeandalucia.es\/eoeetgccadiz\/wp-json\/wp\/v2\/pages\/125"}],"collection":[{"href":"https:\/\/blogsaverroes.juntadeandalucia.es\/eoeetgccadiz\/wp-json\/wp\/v2\/pages"}],"about":[{"href":"https:\/\/blogsaverroes.juntadeandalucia.es\/eoeetgccadiz\/wp-json\/wp\/v2\/types\/page"}],"author":[{"embeddable":true,"href":"https:\/\/blogsaverroes.juntadeandalucia.es\/eoeetgccadiz\/wp-json\/wp\/v2\/users\/15598"}],"replies":[{"embeddable":true,"href":"https:\/\/blogsaverroes.juntadeandalucia.es\/eoeetgccadiz\/wp-json\/wp\/v2\/comments?post=125"}],"version-history":[{"count":7,"href":"https:\/\/blogsaverroes.juntadeandalucia.es\/eoeetgccadiz\/wp-json\/wp\/v2\/pages\/125\/revisions"}],"predecessor-version":[{"id":560,"href":"https:\/\/blogsaverroes.juntadeandalucia.es\/eoeetgccadiz\/wp-json\/wp\/v2\/pages\/125\/revisions\/560"}],"wp:attachment":[{"href":"https:\/\/blogsaverroes.juntadeandalucia.es\/eoeetgccadiz\/wp-json\/wp\/v2\/media?parent=125"}],"curies":[{"name":"wp","href":"https:\/\/api.w.org\/{rel}","templated":true}]}}